{"id":5660,"date":"2025-05-05T21:31:34","date_gmt":"2025-05-05T19:31:34","guid":{"rendered":"https:\/\/test.pharmsultation.com\/product\/coq10\/"},"modified":"2025-05-05T21:31:34","modified_gmt":"2025-05-05T19:31:34","slug":"coq10","status":"publish","type":"product","link":"https:\/\/test.pharmsultation.com\/tr\/product\/coq10\/","title":{"rendered":"CoQ10"},"content":{"rendered":"<p>CoQ10 takviyeleri kalp sa\u011fl\u0131\u011f\u0131n\u0131 ve kan \u015fekerini iyile\u015ftirebilir ve y\u00fcksek tansiyonu y\u00f6netmeye yard\u0131mc\u0131 olabilir.<\/p>\n","protected":false},"excerpt":{"rendered":"<p>60 kaps\u00fcl<\/p>\n","protected":false},"featured_media":4179,"template":"","meta":[],"product_brand":[],"product_cat":[124],"product_tag":[],"class_list":{"0":"post-5660","1":"product","2":"type-product","3":"status-publish","4":"has-post-thumbnail","6":"product_cat-besin-takviyeleri","8":"first","9":"outofstock","10":"shipping-taxable","11":"product-type-simple"},"yoast_head":"<!-- This site is optimized with the Yoast SEO plugin v27.2 - https:\/\/yoast.com\/product\/yoast-seo-wordpress\/ -->\n<title>CoQ10 -<\/title>\n<meta name=\"robots\" content=\"index, follow, max-snippet:-1, max-image-preview:large, max-video-preview:-1\" \/>\n<link rel=\"canonical\" href=\"https:\/\/test.pharmsultation.com\/tr\/product\/coq10\/\" \/>\n<meta property=\"og:locale\" content=\"tr_TR\" \/>\n<meta property=\"og:type\" content=\"article\" \/>\n<meta property=\"og:title\" content=\"CoQ10 -\" \/>\n<meta property=\"og:description\" content=\"60 kaps\u00fcl\" \/>\n<meta property=\"og:url\" content=\"https:\/\/test.pharmsultation.com\/tr\/product\/coq10\/\" \/>\n<meta property=\"og:image\" content=\"https:\/\/test.pharmsultation.com\/wp-content\/uploads\/2025\/05\/Advanced-CoQ10-1024x1024.png\" \/>\n\t<meta property=\"og:image:width\" content=\"1024\" \/>\n\t<meta property=\"og:image:height\" content=\"1024\" \/>\n\t<meta property=\"og:image:type\" content=\"image\/png\" \/>\n<meta name=\"twitter:card\" content=\"summary_large_image\" \/>\n<script type=\"application\/ld+json\" class=\"yoast-schema-graph\">{\"@context\":\"https:\/\/schema.org\",\"@graph\":[{\"@type\":\"WebPage\",\"@id\":\"https:\/\/test.pharmsultation.com\/tr\/product\/coq10\/\",\"url\":\"https:\/\/test.pharmsultation.com\/tr\/product\/coq10\/\",\"name\":\"CoQ10 -\",\"isPartOf\":{\"@id\":\"https:\/\/test.pharmsultation.com\/tr\/#website\"},\"primaryImageOfPage\":{\"@id\":\"https:\/\/test.pharmsultation.com\/tr\/product\/coq10\/#primaryimage\"},\"image\":{\"@id\":\"https:\/\/test.pharmsultation.com\/tr\/product\/coq10\/#primaryimage\"},\"thumbnailUrl\":\"https:\/\/test.pharmsultation.com\/wp-content\/uploads\/2025\/05\/Advanced-CoQ10.png\",\"datePublished\":\"2025-05-05T19:31:34+00:00\",\"breadcrumb\":{\"@id\":\"https:\/\/test.pharmsultation.com\/tr\/product\/coq10\/#breadcrumb\"},\"inLanguage\":\"tr\",\"potentialAction\":[{\"@type\":\"ReadAction\",\"target\":[\"https:\/\/test.pharmsultation.com\/tr\/product\/coq10\/\"]}]},{\"@type\":\"ImageObject\",\"inLanguage\":\"tr\",\"@id\":\"https:\/\/test.pharmsultation.com\/tr\/product\/coq10\/#primaryimage\",\"url\":\"https:\/\/test.pharmsultation.com\/wp-content\/uploads\/2025\/05\/Advanced-CoQ10.png\",\"contentUrl\":\"https:\/\/test.pharmsultation.com\/wp-content\/uploads\/2025\/05\/Advanced-CoQ10.png\",\"width\":2048,\"height\":2048},{\"@type\":\"BreadcrumbList\",\"@id\":\"https:\/\/test.pharmsultation.com\/tr\/product\/coq10\/#breadcrumb\",\"itemListElement\":[{\"@type\":\"ListItem\",\"position\":1,\"name\":\"Ev\",\"item\":\"https:\/\/test.pharmsultation.com\/tr\/pharmsultation-besin-takviyeleri-ve-danismanlik\/\"},{\"@type\":\"ListItem\",\"position\":2,\"name\":\"Shop\",\"item\":\"https:\/\/test.pharmsultation.com\/tr\/shop\/\"},{\"@type\":\"ListItem\",\"position\":3,\"name\":\"CoQ10\"}]},{\"@type\":\"WebSite\",\"@id\":\"https:\/\/test.pharmsultation.com\/tr\/#website\",\"url\":\"https:\/\/test.pharmsultation.com\/tr\/\",\"name\":\"PharmSultation - Pharma & Industries Services\",\"description\":\"\",\"publisher\":{\"@id\":\"https:\/\/test.pharmsultation.com\/tr\/#organization\"},\"potentialAction\":[{\"@type\":\"SearchAction\",\"target\":{\"@type\":\"EntryPoint\",\"urlTemplate\":\"https:\/\/test.pharmsultation.com\/tr\/?s={search_term_string}\"},\"query-input\":{\"@type\":\"PropertyValueSpecification\",\"valueRequired\":true,\"valueName\":\"search_term_string\"}}],\"inLanguage\":\"tr\"},{\"@type\":\"Organization\",\"@id\":\"https:\/\/test.pharmsultation.com\/tr\/#organization\",\"name\":\"PharmSultation\",\"url\":\"https:\/\/test.pharmsultation.com\/tr\/\",\"logo\":{\"@type\":\"ImageObject\",\"inLanguage\":\"tr\",\"@id\":\"https:\/\/test.pharmsultation.com\/tr\/#\/schema\/logo\/image\/\",\"url\":\"https:\/\/www.pharmsultation.com\/wp-content\/uploads\/2023\/05\/customcolor_logo_transparent_background.png\",\"contentUrl\":\"https:\/\/www.pharmsultation.com\/wp-content\/uploads\/2023\/05\/customcolor_logo_transparent_background.png\",\"width\":3125,\"height\":1875,\"caption\":\"PharmSultation\"},\"image\":{\"@id\":\"https:\/\/test.pharmsultation.com\/tr\/#\/schema\/logo\/image\/\"}}]}<\/script>\n<!-- \/ Yoast SEO plugin. -->","yoast_head_json":{"title":"CoQ10 -","robots":{"index":"index","follow":"follow","max-snippet":"max-snippet:-1","max-image-preview":"max-image-preview:large","max-video-preview":"max-video-preview:-1"},"canonical":"https:\/\/test.pharmsultation.com\/tr\/product\/coq10\/","og_locale":"tr_TR","og_type":"article","og_title":"CoQ10 -","og_description":"60 kaps\u00fcl","og_url":"https:\/\/test.pharmsultation.com\/tr\/product\/coq10\/","og_image":[{"width":1024,"height":1024,"url":"https:\/\/test.pharmsultation.com\/wp-content\/uploads\/2025\/05\/Advanced-CoQ10-1024x1024.png","type":"image\/png"}],"twitter_card":"summary_large_image","schema":{"@context":"https:\/\/schema.org","@graph":[{"@type":"WebPage","@id":"https:\/\/test.pharmsultation.com\/tr\/product\/coq10\/","url":"https:\/\/test.pharmsultation.com\/tr\/product\/coq10\/","name":"CoQ10 -","isPartOf":{"@id":"https:\/\/test.pharmsultation.com\/tr\/#website"},"primaryImageOfPage":{"@id":"https:\/\/test.pharmsultation.com\/tr\/product\/coq10\/#primaryimage"},"image":{"@id":"https:\/\/test.pharmsultation.com\/tr\/product\/coq10\/#primaryimage"},"thumbnailUrl":"https:\/\/test.pharmsultation.com\/wp-content\/uploads\/2025\/05\/Advanced-CoQ10.png","datePublished":"2025-05-05T19:31:34+00:00","breadcrumb":{"@id":"https:\/\/test.pharmsultation.com\/tr\/product\/coq10\/#breadcrumb"},"inLanguage":"tr","potentialAction":[{"@type":"ReadAction","target":["https:\/\/test.pharmsultation.com\/tr\/product\/coq10\/"]}]},{"@type":"ImageObject","inLanguage":"tr","@id":"https:\/\/test.pharmsultation.com\/tr\/product\/coq10\/#primaryimage","url":"https:\/\/test.pharmsultation.com\/wp-content\/uploads\/2025\/05\/Advanced-CoQ10.png","contentUrl":"https:\/\/test.pharmsultation.com\/wp-content\/uploads\/2025\/05\/Advanced-CoQ10.png","width":2048,"height":2048},{"@type":"BreadcrumbList","@id":"https:\/\/test.pharmsultation.com\/tr\/product\/coq10\/#breadcrumb","itemListElement":[{"@type":"ListItem","position":1,"name":"Ev","item":"https:\/\/test.pharmsultation.com\/tr\/pharmsultation-besin-takviyeleri-ve-danismanlik\/"},{"@type":"ListItem","position":2,"name":"Shop","item":"https:\/\/test.pharmsultation.com\/tr\/shop\/"},{"@type":"ListItem","position":3,"name":"CoQ10"}]},{"@type":"WebSite","@id":"https:\/\/test.pharmsultation.com\/tr\/#website","url":"https:\/\/test.pharmsultation.com\/tr\/","name":"PharmSultation - Pharma & Industries Services","description":"","publisher":{"@id":"https:\/\/test.pharmsultation.com\/tr\/#organization"},"potentialAction":[{"@type":"SearchAction","target":{"@type":"EntryPoint","urlTemplate":"https:\/\/test.pharmsultation.com\/tr\/?s={search_term_string}"},"query-input":{"@type":"PropertyValueSpecification","valueRequired":true,"valueName":"search_term_string"}}],"inLanguage":"tr"},{"@type":"Organization","@id":"https:\/\/test.pharmsultation.com\/tr\/#organization","name":"PharmSultation","url":"https:\/\/test.pharmsultation.com\/tr\/","logo":{"@type":"ImageObject","inLanguage":"tr","@id":"https:\/\/test.pharmsultation.com\/tr\/#\/schema\/logo\/image\/","url":"https:\/\/www.pharmsultation.com\/wp-content\/uploads\/2023\/05\/customcolor_logo_transparent_background.png","contentUrl":"https:\/\/www.pharmsultation.com\/wp-content\/uploads\/2023\/05\/customcolor_logo_transparent_background.png","width":3125,"height":1875,"caption":"PharmSultation"},"image":{"@id":"https:\/\/test.pharmsultation.com\/tr\/#\/schema\/logo\/image\/"}}]}},"_links":{"self":[{"href":"https:\/\/test.pharmsultation.com\/tr\/wp-json\/wp\/v2\/product\/5660","targetHints":{"allow":["GET"]}}],"collection":[{"href":"https:\/\/test.pharmsultation.com\/tr\/wp-json\/wp\/v2\/product"}],"about":[{"href":"https:\/\/test.pharmsultation.com\/tr\/wp-json\/wp\/v2\/types\/product"}],"wp:featuredmedia":[{"embeddable":true,"href":"https:\/\/test.pharmsultation.com\/tr\/wp-json\/wp\/v2\/media\/4179"}],"wp:attachment":[{"href":"https:\/\/test.pharmsultation.com\/tr\/wp-json\/wp\/v2\/media?parent=5660"}],"wp:term":[{"taxonomy":"product_brand","embeddable":true,"href":"https:\/\/test.pharmsultation.com\/tr\/wp-json\/wp\/v2\/product_brand?post=5660"},{"taxonomy":"product_cat","embeddable":true,"href":"https:\/\/test.pharmsultation.com\/tr\/wp-json\/wp\/v2\/product_cat?post=5660"},{"taxonomy":"product_tag","embeddable":true,"href":"https:\/\/test.pharmsultation.com\/tr\/wp-json\/wp\/v2\/product_tag?post=5660"}],"curies":[{"name":"wp","href":"https:\/\/api.w.org\/{rel}","templated":true}]}}