{"id":5639,"date":"2025-05-08T16:59:48","date_gmt":"2025-05-08T14:59:48","guid":{"rendered":"https:\/\/test.pharmsultation.com\/product\/yeni-inovatif-urunler-icin-bize-ulasin\/"},"modified":"2025-05-08T16:59:48","modified_gmt":"2025-05-08T14:59:48","slug":"yeni-inovatif-urunler-icin-bize-ulasin","status":"publish","type":"product","link":"https:\/\/test.pharmsultation.com\/tr\/product\/yeni-inovatif-urunler-icin-bize-ulasin\/","title":{"rendered":"Yeni inovatif \u00fcr\u00fcnler i\u00e7in bize ula\u015f\u0131n"},"content":{"rendered":"","protected":false},"excerpt":{"rendered":"","protected":false},"featured_media":2775,"template":"","meta":[],"product_brand":[],"product_cat":[117],"product_tag":[],"class_list":{"0":"post-5639","1":"product","2":"type-product","3":"status-publish","4":"has-post-thumbnail","6":"product_cat-uncategorized-tr","8":"first","9":"instock","10":"shipping-taxable","11":"product-type-simple"},"yoast_head":"<!-- This site is optimized with the Yoast SEO plugin v27.2 - https:\/\/yoast.com\/product\/yoast-seo-wordpress\/ -->\n<title>Yeni inovatif \u00fcr\u00fcnler i\u00e7in bize ula\u015f\u0131n -<\/title>\n<meta name=\"robots\" content=\"index, follow, max-snippet:-1, max-image-preview:large, max-video-preview:-1\" \/>\n<link rel=\"canonical\" href=\"https:\/\/test.pharmsultation.com\/tr\/product\/yeni-inovatif-urunler-icin-bize-ulasin\/\" \/>\n<meta property=\"og:locale\" content=\"tr_TR\" \/>\n<meta property=\"og:type\" content=\"article\" \/>\n<meta property=\"og:title\" content=\"Yeni inovatif \u00fcr\u00fcnler i\u00e7in bize ula\u015f\u0131n -\" \/>\n<meta property=\"og:url\" content=\"https:\/\/test.pharmsultation.com\/tr\/product\/yeni-inovatif-urunler-icin-bize-ulasin\/\" \/>\n<meta property=\"og:image\" content=\"https:\/\/test.pharmsultation.com\/wp-content\/uploads\/2024\/06\/Contact-US-Nouveaux-Produits.jpg\" \/>\n\t<meta property=\"og:image:width\" content=\"2048\" \/>\n\t<meta property=\"og:image:height\" content=\"2048\" \/>\n\t<meta property=\"og:image:type\" content=\"image\/jpeg\" \/>\n<meta name=\"twitter:card\" content=\"summary_large_image\" \/>\n<script type=\"application\/ld+json\" class=\"yoast-schema-graph\">{\"@context\":\"https:\/\/schema.org\",\"@graph\":[{\"@type\":\"WebPage\",\"@id\":\"https:\/\/test.pharmsultation.com\/tr\/product\/yeni-inovatif-urunler-icin-bize-ulasin\/\",\"url\":\"https:\/\/test.pharmsultation.com\/tr\/product\/yeni-inovatif-urunler-icin-bize-ulasin\/\",\"name\":\"Yeni inovatif \u00fcr\u00fcnler i\u00e7in bize ula\u015f\u0131n -\",\"isPartOf\":{\"@id\":\"https:\/\/test.pharmsultation.com\/tr\/#website\"},\"primaryImageOfPage\":{\"@id\":\"https:\/\/test.pharmsultation.com\/tr\/product\/yeni-inovatif-urunler-icin-bize-ulasin\/#primaryimage\"},\"image\":{\"@id\":\"https:\/\/test.pharmsultation.com\/tr\/product\/yeni-inovatif-urunler-icin-bize-ulasin\/#primaryimage\"},\"thumbnailUrl\":\"https:\/\/test.pharmsultation.com\/wp-content\/uploads\/2024\/06\/Contact-US-Nouveaux-Produits.jpg\",\"datePublished\":\"2025-05-08T14:59:48+00:00\",\"breadcrumb\":{\"@id\":\"https:\/\/test.pharmsultation.com\/tr\/product\/yeni-inovatif-urunler-icin-bize-ulasin\/#breadcrumb\"},\"inLanguage\":\"tr\",\"potentialAction\":[{\"@type\":\"ReadAction\",\"target\":[\"https:\/\/test.pharmsultation.com\/tr\/product\/yeni-inovatif-urunler-icin-bize-ulasin\/\"]}]},{\"@type\":\"ImageObject\",\"inLanguage\":\"tr\",\"@id\":\"https:\/\/test.pharmsultation.com\/tr\/product\/yeni-inovatif-urunler-icin-bize-ulasin\/#primaryimage\",\"url\":\"https:\/\/test.pharmsultation.com\/wp-content\/uploads\/2024\/06\/Contact-US-Nouveaux-Produits.jpg\",\"contentUrl\":\"https:\/\/test.pharmsultation.com\/wp-content\/uploads\/2024\/06\/Contact-US-Nouveaux-Produits.jpg\",\"width\":2048,\"height\":2048},{\"@type\":\"BreadcrumbList\",\"@id\":\"https:\/\/test.pharmsultation.com\/tr\/product\/yeni-inovatif-urunler-icin-bize-ulasin\/#breadcrumb\",\"itemListElement\":[{\"@type\":\"ListItem\",\"position\":1,\"name\":\"Ev\",\"item\":\"https:\/\/test.pharmsultation.com\/tr\/pharmsultation-besin-takviyeleri-ve-danismanlik\/\"},{\"@type\":\"ListItem\",\"position\":2,\"name\":\"Shop\",\"item\":\"https:\/\/test.pharmsultation.com\/tr\/shop\/\"},{\"@type\":\"ListItem\",\"position\":3,\"name\":\"Yeni inovatif \u00fcr\u00fcnler i\u00e7in bize ula\u015f\u0131n\"}]},{\"@type\":\"WebSite\",\"@id\":\"https:\/\/test.pharmsultation.com\/tr\/#website\",\"url\":\"https:\/\/test.pharmsultation.com\/tr\/\",\"name\":\"PharmSultation - Pharma & Industries Services\",\"description\":\"\",\"publisher\":{\"@id\":\"https:\/\/test.pharmsultation.com\/tr\/#organization\"},\"potentialAction\":[{\"@type\":\"SearchAction\",\"target\":{\"@type\":\"EntryPoint\",\"urlTemplate\":\"https:\/\/test.pharmsultation.com\/tr\/?s={search_term_string}\"},\"query-input\":{\"@type\":\"PropertyValueSpecification\",\"valueRequired\":true,\"valueName\":\"search_term_string\"}}],\"inLanguage\":\"tr\"},{\"@type\":\"Organization\",\"@id\":\"https:\/\/test.pharmsultation.com\/tr\/#organization\",\"name\":\"PharmSultation\",\"url\":\"https:\/\/test.pharmsultation.com\/tr\/\",\"logo\":{\"@type\":\"ImageObject\",\"inLanguage\":\"tr\",\"@id\":\"https:\/\/test.pharmsultation.com\/tr\/#\/schema\/logo\/image\/\",\"url\":\"https:\/\/www.pharmsultation.com\/wp-content\/uploads\/2023\/05\/customcolor_logo_transparent_background.png\",\"contentUrl\":\"https:\/\/www.pharmsultation.com\/wp-content\/uploads\/2023\/05\/customcolor_logo_transparent_background.png\",\"width\":3125,\"height\":1875,\"caption\":\"PharmSultation\"},\"image\":{\"@id\":\"https:\/\/test.pharmsultation.com\/tr\/#\/schema\/logo\/image\/\"}}]}<\/script>\n<!-- \/ Yoast SEO plugin. -->","yoast_head_json":{"title":"Yeni inovatif \u00fcr\u00fcnler i\u00e7in bize ula\u015f\u0131n -","robots":{"index":"index","follow":"follow","max-snippet":"max-snippet:-1","max-image-preview":"max-image-preview:large","max-video-preview":"max-video-preview:-1"},"canonical":"https:\/\/test.pharmsultation.com\/tr\/product\/yeni-inovatif-urunler-icin-bize-ulasin\/","og_locale":"tr_TR","og_type":"article","og_title":"Yeni inovatif \u00fcr\u00fcnler i\u00e7in bize ula\u015f\u0131n -","og_url":"https:\/\/test.pharmsultation.com\/tr\/product\/yeni-inovatif-urunler-icin-bize-ulasin\/","og_image":[{"width":2048,"height":2048,"url":"https:\/\/test.pharmsultation.com\/wp-content\/uploads\/2024\/06\/Contact-US-Nouveaux-Produits.jpg","type":"image\/jpeg"}],"twitter_card":"summary_large_image","schema":{"@context":"https:\/\/schema.org","@graph":[{"@type":"WebPage","@id":"https:\/\/test.pharmsultation.com\/tr\/product\/yeni-inovatif-urunler-icin-bize-ulasin\/","url":"https:\/\/test.pharmsultation.com\/tr\/product\/yeni-inovatif-urunler-icin-bize-ulasin\/","name":"Yeni inovatif \u00fcr\u00fcnler i\u00e7in bize ula\u015f\u0131n -","isPartOf":{"@id":"https:\/\/test.pharmsultation.com\/tr\/#website"},"primaryImageOfPage":{"@id":"https:\/\/test.pharmsultation.com\/tr\/product\/yeni-inovatif-urunler-icin-bize-ulasin\/#primaryimage"},"image":{"@id":"https:\/\/test.pharmsultation.com\/tr\/product\/yeni-inovatif-urunler-icin-bize-ulasin\/#primaryimage"},"thumbnailUrl":"https:\/\/test.pharmsultation.com\/wp-content\/uploads\/2024\/06\/Contact-US-Nouveaux-Produits.jpg","datePublished":"2025-05-08T14:59:48+00:00","breadcrumb":{"@id":"https:\/\/test.pharmsultation.com\/tr\/product\/yeni-inovatif-urunler-icin-bize-ulasin\/#breadcrumb"},"inLanguage":"tr","potentialAction":[{"@type":"ReadAction","target":["https:\/\/test.pharmsultation.com\/tr\/product\/yeni-inovatif-urunler-icin-bize-ulasin\/"]}]},{"@type":"ImageObject","inLanguage":"tr","@id":"https:\/\/test.pharmsultation.com\/tr\/product\/yeni-inovatif-urunler-icin-bize-ulasin\/#primaryimage","url":"https:\/\/test.pharmsultation.com\/wp-content\/uploads\/2024\/06\/Contact-US-Nouveaux-Produits.jpg","contentUrl":"https:\/\/test.pharmsultation.com\/wp-content\/uploads\/2024\/06\/Contact-US-Nouveaux-Produits.jpg","width":2048,"height":2048},{"@type":"BreadcrumbList","@id":"https:\/\/test.pharmsultation.com\/tr\/product\/yeni-inovatif-urunler-icin-bize-ulasin\/#breadcrumb","itemListElement":[{"@type":"ListItem","position":1,"name":"Ev","item":"https:\/\/test.pharmsultation.com\/tr\/pharmsultation-besin-takviyeleri-ve-danismanlik\/"},{"@type":"ListItem","position":2,"name":"Shop","item":"https:\/\/test.pharmsultation.com\/tr\/shop\/"},{"@type":"ListItem","position":3,"name":"Yeni inovatif \u00fcr\u00fcnler i\u00e7in bize ula\u015f\u0131n"}]},{"@type":"WebSite","@id":"https:\/\/test.pharmsultation.com\/tr\/#website","url":"https:\/\/test.pharmsultation.com\/tr\/","name":"PharmSultation - Pharma & Industries Services","description":"","publisher":{"@id":"https:\/\/test.pharmsultation.com\/tr\/#organization"},"potentialAction":[{"@type":"SearchAction","target":{"@type":"EntryPoint","urlTemplate":"https:\/\/test.pharmsultation.com\/tr\/?s={search_term_string}"},"query-input":{"@type":"PropertyValueSpecification","valueRequired":true,"valueName":"search_term_string"}}],"inLanguage":"tr"},{"@type":"Organization","@id":"https:\/\/test.pharmsultation.com\/tr\/#organization","name":"PharmSultation","url":"https:\/\/test.pharmsultation.com\/tr\/","logo":{"@type":"ImageObject","inLanguage":"tr","@id":"https:\/\/test.pharmsultation.com\/tr\/#\/schema\/logo\/image\/","url":"https:\/\/www.pharmsultation.com\/wp-content\/uploads\/2023\/05\/customcolor_logo_transparent_background.png","contentUrl":"https:\/\/www.pharmsultation.com\/wp-content\/uploads\/2023\/05\/customcolor_logo_transparent_background.png","width":3125,"height":1875,"caption":"PharmSultation"},"image":{"@id":"https:\/\/test.pharmsultation.com\/tr\/#\/schema\/logo\/image\/"}}]}},"_links":{"self":[{"href":"https:\/\/test.pharmsultation.com\/tr\/wp-json\/wp\/v2\/product\/5639","targetHints":{"allow":["GET"]}}],"collection":[{"href":"https:\/\/test.pharmsultation.com\/tr\/wp-json\/wp\/v2\/product"}],"about":[{"href":"https:\/\/test.pharmsultation.com\/tr\/wp-json\/wp\/v2\/types\/product"}],"wp:featuredmedia":[{"embeddable":true,"href":"https:\/\/test.pharmsultation.com\/tr\/wp-json\/wp\/v2\/media\/2775"}],"wp:attachment":[{"href":"https:\/\/test.pharmsultation.com\/tr\/wp-json\/wp\/v2\/media?parent=5639"}],"wp:term":[{"taxonomy":"product_brand","embeddable":true,"href":"https:\/\/test.pharmsultation.com\/tr\/wp-json\/wp\/v2\/product_brand?post=5639"},{"taxonomy":"product_cat","embeddable":true,"href":"https:\/\/test.pharmsultation.com\/tr\/wp-json\/wp\/v2\/product_cat?post=5639"},{"taxonomy":"product_tag","embeddable":true,"href":"https:\/\/test.pharmsultation.com\/tr\/wp-json\/wp\/v2\/product_tag?post=5639"}],"curies":[{"name":"wp","href":"https:\/\/api.w.org\/{rel}","templated":true}]}}