{"id":5766,"date":"2024-08-12T22:09:55","date_gmt":"2024-08-12T20:09:55","guid":{"rendered":"https:\/\/test.pharmsultation.com\/iade-ve-geri-odeme-politikasi\/"},"modified":"2025-05-11T17:11:00","modified_gmt":"2025-05-11T15:11:00","slug":"iade-ve-geri-odeme-politikasi","status":"publish","type":"page","link":"https:\/\/test.pharmsultation.com\/tr\/iade-ve-geri-odeme-politikasi\/","title":{"rendered":"\u0130ade ve Geri \u00d6deme Politikas\u0131"},"content":{"rendered":"\t\t<div data-elementor-type=\"wp-page\" data-elementor-id=\"5766\" class=\"elementor elementor-5766 elementor-786\" data-elementor-post-type=\"page\">\n\t\t\t\t<div class=\"elementor-element elementor-element-fe0a97f e-flex e-con-boxed e-con e-parent\" data-id=\"fe0a97f\" data-element_type=\"container\" data-e-type=\"container\">\n\t\t\t\t\t<div class=\"e-con-inner\">\n\t\t\t\t<div class=\"elementor-element elementor-element-1fc9822 elementor-widget elementor-widget-image\" data-id=\"1fc9822\" data-element_type=\"widget\" data-e-type=\"widget\" data-widget_type=\"image.default\">\n\t\t\t\t<div class=\"elementor-widget-container\">\n\t\t\t\t\t\t\t\t\t\t\t\t\t\t\t<img fetchpriority=\"high\" decoding=\"async\" width=\"300\" height=\"180\" src=\"https:\/\/test.pharmsultation.com\/wp-content\/uploads\/2023\/05\/customcolor_logo_transparent_background-1024x614-1-300x180.png\" class=\"attachment-medium size-medium wp-image-2493\" alt=\"\" srcset=\"https:\/\/test.pharmsultation.com\/wp-content\/uploads\/2023\/05\/customcolor_logo_transparent_background-1024x614-1-300x180.png 300w, https:\/\/test.pharmsultation.com\/wp-content\/uploads\/2023\/05\/customcolor_logo_transparent_background-1024x614-1-768x461.png 768w, https:\/\/test.pharmsultation.com\/wp-content\/uploads\/2023\/05\/customcolor_logo_transparent_background-1024x614-1.png 1024w\" sizes=\"(max-width: 300px) 100vw, 300px\" \/>\t\t\t\t\t\t\t\t\t\t\t\t\t\t\t<\/div>\n\t\t\t\t<\/div>\n\t\t\t\t\t<\/div>\n\t\t\t\t<\/div>\n\t\t<div class=\"elementor-element elementor-element-a33883c e-flex e-con-boxed e-con e-parent\" data-id=\"a33883c\" data-element_type=\"container\" data-e-type=\"container\">\n\t\t\t\t\t<div class=\"e-con-inner\">\n\t\t\t\t<div class=\"elementor-element elementor-element-c1c9841 elementor-widget elementor-widget-heading\" data-id=\"c1c9841\" data-element_type=\"widget\" data-e-type=\"widget\" data-widget_type=\"heading.default\">\n\t\t\t\t<div class=\"elementor-widget-container\">\n\t\t\t\t\t<h1 class=\"elementor-heading-title elementor-size-default\">\u0130ade ve Geri \u00d6deme Politikas\u0131<\/h1>\t\t\t\t<\/div>\n\t\t\t\t<\/div>\n\t\t\t\t\t<\/div>\n\t\t\t\t<\/div>\n\t\t<div class=\"elementor-element elementor-element-506c5db e-flex e-con-boxed e-con e-parent\" data-id=\"506c5db\" data-element_type=\"container\" data-e-type=\"container\">\n\t\t\t\t\t<div class=\"e-con-inner\">\n\t\t\t\t<div class=\"elementor-element elementor-element-99d72e9 elementor-widget elementor-widget-text-editor\" data-id=\"99d72e9\" data-element_type=\"widget\" data-e-type=\"widget\" data-widget_type=\"text-editor.default\">\n\t\t\t\t<div class=\"elementor-widget-container\">\n\t\t\t\t\t\t\t\t\t<p><span style=\"color: var( --e-global-color-primary ); text-align: var(--text-align); font-size: 1rem;\"><i><b>Son g\u00fcncelleme: 12 A\u011fustos 2024<\/b><\/i><\/span><\/p>\n<p>PharmSultation&#8217;dan al\u0131\u015fveri\u015f yapt\u0131\u011f\u0131n\u0131z i\u00e7in te\u015fekk\u00fcr ederiz.<\/p>\n<p><span style=\"color: var( --e-global-color-primary ); text-align: var(--text-align); font-size: 1rem;\">Herhangi bir nedenle sat\u0131n ald\u0131\u011f\u0131n\u0131z \u00fcr\u00fcnden tamamen memnun kalmazsan\u0131z, Sizi iade ve geri \u00f6deme politikam\u0131z\u0131 incelemeye davet ediyoruz. Bu \u0130ade ve Geri \u00d6deme Politikas\u0131, \u00dccretsiz \u0130ade ve Geri \u00d6deme Politikas\u0131 Olu\u015fturucu yard\u0131m\u0131yla olu\u015fturulmu\u015ftur. <\/span><\/p>\n<p><span style=\"color: var( --e-global-color-primary ); text-align: var(--text-align); font-size: 1rem;\">A\u015fa\u011f\u0131daki \u015fartlar, Bizden sat\u0131n ald\u0131\u011f\u0131n\u0131z t\u00fcm \u00fcr\u00fcnler i\u00e7in ge\u00e7erlidir.<\/span><\/p>\n<p><span style=\"color: inherit; font-family: inherit; font-size: 2rem; text-align: var(--text-align);\">Yorum ve Tan\u0131mlar<\/span><\/p>\n<h2><b>Yorumlama<\/b><\/h2>\n<p>Ba\u015f harfi b\u00fcy\u00fck olan kelimeler a\u015fa\u011f\u0131daki ko\u015fullar alt\u0131nda tan\u0131mlanan anlamlara sahiptir. A\u015fa\u011f\u0131daki tan\u0131mlar, tekil veya \u00e7o\u011ful olarak g\u00f6r\u00fcnmelerine bak\u0131lmaks\u0131z\u0131n ayn\u0131 anlama gelecektir. <\/p>\n<p><span style=\"color: var( --e-global-color-primary ); font-family: var( --e-global-typography-text-font-family ), Sans-serif; text-align: var(--text-align); font-size: 1rem;\"><b>Tan\u0131mlar<\/b><\/span><\/p>\n<p>Bu \u0130ade ve Geri \u00d6deme Politikas\u0131n\u0131n ama\u00e7lar\u0131 do\u011frultusunda:<\/p>\n<p><\/p>\n<p>\u015eirket (bu S\u00f6zle\u015fmede &#8220;\u015eirket&#8221;, &#8220;Biz&#8221;, &#8220;Bize&#8221; veya &#8220;Bizim&#8221; olarak an\u0131lacakt\u0131r) PharmSultation UG, Gundhofstra\u00dfe 23, 69528 Frankfurt am Main&#8217;i ifade eder.<\/p>\n<p><\/p>\n<p>Mallar, Hizmet \u00fczerinde sat\u0131\u015fa sunulan \u00f6\u011feleri ifade eder.<\/p>\n<p><\/p>\n<p>Sipari\u015fler, Bizden Mal sat\u0131n almak i\u00e7in Sizin taraf\u0131n\u0131zdan yap\u0131lan bir talep anlam\u0131na gelir.<\/p>\n<p><\/p>\n<p>Hizmet, Web Sitesini ifade eder.<\/p>\n<p><\/p>\n<p>Web sitesi, https:\/\/www.pharmsultation.com adresinden eri\u015filebilen PharmSultation&#8217;a at\u0131fta bulunmaktad\u0131r.<\/p>\n<p><\/p>\n<p>Siz, Hizmete eri\u015fen veya Hizmeti kullanan ki\u015fi veya s\u00f6z konusu ki\u015finin ad\u0131na Hizmete eri\u015fti\u011fi veya Hizmeti kulland\u0131\u011f\u0131 \u015firket veya di\u011fer t\u00fczel ki\u015filik anlam\u0131na gelir.<\/p>\n<p><\/p>\n<p>Sipari\u015f \u0130ptal Haklar\u0131n\u0131z<\/p>\n<p>Sipari\u015finizi 30 g\u00fcn i\u00e7inde herhangi bir neden g\u00f6stermeksizin iptal etme hakk\u0131na sahipsiniz.<\/p>\n<p><\/p>\n<p>Bir Sipari\u015fi iptal etmek i\u00e7in son tarih, Mallar\u0131 teslim ald\u0131\u011f\u0131n\u0131z veya atad\u0131\u011f\u0131n\u0131z, ta\u015f\u0131y\u0131c\u0131 olmayan \u00fc\u00e7\u00fcnc\u00fc bir taraf\u0131n teslim edilen \u00fcr\u00fcn\u00fc teslim ald\u0131\u011f\u0131 tarihten itibaren 30 g\u00fcnd\u00fcr.<\/p>\n<p><\/p>\n<p>\u0130ptal hakk\u0131n\u0131z\u0131 kullanmak i\u00e7in, karar\u0131n\u0131z\u0131 a\u00e7\u0131k bir beyanla Bize bildirmelisiniz. Karar\u0131n\u0131z\u0131 bize \u015fu \u015fekilde bildirebilirsiniz: <\/p>\n<p><\/p>\n<p>Web sitemizdeki bu sayfay\u0131 ziyaret ederek: https:\/\/www.pharmsultation.com\/contact-us\/<\/p>\n<p>\u0130ade edilen Mallar\u0131 ald\u0131\u011f\u0131m\u0131z g\u00fcnden itibaren en ge\u00e7 14 g\u00fcn i\u00e7inde Size geri \u00f6deme yapaca\u011f\u0131z. Sipari\u015f i\u00e7in kulland\u0131\u011f\u0131n\u0131z \u00f6deme y\u00f6nteminin ayn\u0131s\u0131n\u0131 kullanaca\u011f\u0131z ve bu geri \u00f6deme i\u00e7in herhangi bir \u00fccret \u00f6demeyeceksiniz. <\/p>\n<p><\/p>\n<p>\u0130ade Ko\u015fullar\u0131<\/p>\n<p>Mallar\u0131n iadeye uygun olabilmesi i\u00e7in l\u00fctfen \u015funlardan emin olun:<\/p>\n<p><\/p>\n<p>Mallar son 30 g\u00fcn i\u00e7inde sat\u0131n al\u0131nm\u0131\u015ft\u0131r<\/p>\n<p>Mallar\u0131n orijinal ambalaj\u0131nda olmas\u0131<\/p>\n<p>A\u015fa\u011f\u0131daki Mallar iade edilemez:<\/p>\n<p><\/p>\n<p>Sizin spesifikasyonlar\u0131n\u0131za g\u00f6re yap\u0131lm\u0131\u015f veya a\u00e7\u0131k\u00e7a ki\u015fiselle\u015ftirilmi\u015f Mallar\u0131n tedariki.<\/p>\n<p>Do\u011fas\u0131 gere\u011fi iade edilmeye uygun olmayan, h\u0131zla bozulan veya son kullanma tarihi ge\u00e7en Mallar\u0131n tedariki.<\/p>\n<p>Sa\u011fl\u0131\u011f\u0131n korunmas\u0131 veya hijyen nedenleriyle iadeye uygun olmayan ve teslimattan sonra m\u00fch\u00fcrlenmemi\u015f Mallar\u0131n tedariki.<\/p>\n<p>Teslimattan sonra, do\u011fas\u0131 gere\u011fi, di\u011fer kalemlerle ayr\u0131lmaz bir \u015fekilde kar\u0131\u015fan Mallar\u0131n tedariki.<\/p>\n<p>Yukar\u0131daki iade ko\u015fullar\u0131n\u0131 kar\u015f\u0131lamayan herhangi bir mal\u0131n iadesini tamamen kendi takdirimize ba\u011fl\u0131 olarak reddetme hakk\u0131m\u0131z sakl\u0131d\u0131r.<\/p>\n<p><\/p>\n<p>Yaln\u0131zca normal fiyatl\u0131 \u00dcr\u00fcnler iade edilebilir. Ne yaz\u0131k ki, indirimde olan Mallar\u0131n iadesi yap\u0131lamaz. Y\u00fcr\u00fcrl\u00fckteki yasalar taraf\u0131ndan izin verilmiyorsa, bu istisna Sizin i\u00e7in ge\u00e7erli olmayabilir.  <\/p>\n<p><\/p>\n<p>Mallar\u0131n \u0130adesi<\/p>\n<p>Mallar\u0131 Bize iade etme maliyeti ve riskinden siz sorumlusunuz. Mallar\u0131 a\u015fa\u011f\u0131daki adrese g\u00f6ndermelisiniz: <\/p>\n<p><\/p>\n<p><b>PharmSultation UG<\/b><\/p>\n<p><b>Gundhofstra\u00dfe 23<\/b><\/p>\n<p><b>69528 Frankfurt am Main&nbsp;<\/b><\/p>\n<p><b>ALMANYA<\/b><\/p>\n<p><\/p>\n<p>\u0130ade sevkiyat\u0131nda hasar g\u00f6ren veya kaybolan Mallardan sorumlu tutulamay\u0131z. Bu nedenle, sigortal\u0131 ve izlenebilir bir posta hizmeti \u00f6neriyoruz. Mallar\u0131n fiilen teslim al\u0131nmas\u0131 veya iade teslimat\u0131n\u0131n al\u0131nd\u0131\u011f\u0131na dair kan\u0131t olmadan para iadesi yapam\u0131yoruz.  <\/p>\n<p><\/p>\n<p>Hediyeler<\/p>\n<p>\u00dcr\u00fcnler sat\u0131n al\u0131n\u0131rken hediye olarak i\u015faretlenmi\u015f ve daha sonra do\u011frudan size g\u00f6nderilmi\u015fse, iadenizin de\u011feri kadar bir hediye kredisi alacaks\u0131n\u0131z. \u0130ade edilen \u00fcr\u00fcn teslim al\u0131nd\u0131\u011f\u0131nda, Size bir hediye sertifikas\u0131 postalanacakt\u0131r. <\/p>\n<p><\/p>\n<p>\u00dcr\u00fcnler sat\u0131n al\u0131n\u0131rken hediye olarak i\u015faretlenmediyse veya hediye veren ki\u015fi Sipari\u015fi daha sonra Size vermek \u00fczere kendisine g\u00f6nderdiyse, para iadesini hediye verene g\u00f6nderece\u011fiz.<\/p>\n<p><\/p>\n<p>Bize Ula\u015f\u0131n<\/p>\n<p>\u0130ade ve Geri \u00d6deme Politikam\u0131z hakk\u0131nda herhangi bir sorunuz varsa, l\u00fctfen bizimle ileti\u015fime ge\u00e7in:<\/p>\n<p><\/p>\n<p>Web sitemizdeki bu sayfay\u0131 ziyaret ederek: https:\/\/www.pharmsultation.com\/contact-us\/<\/p>\t\t\t\t\t\t\t\t<\/div>\n\t\t\t\t<\/div>\n\t\t\t\t\t<\/div>\n\t\t\t\t<\/div>\n\t\t<div class=\"elementor-element elementor-element-4064b4b e-flex e-con-boxed e-con e-parent\" data-id=\"4064b4b\" data-element_type=\"container\" data-e-type=\"container\">\n\t\t\t\t\t<div class=\"e-con-inner\">\n\t\t\t\t\t<\/div>\n\t\t\t\t<\/div>\n\t\t\t\t<\/div>\n\t\t","protected":false},"excerpt":{"rendered":"<p>\u0130ade ve Geri \u00d6deme Politikas\u0131 Son g\u00fcncelleme: 12 A\u011fustos 2024 PharmSultation&#8217;dan al\u0131\u015fveri\u015f yapt\u0131\u011f\u0131n\u0131z i\u00e7in te\u015fekk\u00fcr ederiz. Herhangi bir nedenle sat\u0131n ald\u0131\u011f\u0131n\u0131z \u00fcr\u00fcnden tamamen memnun kalmazsan\u0131z, Sizi iade ve geri \u00f6deme politikam\u0131z\u0131 incelemeye davet ediyoruz. Bu \u0130ade ve Geri \u00d6deme Politikas\u0131, \u00dccretsiz \u0130ade ve Geri \u00d6deme Politikas\u0131 Olu\u015fturucu yard\u0131m\u0131yla olu\u015fturulmu\u015ftur. A\u015fa\u011f\u0131daki \u015fartlar, Bizden sat\u0131n ald\u0131\u011f\u0131n\u0131z t\u00fcm [&hellip;]<\/p>\n","protected":false},"author":2,"featured_media":0,"parent":0,"menu_order":0,"comment_status":"closed","ping_status":"closed","template":"","meta":{"footnotes":""},"class_list":["post-5766","page","type-page","status-publish","hentry"],"yoast_head":"<!-- This site is optimized with the Yoast SEO plugin v27.2 - https:\/\/yoast.com\/product\/yoast-seo-wordpress\/ -->\n<title>\u0130ade ve Geri \u00d6deme Politikas\u0131 -<\/title>\n<meta name=\"robots\" content=\"index, follow, max-snippet:-1, max-image-preview:large, max-video-preview:-1\" \/>\n<link rel=\"canonical\" href=\"https:\/\/test.pharmsultation.com\/tr\/iade-ve-geri-odeme-politikasi\/\" \/>\n<meta property=\"og:locale\" content=\"tr_TR\" \/>\n<meta property=\"og:type\" content=\"article\" \/>\n<meta property=\"og:title\" content=\"\u0130ade ve Geri \u00d6deme Politikas\u0131 -\" \/>\n<meta property=\"og:description\" content=\"\u0130ade ve Geri \u00d6deme Politikas\u0131 Son g\u00fcncelleme: 12 A\u011fustos 2024 PharmSultation&#8217;dan al\u0131\u015fveri\u015f yapt\u0131\u011f\u0131n\u0131z i\u00e7in te\u015fekk\u00fcr ederiz. Herhangi bir nedenle sat\u0131n ald\u0131\u011f\u0131n\u0131z \u00fcr\u00fcnden tamamen memnun kalmazsan\u0131z, Sizi iade ve geri \u00f6deme politikam\u0131z\u0131 incelemeye davet ediyoruz. Bu \u0130ade ve Geri \u00d6deme Politikas\u0131, \u00dccretsiz \u0130ade ve Geri \u00d6deme Politikas\u0131 Olu\u015fturucu yard\u0131m\u0131yla olu\u015fturulmu\u015ftur. A\u015fa\u011f\u0131daki \u015fartlar, Bizden sat\u0131n ald\u0131\u011f\u0131n\u0131z t\u00fcm [&hellip;]\" \/>\n<meta property=\"og:url\" content=\"https:\/\/test.pharmsultation.com\/tr\/iade-ve-geri-odeme-politikasi\/\" \/>\n<meta property=\"article:modified_time\" content=\"2025-05-11T15:11:00+00:00\" \/>\n<meta property=\"og:image\" content=\"https:\/\/test.pharmsultation.com\/wp-content\/uploads\/2023\/05\/customcolor_logo_transparent_background-1024x614-1.png\" \/>\n\t<meta property=\"og:image:width\" content=\"1024\" \/>\n\t<meta property=\"og:image:height\" content=\"614\" \/>\n\t<meta property=\"og:image:type\" content=\"image\/png\" \/>\n<meta name=\"twitter:card\" content=\"summary_large_image\" \/>\n<meta name=\"twitter:label1\" content=\"Tahmini okuma s\u00fcresi\" \/>\n\t<meta name=\"twitter:data1\" content=\"4 dakika\" \/>\n<script type=\"application\/ld+json\" class=\"yoast-schema-graph\">{\"@context\":\"https:\/\/schema.org\",\"@graph\":[{\"@type\":\"WebPage\",\"@id\":\"https:\/\/test.pharmsultation.com\/tr\/iade-ve-geri-odeme-politikasi\/\",\"url\":\"https:\/\/test.pharmsultation.com\/tr\/iade-ve-geri-odeme-politikasi\/\",\"name\":\"\u0130ade ve Geri \u00d6deme Politikas\u0131 -\",\"isPartOf\":{\"@id\":\"https:\/\/test.pharmsultation.com\/tr\/#website\"},\"primaryImageOfPage\":{\"@id\":\"https:\/\/test.pharmsultation.com\/tr\/iade-ve-geri-odeme-politikasi\/#primaryimage\"},\"image\":{\"@id\":\"https:\/\/test.pharmsultation.com\/tr\/iade-ve-geri-odeme-politikasi\/#primaryimage\"},\"thumbnailUrl\":\"https:\/\/test.pharmsultation.com\/wp-content\/uploads\/2023\/05\/customcolor_logo_transparent_background-1024x614-1-300x180.png\",\"datePublished\":\"2024-08-12T20:09:55+00:00\",\"dateModified\":\"2025-05-11T15:11:00+00:00\",\"breadcrumb\":{\"@id\":\"https:\/\/test.pharmsultation.com\/tr\/iade-ve-geri-odeme-politikasi\/#breadcrumb\"},\"inLanguage\":\"tr\",\"potentialAction\":[{\"@type\":\"ReadAction\",\"target\":[\"https:\/\/test.pharmsultation.com\/tr\/iade-ve-geri-odeme-politikasi\/\"]}]},{\"@type\":\"ImageObject\",\"inLanguage\":\"tr\",\"@id\":\"https:\/\/test.pharmsultation.com\/tr\/iade-ve-geri-odeme-politikasi\/#primaryimage\",\"url\":\"https:\/\/test.pharmsultation.com\/wp-content\/uploads\/2023\/05\/customcolor_logo_transparent_background-1024x614-1-300x180.png\",\"contentUrl\":\"https:\/\/test.pharmsultation.com\/wp-content\/uploads\/2023\/05\/customcolor_logo_transparent_background-1024x614-1-300x180.png\"},{\"@type\":\"BreadcrumbList\",\"@id\":\"https:\/\/test.pharmsultation.com\/tr\/iade-ve-geri-odeme-politikasi\/#breadcrumb\",\"itemListElement\":[{\"@type\":\"ListItem\",\"position\":1,\"name\":\"Ev\",\"item\":\"https:\/\/test.pharmsultation.com\/tr\/pharmsultation-besin-takviyeleri-ve-danismanlik\/\"},{\"@type\":\"ListItem\",\"position\":2,\"name\":\"\u0130ade ve Geri \u00d6deme Politikas\u0131\"}]},{\"@type\":\"WebSite\",\"@id\":\"https:\/\/test.pharmsultation.com\/tr\/#website\",\"url\":\"https:\/\/test.pharmsultation.com\/tr\/\",\"name\":\"PharmSultation - Pharma & Industries Services\",\"description\":\"\",\"publisher\":{\"@id\":\"https:\/\/test.pharmsultation.com\/tr\/#organization\"},\"potentialAction\":[{\"@type\":\"SearchAction\",\"target\":{\"@type\":\"EntryPoint\",\"urlTemplate\":\"https:\/\/test.pharmsultation.com\/tr\/?s={search_term_string}\"},\"query-input\":{\"@type\":\"PropertyValueSpecification\",\"valueRequired\":true,\"valueName\":\"search_term_string\"}}],\"inLanguage\":\"tr\"},{\"@type\":\"Organization\",\"@id\":\"https:\/\/test.pharmsultation.com\/tr\/#organization\",\"name\":\"PharmSultation\",\"url\":\"https:\/\/test.pharmsultation.com\/tr\/\",\"logo\":{\"@type\":\"ImageObject\",\"inLanguage\":\"tr\",\"@id\":\"https:\/\/test.pharmsultation.com\/tr\/#\/schema\/logo\/image\/\",\"url\":\"https:\/\/www.pharmsultation.com\/wp-content\/uploads\/2023\/05\/customcolor_logo_transparent_background.png\",\"contentUrl\":\"https:\/\/www.pharmsultation.com\/wp-content\/uploads\/2023\/05\/customcolor_logo_transparent_background.png\",\"width\":3125,\"height\":1875,\"caption\":\"PharmSultation\"},\"image\":{\"@id\":\"https:\/\/test.pharmsultation.com\/tr\/#\/schema\/logo\/image\/\"}}]}<\/script>\n<!-- \/ Yoast SEO plugin. -->","yoast_head_json":{"title":"\u0130ade ve Geri \u00d6deme Politikas\u0131 -","robots":{"index":"index","follow":"follow","max-snippet":"max-snippet:-1","max-image-preview":"max-image-preview:large","max-video-preview":"max-video-preview:-1"},"canonical":"https:\/\/test.pharmsultation.com\/tr\/iade-ve-geri-odeme-politikasi\/","og_locale":"tr_TR","og_type":"article","og_title":"\u0130ade ve Geri \u00d6deme Politikas\u0131 -","og_description":"\u0130ade ve Geri \u00d6deme Politikas\u0131 Son g\u00fcncelleme: 12 A\u011fustos 2024 PharmSultation&#8217;dan al\u0131\u015fveri\u015f yapt\u0131\u011f\u0131n\u0131z i\u00e7in te\u015fekk\u00fcr ederiz. Herhangi bir nedenle sat\u0131n ald\u0131\u011f\u0131n\u0131z \u00fcr\u00fcnden tamamen memnun kalmazsan\u0131z, Sizi iade ve geri \u00f6deme politikam\u0131z\u0131 incelemeye davet ediyoruz. Bu \u0130ade ve Geri \u00d6deme Politikas\u0131, \u00dccretsiz \u0130ade ve Geri \u00d6deme Politikas\u0131 Olu\u015fturucu yard\u0131m\u0131yla olu\u015fturulmu\u015ftur. A\u015fa\u011f\u0131daki \u015fartlar, Bizden sat\u0131n ald\u0131\u011f\u0131n\u0131z t\u00fcm [&hellip;]","og_url":"https:\/\/test.pharmsultation.com\/tr\/iade-ve-geri-odeme-politikasi\/","article_modified_time":"2025-05-11T15:11:00+00:00","og_image":[{"width":1024,"height":614,"url":"https:\/\/test.pharmsultation.com\/wp-content\/uploads\/2023\/05\/customcolor_logo_transparent_background-1024x614-1.png","type":"image\/png"}],"twitter_card":"summary_large_image","twitter_misc":{"Tahmini okuma s\u00fcresi":"4 dakika"},"schema":{"@context":"https:\/\/schema.org","@graph":[{"@type":"WebPage","@id":"https:\/\/test.pharmsultation.com\/tr\/iade-ve-geri-odeme-politikasi\/","url":"https:\/\/test.pharmsultation.com\/tr\/iade-ve-geri-odeme-politikasi\/","name":"\u0130ade ve Geri \u00d6deme Politikas\u0131 -","isPartOf":{"@id":"https:\/\/test.pharmsultation.com\/tr\/#website"},"primaryImageOfPage":{"@id":"https:\/\/test.pharmsultation.com\/tr\/iade-ve-geri-odeme-politikasi\/#primaryimage"},"image":{"@id":"https:\/\/test.pharmsultation.com\/tr\/iade-ve-geri-odeme-politikasi\/#primaryimage"},"thumbnailUrl":"https:\/\/test.pharmsultation.com\/wp-content\/uploads\/2023\/05\/customcolor_logo_transparent_background-1024x614-1-300x180.png","datePublished":"2024-08-12T20:09:55+00:00","dateModified":"2025-05-11T15:11:00+00:00","breadcrumb":{"@id":"https:\/\/test.pharmsultation.com\/tr\/iade-ve-geri-odeme-politikasi\/#breadcrumb"},"inLanguage":"tr","potentialAction":[{"@type":"ReadAction","target":["https:\/\/test.pharmsultation.com\/tr\/iade-ve-geri-odeme-politikasi\/"]}]},{"@type":"ImageObject","inLanguage":"tr","@id":"https:\/\/test.pharmsultation.com\/tr\/iade-ve-geri-odeme-politikasi\/#primaryimage","url":"https:\/\/test.pharmsultation.com\/wp-content\/uploads\/2023\/05\/customcolor_logo_transparent_background-1024x614-1-300x180.png","contentUrl":"https:\/\/test.pharmsultation.com\/wp-content\/uploads\/2023\/05\/customcolor_logo_transparent_background-1024x614-1-300x180.png"},{"@type":"BreadcrumbList","@id":"https:\/\/test.pharmsultation.com\/tr\/iade-ve-geri-odeme-politikasi\/#breadcrumb","itemListElement":[{"@type":"ListItem","position":1,"name":"Ev","item":"https:\/\/test.pharmsultation.com\/tr\/pharmsultation-besin-takviyeleri-ve-danismanlik\/"},{"@type":"ListItem","position":2,"name":"\u0130ade ve Geri \u00d6deme Politikas\u0131"}]},{"@type":"WebSite","@id":"https:\/\/test.pharmsultation.com\/tr\/#website","url":"https:\/\/test.pharmsultation.com\/tr\/","name":"PharmSultation - Pharma & Industries Services","description":"","publisher":{"@id":"https:\/\/test.pharmsultation.com\/tr\/#organization"},"potentialAction":[{"@type":"SearchAction","target":{"@type":"EntryPoint","urlTemplate":"https:\/\/test.pharmsultation.com\/tr\/?s={search_term_string}"},"query-input":{"@type":"PropertyValueSpecification","valueRequired":true,"valueName":"search_term_string"}}],"inLanguage":"tr"},{"@type":"Organization","@id":"https:\/\/test.pharmsultation.com\/tr\/#organization","name":"PharmSultation","url":"https:\/\/test.pharmsultation.com\/tr\/","logo":{"@type":"ImageObject","inLanguage":"tr","@id":"https:\/\/test.pharmsultation.com\/tr\/#\/schema\/logo\/image\/","url":"https:\/\/www.pharmsultation.com\/wp-content\/uploads\/2023\/05\/customcolor_logo_transparent_background.png","contentUrl":"https:\/\/www.pharmsultation.com\/wp-content\/uploads\/2023\/05\/customcolor_logo_transparent_background.png","width":3125,"height":1875,"caption":"PharmSultation"},"image":{"@id":"https:\/\/test.pharmsultation.com\/tr\/#\/schema\/logo\/image\/"}}]}},"_links":{"self":[{"href":"https:\/\/test.pharmsultation.com\/tr\/wp-json\/wp\/v2\/pages\/5766","targetHints":{"allow":["GET"]}}],"collection":[{"href":"https:\/\/test.pharmsultation.com\/tr\/wp-json\/wp\/v2\/pages"}],"about":[{"href":"https:\/\/test.pharmsultation.com\/tr\/wp-json\/wp\/v2\/types\/page"}],"author":[{"embeddable":true,"href":"https:\/\/test.pharmsultation.com\/tr\/wp-json\/wp\/v2\/users\/2"}],"replies":[{"embeddable":true,"href":"https:\/\/test.pharmsultation.com\/tr\/wp-json\/wp\/v2\/comments?post=5766"}],"version-history":[{"count":1,"href":"https:\/\/test.pharmsultation.com\/tr\/wp-json\/wp\/v2\/pages\/5766\/revisions"}],"predecessor-version":[{"id":5771,"href":"https:\/\/test.pharmsultation.com\/tr\/wp-json\/wp\/v2\/pages\/5766\/revisions\/5771"}],"wp:attachment":[{"href":"https:\/\/test.pharmsultation.com\/tr\/wp-json\/wp\/v2\/media?parent=5766"}],"curies":[{"name":"wp","href":"https:\/\/api.w.org\/{rel}","templated":true}]}}