{"id":5545,"date":"2023-05-06T13:01:16","date_gmt":"2023-05-06T11:01:16","guid":{"rendered":"https:\/\/test.pharmsultation.com\/pharmsultation-besin-takviyeleri-ve-danismanlik\/"},"modified":"2025-05-11T16:59:20","modified_gmt":"2025-05-11T14:59:20","slug":"pharmsultation-besin-takviyeleri-ve-danismanlik","status":"publish","type":"page","link":"https:\/\/test.pharmsultation.com\/tr\/","title":{"rendered":"PharmSultation &#8211; Besin Takviyeleri ve Dan\u0131\u015fmanl\u0131k"},"content":{"rendered":"","protected":false},"excerpt":{"rendered":"<p>PharmSultation &#8211; Besin Takviyeleri ve Dan\u0131\u015fmanl\u0131k<\/p>\n","protected":false},"author":2,"featured_media":0,"parent":0,"menu_order":0,"comment_status":"closed","ping_status":"closed","template":"","meta":{"footnotes":""},"class_list":["post-5545","page","type-page","status-publish","hentry"],"yoast_head":"<!-- This site is optimized with the Yoast SEO plugin v27.2 - https:\/\/yoast.com\/product\/yoast-seo-wordpress\/ -->\n<title>PharmSultation - Besin Takviyeleri ve Dan\u0131\u015fmanl\u0131k<\/title>\n<meta name=\"description\" content=\"Bu nedenle, kaynak bulma, \u00fcretim, sat\u0131\u015f veya \u00e7e\u015fitli BT tabanl\u0131 \u00e7\u00f6z\u00fcmler ve ge\u00e7ici y\u00f6netim, birle\u015fme ve sat\u0131n alma faaliyetlerinde destek, t\u00fcm alanlarda do\u011fru uyumla ba\u011flant\u0131 kurma ve \u00e7ok daha fazlas\u0131 gibi t\u00fcm alanlarda kan\u0131tlanm\u0131\u015f bilgi birikimimizi ve deneyimimizi ve felsefemizi payla\u015fmay\u0131 teklif ediyoruz.\" \/>\n<meta name=\"robots\" content=\"index, follow, max-snippet:-1, max-image-preview:large, max-video-preview:-1\" \/>\n<link rel=\"canonical\" href=\"https:\/\/test.pharmsultation.com\/tr\/\" \/>\n<meta property=\"og:locale\" content=\"tr_TR\" \/>\n<meta property=\"og:type\" content=\"article\" \/>\n<meta property=\"og:title\" content=\"PharmSultation - Besin Takviyeleri ve Dan\u0131\u015fmanl\u0131k\" \/>\n<meta property=\"og:description\" content=\"Bu nedenle, kaynak bulma, \u00fcretim, sat\u0131\u015f veya \u00e7e\u015fitli BT tabanl\u0131 \u00e7\u00f6z\u00fcmler ve ge\u00e7ici y\u00f6netim, birle\u015fme ve sat\u0131n alma faaliyetlerinde destek, t\u00fcm alanlarda do\u011fru uyumla ba\u011flant\u0131 kurma ve \u00e7ok daha fazlas\u0131 gibi t\u00fcm alanlarda kan\u0131tlanm\u0131\u015f bilgi birikimimizi ve deneyimimizi ve felsefemizi payla\u015fmay\u0131 teklif ediyoruz.\" \/>\n<meta property=\"og:url\" content=\"https:\/\/test.pharmsultation.com\/tr\/\" \/>\n<meta property=\"article:modified_time\" content=\"2025-05-11T14:59:20+00:00\" \/>\n<meta name=\"twitter:card\" content=\"summary_large_image\" \/>\n<script type=\"application\/ld+json\" class=\"yoast-schema-graph\">{\"@context\":\"https:\/\/schema.org\",\"@graph\":[{\"@type\":\"WebPage\",\"@id\":\"https:\/\/test.pharmsultation.com\/tr\/\",\"url\":\"https:\/\/test.pharmsultation.com\/tr\/\",\"name\":\"PharmSultation - Besin Takviyeleri ve Dan\u0131\u015fmanl\u0131k\",\"isPartOf\":{\"@id\":\"https:\/\/test.pharmsultation.com\/tr\/#website\"},\"datePublished\":\"2023-05-06T11:01:16+00:00\",\"dateModified\":\"2025-05-11T14:59:20+00:00\",\"description\":\"Bu nedenle, kaynak bulma, \u00fcretim, sat\u0131\u015f veya \u00e7e\u015fitli BT tabanl\u0131 \u00e7\u00f6z\u00fcmler ve ge\u00e7ici y\u00f6netim, birle\u015fme ve sat\u0131n alma faaliyetlerinde destek, t\u00fcm alanlarda do\u011fru uyumla ba\u011flant\u0131 kurma ve \u00e7ok daha fazlas\u0131 gibi t\u00fcm alanlarda kan\u0131tlanm\u0131\u015f bilgi birikimimizi ve deneyimimizi ve felsefemizi payla\u015fmay\u0131 teklif ediyoruz.\",\"breadcrumb\":{\"@id\":\"https:\/\/test.pharmsultation.com\/tr\/#breadcrumb\"},\"inLanguage\":\"tr\",\"potentialAction\":[{\"@type\":\"ReadAction\",\"target\":[\"https:\/\/test.pharmsultation.com\/tr\/\"]}]},{\"@type\":\"BreadcrumbList\",\"@id\":\"https:\/\/test.pharmsultation.com\/tr\/#breadcrumb\",\"itemListElement\":[{\"@type\":\"ListItem\",\"position\":1,\"name\":\"Ev\",\"item\":\"https:\/\/test.pharmsultation.com\/tr\/pharmsultation-besin-takviyeleri-ve-danismanlik\/\"},{\"@type\":\"ListItem\",\"position\":2,\"name\":\"PharmSultation &#8211; Besin Takviyeleri ve Dan\u0131\u015fmanl\u0131k\"}]},{\"@type\":\"WebSite\",\"@id\":\"https:\/\/test.pharmsultation.com\/tr\/#website\",\"url\":\"https:\/\/test.pharmsultation.com\/tr\/\",\"name\":\"PharmSultation - Pharma & Industries Services\",\"description\":\"\",\"publisher\":{\"@id\":\"https:\/\/test.pharmsultation.com\/tr\/#organization\"},\"potentialAction\":[{\"@type\":\"SearchAction\",\"target\":{\"@type\":\"EntryPoint\",\"urlTemplate\":\"https:\/\/test.pharmsultation.com\/tr\/?s={search_term_string}\"},\"query-input\":{\"@type\":\"PropertyValueSpecification\",\"valueRequired\":true,\"valueName\":\"search_term_string\"}}],\"inLanguage\":\"tr\"},{\"@type\":\"Organization\",\"@id\":\"https:\/\/test.pharmsultation.com\/tr\/#organization\",\"name\":\"PharmSultation\",\"url\":\"https:\/\/test.pharmsultation.com\/tr\/\",\"logo\":{\"@type\":\"ImageObject\",\"inLanguage\":\"tr\",\"@id\":\"https:\/\/test.pharmsultation.com\/tr\/#\/schema\/logo\/image\/\",\"url\":\"https:\/\/www.pharmsultation.com\/wp-content\/uploads\/2023\/05\/customcolor_logo_transparent_background.png\",\"contentUrl\":\"https:\/\/www.pharmsultation.com\/wp-content\/uploads\/2023\/05\/customcolor_logo_transparent_background.png\",\"width\":3125,\"height\":1875,\"caption\":\"PharmSultation\"},\"image\":{\"@id\":\"https:\/\/test.pharmsultation.com\/tr\/#\/schema\/logo\/image\/\"}}]}<\/script>\n<!-- \/ Yoast SEO plugin. -->","yoast_head_json":{"title":"PharmSultation - Besin Takviyeleri ve Dan\u0131\u015fmanl\u0131k","description":"Bu nedenle, kaynak bulma, \u00fcretim, sat\u0131\u015f veya \u00e7e\u015fitli BT tabanl\u0131 \u00e7\u00f6z\u00fcmler ve ge\u00e7ici y\u00f6netim, birle\u015fme ve sat\u0131n alma faaliyetlerinde destek, t\u00fcm alanlarda do\u011fru uyumla ba\u011flant\u0131 kurma ve \u00e7ok daha fazlas\u0131 gibi t\u00fcm alanlarda kan\u0131tlanm\u0131\u015f bilgi birikimimizi ve deneyimimizi ve felsefemizi payla\u015fmay\u0131 teklif ediyoruz.","robots":{"index":"index","follow":"follow","max-snippet":"max-snippet:-1","max-image-preview":"max-image-preview:large","max-video-preview":"max-video-preview:-1"},"canonical":"https:\/\/test.pharmsultation.com\/tr\/","og_locale":"tr_TR","og_type":"article","og_title":"PharmSultation - Besin Takviyeleri ve Dan\u0131\u015fmanl\u0131k","og_description":"Bu nedenle, kaynak bulma, \u00fcretim, sat\u0131\u015f veya \u00e7e\u015fitli BT tabanl\u0131 \u00e7\u00f6z\u00fcmler ve ge\u00e7ici y\u00f6netim, birle\u015fme ve sat\u0131n alma faaliyetlerinde destek, t\u00fcm alanlarda do\u011fru uyumla ba\u011flant\u0131 kurma ve \u00e7ok daha fazlas\u0131 gibi t\u00fcm alanlarda kan\u0131tlanm\u0131\u015f bilgi birikimimizi ve deneyimimizi ve felsefemizi payla\u015fmay\u0131 teklif ediyoruz.","og_url":"https:\/\/test.pharmsultation.com\/tr\/","article_modified_time":"2025-05-11T14:59:20+00:00","twitter_card":"summary_large_image","schema":{"@context":"https:\/\/schema.org","@graph":[{"@type":"WebPage","@id":"https:\/\/test.pharmsultation.com\/tr\/","url":"https:\/\/test.pharmsultation.com\/tr\/","name":"PharmSultation - Besin Takviyeleri ve Dan\u0131\u015fmanl\u0131k","isPartOf":{"@id":"https:\/\/test.pharmsultation.com\/tr\/#website"},"datePublished":"2023-05-06T11:01:16+00:00","dateModified":"2025-05-11T14:59:20+00:00","description":"Bu nedenle, kaynak bulma, \u00fcretim, sat\u0131\u015f veya \u00e7e\u015fitli BT tabanl\u0131 \u00e7\u00f6z\u00fcmler ve ge\u00e7ici y\u00f6netim, birle\u015fme ve sat\u0131n alma faaliyetlerinde destek, t\u00fcm alanlarda do\u011fru uyumla ba\u011flant\u0131 kurma ve \u00e7ok daha fazlas\u0131 gibi t\u00fcm alanlarda kan\u0131tlanm\u0131\u015f bilgi birikimimizi ve deneyimimizi ve felsefemizi payla\u015fmay\u0131 teklif ediyoruz.","breadcrumb":{"@id":"https:\/\/test.pharmsultation.com\/tr\/#breadcrumb"},"inLanguage":"tr","potentialAction":[{"@type":"ReadAction","target":["https:\/\/test.pharmsultation.com\/tr\/"]}]},{"@type":"BreadcrumbList","@id":"https:\/\/test.pharmsultation.com\/tr\/#breadcrumb","itemListElement":[{"@type":"ListItem","position":1,"name":"Ev","item":"https:\/\/test.pharmsultation.com\/tr\/pharmsultation-besin-takviyeleri-ve-danismanlik\/"},{"@type":"ListItem","position":2,"name":"PharmSultation &#8211; Besin Takviyeleri ve Dan\u0131\u015fmanl\u0131k"}]},{"@type":"WebSite","@id":"https:\/\/test.pharmsultation.com\/tr\/#website","url":"https:\/\/test.pharmsultation.com\/tr\/","name":"PharmSultation - Pharma & Industries Services","description":"","publisher":{"@id":"https:\/\/test.pharmsultation.com\/tr\/#organization"},"potentialAction":[{"@type":"SearchAction","target":{"@type":"EntryPoint","urlTemplate":"https:\/\/test.pharmsultation.com\/tr\/?s={search_term_string}"},"query-input":{"@type":"PropertyValueSpecification","valueRequired":true,"valueName":"search_term_string"}}],"inLanguage":"tr"},{"@type":"Organization","@id":"https:\/\/test.pharmsultation.com\/tr\/#organization","name":"PharmSultation","url":"https:\/\/test.pharmsultation.com\/tr\/","logo":{"@type":"ImageObject","inLanguage":"tr","@id":"https:\/\/test.pharmsultation.com\/tr\/#\/schema\/logo\/image\/","url":"https:\/\/www.pharmsultation.com\/wp-content\/uploads\/2023\/05\/customcolor_logo_transparent_background.png","contentUrl":"https:\/\/www.pharmsultation.com\/wp-content\/uploads\/2023\/05\/customcolor_logo_transparent_background.png","width":3125,"height":1875,"caption":"PharmSultation"},"image":{"@id":"https:\/\/test.pharmsultation.com\/tr\/#\/schema\/logo\/image\/"}}]}},"_links":{"self":[{"href":"https:\/\/test.pharmsultation.com\/tr\/wp-json\/wp\/v2\/pages\/5545","targetHints":{"allow":["GET"]}}],"collection":[{"href":"https:\/\/test.pharmsultation.com\/tr\/wp-json\/wp\/v2\/pages"}],"about":[{"href":"https:\/\/test.pharmsultation.com\/tr\/wp-json\/wp\/v2\/types\/page"}],"author":[{"embeddable":true,"href":"https:\/\/test.pharmsultation.com\/tr\/wp-json\/wp\/v2\/users\/2"}],"replies":[{"embeddable":true,"href":"https:\/\/test.pharmsultation.com\/tr\/wp-json\/wp\/v2\/comments?post=5545"}],"version-history":[{"count":1,"href":"https:\/\/test.pharmsultation.com\/tr\/wp-json\/wp\/v2\/pages\/5545\/revisions"}],"predecessor-version":[{"id":5549,"href":"https:\/\/test.pharmsultation.com\/tr\/wp-json\/wp\/v2\/pages\/5545\/revisions\/5549"}],"wp:attachment":[{"href":"https:\/\/test.pharmsultation.com\/tr\/wp-json\/wp\/v2\/media?parent=5545"}],"curies":[{"name":"wp","href":"https:\/\/api.w.org\/{rel}","templated":true}]}}