{"id":5527,"date":"2024-02-24T15:16:32","date_gmt":"2024-02-24T14:16:32","guid":{"rendered":"https:\/\/test.pharmsultation.com\/kapsullerimiz\/"},"modified":"2025-05-11T14:30:42","modified_gmt":"2025-05-11T12:30:42","slug":"kapsullerimiz","status":"publish","type":"page","link":"https:\/\/test.pharmsultation.com\/tr\/kapsullerimiz\/","title":{"rendered":"Kaps\u00fcllerimiz"},"content":{"rendered":"\t\t<div data-elementor-type=\"wp-page\" data-elementor-id=\"5527\" class=\"elementor elementor-5527 elementor-270\" data-elementor-post-type=\"page\">\n\t\t\t\t<div class=\"elementor-element elementor-element-723c3a6 e-con-full e-flex e-con e-parent\" data-id=\"723c3a6\" data-element_type=\"container\" data-e-type=\"container\">\n\t\t\t\t<div class=\"elementor-element elementor-element-7e10eeb elementor-widget elementor-widget-image\" data-id=\"7e10eeb\" data-element_type=\"widget\" data-e-type=\"widget\" data-widget_type=\"image.default\">\n\t\t\t\t<div class=\"elementor-widget-container\">\n\t\t\t\t\t\t\t\t\t\t\t\t\t\t\t<img decoding=\"async\" src=\"https:\/\/test.pharmsultation.com\/wp-content\/uploads\/elementor\/thumbs\/customcolor_logo_transparent_background-1024x614-1-q647ssh1flx08fv0ggk1iapmka5wnh2ysl8s52f5kw.png\" title=\"Logo\" alt=\"Logo\" loading=\"lazy\" \/>\t\t\t\t\t\t\t\t\t\t\t\t\t\t\t<\/div>\n\t\t\t\t<\/div>\n\t\t\t\t<\/div>\n\t\t<div class=\"elementor-element elementor-element-654d6a2 e-flex e-con-boxed e-con e-parent\" data-id=\"654d6a2\" data-element_type=\"container\" data-e-type=\"container\">\n\t\t\t\t\t<div class=\"e-con-inner\">\n\t\t\t\t<div class=\"elementor-element elementor-element-6efeb66 elementor-widget elementor-widget-heading\" data-id=\"6efeb66\" data-element_type=\"widget\" data-e-type=\"widget\" data-widget_type=\"heading.default\">\n\t\t\t\t<div class=\"elementor-widget-container\">\n\t\t\t\t\t<div class=\"elementor-heading-title elementor-size-default\">Kaps\u00fcllerimiz<\/div>\t\t\t\t<\/div>\n\t\t\t\t<\/div>\n\t\t\t\t\t<\/div>\n\t\t\t\t<\/div>\n\t\t<div class=\"elementor-element elementor-element-3bce369 e-flex e-con-boxed e-con e-parent\" data-id=\"3bce369\" data-element_type=\"container\" data-e-type=\"container\">\n\t\t\t\t\t<div class=\"e-con-inner\">\n\t\t\t\t<div class=\"elementor-element elementor-element-6c2da7d elementor-widget elementor-widget-text-editor\" data-id=\"6c2da7d\" data-element_type=\"widget\" data-e-type=\"widget\" data-widget_type=\"text-editor.default\">\n\t\t\t\t<div class=\"elementor-widget-container\">\n\t\t\t\t\t\t\t\t\t<p>Bir s\u00fcper g\u0131da takviyesi sorumluluk ve geni\u015f bir bilgi birikimi gerektirir.<br aria-hidden=\"true\"><br aria-hidden=\"true\">PharmSultation olarak, pazara ve m\u00fc\u015fterilerimize se\u00e7kin \u00fcr\u00fcnler tedarik etmek i\u00e7in kan\u0131tlanm\u0131\u015f ge\u00e7mi\u015f performans\u0131m\u0131zla \u00e7ok \u00e7al\u0131\u015f\u0131yoruz.<br aria-hidden=\"true\">Kendi \u00fcr\u00fcnlerimiz veya de\u011ferli m\u00fc\u015fterilerimiz i\u00e7in geli\u015ftirdi\u011fimiz \u00fcr\u00fcnler ne olursa olsun, kaliteyi her \u015fekilde sunuyoruz.<br aria-hidden=\"true\"><br aria-hidden=\"true\">Bizim i\u00e7in \u00e7evre \u00e7ok \u00f6nemli ve s\u00fcrd\u00fcr\u00fclebilirlik konusunda y\u00fcksek bir seviyeye sahibiz.<br aria-hidden=\"true\">\u00dcr\u00fcnlerimiz ve \u00e7evre i\u00e7in en y\u00fcksek kalite standartlar\u0131na sahip olmak i\u00e7in \u00e7ok ve maksimum yakla\u015f\u0131mla \u00e7al\u0131\u015f\u0131yoruz.<br aria-hidden=\"true\"><br aria-hidden=\"true\">Ba\u015f\u0131ndan beri herkesin bize inanabilece\u011fi ve g\u00fcvenebilece\u011fi b\u00fcy\u00fck ve iyi bilinen bir ayak izi b\u0131rakmak istedik &#8211; g\u00fcven \u00f6nemlidir.<br aria-hidden=\"true\">Kaps\u00fcllerimiz ve di\u011fer t\u00fcm \u00fcr\u00fcnlerimiz sadece bir toz veya tablet olarak s\u0131k\u0131\u015ft\u0131r\u0131lm\u0131\u015f baz\u0131 gran\u00fcllerle doldurulmam\u0131\u015ft\u0131r. Hepsi y\u00fcksek konsantrasyonda organik toz ile doldurulur ve \u00e7o\u011funlukla sa\u011fl\u0131\u011f\u0131n\u0131z\u0131 ve refah\u0131n\u0131z\u0131 desteklemek i\u00e7in ba\u015fka bir takviye ile birlikte kullan\u0131l\u0131r. PharmSultation olarak, kendiniz i\u00e7in yeni yollar ararken ve ke\u015ffederken sizi desteklemek ve yan\u0131n\u0131zda olmak istiyoruz. \u00c7e\u015fitli \u00fcr\u00fcnler i\u00e7in bu %100 bitki bazl\u0131 ve vegan kaps\u00fclleri geli\u015ftiren ilk ki\u015fi olmaktan gurur duyuyoruz.<br aria-hidden=\"true\">PharmSultation&#8217;da \u00fcr\u00fcnler renklendirici veya koruyucu ve ayr\u0131ca her t\u00fcrl\u00fc lezzet artt\u0131r\u0131c\u0131 i\u00e7ermez.<br aria-hidden=\"true\">\u00d6zellikle sa\u011fl\u0131\u011f\u0131n\u0131 art\u0131rmak isteyenler i\u00e7in evde, ofiste veya hareket halindeyken m\u00fckemmeldir.<br aria-hidden=\"true\">Bizimle yeni bir deneyime kat\u0131l\u0131n.   <br aria-hidden=\"true\"><br aria-hidden=\"true\"><b>KALI\u0307TE GARANTI\u0307MI\u0307Z:<\/b><\/p><p><br aria-hidden=\"true\">Pestisit i\u00e7ermez, yapay aromalar yasaklanm\u0131\u015ft\u0131r ve aroma artt\u0131r\u0131c\u0131lar ortadan kald\u0131r\u0131lm\u0131\u015ft\u0131r.<br aria-hidden=\"true\"><br><\/p>\t\t\t\t\t\t\t\t<\/div>\n\t\t\t\t<\/div>\n\t\t\t\t\t<\/div>\n\t\t\t\t<\/div>\n\t\t<div class=\"elementor-element elementor-element-b99f855 e-flex e-con-boxed e-con e-parent\" data-id=\"b99f855\" data-element_type=\"container\" data-e-type=\"container\">\n\t\t\t\t\t<div class=\"e-con-inner\">\n\t\t\t\t\t<\/div>\n\t\t\t\t<\/div>\n\t\t\t\t<\/div>\n\t\t","protected":false},"excerpt":{"rendered":"<p>Kaps\u00fcllerimiz Bir s\u00fcper g\u0131da takviyesi sorumluluk ve geni\u015f bir bilgi birikimi gerektirir.PharmSultation olarak, pazara ve m\u00fc\u015fterilerimize se\u00e7kin \u00fcr\u00fcnler tedarik etmek i\u00e7in kan\u0131tlanm\u0131\u015f ge\u00e7mi\u015f performans\u0131m\u0131zla \u00e7ok \u00e7al\u0131\u015f\u0131yoruz.Kendi \u00fcr\u00fcnlerimiz veya de\u011ferli m\u00fc\u015fterilerimiz i\u00e7in geli\u015ftirdi\u011fimiz \u00fcr\u00fcnler ne olursa olsun, kaliteyi her \u015fekilde sunuyoruz.Bizim i\u00e7in \u00e7evre \u00e7ok \u00f6nemli ve s\u00fcrd\u00fcr\u00fclebilirlik konusunda y\u00fcksek bir seviyeye sahibiz.\u00dcr\u00fcnlerimiz ve \u00e7evre i\u00e7in en [&hellip;]<\/p>\n","protected":false},"author":2,"featured_media":0,"parent":0,"menu_order":0,"comment_status":"closed","ping_status":"closed","template":"elementor_theme","meta":{"footnotes":""},"class_list":["post-5527","page","type-page","status-publish","hentry"],"yoast_head":"<!-- This site is optimized with the Yoast SEO plugin v27.2 - https:\/\/yoast.com\/product\/yoast-seo-wordpress\/ -->\n<title>PharmSultation - \u00dcr\u00fcnlerimiz : Kaps\u00fcller<\/title>\n<meta name=\"description\" content=\"Kaps\u00fcllerimiz ve di\u011fer t\u00fcm \u00fcr\u00fcnlerimiz sadece bir toz veya tablet olarak s\u0131k\u0131\u015ft\u0131r\u0131lm\u0131\u015f baz\u0131 gran\u00fcllerle doldurulmaz ...\" \/>\n<meta name=\"robots\" content=\"index, follow, max-snippet:-1, max-image-preview:large, max-video-preview:-1\" \/>\n<link rel=\"canonical\" href=\"https:\/\/test.pharmsultation.com\/tr\/kapsullerimiz\/\" \/>\n<meta property=\"og:locale\" content=\"tr_TR\" \/>\n<meta property=\"og:type\" content=\"article\" \/>\n<meta property=\"og:title\" content=\"PharmSultation - \u00dcr\u00fcnlerimiz : Kaps\u00fcller\" \/>\n<meta property=\"og:description\" content=\"Kaps\u00fcllerimiz ve di\u011fer t\u00fcm \u00fcr\u00fcnlerimiz sadece bir toz veya tablet olarak s\u0131k\u0131\u015ft\u0131r\u0131lm\u0131\u015f baz\u0131 gran\u00fcllerle doldurulmaz ...\" \/>\n<meta property=\"og:url\" content=\"https:\/\/test.pharmsultation.com\/tr\/kapsullerimiz\/\" \/>\n<meta property=\"article:modified_time\" content=\"2025-05-11T12:30:42+00:00\" \/>\n<meta property=\"og:image\" content=\"https:\/\/test.pharmsultation.com\/wp-content\/uploads\/elementor\/thumbs\/customcolor_logo_transparent_background-1024x614-1-q647ssh1flx08fv0ggk1iapmka5wnh2ysl8s52f5kw.png\" \/>\n<meta name=\"twitter:card\" content=\"summary_large_image\" \/>\n<meta name=\"twitter:label1\" content=\"Tahmini okuma s\u00fcresi\" \/>\n\t<meta name=\"twitter:data1\" content=\"1 dakika\" \/>\n<script type=\"application\/ld+json\" class=\"yoast-schema-graph\">{\"@context\":\"https:\/\/schema.org\",\"@graph\":[{\"@type\":\"WebPage\",\"@id\":\"https:\/\/test.pharmsultation.com\/tr\/kapsullerimiz\/\",\"url\":\"https:\/\/test.pharmsultation.com\/tr\/kapsullerimiz\/\",\"name\":\"PharmSultation - \u00dcr\u00fcnlerimiz : Kaps\u00fcller\",\"isPartOf\":{\"@id\":\"https:\/\/test.pharmsultation.com\/tr\/#website\"},\"primaryImageOfPage\":{\"@id\":\"https:\/\/test.pharmsultation.com\/tr\/kapsullerimiz\/#primaryimage\"},\"image\":{\"@id\":\"https:\/\/test.pharmsultation.com\/tr\/kapsullerimiz\/#primaryimage\"},\"thumbnailUrl\":\"https:\/\/test.pharmsultation.com\/wp-content\/uploads\/elementor\/thumbs\/customcolor_logo_transparent_background-1024x614-1-q647ssh1flx08fv0ggk1iapmka5wnh2ysl8s52f5kw.png\",\"datePublished\":\"2024-02-24T14:16:32+00:00\",\"dateModified\":\"2025-05-11T12:30:42+00:00\",\"description\":\"Kaps\u00fcllerimiz ve di\u011fer t\u00fcm \u00fcr\u00fcnlerimiz sadece bir toz veya tablet olarak s\u0131k\u0131\u015ft\u0131r\u0131lm\u0131\u015f baz\u0131 gran\u00fcllerle doldurulmaz ...\",\"breadcrumb\":{\"@id\":\"https:\/\/test.pharmsultation.com\/tr\/kapsullerimiz\/#breadcrumb\"},\"inLanguage\":\"tr\",\"potentialAction\":[{\"@type\":\"ReadAction\",\"target\":[\"https:\/\/test.pharmsultation.com\/tr\/kapsullerimiz\/\"]}]},{\"@type\":\"ImageObject\",\"inLanguage\":\"tr\",\"@id\":\"https:\/\/test.pharmsultation.com\/tr\/kapsullerimiz\/#primaryimage\",\"url\":\"https:\/\/test.pharmsultation.com\/wp-content\/uploads\/elementor\/thumbs\/customcolor_logo_transparent_background-1024x614-1-q647ssh1flx08fv0ggk1iapmka5wnh2ysl8s52f5kw.png\",\"contentUrl\":\"https:\/\/test.pharmsultation.com\/wp-content\/uploads\/elementor\/thumbs\/customcolor_logo_transparent_background-1024x614-1-q647ssh1flx08fv0ggk1iapmka5wnh2ysl8s52f5kw.png\"},{\"@type\":\"BreadcrumbList\",\"@id\":\"https:\/\/test.pharmsultation.com\/tr\/kapsullerimiz\/#breadcrumb\",\"itemListElement\":[{\"@type\":\"ListItem\",\"position\":1,\"name\":\"Ev\",\"item\":\"https:\/\/test.pharmsultation.com\/tr\/pharmsultation-besin-takviyeleri-ve-danismanlik\/\"},{\"@type\":\"ListItem\",\"position\":2,\"name\":\"Kaps\u00fcllerimiz\"}]},{\"@type\":\"WebSite\",\"@id\":\"https:\/\/test.pharmsultation.com\/tr\/#website\",\"url\":\"https:\/\/test.pharmsultation.com\/tr\/\",\"name\":\"PharmSultation - Pharma & Industries Services\",\"description\":\"\",\"publisher\":{\"@id\":\"https:\/\/test.pharmsultation.com\/tr\/#organization\"},\"potentialAction\":[{\"@type\":\"SearchAction\",\"target\":{\"@type\":\"EntryPoint\",\"urlTemplate\":\"https:\/\/test.pharmsultation.com\/tr\/?s={search_term_string}\"},\"query-input\":{\"@type\":\"PropertyValueSpecification\",\"valueRequired\":true,\"valueName\":\"search_term_string\"}}],\"inLanguage\":\"tr\"},{\"@type\":\"Organization\",\"@id\":\"https:\/\/test.pharmsultation.com\/tr\/#organization\",\"name\":\"PharmSultation\",\"url\":\"https:\/\/test.pharmsultation.com\/tr\/\",\"logo\":{\"@type\":\"ImageObject\",\"inLanguage\":\"tr\",\"@id\":\"https:\/\/test.pharmsultation.com\/tr\/#\/schema\/logo\/image\/\",\"url\":\"https:\/\/www.pharmsultation.com\/wp-content\/uploads\/2023\/05\/customcolor_logo_transparent_background.png\",\"contentUrl\":\"https:\/\/www.pharmsultation.com\/wp-content\/uploads\/2023\/05\/customcolor_logo_transparent_background.png\",\"width\":3125,\"height\":1875,\"caption\":\"PharmSultation\"},\"image\":{\"@id\":\"https:\/\/test.pharmsultation.com\/tr\/#\/schema\/logo\/image\/\"}}]}<\/script>\n<!-- \/ Yoast SEO plugin. -->","yoast_head_json":{"title":"PharmSultation - \u00dcr\u00fcnlerimiz : Kaps\u00fcller","description":"Kaps\u00fcllerimiz ve di\u011fer t\u00fcm \u00fcr\u00fcnlerimiz sadece bir toz veya tablet olarak s\u0131k\u0131\u015ft\u0131r\u0131lm\u0131\u015f baz\u0131 gran\u00fcllerle doldurulmaz ...","robots":{"index":"index","follow":"follow","max-snippet":"max-snippet:-1","max-image-preview":"max-image-preview:large","max-video-preview":"max-video-preview:-1"},"canonical":"https:\/\/test.pharmsultation.com\/tr\/kapsullerimiz\/","og_locale":"tr_TR","og_type":"article","og_title":"PharmSultation - \u00dcr\u00fcnlerimiz : Kaps\u00fcller","og_description":"Kaps\u00fcllerimiz ve di\u011fer t\u00fcm \u00fcr\u00fcnlerimiz sadece bir toz veya tablet olarak s\u0131k\u0131\u015ft\u0131r\u0131lm\u0131\u015f baz\u0131 gran\u00fcllerle doldurulmaz ...","og_url":"https:\/\/test.pharmsultation.com\/tr\/kapsullerimiz\/","article_modified_time":"2025-05-11T12:30:42+00:00","og_image":[{"url":"https:\/\/test.pharmsultation.com\/wp-content\/uploads\/elementor\/thumbs\/customcolor_logo_transparent_background-1024x614-1-q647ssh1flx08fv0ggk1iapmka5wnh2ysl8s52f5kw.png","type":"","width":"","height":""}],"twitter_card":"summary_large_image","twitter_misc":{"Tahmini okuma s\u00fcresi":"1 dakika"},"schema":{"@context":"https:\/\/schema.org","@graph":[{"@type":"WebPage","@id":"https:\/\/test.pharmsultation.com\/tr\/kapsullerimiz\/","url":"https:\/\/test.pharmsultation.com\/tr\/kapsullerimiz\/","name":"PharmSultation - \u00dcr\u00fcnlerimiz : Kaps\u00fcller","isPartOf":{"@id":"https:\/\/test.pharmsultation.com\/tr\/#website"},"primaryImageOfPage":{"@id":"https:\/\/test.pharmsultation.com\/tr\/kapsullerimiz\/#primaryimage"},"image":{"@id":"https:\/\/test.pharmsultation.com\/tr\/kapsullerimiz\/#primaryimage"},"thumbnailUrl":"https:\/\/test.pharmsultation.com\/wp-content\/uploads\/elementor\/thumbs\/customcolor_logo_transparent_background-1024x614-1-q647ssh1flx08fv0ggk1iapmka5wnh2ysl8s52f5kw.png","datePublished":"2024-02-24T14:16:32+00:00","dateModified":"2025-05-11T12:30:42+00:00","description":"Kaps\u00fcllerimiz ve di\u011fer t\u00fcm \u00fcr\u00fcnlerimiz sadece bir toz veya tablet olarak s\u0131k\u0131\u015ft\u0131r\u0131lm\u0131\u015f baz\u0131 gran\u00fcllerle doldurulmaz ...","breadcrumb":{"@id":"https:\/\/test.pharmsultation.com\/tr\/kapsullerimiz\/#breadcrumb"},"inLanguage":"tr","potentialAction":[{"@type":"ReadAction","target":["https:\/\/test.pharmsultation.com\/tr\/kapsullerimiz\/"]}]},{"@type":"ImageObject","inLanguage":"tr","@id":"https:\/\/test.pharmsultation.com\/tr\/kapsullerimiz\/#primaryimage","url":"https:\/\/test.pharmsultation.com\/wp-content\/uploads\/elementor\/thumbs\/customcolor_logo_transparent_background-1024x614-1-q647ssh1flx08fv0ggk1iapmka5wnh2ysl8s52f5kw.png","contentUrl":"https:\/\/test.pharmsultation.com\/wp-content\/uploads\/elementor\/thumbs\/customcolor_logo_transparent_background-1024x614-1-q647ssh1flx08fv0ggk1iapmka5wnh2ysl8s52f5kw.png"},{"@type":"BreadcrumbList","@id":"https:\/\/test.pharmsultation.com\/tr\/kapsullerimiz\/#breadcrumb","itemListElement":[{"@type":"ListItem","position":1,"name":"Ev","item":"https:\/\/test.pharmsultation.com\/tr\/pharmsultation-besin-takviyeleri-ve-danismanlik\/"},{"@type":"ListItem","position":2,"name":"Kaps\u00fcllerimiz"}]},{"@type":"WebSite","@id":"https:\/\/test.pharmsultation.com\/tr\/#website","url":"https:\/\/test.pharmsultation.com\/tr\/","name":"PharmSultation - Pharma & Industries Services","description":"","publisher":{"@id":"https:\/\/test.pharmsultation.com\/tr\/#organization"},"potentialAction":[{"@type":"SearchAction","target":{"@type":"EntryPoint","urlTemplate":"https:\/\/test.pharmsultation.com\/tr\/?s={search_term_string}"},"query-input":{"@type":"PropertyValueSpecification","valueRequired":true,"valueName":"search_term_string"}}],"inLanguage":"tr"},{"@type":"Organization","@id":"https:\/\/test.pharmsultation.com\/tr\/#organization","name":"PharmSultation","url":"https:\/\/test.pharmsultation.com\/tr\/","logo":{"@type":"ImageObject","inLanguage":"tr","@id":"https:\/\/test.pharmsultation.com\/tr\/#\/schema\/logo\/image\/","url":"https:\/\/www.pharmsultation.com\/wp-content\/uploads\/2023\/05\/customcolor_logo_transparent_background.png","contentUrl":"https:\/\/www.pharmsultation.com\/wp-content\/uploads\/2023\/05\/customcolor_logo_transparent_background.png","width":3125,"height":1875,"caption":"PharmSultation"},"image":{"@id":"https:\/\/test.pharmsultation.com\/tr\/#\/schema\/logo\/image\/"}}]}},"_links":{"self":[{"href":"https:\/\/test.pharmsultation.com\/tr\/wp-json\/wp\/v2\/pages\/5527","targetHints":{"allow":["GET"]}}],"collection":[{"href":"https:\/\/test.pharmsultation.com\/tr\/wp-json\/wp\/v2\/pages"}],"about":[{"href":"https:\/\/test.pharmsultation.com\/tr\/wp-json\/wp\/v2\/types\/page"}],"author":[{"embeddable":true,"href":"https:\/\/test.pharmsultation.com\/tr\/wp-json\/wp\/v2\/users\/2"}],"replies":[{"embeddable":true,"href":"https:\/\/test.pharmsultation.com\/tr\/wp-json\/wp\/v2\/comments?post=5527"}],"version-history":[{"count":1,"href":"https:\/\/test.pharmsultation.com\/tr\/wp-json\/wp\/v2\/pages\/5527\/revisions"}],"predecessor-version":[{"id":5533,"href":"https:\/\/test.pharmsultation.com\/tr\/wp-json\/wp\/v2\/pages\/5527\/revisions\/5533"}],"wp:attachment":[{"href":"https:\/\/test.pharmsultation.com\/tr\/wp-json\/wp\/v2\/media?parent=5527"}],"curies":[{"name":"wp","href":"https:\/\/api.w.org\/{rel}","templated":true}]}}