{"id":5502,"date":"2024-08-12T21:50:15","date_gmt":"2024-08-12T19:50:15","guid":{"rendered":"https:\/\/test.pharmsultation.com\/cerez-politikasi\/"},"modified":"2025-05-11T14:30:37","modified_gmt":"2025-05-11T12:30:37","slug":"cerez-politikasi","status":"publish","type":"page","link":"https:\/\/test.pharmsultation.com\/tr\/cerez-politikasi\/","title":{"rendered":"\u00c7erez politikas\u0131"},"content":{"rendered":"\t\t<div data-elementor-type=\"wp-page\" data-elementor-id=\"5502\" class=\"elementor elementor-5502 elementor-773\" data-elementor-post-type=\"page\">\n\t\t\t\t<div class=\"elementor-element elementor-element-fe0a97f e-flex e-con-boxed e-con e-parent\" data-id=\"fe0a97f\" data-element_type=\"container\" data-e-type=\"container\">\n\t\t\t\t\t<div class=\"e-con-inner\">\n\t\t\t\t<div class=\"elementor-element elementor-element-1fc9822 elementor-widget elementor-widget-image\" data-id=\"1fc9822\" data-element_type=\"widget\" data-e-type=\"widget\" data-widget_type=\"image.default\">\n\t\t\t\t<div class=\"elementor-widget-container\">\n\t\t\t\t\t\t\t\t\t\t\t\t\t\t\t<img fetchpriority=\"high\" decoding=\"async\" width=\"300\" height=\"180\" src=\"https:\/\/test.pharmsultation.com\/wp-content\/uploads\/2023\/05\/customcolor_logo_transparent_background-1024x614-1-300x180.png\" class=\"attachment-medium size-medium wp-image-2493\" alt=\"\" srcset=\"https:\/\/test.pharmsultation.com\/wp-content\/uploads\/2023\/05\/customcolor_logo_transparent_background-1024x614-1-300x180.png 300w, https:\/\/test.pharmsultation.com\/wp-content\/uploads\/2023\/05\/customcolor_logo_transparent_background-1024x614-1-768x461.png 768w, https:\/\/test.pharmsultation.com\/wp-content\/uploads\/2023\/05\/customcolor_logo_transparent_background-1024x614-1.png 1024w\" sizes=\"(max-width: 300px) 100vw, 300px\" \/>\t\t\t\t\t\t\t\t\t\t\t\t\t\t\t<\/div>\n\t\t\t\t<\/div>\n\t\t\t\t\t<\/div>\n\t\t\t\t<\/div>\n\t\t<div class=\"elementor-element elementor-element-a33883c e-flex e-con-boxed e-con e-parent\" data-id=\"a33883c\" data-element_type=\"container\" data-e-type=\"container\">\n\t\t\t\t\t<div class=\"e-con-inner\">\n\t\t\t\t<div class=\"elementor-element elementor-element-c1c9841 elementor-widget elementor-widget-heading\" data-id=\"c1c9841\" data-element_type=\"widget\" data-e-type=\"widget\" data-widget_type=\"heading.default\">\n\t\t\t\t<div class=\"elementor-widget-container\">\n\t\t\t\t\t<h1 class=\"elementor-heading-title elementor-size-default\">\u00c7erez politikas\u0131<\/h1>\t\t\t\t<\/div>\n\t\t\t\t<\/div>\n\t\t\t\t\t<\/div>\n\t\t\t\t<\/div>\n\t\t<div class=\"elementor-element elementor-element-506c5db e-flex e-con-boxed e-con e-parent\" data-id=\"506c5db\" data-element_type=\"container\" data-e-type=\"container\">\n\t\t\t\t\t<div class=\"e-con-inner\">\n\t\t\t\t<div class=\"elementor-element elementor-element-99d72e9 elementor-widget elementor-widget-text-editor\" data-id=\"99d72e9\" data-element_type=\"widget\" data-e-type=\"widget\" data-widget_type=\"text-editor.default\">\n\t\t\t\t<div class=\"elementor-widget-container\">\n\t\t\t\t\t\t\t\t\t<h1><span style=\"color: var( --e-global-color-primary ); text-align: var(--text-align); font-size: 1rem;\"><i><b>Son g\u00fcncelleme: 12 A\u011fustos 2024<\/b><\/i><\/span><\/h1><p> <\/p><p>Bu \u00c7erez Politikas\u0131, \u00c7erezlerin ne oldu\u011funu ve bunlar\u0131 nas\u0131l kulland\u0131\u011f\u0131m\u0131z\u0131 a\u00e7\u0131klamaktad\u0131r. Ne t\u00fcr \u00e7erezler kulland\u0131\u011f\u0131m\u0131z\u0131 veya \u00c7erezleri kullanarak toplad\u0131\u011f\u0131m\u0131z bilgileri ve bu bilgilerin nas\u0131l kullan\u0131ld\u0131\u011f\u0131n\u0131 anlayabilmeniz i\u00e7in bu politikay\u0131 okumal\u0131s\u0131n\u0131z. Bu \u00c7erez Politikas\u0131, \u00dccretsiz \u00c7erez Politikas\u0131 Olu\u015fturucu yard\u0131m\u0131yla olu\u015fturulmu\u015ftur.  <\/p><p><span style=\"color: var( --e-global-color-primary ); text-align: var(--text-align); font-size: 1rem;\">\u00c7erezler genellikle bir kullan\u0131c\u0131y\u0131 ki\u015fisel olarak tan\u0131mlayan herhangi bir bilgi i\u00e7ermez, ancak Sizin hakk\u0131n\u0131zda saklad\u0131\u011f\u0131m\u0131z ki\u015fisel bilgiler \u00c7erezlerde saklanan ve \u00c7erezlerden elde edilen bilgilerle ba\u011flant\u0131l\u0131 olabilir. Ki\u015fisel verilerinizi nas\u0131l kulland\u0131\u011f\u0131m\u0131z, saklad\u0131\u011f\u0131m\u0131z ve g\u00fcvende tuttu\u011fumuz hakk\u0131nda daha fazla bilgi i\u00e7in Gizlilik Politikam\u0131za bak\u0131n. <\/span><\/p><p><span style=\"color: var( --e-global-color-primary ); text-align: var(--text-align); font-size: 1rem;\">Kulland\u0131\u011f\u0131m\u0131z \u00c7erezlerde posta adresleri, hesap \u015fifreleri vb. gibi hassas ki\u015fisel bilgileri saklam\u0131yoruz.<\/span><\/p><h1><span style=\"color: inherit; font-family: inherit; font-size: 2rem; text-align: var(--text-align);\">Yorum ve Tan\u0131mlar<\/span><\/h1><h1><span style=\"color: inherit; font-family: inherit; font-size: 2rem; text-align: var(--text-align);\">Yorumlama<\/span><\/h1><p>Ba\u015f harfi b\u00fcy\u00fck olan kelimeler a\u015fa\u011f\u0131daki ko\u015fullar alt\u0131nda tan\u0131mlanan anlamlara sahiptir. A\u015fa\u011f\u0131daki tan\u0131mlar, tekil veya \u00e7o\u011ful olarak g\u00f6r\u00fcnmelerine bak\u0131lmaks\u0131z\u0131n ayn\u0131 anlama gelecektir. <\/p><p> <\/p><h3>Tan\u0131mlar<\/h3><p>Bu \u00c7erez Politikas\u0131n\u0131n ama\u00e7lar\u0131 do\u011frultusunda:<\/p><p> <\/p><ul><li><b>\u015eirket <\/b>(bu \u00c7erez Politikas\u0131nda &#8220;\u015eirket&#8221;, &#8220;Biz&#8221;, &#8220;Bize&#8221; veya &#8220;Bizim&#8221; olarak an\u0131lacakt\u0131r) <b>PharmSultation UG<\/b>, Gundhofstra\u00dfe 23, 69528 Frankfurt am Main&#8217;i ifade eder.<\/li><li><b>\u00c7erezler <\/b>, bir web sitesi taraf\u0131ndan bilgisayar\u0131n\u0131za, mobil cihaz\u0131n\u0131za veya ba\u015fka bir cihaza yerle\u015ftirilen ve bir\u00e7ok kullan\u0131m\u0131n\u0131n yan\u0131 s\u0131ra s\u00f6z konusu web sitesindeki tarama ge\u00e7mi\u015finizin ayr\u0131nt\u0131lar\u0131n\u0131 i\u00e7eren k\u00fc\u00e7\u00fck dosyalar anlam\u0131na gelir.<\/li><li><b>Web sitesi <\/b>, https:\/\/www.pharmsultation.com adresinden eri\u015filebilen <b>Pharmsultation<\/b>&#8216;a at\u0131fta bulunmaktad\u0131r.<\/li><li><b>Siz <\/b>, Web Sitesine eri\u015fen veya Web Sitesini kullanan ki\u015fi veya bir \u015firket ya da s\u00f6z konusu ki\u015finin ad\u0131na Web Sitesine eri\u015fti\u011fi veya Web Sitesini kulland\u0131\u011f\u0131 herhangi bir t\u00fczel ki\u015filik anlam\u0131na gelir.<\/li><\/ul><h3>\u00c7erezlerin kullan\u0131m\u0131<\/h3><h4>Kulland\u0131\u011f\u0131m\u0131z \u00c7erez T\u00fcrleri<\/h4><p>\u00c7erezler &#8220;Kal\u0131c\u0131&#8221; veya &#8220;Oturum&#8221; \u00c7erezleri olabilir. Kal\u0131c\u0131 \u00c7erezler, \u00e7evrimd\u0131\u015f\u0131 oldu\u011funuzda ki\u015fisel bilgisayar\u0131n\u0131zda veya mobil cihaz\u0131n\u0131zda kal\u0131rken, Oturum \u00c7erezleri web taray\u0131c\u0131n\u0131z\u0131 kapatt\u0131\u011f\u0131n\u0131z anda silinir. <\/p><p><span style=\"color: var( --e-global-color-primary ); text-align: var(--text-align); font-size: 1rem;\">A\u015fa\u011f\u0131da belirtilen ama\u00e7lar do\u011frultusunda hem oturum hem de kal\u0131c\u0131 \u00c7erezler kullanmaktay\u0131z:<\/span><\/p><ul><li><span style=\"color: var( --e-global-color-primary ); text-align: var(--text-align); font-size: 1rem;\">Gerekli \/ Temel \u00c7erezler<\/span><\/li><\/ul><p><span style=\"color: var( --e-global-color-primary ); text-align: var(--text-align); font-size: 1rem;\">T\u00fcr Oturum \u00c7erezleri<\/span><\/p><p><span style=\"color: var( --e-global-color-primary ); text-align: var(--text-align); font-size: 1rem;\">Taraf\u0131ndan y\u00f6netilir: Biz<\/span><\/p><p><span style=\"color: var( --e-global-color-primary ); text-align: var(--text-align); font-size: 1rem;\">Ama\u00e7: Bu \u00c7erezler, Size Web Sitesi arac\u0131l\u0131\u011f\u0131yla sunulan hizmetleri sa\u011flamak ve baz\u0131 \u00f6zelliklerini kullanman\u0131z\u0131 sa\u011flamak i\u00e7in gereklidir. Kullan\u0131c\u0131lar\u0131n kimliklerini do\u011frulamaya ve kullan\u0131c\u0131 hesaplar\u0131n\u0131n hileli kullan\u0131m\u0131n\u0131 \u00f6nlemeye yard\u0131mc\u0131 olurlar. Bu \u00c7erezler olmadan, talep etti\u011finiz hizmetler sa\u011flanamaz ve bu \u00c7erezleri yaln\u0131zca Size bu hizmetleri sa\u011flamak i\u00e7in kullan\u0131r\u0131z.  <\/span><\/p><ul><li><span style=\"color: var( --e-global-color-primary ); text-align: var(--text-align); font-size: 1rem;\">\u0130\u015flevsellik \u00c7erezleri<\/span><\/li><\/ul><p><span style=\"color: var( --e-global-color-primary ); text-align: var(--text-align); font-size: 1rem;\">T\u00fcr Kal\u0131c\u0131 \u00c7erezler<\/span><\/p><p><span style=\"color: var( --e-global-color-primary ); text-align: var(--text-align); font-size: 1rem;\">Taraf\u0131ndan y\u00f6netilir: Biz<\/span><\/p><p><span style=\"color: var( --e-global-color-primary ); text-align: var(--text-align); font-size: 1rem;\">Ama\u00e7: Bu \u00c7erezler, Web Sitesini kullan\u0131rken yapt\u0131\u011f\u0131n\u0131z giri\u015f bilgilerinizi veya dil tercihinizi hat\u0131rlamak gibi se\u00e7imleri hat\u0131rlamam\u0131z\u0131 sa\u011flar. Bu \u00c7erezlerin amac\u0131, Size daha ki\u015fisel bir deneyim sunmak ve Web Sitesini her kulland\u0131\u011f\u0131n\u0131zda tercihlerinizi yeniden girmek zorunda kalman\u0131z\u0131 \u00f6nlemektir. <\/span><\/p><p><span style=\"color: var( --e-global-color-primary ); text-align: var(--text-align); font-size: 1rem;\">\u00c7erezlere \u0130li\u015fkin Tercihleriniz<\/span><\/p><p>Web Sitesinde \u00c7erez kullan\u0131m\u0131ndan ka\u00e7\u0131nmay\u0131 tercih ederseniz, \u00f6nce taray\u0131c\u0131n\u0131zda \u00c7erez kullan\u0131m\u0131n\u0131 devre d\u0131\u015f\u0131 b\u0131rakman\u0131z ve ard\u0131ndan taray\u0131c\u0131n\u0131zda bu web sitesi ile ili\u015fkili olarak kaydedilen \u00c7erezleri silmeniz gerekir. \u00c7erez kullan\u0131m\u0131n\u0131 engellemek i\u00e7in bu se\u00e7ene\u011fi diledi\u011finiz zaman kullanabilirsiniz. <\/p><p> <\/p><p>\u00c7erezlerimizi kabul etmezseniz, Web Sitesini kullan\u0131m\u0131n\u0131zda baz\u0131 rahats\u0131zl\u0131klar ya\u015fayabilirsiniz ve baz\u0131 \u00f6zellikler d\u00fczg\u00fcn \u00e7al\u0131\u015fmayabilir.<\/p><p><span style=\"color: var( --e-global-color-primary ); text-align: var(--text-align); font-size: 1rem;\">\u00c7erezleri silmek veya web taray\u0131c\u0131n\u0131za \u00c7erezleri silmesi veya reddetmesi i\u00e7in talimat vermek isterseniz, l\u00fctfen web taray\u0131c\u0131n\u0131z\u0131n yard\u0131m sayfalar\u0131n\u0131 ziyaret edin.<\/span><\/p><ul><li><span style=\"color: var( --e-global-color-primary ); text-align: var(--text-align); font-size: 1rem;\">Chrome web taray\u0131c\u0131s\u0131 i\u00e7in l\u00fctfen Google&#8217;\u0131n bu sayfas\u0131n\u0131 ziyaret edin: https:\/\/support.google.com\/accounts\/answer\/32050<\/span><\/li><li><span style=\"color: var( --e-global-color-primary ); text-align: var(--text-align); font-size: 1rem;\">Internet Explorer web taray\u0131c\u0131s\u0131 i\u00e7in l\u00fctfen Microsoft&#8217;un bu sayfas\u0131n\u0131 ziyaret edin: http:\/\/support.microsoft.com\/kb\/278835<\/span><\/li><li><span style=\"color: var( --e-global-color-primary ); text-align: var(--text-align); font-size: 1rem;\">Firefox web taray\u0131c\u0131s\u0131 i\u00e7in l\u00fctfen Mozilla&#8217;n\u0131n bu sayfas\u0131n\u0131 ziyaret edin: https:\/\/support.mozilla.org\/en-US\/kb\/delete-cookies-remove-info-websites-stored<\/span><\/li><li><span style=\"color: var( --e-global-color-primary ); text-align: var(--text-align); font-size: 1rem;\">Safari web taray\u0131c\u0131s\u0131 i\u00e7in l\u00fctfen Apple&#8217;\u0131n \u015fu sayfas\u0131n\u0131 ziyaret edin: https:\/\/support.apple.com\/guide\/safari\/manage-cookies-and-website-data-sfri11471\/mac<\/span><\/li><li><span style=\"color: var( --e-global-color-primary ); text-align: var(--text-align); font-size: 1rem;\">Di\u011fer web taray\u0131c\u0131lar\u0131 i\u00e7in l\u00fctfen web taray\u0131c\u0131n\u0131z\u0131n resmi web sayfalar\u0131n\u0131 ziyaret edin.<\/span><\/li><\/ul><h1><span style=\"color: var( --e-global-color-primary ); text-align: var(--text-align); font-size: 1rem;\">\u00c7erezler Hakk\u0131nda Daha Fazla Bilgi<\/span><\/h1><p>\u00c7erezler hakk\u0131nda daha fazla bilgi edinebilirsiniz: \u00c7erezler: Ne \u0130\u015fe Yararlar?<\/p><h2><span style=\"color: var( --e-global-color-primary ); text-align: var(--text-align); font-size: 1rem;\">Bize Ula\u015f\u0131n<\/span><\/h2><p>Bu \u00c7erez Politikas\u0131 hakk\u0131nda herhangi bir sorunuz varsa, bizimle ileti\u015fime ge\u00e7ebilirsiniz:<\/p><ul><li><span style=\"color: var( --e-global-color-primary ); text-align: var(--text-align); font-size: 1rem;\">Web sitemizdeki bu sayfay\u0131 ziyaret ederek: https:\/\/www.pharmsultation.com\/contact-us\/<\/span><\/li><\/ul>\t\t\t\t\t\t\t\t<\/div>\n\t\t\t\t<\/div>\n\t\t\t\t\t<\/div>\n\t\t\t\t<\/div>\n\t\t<div class=\"elementor-element elementor-element-4064b4b e-flex e-con-boxed e-con e-parent\" data-id=\"4064b4b\" data-element_type=\"container\" data-e-type=\"container\">\n\t\t\t\t\t<div class=\"e-con-inner\">\n\t\t\t\t\t<\/div>\n\t\t\t\t<\/div>\n\t\t\t\t<\/div>\n\t\t","protected":false},"excerpt":{"rendered":"<p>\u00c7erez politikas\u0131 Son g\u00fcncelleme: 12 A\u011fustos 2024 Bu \u00c7erez Politikas\u0131, \u00c7erezlerin ne oldu\u011funu ve bunlar\u0131 nas\u0131l kulland\u0131\u011f\u0131m\u0131z\u0131 a\u00e7\u0131klamaktad\u0131r. Ne t\u00fcr \u00e7erezler kulland\u0131\u011f\u0131m\u0131z\u0131 veya \u00c7erezleri kullanarak toplad\u0131\u011f\u0131m\u0131z bilgileri ve bu bilgilerin nas\u0131l kullan\u0131ld\u0131\u011f\u0131n\u0131 anlayabilmeniz i\u00e7in bu politikay\u0131 okumal\u0131s\u0131n\u0131z. Bu \u00c7erez Politikas\u0131, \u00dccretsiz \u00c7erez Politikas\u0131 Olu\u015fturucu yard\u0131m\u0131yla olu\u015fturulmu\u015ftur. \u00c7erezler genellikle bir kullan\u0131c\u0131y\u0131 ki\u015fisel olarak tan\u0131mlayan herhangi bir [&hellip;]<\/p>\n","protected":false},"author":2,"featured_media":0,"parent":0,"menu_order":0,"comment_status":"closed","ping_status":"closed","template":"","meta":{"footnotes":""},"class_list":["post-5502","page","type-page","status-publish","hentry"],"yoast_head":"<!-- This site is optimized with the Yoast SEO plugin v27.2 - https:\/\/yoast.com\/product\/yoast-seo-wordpress\/ -->\n<title>\u00c7erez politikas\u0131 -<\/title>\n<meta name=\"robots\" content=\"index, follow, max-snippet:-1, max-image-preview:large, max-video-preview:-1\" \/>\n<link rel=\"canonical\" href=\"https:\/\/test.pharmsultation.com\/tr\/cerez-politikasi\/\" \/>\n<meta property=\"og:locale\" content=\"tr_TR\" \/>\n<meta property=\"og:type\" content=\"article\" \/>\n<meta property=\"og:title\" content=\"\u00c7erez politikas\u0131 -\" \/>\n<meta property=\"og:description\" content=\"\u00c7erez politikas\u0131 Son g\u00fcncelleme: 12 A\u011fustos 2024 Bu \u00c7erez Politikas\u0131, \u00c7erezlerin ne oldu\u011funu ve bunlar\u0131 nas\u0131l kulland\u0131\u011f\u0131m\u0131z\u0131 a\u00e7\u0131klamaktad\u0131r. Ne t\u00fcr \u00e7erezler kulland\u0131\u011f\u0131m\u0131z\u0131 veya \u00c7erezleri kullanarak toplad\u0131\u011f\u0131m\u0131z bilgileri ve bu bilgilerin nas\u0131l kullan\u0131ld\u0131\u011f\u0131n\u0131 anlayabilmeniz i\u00e7in bu politikay\u0131 okumal\u0131s\u0131n\u0131z. Bu \u00c7erez Politikas\u0131, \u00dccretsiz \u00c7erez Politikas\u0131 Olu\u015fturucu yard\u0131m\u0131yla olu\u015fturulmu\u015ftur. \u00c7erezler genellikle bir kullan\u0131c\u0131y\u0131 ki\u015fisel olarak tan\u0131mlayan herhangi bir [&hellip;]\" \/>\n<meta property=\"og:url\" content=\"https:\/\/test.pharmsultation.com\/tr\/cerez-politikasi\/\" \/>\n<meta property=\"article:modified_time\" content=\"2025-05-11T12:30:37+00:00\" \/>\n<meta property=\"og:image\" content=\"https:\/\/test.pharmsultation.com\/wp-content\/uploads\/2023\/05\/customcolor_logo_transparent_background-1024x614-1.png\" \/>\n\t<meta property=\"og:image:width\" content=\"1024\" \/>\n\t<meta property=\"og:image:height\" content=\"614\" \/>\n\t<meta property=\"og:image:type\" content=\"image\/png\" \/>\n<meta name=\"twitter:card\" content=\"summary_large_image\" \/>\n<meta name=\"twitter:label1\" content=\"Tahmini okuma s\u00fcresi\" \/>\n\t<meta name=\"twitter:data1\" content=\"4 dakika\" \/>\n<script type=\"application\/ld+json\" class=\"yoast-schema-graph\">{\"@context\":\"https:\/\/schema.org\",\"@graph\":[{\"@type\":\"WebPage\",\"@id\":\"https:\/\/test.pharmsultation.com\/tr\/cerez-politikasi\/\",\"url\":\"https:\/\/test.pharmsultation.com\/tr\/cerez-politikasi\/\",\"name\":\"\u00c7erez politikas\u0131 -\",\"isPartOf\":{\"@id\":\"https:\/\/test.pharmsultation.com\/tr\/#website\"},\"primaryImageOfPage\":{\"@id\":\"https:\/\/test.pharmsultation.com\/tr\/cerez-politikasi\/#primaryimage\"},\"image\":{\"@id\":\"https:\/\/test.pharmsultation.com\/tr\/cerez-politikasi\/#primaryimage\"},\"thumbnailUrl\":\"https:\/\/test.pharmsultation.com\/wp-content\/uploads\/2023\/05\/customcolor_logo_transparent_background-1024x614-1-300x180.png\",\"datePublished\":\"2024-08-12T19:50:15+00:00\",\"dateModified\":\"2025-05-11T12:30:37+00:00\",\"breadcrumb\":{\"@id\":\"https:\/\/test.pharmsultation.com\/tr\/cerez-politikasi\/#breadcrumb\"},\"inLanguage\":\"tr\",\"potentialAction\":[{\"@type\":\"ReadAction\",\"target\":[\"https:\/\/test.pharmsultation.com\/tr\/cerez-politikasi\/\"]}]},{\"@type\":\"ImageObject\",\"inLanguage\":\"tr\",\"@id\":\"https:\/\/test.pharmsultation.com\/tr\/cerez-politikasi\/#primaryimage\",\"url\":\"https:\/\/test.pharmsultation.com\/wp-content\/uploads\/2023\/05\/customcolor_logo_transparent_background-1024x614-1-300x180.png\",\"contentUrl\":\"https:\/\/test.pharmsultation.com\/wp-content\/uploads\/2023\/05\/customcolor_logo_transparent_background-1024x614-1-300x180.png\"},{\"@type\":\"BreadcrumbList\",\"@id\":\"https:\/\/test.pharmsultation.com\/tr\/cerez-politikasi\/#breadcrumb\",\"itemListElement\":[{\"@type\":\"ListItem\",\"position\":1,\"name\":\"Ev\",\"item\":\"https:\/\/test.pharmsultation.com\/tr\/pharmsultation-besin-takviyeleri-ve-danismanlik\/\"},{\"@type\":\"ListItem\",\"position\":2,\"name\":\"\u00c7erez politikas\u0131\"}]},{\"@type\":\"WebSite\",\"@id\":\"https:\/\/test.pharmsultation.com\/tr\/#website\",\"url\":\"https:\/\/test.pharmsultation.com\/tr\/\",\"name\":\"PharmSultation - Pharma & Industries Services\",\"description\":\"\",\"publisher\":{\"@id\":\"https:\/\/test.pharmsultation.com\/tr\/#organization\"},\"potentialAction\":[{\"@type\":\"SearchAction\",\"target\":{\"@type\":\"EntryPoint\",\"urlTemplate\":\"https:\/\/test.pharmsultation.com\/tr\/?s={search_term_string}\"},\"query-input\":{\"@type\":\"PropertyValueSpecification\",\"valueRequired\":true,\"valueName\":\"search_term_string\"}}],\"inLanguage\":\"tr\"},{\"@type\":\"Organization\",\"@id\":\"https:\/\/test.pharmsultation.com\/tr\/#organization\",\"name\":\"PharmSultation\",\"url\":\"https:\/\/test.pharmsultation.com\/tr\/\",\"logo\":{\"@type\":\"ImageObject\",\"inLanguage\":\"tr\",\"@id\":\"https:\/\/test.pharmsultation.com\/tr\/#\/schema\/logo\/image\/\",\"url\":\"https:\/\/www.pharmsultation.com\/wp-content\/uploads\/2023\/05\/customcolor_logo_transparent_background.png\",\"contentUrl\":\"https:\/\/www.pharmsultation.com\/wp-content\/uploads\/2023\/05\/customcolor_logo_transparent_background.png\",\"width\":3125,\"height\":1875,\"caption\":\"PharmSultation\"},\"image\":{\"@id\":\"https:\/\/test.pharmsultation.com\/tr\/#\/schema\/logo\/image\/\"}}]}<\/script>\n<!-- \/ Yoast SEO plugin. -->","yoast_head_json":{"title":"\u00c7erez politikas\u0131 -","robots":{"index":"index","follow":"follow","max-snippet":"max-snippet:-1","max-image-preview":"max-image-preview:large","max-video-preview":"max-video-preview:-1"},"canonical":"https:\/\/test.pharmsultation.com\/tr\/cerez-politikasi\/","og_locale":"tr_TR","og_type":"article","og_title":"\u00c7erez politikas\u0131 -","og_description":"\u00c7erez politikas\u0131 Son g\u00fcncelleme: 12 A\u011fustos 2024 Bu \u00c7erez Politikas\u0131, \u00c7erezlerin ne oldu\u011funu ve bunlar\u0131 nas\u0131l kulland\u0131\u011f\u0131m\u0131z\u0131 a\u00e7\u0131klamaktad\u0131r. Ne t\u00fcr \u00e7erezler kulland\u0131\u011f\u0131m\u0131z\u0131 veya \u00c7erezleri kullanarak toplad\u0131\u011f\u0131m\u0131z bilgileri ve bu bilgilerin nas\u0131l kullan\u0131ld\u0131\u011f\u0131n\u0131 anlayabilmeniz i\u00e7in bu politikay\u0131 okumal\u0131s\u0131n\u0131z. Bu \u00c7erez Politikas\u0131, \u00dccretsiz \u00c7erez Politikas\u0131 Olu\u015fturucu yard\u0131m\u0131yla olu\u015fturulmu\u015ftur. \u00c7erezler genellikle bir kullan\u0131c\u0131y\u0131 ki\u015fisel olarak tan\u0131mlayan herhangi bir [&hellip;]","og_url":"https:\/\/test.pharmsultation.com\/tr\/cerez-politikasi\/","article_modified_time":"2025-05-11T12:30:37+00:00","og_image":[{"width":1024,"height":614,"url":"https:\/\/test.pharmsultation.com\/wp-content\/uploads\/2023\/05\/customcolor_logo_transparent_background-1024x614-1.png","type":"image\/png"}],"twitter_card":"summary_large_image","twitter_misc":{"Tahmini okuma s\u00fcresi":"4 dakika"},"schema":{"@context":"https:\/\/schema.org","@graph":[{"@type":"WebPage","@id":"https:\/\/test.pharmsultation.com\/tr\/cerez-politikasi\/","url":"https:\/\/test.pharmsultation.com\/tr\/cerez-politikasi\/","name":"\u00c7erez politikas\u0131 -","isPartOf":{"@id":"https:\/\/test.pharmsultation.com\/tr\/#website"},"primaryImageOfPage":{"@id":"https:\/\/test.pharmsultation.com\/tr\/cerez-politikasi\/#primaryimage"},"image":{"@id":"https:\/\/test.pharmsultation.com\/tr\/cerez-politikasi\/#primaryimage"},"thumbnailUrl":"https:\/\/test.pharmsultation.com\/wp-content\/uploads\/2023\/05\/customcolor_logo_transparent_background-1024x614-1-300x180.png","datePublished":"2024-08-12T19:50:15+00:00","dateModified":"2025-05-11T12:30:37+00:00","breadcrumb":{"@id":"https:\/\/test.pharmsultation.com\/tr\/cerez-politikasi\/#breadcrumb"},"inLanguage":"tr","potentialAction":[{"@type":"ReadAction","target":["https:\/\/test.pharmsultation.com\/tr\/cerez-politikasi\/"]}]},{"@type":"ImageObject","inLanguage":"tr","@id":"https:\/\/test.pharmsultation.com\/tr\/cerez-politikasi\/#primaryimage","url":"https:\/\/test.pharmsultation.com\/wp-content\/uploads\/2023\/05\/customcolor_logo_transparent_background-1024x614-1-300x180.png","contentUrl":"https:\/\/test.pharmsultation.com\/wp-content\/uploads\/2023\/05\/customcolor_logo_transparent_background-1024x614-1-300x180.png"},{"@type":"BreadcrumbList","@id":"https:\/\/test.pharmsultation.com\/tr\/cerez-politikasi\/#breadcrumb","itemListElement":[{"@type":"ListItem","position":1,"name":"Ev","item":"https:\/\/test.pharmsultation.com\/tr\/pharmsultation-besin-takviyeleri-ve-danismanlik\/"},{"@type":"ListItem","position":2,"name":"\u00c7erez politikas\u0131"}]},{"@type":"WebSite","@id":"https:\/\/test.pharmsultation.com\/tr\/#website","url":"https:\/\/test.pharmsultation.com\/tr\/","name":"PharmSultation - Pharma & Industries Services","description":"","publisher":{"@id":"https:\/\/test.pharmsultation.com\/tr\/#organization"},"potentialAction":[{"@type":"SearchAction","target":{"@type":"EntryPoint","urlTemplate":"https:\/\/test.pharmsultation.com\/tr\/?s={search_term_string}"},"query-input":{"@type":"PropertyValueSpecification","valueRequired":true,"valueName":"search_term_string"}}],"inLanguage":"tr"},{"@type":"Organization","@id":"https:\/\/test.pharmsultation.com\/tr\/#organization","name":"PharmSultation","url":"https:\/\/test.pharmsultation.com\/tr\/","logo":{"@type":"ImageObject","inLanguage":"tr","@id":"https:\/\/test.pharmsultation.com\/tr\/#\/schema\/logo\/image\/","url":"https:\/\/www.pharmsultation.com\/wp-content\/uploads\/2023\/05\/customcolor_logo_transparent_background.png","contentUrl":"https:\/\/www.pharmsultation.com\/wp-content\/uploads\/2023\/05\/customcolor_logo_transparent_background.png","width":3125,"height":1875,"caption":"PharmSultation"},"image":{"@id":"https:\/\/test.pharmsultation.com\/tr\/#\/schema\/logo\/image\/"}}]}},"_links":{"self":[{"href":"https:\/\/test.pharmsultation.com\/tr\/wp-json\/wp\/v2\/pages\/5502","targetHints":{"allow":["GET"]}}],"collection":[{"href":"https:\/\/test.pharmsultation.com\/tr\/wp-json\/wp\/v2\/pages"}],"about":[{"href":"https:\/\/test.pharmsultation.com\/tr\/wp-json\/wp\/v2\/types\/page"}],"author":[{"embeddable":true,"href":"https:\/\/test.pharmsultation.com\/tr\/wp-json\/wp\/v2\/users\/2"}],"replies":[{"embeddable":true,"href":"https:\/\/test.pharmsultation.com\/tr\/wp-json\/wp\/v2\/comments?post=5502"}],"version-history":[{"count":1,"href":"https:\/\/test.pharmsultation.com\/tr\/wp-json\/wp\/v2\/pages\/5502\/revisions"}],"predecessor-version":[{"id":5511,"href":"https:\/\/test.pharmsultation.com\/tr\/wp-json\/wp\/v2\/pages\/5502\/revisions\/5511"}],"wp:attachment":[{"href":"https:\/\/test.pharmsultation.com\/tr\/wp-json\/wp\/v2\/media?parent=5502"}],"curies":[{"name":"wp","href":"https:\/\/api.w.org\/{rel}","templated":true}]}}