{"id":5494,"date":"2024-06-23T20:52:39","date_gmt":"2024-06-23T18:52:39","guid":{"rendered":"https:\/\/test.pharmsultation.com\/doganin-gucu\/"},"modified":"2025-05-11T14:30:27","modified_gmt":"2025-05-11T12:30:27","slug":"doganin-gucu","status":"publish","type":"page","link":"https:\/\/test.pharmsultation.com\/tr\/doganin-gucu\/","title":{"rendered":"Do\u011fan\u0131n G\u00fcc\u00fc"},"content":{"rendered":"\t\t<div data-elementor-type=\"wp-page\" data-elementor-id=\"5494\" class=\"elementor elementor-5494 elementor-620\" data-elementor-post-type=\"page\">\n\t\t\t\t<div class=\"elementor-element elementor-element-eeb31e0 e-flex e-con-boxed e-con e-parent\" data-id=\"eeb31e0\" data-element_type=\"container\" data-e-type=\"container\">\n\t\t\t\t\t<div class=\"e-con-inner\">\n\t\t\t\t<div class=\"elementor-element elementor-element-13ea013 elementor-widget elementor-widget-image\" data-id=\"13ea013\" data-element_type=\"widget\" data-e-type=\"widget\" data-widget_type=\"image.default\">\n\t\t\t\t<div class=\"elementor-widget-container\">\n\t\t\t\t\t\t\t\t\t\t\t\t\t\t\t\t<a href=\"https:\/\/www.pharmsultation.com\/\">\n\t\t\t\t\t\t\t<img fetchpriority=\"high\" decoding=\"async\" width=\"300\" height=\"180\" src=\"https:\/\/test.pharmsultation.com\/wp-content\/uploads\/2023\/05\/customcolor_logo_transparent_background-300x180.png\" class=\"attachment-medium size-medium wp-image-2487\" alt=\"\" srcset=\"https:\/\/test.pharmsultation.com\/wp-content\/uploads\/2023\/05\/customcolor_logo_transparent_background-300x180.png 300w, https:\/\/test.pharmsultation.com\/wp-content\/uploads\/2023\/05\/customcolor_logo_transparent_background-1024x614.png 1024w, https:\/\/test.pharmsultation.com\/wp-content\/uploads\/2023\/05\/customcolor_logo_transparent_background-768x461.png 768w, https:\/\/test.pharmsultation.com\/wp-content\/uploads\/2023\/05\/customcolor_logo_transparent_background-1536x922.png 1536w, https:\/\/test.pharmsultation.com\/wp-content\/uploads\/2023\/05\/customcolor_logo_transparent_background-2048x1229.png 2048w\" sizes=\"(max-width: 300px) 100vw, 300px\" \/>\t\t\t\t\t\t\t\t<\/a>\n\t\t\t\t\t\t\t\t\t\t\t\t\t\t\t<\/div>\n\t\t\t\t<\/div>\n\t\t\t\t\t<\/div>\n\t\t\t\t<\/div>\n\t\t<div class=\"elementor-element elementor-element-ebefaf7 e-flex e-con-boxed e-con e-parent\" data-id=\"ebefaf7\" data-element_type=\"container\" data-e-type=\"container\">\n\t\t\t\t\t<div class=\"e-con-inner\">\n\t\t\t\t<div class=\"elementor-element elementor-element-afb9102 elementor-widget elementor-widget-heading\" data-id=\"afb9102\" data-element_type=\"widget\" data-e-type=\"widget\" data-widget_type=\"heading.default\">\n\t\t\t\t<div class=\"elementor-widget-container\">\n\t\t\t\t\t<h2 class=\"elementor-heading-title elementor-size-default\">Do\u011fan\u0131n G\u00fcc\u00fc<\/h2>\t\t\t\t<\/div>\n\t\t\t\t<\/div>\n\t\t\t\t\t<\/div>\n\t\t\t\t<\/div>\n\t\t<div class=\"elementor-element elementor-element-57ffb9c e-flex e-con-boxed e-con e-parent\" data-id=\"57ffb9c\" data-element_type=\"container\" data-e-type=\"container\">\n\t\t\t\t\t<div class=\"e-con-inner\">\n\t\t<div class=\"elementor-element elementor-element-ab23ce4 e-con-full e-flex e-con e-child\" data-id=\"ab23ce4\" data-element_type=\"container\" data-e-type=\"container\">\n\t\t\t\t<\/div>\n\t\t<div class=\"elementor-element elementor-element-20c845b e-con-full e-flex e-con e-child\" data-id=\"20c845b\" data-element_type=\"container\" data-e-type=\"container\">\n\t\t\t\t<div class=\"elementor-element elementor-element-54d7f28 elementor-widget elementor-widget-text-editor\" data-id=\"54d7f28\" data-element_type=\"widget\" data-e-type=\"widget\" data-widget_type=\"text-editor.default\">\n\t\t\t\t<div class=\"elementor-widget-container\">\n\t\t\t\t\t\t\t\t\t<p>taraf\u0131ndan Haci H.Polat<\/p><p>Sa\u011fl\u0131\u011f\u0131 ve refah\u0131 destekleyen geni\u015f d\u00fcnyada, fiziksel ve zihinsel g\u00fcc\u00fcn art\u0131r\u0131lmas\u0131 ve geli\u015ftirilmesi s\u00f6z konusu oldu\u011funda beslenme g\u00fcn\u00fcm\u00fczde \u00f6nemli bir rol oynamaktad\u0131r.<br>Bu durum eski zamanlarda, t\u0131bbi imkanlar\u0131n daha az oldu\u011fu b\u00f6lgelerde ve bilgi birikiminin nesilden nesile aktar\u0131ld\u0131\u011f\u0131 k\u00f6ylerde bilinmekteydi.<\/p><p>Besinlerin yeni anlam\u0131n\u0131 ve G\u00fcc\u00fcn\u00fc biraz daha derinlemesine inceleyelim ve ara\u015ft\u0131ral\u0131m.<\/p><p><b>DO\u011eAL VE S\u00dcRD\u00dcR\u00dcLEBILIR<\/b><\/p><p>En y\u00fcksek konsantrasyonlu takviyelerin anahtar\u0131, do\u011fal \u00e7evreyi manip\u00fcle etmeden besinlerin tedarik edilmesidir. Bu nedenle insan eliyle b\u00fcy\u00fcmeye zorlama ve daha b\u00fcy\u00fck hasat ama\u00e7 de\u011fildir. <br>Ekolojik Ayak \u0130zini korumak en y\u00fcksek \u00f6nceli\u011fe sahiptir.<br>T\u00fcketiciler sa\u011fl\u0131klar\u0131n\u0131 korumak ve geli\u015ftirmek i\u00e7in en iyi ve etkilenmemi\u015f kayna\u011fa ihtiya\u00e7 duymaktad\u0131r. <\/p><p>\u0130ddia edilen faydalar\u0131 garanti alt\u0131na almak i\u00e7in Sekt\u00f6r y\u00fcksek d\u00fczeyde d\u00fczenlenmekte ve t\u00fcketici g\u00fcvenli\u011fini sa\u011flamak i\u00e7in kalite standartlar\u0131n\u0131n en \u00fcst d\u00fczeyde olmas\u0131n\u0131 sa\u011flamaktad\u0131r.<\/p><p><b>BAZI G\u00dc\u00c7L\u00dc GIDALAR<\/b><\/p><p><b>ZENCEF\u0130L<\/b><\/p><p>Zencefil, sa\u011fl\u0131k ve esenlik i\u00e7in \u00e7e\u015fitli faydalar\u0131 olan en tan\u0131nm\u0131\u015f G\u00fc\u00e7 Besinlerinden biridir.<br>\u00d6rne\u011fin galebladder&#8217;a yard\u0131mc\u0131 olabilir ve do\u011fal olarak antibakteriyeldir ve daha bir\u00e7ok faydas\u0131 listelenebilir.<\/p><p><b>ROSE HIP<\/b><\/p><p>Y\u00fcksek C vitamini i\u00e7eri\u011fi ile savunma g\u00fcc\u00fcn\u00fc destekler ve antioksidanlar a\u00e7\u0131s\u0131ndan zengindir.<\/p><p>Di\u011fer takviyeler hakk\u0131nda daha fazla bilgi edinmek ister misiniz? Talep \u00fczerine payla\u015fmaktan mutluluk duyar\u0131z. <\/p>\t\t\t\t\t\t\t\t<\/div>\n\t\t\t\t<\/div>\n\t\t\t\t<\/div>\n\t\t\t\t\t<\/div>\n\t\t\t\t<\/div>\n\t\t<div class=\"elementor-element elementor-element-9f43093 e-con-full e-flex e-con e-parent\" data-id=\"9f43093\" data-element_type=\"container\" data-e-type=\"container\" data-settings=\"{&quot;background_background&quot;:&quot;classic&quot;}\">\n\t\t<div class=\"elementor-element elementor-element-c857f59 e-flex e-con-boxed e-con e-child\" data-id=\"c857f59\" data-element_type=\"container\" data-e-type=\"container\">\n\t\t\t\t\t<div class=\"e-con-inner\">\n\t\t\t\t<div class=\"elementor-element elementor-element-ca00eb7 elementor-widget__width-auto elementor-widget elementor-widget-heading\" data-id=\"ca00eb7\" data-element_type=\"widget\" data-e-type=\"widget\" data-widget_type=\"heading.default\">\n\t\t\t\t<div class=\"elementor-widget-container\">\n\t\t\t\t\t<p class=\"elementor-heading-title elementor-size-default\">\u00a9 2024 PharmSultation T\u00fcm Haklar\u0131 Sakl\u0131d\u0131r.<\/p>\t\t\t\t<\/div>\n\t\t\t\t<\/div>\n\t\t\t\t\t<\/div>\n\t\t\t\t<\/div>\n\t\t\t\t<\/div>\n\t\t\t\t<\/div>\n\t\t","protected":false},"excerpt":{"rendered":"<p>Do\u011fan\u0131n G\u00fcc\u00fc taraf\u0131ndan Haci H.Polat Sa\u011fl\u0131\u011f\u0131 ve refah\u0131 destekleyen geni\u015f d\u00fcnyada, fiziksel ve zihinsel g\u00fcc\u00fcn art\u0131r\u0131lmas\u0131 ve geli\u015ftirilmesi s\u00f6z konusu oldu\u011funda beslenme g\u00fcn\u00fcm\u00fczde \u00f6nemli bir rol oynamaktad\u0131r.Bu durum eski zamanlarda, t\u0131bbi imkanlar\u0131n daha az oldu\u011fu b\u00f6lgelerde ve bilgi birikiminin nesilden nesile aktar\u0131ld\u0131\u011f\u0131 k\u00f6ylerde bilinmekteydi. Besinlerin yeni anlam\u0131n\u0131 ve G\u00fcc\u00fcn\u00fc biraz daha derinlemesine inceleyelim ve ara\u015ft\u0131ral\u0131m. [&hellip;]<\/p>\n","protected":false},"author":2,"featured_media":0,"parent":0,"menu_order":0,"comment_status":"closed","ping_status":"closed","template":"","meta":{"footnotes":""},"class_list":["post-5494","page","type-page","status-publish","hentry"],"yoast_head":"<!-- This site is optimized with the Yoast SEO plugin v27.2 - https:\/\/yoast.com\/product\/yoast-seo-wordpress\/ -->\n<title>Do\u011fan\u0131n G\u00fcc\u00fc -<\/title>\n<meta name=\"robots\" content=\"index, follow, max-snippet:-1, max-image-preview:large, max-video-preview:-1\" \/>\n<link rel=\"canonical\" href=\"https:\/\/test.pharmsultation.com\/tr\/doganin-gucu\/\" \/>\n<meta property=\"og:locale\" content=\"tr_TR\" \/>\n<meta property=\"og:type\" content=\"article\" \/>\n<meta property=\"og:title\" content=\"Do\u011fan\u0131n G\u00fcc\u00fc -\" \/>\n<meta property=\"og:description\" content=\"Do\u011fan\u0131n G\u00fcc\u00fc taraf\u0131ndan Haci H.Polat Sa\u011fl\u0131\u011f\u0131 ve refah\u0131 destekleyen geni\u015f d\u00fcnyada, fiziksel ve zihinsel g\u00fcc\u00fcn art\u0131r\u0131lmas\u0131 ve geli\u015ftirilmesi s\u00f6z konusu oldu\u011funda beslenme g\u00fcn\u00fcm\u00fczde \u00f6nemli bir rol oynamaktad\u0131r.Bu durum eski zamanlarda, t\u0131bbi imkanlar\u0131n daha az oldu\u011fu b\u00f6lgelerde ve bilgi birikiminin nesilden nesile aktar\u0131ld\u0131\u011f\u0131 k\u00f6ylerde bilinmekteydi. Besinlerin yeni anlam\u0131n\u0131 ve G\u00fcc\u00fcn\u00fc biraz daha derinlemesine inceleyelim ve ara\u015ft\u0131ral\u0131m. [&hellip;]\" \/>\n<meta property=\"og:url\" content=\"https:\/\/test.pharmsultation.com\/tr\/doganin-gucu\/\" \/>\n<meta property=\"article:modified_time\" content=\"2025-05-11T12:30:27+00:00\" \/>\n<meta property=\"og:image\" content=\"https:\/\/test.pharmsultation.com\/wp-content\/uploads\/2023\/05\/customcolor_logo_transparent_background.png\" \/>\n\t<meta property=\"og:image:width\" content=\"3125\" \/>\n\t<meta property=\"og:image:height\" content=\"1875\" \/>\n\t<meta property=\"og:image:type\" content=\"image\/png\" \/>\n<meta name=\"twitter:card\" content=\"summary_large_image\" \/>\n<meta name=\"twitter:label1\" content=\"Tahmini okuma s\u00fcresi\" \/>\n\t<meta name=\"twitter:data1\" content=\"1 dakika\" \/>\n<script type=\"application\/ld+json\" class=\"yoast-schema-graph\">{\"@context\":\"https:\/\/schema.org\",\"@graph\":[{\"@type\":\"WebPage\",\"@id\":\"https:\/\/test.pharmsultation.com\/tr\/doganin-gucu\/\",\"url\":\"https:\/\/test.pharmsultation.com\/tr\/doganin-gucu\/\",\"name\":\"Do\u011fan\u0131n G\u00fcc\u00fc -\",\"isPartOf\":{\"@id\":\"https:\/\/test.pharmsultation.com\/tr\/#website\"},\"primaryImageOfPage\":{\"@id\":\"https:\/\/test.pharmsultation.com\/tr\/doganin-gucu\/#primaryimage\"},\"image\":{\"@id\":\"https:\/\/test.pharmsultation.com\/tr\/doganin-gucu\/#primaryimage\"},\"thumbnailUrl\":\"https:\/\/test.pharmsultation.com\/wp-content\/uploads\/2023\/05\/customcolor_logo_transparent_background-300x180.png\",\"datePublished\":\"2024-06-23T18:52:39+00:00\",\"dateModified\":\"2025-05-11T12:30:27+00:00\",\"breadcrumb\":{\"@id\":\"https:\/\/test.pharmsultation.com\/tr\/doganin-gucu\/#breadcrumb\"},\"inLanguage\":\"tr\",\"potentialAction\":[{\"@type\":\"ReadAction\",\"target\":[\"https:\/\/test.pharmsultation.com\/tr\/doganin-gucu\/\"]}]},{\"@type\":\"ImageObject\",\"inLanguage\":\"tr\",\"@id\":\"https:\/\/test.pharmsultation.com\/tr\/doganin-gucu\/#primaryimage\",\"url\":\"https:\/\/test.pharmsultation.com\/wp-content\/uploads\/2023\/05\/customcolor_logo_transparent_background-300x180.png\",\"contentUrl\":\"https:\/\/test.pharmsultation.com\/wp-content\/uploads\/2023\/05\/customcolor_logo_transparent_background-300x180.png\"},{\"@type\":\"BreadcrumbList\",\"@id\":\"https:\/\/test.pharmsultation.com\/tr\/doganin-gucu\/#breadcrumb\",\"itemListElement\":[{\"@type\":\"ListItem\",\"position\":1,\"name\":\"Ev\",\"item\":\"https:\/\/test.pharmsultation.com\/tr\/pharmsultation-besin-takviyeleri-ve-danismanlik\/\"},{\"@type\":\"ListItem\",\"position\":2,\"name\":\"Do\u011fan\u0131n G\u00fcc\u00fc\"}]},{\"@type\":\"WebSite\",\"@id\":\"https:\/\/test.pharmsultation.com\/tr\/#website\",\"url\":\"https:\/\/test.pharmsultation.com\/tr\/\",\"name\":\"PharmSultation - Pharma & Industries Services\",\"description\":\"\",\"publisher\":{\"@id\":\"https:\/\/test.pharmsultation.com\/tr\/#organization\"},\"potentialAction\":[{\"@type\":\"SearchAction\",\"target\":{\"@type\":\"EntryPoint\",\"urlTemplate\":\"https:\/\/test.pharmsultation.com\/tr\/?s={search_term_string}\"},\"query-input\":{\"@type\":\"PropertyValueSpecification\",\"valueRequired\":true,\"valueName\":\"search_term_string\"}}],\"inLanguage\":\"tr\"},{\"@type\":\"Organization\",\"@id\":\"https:\/\/test.pharmsultation.com\/tr\/#organization\",\"name\":\"PharmSultation\",\"url\":\"https:\/\/test.pharmsultation.com\/tr\/\",\"logo\":{\"@type\":\"ImageObject\",\"inLanguage\":\"tr\",\"@id\":\"https:\/\/test.pharmsultation.com\/tr\/#\/schema\/logo\/image\/\",\"url\":\"https:\/\/www.pharmsultation.com\/wp-content\/uploads\/2023\/05\/customcolor_logo_transparent_background.png\",\"contentUrl\":\"https:\/\/www.pharmsultation.com\/wp-content\/uploads\/2023\/05\/customcolor_logo_transparent_background.png\",\"width\":3125,\"height\":1875,\"caption\":\"PharmSultation\"},\"image\":{\"@id\":\"https:\/\/test.pharmsultation.com\/tr\/#\/schema\/logo\/image\/\"}}]}<\/script>\n<!-- \/ Yoast SEO plugin. -->","yoast_head_json":{"title":"Do\u011fan\u0131n G\u00fcc\u00fc -","robots":{"index":"index","follow":"follow","max-snippet":"max-snippet:-1","max-image-preview":"max-image-preview:large","max-video-preview":"max-video-preview:-1"},"canonical":"https:\/\/test.pharmsultation.com\/tr\/doganin-gucu\/","og_locale":"tr_TR","og_type":"article","og_title":"Do\u011fan\u0131n G\u00fcc\u00fc -","og_description":"Do\u011fan\u0131n G\u00fcc\u00fc taraf\u0131ndan Haci H.Polat Sa\u011fl\u0131\u011f\u0131 ve refah\u0131 destekleyen geni\u015f d\u00fcnyada, fiziksel ve zihinsel g\u00fcc\u00fcn art\u0131r\u0131lmas\u0131 ve geli\u015ftirilmesi s\u00f6z konusu oldu\u011funda beslenme g\u00fcn\u00fcm\u00fczde \u00f6nemli bir rol oynamaktad\u0131r.Bu durum eski zamanlarda, t\u0131bbi imkanlar\u0131n daha az oldu\u011fu b\u00f6lgelerde ve bilgi birikiminin nesilden nesile aktar\u0131ld\u0131\u011f\u0131 k\u00f6ylerde bilinmekteydi. Besinlerin yeni anlam\u0131n\u0131 ve G\u00fcc\u00fcn\u00fc biraz daha derinlemesine inceleyelim ve ara\u015ft\u0131ral\u0131m. [&hellip;]","og_url":"https:\/\/test.pharmsultation.com\/tr\/doganin-gucu\/","article_modified_time":"2025-05-11T12:30:27+00:00","og_image":[{"width":3125,"height":1875,"url":"https:\/\/test.pharmsultation.com\/wp-content\/uploads\/2023\/05\/customcolor_logo_transparent_background.png","type":"image\/png"}],"twitter_card":"summary_large_image","twitter_misc":{"Tahmini okuma s\u00fcresi":"1 dakika"},"schema":{"@context":"https:\/\/schema.org","@graph":[{"@type":"WebPage","@id":"https:\/\/test.pharmsultation.com\/tr\/doganin-gucu\/","url":"https:\/\/test.pharmsultation.com\/tr\/doganin-gucu\/","name":"Do\u011fan\u0131n G\u00fcc\u00fc -","isPartOf":{"@id":"https:\/\/test.pharmsultation.com\/tr\/#website"},"primaryImageOfPage":{"@id":"https:\/\/test.pharmsultation.com\/tr\/doganin-gucu\/#primaryimage"},"image":{"@id":"https:\/\/test.pharmsultation.com\/tr\/doganin-gucu\/#primaryimage"},"thumbnailUrl":"https:\/\/test.pharmsultation.com\/wp-content\/uploads\/2023\/05\/customcolor_logo_transparent_background-300x180.png","datePublished":"2024-06-23T18:52:39+00:00","dateModified":"2025-05-11T12:30:27+00:00","breadcrumb":{"@id":"https:\/\/test.pharmsultation.com\/tr\/doganin-gucu\/#breadcrumb"},"inLanguage":"tr","potentialAction":[{"@type":"ReadAction","target":["https:\/\/test.pharmsultation.com\/tr\/doganin-gucu\/"]}]},{"@type":"ImageObject","inLanguage":"tr","@id":"https:\/\/test.pharmsultation.com\/tr\/doganin-gucu\/#primaryimage","url":"https:\/\/test.pharmsultation.com\/wp-content\/uploads\/2023\/05\/customcolor_logo_transparent_background-300x180.png","contentUrl":"https:\/\/test.pharmsultation.com\/wp-content\/uploads\/2023\/05\/customcolor_logo_transparent_background-300x180.png"},{"@type":"BreadcrumbList","@id":"https:\/\/test.pharmsultation.com\/tr\/doganin-gucu\/#breadcrumb","itemListElement":[{"@type":"ListItem","position":1,"name":"Ev","item":"https:\/\/test.pharmsultation.com\/tr\/pharmsultation-besin-takviyeleri-ve-danismanlik\/"},{"@type":"ListItem","position":2,"name":"Do\u011fan\u0131n G\u00fcc\u00fc"}]},{"@type":"WebSite","@id":"https:\/\/test.pharmsultation.com\/tr\/#website","url":"https:\/\/test.pharmsultation.com\/tr\/","name":"PharmSultation - Pharma & Industries Services","description":"","publisher":{"@id":"https:\/\/test.pharmsultation.com\/tr\/#organization"},"potentialAction":[{"@type":"SearchAction","target":{"@type":"EntryPoint","urlTemplate":"https:\/\/test.pharmsultation.com\/tr\/?s={search_term_string}"},"query-input":{"@type":"PropertyValueSpecification","valueRequired":true,"valueName":"search_term_string"}}],"inLanguage":"tr"},{"@type":"Organization","@id":"https:\/\/test.pharmsultation.com\/tr\/#organization","name":"PharmSultation","url":"https:\/\/test.pharmsultation.com\/tr\/","logo":{"@type":"ImageObject","inLanguage":"tr","@id":"https:\/\/test.pharmsultation.com\/tr\/#\/schema\/logo\/image\/","url":"https:\/\/www.pharmsultation.com\/wp-content\/uploads\/2023\/05\/customcolor_logo_transparent_background.png","contentUrl":"https:\/\/www.pharmsultation.com\/wp-content\/uploads\/2023\/05\/customcolor_logo_transparent_background.png","width":3125,"height":1875,"caption":"PharmSultation"},"image":{"@id":"https:\/\/test.pharmsultation.com\/tr\/#\/schema\/logo\/image\/"}}]}},"_links":{"self":[{"href":"https:\/\/test.pharmsultation.com\/tr\/wp-json\/wp\/v2\/pages\/5494","targetHints":{"allow":["GET"]}}],"collection":[{"href":"https:\/\/test.pharmsultation.com\/tr\/wp-json\/wp\/v2\/pages"}],"about":[{"href":"https:\/\/test.pharmsultation.com\/tr\/wp-json\/wp\/v2\/types\/page"}],"author":[{"embeddable":true,"href":"https:\/\/test.pharmsultation.com\/tr\/wp-json\/wp\/v2\/users\/2"}],"replies":[{"embeddable":true,"href":"https:\/\/test.pharmsultation.com\/tr\/wp-json\/wp\/v2\/comments?post=5494"}],"version-history":[{"count":1,"href":"https:\/\/test.pharmsultation.com\/tr\/wp-json\/wp\/v2\/pages\/5494\/revisions"}],"predecessor-version":[{"id":5496,"href":"https:\/\/test.pharmsultation.com\/tr\/wp-json\/wp\/v2\/pages\/5494\/revisions\/5496"}],"wp:attachment":[{"href":"https:\/\/test.pharmsultation.com\/tr\/wp-json\/wp\/v2\/media?parent=5494"}],"curies":[{"name":"wp","href":"https:\/\/api.w.org\/{rel}","templated":true}]}}