{"id":5488,"date":"2024-08-13T23:39:28","date_gmt":"2024-08-13T21:39:28","guid":{"rendered":"https:\/\/test.pharmsultation.com\/impressum\/"},"modified":"2025-05-11T14:30:10","modified_gmt":"2025-05-11T12:30:10","slug":"impressum","status":"publish","type":"page","link":"https:\/\/test.pharmsultation.com\/tr\/impressum\/","title":{"rendered":"Impressum"},"content":{"rendered":"\t\t<div data-elementor-type=\"wp-page\" data-elementor-id=\"5488\" class=\"elementor elementor-5488 elementor-1513\" data-elementor-post-type=\"page\">\n\t\t\t\t<div class=\"elementor-element elementor-element-fe0a97f e-flex e-con-boxed e-con e-parent\" data-id=\"fe0a97f\" data-element_type=\"container\" data-e-type=\"container\">\n\t\t\t\t\t<div class=\"e-con-inner\">\n\t\t\t\t<div class=\"elementor-element elementor-element-1fc9822 elementor-widget elementor-widget-image\" data-id=\"1fc9822\" data-element_type=\"widget\" data-e-type=\"widget\" data-widget_type=\"image.default\">\n\t\t\t\t<div class=\"elementor-widget-container\">\n\t\t\t\t\t\t\t\t\t\t\t\t\t\t\t<img fetchpriority=\"high\" decoding=\"async\" width=\"300\" height=\"180\" src=\"https:\/\/test.pharmsultation.com\/wp-content\/uploads\/2023\/05\/customcolor_logo_transparent_background-1024x614-1-300x180.png\" class=\"attachment-medium size-medium wp-image-2493\" alt=\"\" srcset=\"https:\/\/test.pharmsultation.com\/wp-content\/uploads\/2023\/05\/customcolor_logo_transparent_background-1024x614-1-300x180.png 300w, https:\/\/test.pharmsultation.com\/wp-content\/uploads\/2023\/05\/customcolor_logo_transparent_background-1024x614-1-768x461.png 768w, https:\/\/test.pharmsultation.com\/wp-content\/uploads\/2023\/05\/customcolor_logo_transparent_background-1024x614-1.png 1024w\" sizes=\"(max-width: 300px) 100vw, 300px\" \/>\t\t\t\t\t\t\t\t\t\t\t\t\t\t\t<\/div>\n\t\t\t\t<\/div>\n\t\t\t\t\t<\/div>\n\t\t\t\t<\/div>\n\t\t<div class=\"elementor-element elementor-element-a33883c e-flex e-con-boxed e-con e-parent\" data-id=\"a33883c\" data-element_type=\"container\" data-e-type=\"container\">\n\t\t\t\t\t<div class=\"e-con-inner\">\n\t\t\t\t<div class=\"elementor-element elementor-element-c1c9841 elementor-widget elementor-widget-heading\" data-id=\"c1c9841\" data-element_type=\"widget\" data-e-type=\"widget\" data-widget_type=\"heading.default\">\n\t\t\t\t<div class=\"elementor-widget-container\">\n\t\t\t\t\t<h1 class=\"elementor-heading-title elementor-size-default\">K\u00fcnye<\/h1>\t\t\t\t<\/div>\n\t\t\t\t<\/div>\n\t\t\t\t\t<\/div>\n\t\t\t\t<\/div>\n\t\t<div class=\"elementor-element elementor-element-506c5db e-flex e-con-boxed e-con e-parent\" data-id=\"506c5db\" data-element_type=\"container\" data-e-type=\"container\">\n\t\t\t\t\t<div class=\"e-con-inner\">\n\t\t\t\t<div class=\"elementor-element elementor-element-99d72e9 elementor-widget elementor-widget-text-editor\" data-id=\"99d72e9\" data-element_type=\"widget\" data-e-type=\"widget\" data-widget_type=\"text-editor.default\">\n\t\t\t\t<div class=\"elementor-widget-container\">\n\t\t\t\t\t\t\t\t\t<p><span style=\"color: var( --e-global-color-primary ); text-align: var(--text-align); font-size: 1rem;\"><i><b>Son g\u00fcncelleme: 12 A\u011fustos 2024<\/b><\/i><\/span><\/p><h2>Edit\u00f6r<\/h2><p><span style=\"color: var( --e-global-color-primary ); font-size: 1rem; text-align: var(--text-align);\"><b>PharmSultation UG<\/b><\/span><\/p><p>Hac\u0131 H. Polat, Genel M\u00fcd\u00fcr<\/p><p><span style=\"color: var( --e-global-color-primary ); text-align: var(--text-align); font-size: 1rem;\">Gundhofstra\u00dfe 23<\/span><\/p><p>69528 Frankfurt am Main, Almanya<\/p><p><span style=\"color: var( --e-global-color-primary ); text-align: var(--text-align); font-size: 1rem;\">ticaret siciline kay\u0131tl\u0131 <\/span><b style=\"color: var( --e-global-color-primary ); text-align: var(--text-align); font-size: 1rem;\">Frankfurt am Main<\/b><\/p><p>Ticaret sicil numaras\u0131 <b>HRB 135633<\/b><\/p><p><span style=\"color: var( --e-global-color-primary ); text-align: var(--text-align); font-size: 1rem;\">E-posta: info@pharmsultation.com<\/span><\/p><p>Bize Ula\u015f\u0131n : https:\/\/www.pharmsultation.com\/contact-us\/<\/p><p> <\/p><h2>Kullan\u0131m Ko\u015fullar\u0131<\/h2><p>Bu web sitesine eri\u015fim ve sitenin kullan\u0131m\u0131 a\u015fa\u011f\u0131daki h\u00fck\u00fcm ve ko\u015fullara tabidir. Bu h\u00fck\u00fcm ve ko\u015fullar\u0131 kabul etmiyorsan\u0131z, l\u00fctfen bu web sitesini kullanmay\u0131n. Bu web sitesi <b>PharmSultation UG<\/b> taraf\u0131ndan geli\u015ftirilmi\u015f ve y\u00f6netilmektedir. Web sitemizi tamamen veya k\u0131smen de\u011fi\u015ftirme ve\/veya herhangi bir zamanda haber vermeksizin kendi takdirimize ba\u011fl\u0131 olarak faaliyetini durdurma hakk\u0131m\u0131z\u0131 sakl\u0131 tutar\u0131z. Bu nedenle, bu web sitesini bir sonraki ziyaretinizde tekrar g\u00f6zden ge\u00e7irmenizi ve bu arada yap\u0131lan de\u011fi\u015fiklikleri \/ eklemeleri not etmenizi rica ederiz.    <\/p><p> <\/p><h2>Kullan\u0131m lisans\u0131<\/h2><p>Bu web sitesinde yay\u0131nlanan t\u00fcm bilgi, belge ve temsiller <b>PharmSultation UG<\/b>&#8216;nin m\u00fclkiyetindedir. Bunlar\u0131 kullanma izni, telif hakk\u0131 bildiriminin t\u00fcm kopyalarda g\u00f6r\u00fcnmesi, bilgilerin yaln\u0131zca ki\u015fisel ama\u00e7larla kullan\u0131lmas\u0131 ve ticari kullan\u0131m i\u00e7in olmamas\u0131, bilgilerin hi\u00e7bir \u015fekilde de\u011fi\u015ftirilmemesi ve web sitesindeki t\u00fcm temsillerin yaln\u0131zca ilgili metinle birlikte kullan\u0131lmas\u0131 ko\u015fuluna tabidir. <\/p><p> <\/p><h2>Ticari markalar ve telif haklar\u0131<\/h2><p>Web sitesinin t\u00fcm i\u00e7eri\u011fi <b>PharmSultation UG<\/b> &#8216;nin fikri m\u00fclkiyetidir ve telif hakk\u0131 korumas\u0131na tabidir. Kullan\u0131c\u0131lar bu web sitelerinin i\u00e7eri\u011fini yaln\u0131zca kendi \u00f6zel kullan\u0131mlar\u0131 i\u00e7in indirebilir, yazd\u0131rabilir veya kopyalayabilir. Yay\u0131nlar\u0131m\u0131z\u0131n her kopyas\u0131nda veya bir k\u0131sm\u0131nda <b>PharmSultation UG<\/b> &#8216;nin telif hakk\u0131na at\u0131fta bulunulmal\u0131d\u0131r. T\u00fcr\u00fc ne olursa olsun, web sitesinin veya b\u00f6l\u00fcmlerinin herhangi bir \u015fekilde de\u011fi\u015ftirilmesi, \u00e7o\u011falt\u0131lmas\u0131, da\u011f\u0131t\u0131lmas\u0131 veya kamuya a\u00e7\u0131k olarak \u00e7o\u011falt\u0131lmas\u0131 yasakt\u0131r. T\u00fcm \u00fcr\u00fcn adlar\u0131, yaz\u0131 tipi boyutu veya ticari marka sembol\u00fcn\u00fcn varl\u0131\u011f\u0131na bak\u0131lmaks\u0131z\u0131n <b>PharmSultation UG<\/b>&#8216;nin, ba\u011fl\u0131 \u015firketlerin veya lisans verenlerin ticari markalar\u0131d\u0131r. Ticari marka haklar\u0131 ilgili hak sahibine aittir; bu tescilli ticari markalar\u0131n kullan\u0131m\u0131 veya k\u00f6t\u00fcye kullan\u0131m\u0131 a\u00e7\u0131k\u00e7a yasakt\u0131r ve y\u00fcr\u00fcrl\u00fckteki yasalara uygun olarak kovu\u015fturulacakt\u0131r.     <\/p><p> <\/p><h2>Sorumlulu\u011fun S\u0131n\u0131rland\u0131r\u0131lmas\u0131<\/h2><p><b>PharmSultation UG<\/b>, bu web sitesindeki bilgileri en iyi bilgi ve inanc\u0131na g\u00f6re profesyonel \u00f6zenle derlemi\u015ftir. Bu bilgileri g\u00fcncel tutmak i\u00e7in \u00e7aba g\u00f6steriyoruz. Bu web sitesindeki bilgiler <b>PharmSultation UG<\/b> &#8216;yi ve \u00fcr\u00fcn ve hizmetlerini tan\u0131tmak amac\u0131yla haz\u0131rlanm\u0131\u015ft\u0131r. Ancak, bu web sitesindeki bilgilerin eksiksizli\u011fi veya do\u011frulu\u011fu konusunda &#8211; ne a\u00e7\u0131k\u00e7a ne de dolayl\u0131 olarak &#8211; herhangi bir garanti vermemekteyiz. Bu bilgiler yay\u0131nland\u0131\u011f\u0131 g\u00fcn g\u00fcnceldi, ancak \u015fu anda g\u00fcncelli\u011fini yitirmi\u015f olabilir. Bu nedenle, bu web sitesindeki bilgileri herhangi bir \u015fekilde kullanmadan \u00f6nce kontrol etmelisiniz. Bu web sitesindeki bilgiler sizi, mevcut tavsiyelerimizi ve \u00fcr\u00fcnlerimizi, ama\u00e7lanan prosed\u00fcrler ve ama\u00e7lar i\u00e7in uygunluklar\u0131 a\u00e7\u0131s\u0131ndan kendi incelemenizden muaf tutmaz. \u00dcr\u00fcnlerimiz veya hizmetlerimizle ilgili \u00f6zel tavsiye veya talimatlara ihtiyac\u0131n\u0131z varsa, l\u00fctfen do\u011frudan bizimle ileti\u015fime ge\u00e7in. Bu web sitesinin kullan\u0131c\u0131lar\u0131, bu web sitesine ve i\u00e7eri\u011fine riski kendilerine ait olmak \u00fczere eri\u015fmeyi kabul ederler. Ne <b>PharmSultation UG<\/b> ne de bu web sitesinin olu\u015fturulmas\u0131, \u00fcretilmesi veya iletilmesinde yer alan herhangi bir \u00fc\u00e7\u00fcnc\u00fc taraf, bu web sitesine eri\u015fimden veya eri\u015fememekten veya bu web sitesini kullanmaktan veya kullanamamaktan veya bu web sitesinde yer alan herhangi bir bilgiye g\u00fcvenmenizden kaynaklanan herhangi bir zarar veya yaralanmadan sorumlu olmayacakt\u0131r.         <\/p><p> <\/p><h2>\u00dc\u00e7\u00fcnc\u00fc taraf web siteleri\/ba\u011flant\u0131lar\u0131<\/h2><p>Bu web sitesi ayr\u0131ca \u00fc\u00e7\u00fcnc\u00fc taraf web sitelerine ba\u011flant\u0131lar veya referanslar i\u00e7erir. \u00dc\u00e7\u00fcnc\u00fc taraf web sitelerine verilen bu ba\u011flant\u0131lar, i\u00e7eriklerinin <b>PharmSultation UG<\/b> taraf\u0131ndan onayland\u0131\u011f\u0131 anlam\u0131na gelmez. <b>PharmSultation UG<\/b>, bu t\u00fcr web sitelerinin mevcudiyeti veya i\u00e7eri\u011fi ile ilgili hi\u00e7bir sorumluluk kabul etmez ve t\u00fcr\u00fc ne olursa olsun bu t\u00fcr i\u00e7eri\u011fin kullan\u0131m\u0131ndan kaynaklanan zararlar veya yaralanmalar i\u00e7in hi\u00e7bir sorumluluk kabul etmez. Di\u011fer web sitelerine ba\u011flant\u0131lar, bu web sitesinin kullan\u0131c\u0131lar\u0131na yaln\u0131zca kolayl\u0131k sa\u011flamak amac\u0131yla verilmi\u015ftir. <b>PharmSultation UG<\/b>, ba\u011flant\u0131lar\u0131n bir konu hakk\u0131nda de\u011fi\u015fmeden ve tutarl\u0131 bir \u015fekilde bilgi sa\u011flayaca\u011f\u0131n\u0131 garanti etmez. Bu web sitelerine ba\u011flant\u0131 kurulmas\u0131n\u0131n riski kullan\u0131c\u0131ya aittir. Ba\u011flant\u0131lar\u0131n se\u00e7imi, ba\u011flant\u0131l\u0131 web sitelerindeki bilgileri hi\u00e7bir \u015fekilde s\u0131n\u0131rlamamal\u0131d\u0131r.    <\/p><p> <\/p>\t\t\t\t\t\t\t\t<\/div>\n\t\t\t\t<\/div>\n\t\t\t\t\t<\/div>\n\t\t\t\t<\/div>\n\t\t<div class=\"elementor-element elementor-element-4064b4b e-flex e-con-boxed e-con e-parent\" data-id=\"4064b4b\" data-element_type=\"container\" data-e-type=\"container\">\n\t\t\t\t\t<div class=\"e-con-inner\">\n\t\t\t\t\t<\/div>\n\t\t\t\t<\/div>\n\t\t\t\t<\/div>\n\t\t","protected":false},"excerpt":{"rendered":"<p>K\u00fcnye Son g\u00fcncelleme: 12 A\u011fustos 2024 Edit\u00f6r PharmSultation UG Hac\u0131 H. Polat, Genel M\u00fcd\u00fcr Gundhofstra\u00dfe 23 69528 Frankfurt am Main, Almanya ticaret siciline kay\u0131tl\u0131 Frankfurt am Main Ticaret sicil numaras\u0131 HRB 135633 E-posta: info@pharmsultation.com Bize Ula\u015f\u0131n : https:\/\/www.pharmsultation.com\/contact-us\/ Kullan\u0131m Ko\u015fullar\u0131 Bu web sitesine eri\u015fim ve sitenin kullan\u0131m\u0131 a\u015fa\u011f\u0131daki h\u00fck\u00fcm ve ko\u015fullara tabidir. Bu h\u00fck\u00fcm ve [&hellip;]<\/p>\n","protected":false},"author":2,"featured_media":0,"parent":0,"menu_order":0,"comment_status":"closed","ping_status":"closed","template":"","meta":{"footnotes":""},"class_list":["post-5488","page","type-page","status-publish","hentry"],"yoast_head":"<!-- This site is optimized with the Yoast SEO plugin v27.2 - https:\/\/yoast.com\/product\/yoast-seo-wordpress\/ -->\n<title>Impressum -<\/title>\n<meta name=\"robots\" content=\"index, follow, max-snippet:-1, max-image-preview:large, max-video-preview:-1\" \/>\n<link rel=\"canonical\" href=\"https:\/\/test.pharmsultation.com\/tr\/impressum\/\" \/>\n<meta property=\"og:locale\" content=\"tr_TR\" \/>\n<meta property=\"og:type\" content=\"article\" \/>\n<meta property=\"og:title\" content=\"Impressum -\" \/>\n<meta property=\"og:description\" content=\"K\u00fcnye Son g\u00fcncelleme: 12 A\u011fustos 2024 Edit\u00f6r PharmSultation UG Hac\u0131 H. Polat, Genel M\u00fcd\u00fcr Gundhofstra\u00dfe 23 69528 Frankfurt am Main, Almanya ticaret siciline kay\u0131tl\u0131 Frankfurt am Main Ticaret sicil numaras\u0131 HRB 135633 E-posta: info@pharmsultation.com Bize Ula\u015f\u0131n : https:\/\/www.pharmsultation.com\/contact-us\/ Kullan\u0131m Ko\u015fullar\u0131 Bu web sitesine eri\u015fim ve sitenin kullan\u0131m\u0131 a\u015fa\u011f\u0131daki h\u00fck\u00fcm ve ko\u015fullara tabidir. Bu h\u00fck\u00fcm ve [&hellip;]\" \/>\n<meta property=\"og:url\" content=\"https:\/\/test.pharmsultation.com\/tr\/impressum\/\" \/>\n<meta property=\"article:modified_time\" content=\"2025-05-11T12:30:10+00:00\" \/>\n<meta property=\"og:image\" content=\"https:\/\/test.pharmsultation.com\/wp-content\/uploads\/2023\/05\/customcolor_logo_transparent_background-1024x614-1.png\" \/>\n\t<meta property=\"og:image:width\" content=\"1024\" \/>\n\t<meta property=\"og:image:height\" content=\"614\" \/>\n\t<meta property=\"og:image:type\" content=\"image\/png\" \/>\n<meta name=\"twitter:card\" content=\"summary_large_image\" \/>\n<meta name=\"twitter:label1\" content=\"Tahmini okuma s\u00fcresi\" \/>\n\t<meta name=\"twitter:data1\" content=\"4 dakika\" \/>\n<script type=\"application\/ld+json\" class=\"yoast-schema-graph\">{\"@context\":\"https:\/\/schema.org\",\"@graph\":[{\"@type\":\"WebPage\",\"@id\":\"https:\/\/test.pharmsultation.com\/tr\/impressum\/\",\"url\":\"https:\/\/test.pharmsultation.com\/tr\/impressum\/\",\"name\":\"Impressum -\",\"isPartOf\":{\"@id\":\"https:\/\/test.pharmsultation.com\/tr\/#website\"},\"primaryImageOfPage\":{\"@id\":\"https:\/\/test.pharmsultation.com\/tr\/impressum\/#primaryimage\"},\"image\":{\"@id\":\"https:\/\/test.pharmsultation.com\/tr\/impressum\/#primaryimage\"},\"thumbnailUrl\":\"https:\/\/test.pharmsultation.com\/wp-content\/uploads\/2023\/05\/customcolor_logo_transparent_background-1024x614-1-300x180.png\",\"datePublished\":\"2024-08-13T21:39:28+00:00\",\"dateModified\":\"2025-05-11T12:30:10+00:00\",\"breadcrumb\":{\"@id\":\"https:\/\/test.pharmsultation.com\/tr\/impressum\/#breadcrumb\"},\"inLanguage\":\"tr\",\"potentialAction\":[{\"@type\":\"ReadAction\",\"target\":[\"https:\/\/test.pharmsultation.com\/tr\/impressum\/\"]}]},{\"@type\":\"ImageObject\",\"inLanguage\":\"tr\",\"@id\":\"https:\/\/test.pharmsultation.com\/tr\/impressum\/#primaryimage\",\"url\":\"https:\/\/test.pharmsultation.com\/wp-content\/uploads\/2023\/05\/customcolor_logo_transparent_background-1024x614-1-300x180.png\",\"contentUrl\":\"https:\/\/test.pharmsultation.com\/wp-content\/uploads\/2023\/05\/customcolor_logo_transparent_background-1024x614-1-300x180.png\"},{\"@type\":\"BreadcrumbList\",\"@id\":\"https:\/\/test.pharmsultation.com\/tr\/impressum\/#breadcrumb\",\"itemListElement\":[{\"@type\":\"ListItem\",\"position\":1,\"name\":\"Ev\",\"item\":\"https:\/\/test.pharmsultation.com\/tr\/pharmsultation-besin-takviyeleri-ve-danismanlik\/\"},{\"@type\":\"ListItem\",\"position\":2,\"name\":\"Impressum\"}]},{\"@type\":\"WebSite\",\"@id\":\"https:\/\/test.pharmsultation.com\/tr\/#website\",\"url\":\"https:\/\/test.pharmsultation.com\/tr\/\",\"name\":\"PharmSultation - Pharma & Industries Services\",\"description\":\"\",\"publisher\":{\"@id\":\"https:\/\/test.pharmsultation.com\/tr\/#organization\"},\"potentialAction\":[{\"@type\":\"SearchAction\",\"target\":{\"@type\":\"EntryPoint\",\"urlTemplate\":\"https:\/\/test.pharmsultation.com\/tr\/?s={search_term_string}\"},\"query-input\":{\"@type\":\"PropertyValueSpecification\",\"valueRequired\":true,\"valueName\":\"search_term_string\"}}],\"inLanguage\":\"tr\"},{\"@type\":\"Organization\",\"@id\":\"https:\/\/test.pharmsultation.com\/tr\/#organization\",\"name\":\"PharmSultation\",\"url\":\"https:\/\/test.pharmsultation.com\/tr\/\",\"logo\":{\"@type\":\"ImageObject\",\"inLanguage\":\"tr\",\"@id\":\"https:\/\/test.pharmsultation.com\/tr\/#\/schema\/logo\/image\/\",\"url\":\"https:\/\/www.pharmsultation.com\/wp-content\/uploads\/2023\/05\/customcolor_logo_transparent_background.png\",\"contentUrl\":\"https:\/\/www.pharmsultation.com\/wp-content\/uploads\/2023\/05\/customcolor_logo_transparent_background.png\",\"width\":3125,\"height\":1875,\"caption\":\"PharmSultation\"},\"image\":{\"@id\":\"https:\/\/test.pharmsultation.com\/tr\/#\/schema\/logo\/image\/\"}}]}<\/script>\n<!-- \/ Yoast SEO plugin. -->","yoast_head_json":{"title":"Impressum -","robots":{"index":"index","follow":"follow","max-snippet":"max-snippet:-1","max-image-preview":"max-image-preview:large","max-video-preview":"max-video-preview:-1"},"canonical":"https:\/\/test.pharmsultation.com\/tr\/impressum\/","og_locale":"tr_TR","og_type":"article","og_title":"Impressum -","og_description":"K\u00fcnye Son g\u00fcncelleme: 12 A\u011fustos 2024 Edit\u00f6r PharmSultation UG Hac\u0131 H. Polat, Genel M\u00fcd\u00fcr Gundhofstra\u00dfe 23 69528 Frankfurt am Main, Almanya ticaret siciline kay\u0131tl\u0131 Frankfurt am Main Ticaret sicil numaras\u0131 HRB 135633 E-posta: info@pharmsultation.com Bize Ula\u015f\u0131n : https:\/\/www.pharmsultation.com\/contact-us\/ Kullan\u0131m Ko\u015fullar\u0131 Bu web sitesine eri\u015fim ve sitenin kullan\u0131m\u0131 a\u015fa\u011f\u0131daki h\u00fck\u00fcm ve ko\u015fullara tabidir. Bu h\u00fck\u00fcm ve [&hellip;]","og_url":"https:\/\/test.pharmsultation.com\/tr\/impressum\/","article_modified_time":"2025-05-11T12:30:10+00:00","og_image":[{"width":1024,"height":614,"url":"https:\/\/test.pharmsultation.com\/wp-content\/uploads\/2023\/05\/customcolor_logo_transparent_background-1024x614-1.png","type":"image\/png"}],"twitter_card":"summary_large_image","twitter_misc":{"Tahmini okuma s\u00fcresi":"4 dakika"},"schema":{"@context":"https:\/\/schema.org","@graph":[{"@type":"WebPage","@id":"https:\/\/test.pharmsultation.com\/tr\/impressum\/","url":"https:\/\/test.pharmsultation.com\/tr\/impressum\/","name":"Impressum -","isPartOf":{"@id":"https:\/\/test.pharmsultation.com\/tr\/#website"},"primaryImageOfPage":{"@id":"https:\/\/test.pharmsultation.com\/tr\/impressum\/#primaryimage"},"image":{"@id":"https:\/\/test.pharmsultation.com\/tr\/impressum\/#primaryimage"},"thumbnailUrl":"https:\/\/test.pharmsultation.com\/wp-content\/uploads\/2023\/05\/customcolor_logo_transparent_background-1024x614-1-300x180.png","datePublished":"2024-08-13T21:39:28+00:00","dateModified":"2025-05-11T12:30:10+00:00","breadcrumb":{"@id":"https:\/\/test.pharmsultation.com\/tr\/impressum\/#breadcrumb"},"inLanguage":"tr","potentialAction":[{"@type":"ReadAction","target":["https:\/\/test.pharmsultation.com\/tr\/impressum\/"]}]},{"@type":"ImageObject","inLanguage":"tr","@id":"https:\/\/test.pharmsultation.com\/tr\/impressum\/#primaryimage","url":"https:\/\/test.pharmsultation.com\/wp-content\/uploads\/2023\/05\/customcolor_logo_transparent_background-1024x614-1-300x180.png","contentUrl":"https:\/\/test.pharmsultation.com\/wp-content\/uploads\/2023\/05\/customcolor_logo_transparent_background-1024x614-1-300x180.png"},{"@type":"BreadcrumbList","@id":"https:\/\/test.pharmsultation.com\/tr\/impressum\/#breadcrumb","itemListElement":[{"@type":"ListItem","position":1,"name":"Ev","item":"https:\/\/test.pharmsultation.com\/tr\/pharmsultation-besin-takviyeleri-ve-danismanlik\/"},{"@type":"ListItem","position":2,"name":"Impressum"}]},{"@type":"WebSite","@id":"https:\/\/test.pharmsultation.com\/tr\/#website","url":"https:\/\/test.pharmsultation.com\/tr\/","name":"PharmSultation - Pharma & Industries Services","description":"","publisher":{"@id":"https:\/\/test.pharmsultation.com\/tr\/#organization"},"potentialAction":[{"@type":"SearchAction","target":{"@type":"EntryPoint","urlTemplate":"https:\/\/test.pharmsultation.com\/tr\/?s={search_term_string}"},"query-input":{"@type":"PropertyValueSpecification","valueRequired":true,"valueName":"search_term_string"}}],"inLanguage":"tr"},{"@type":"Organization","@id":"https:\/\/test.pharmsultation.com\/tr\/#organization","name":"PharmSultation","url":"https:\/\/test.pharmsultation.com\/tr\/","logo":{"@type":"ImageObject","inLanguage":"tr","@id":"https:\/\/test.pharmsultation.com\/tr\/#\/schema\/logo\/image\/","url":"https:\/\/www.pharmsultation.com\/wp-content\/uploads\/2023\/05\/customcolor_logo_transparent_background.png","contentUrl":"https:\/\/www.pharmsultation.com\/wp-content\/uploads\/2023\/05\/customcolor_logo_transparent_background.png","width":3125,"height":1875,"caption":"PharmSultation"},"image":{"@id":"https:\/\/test.pharmsultation.com\/tr\/#\/schema\/logo\/image\/"}}]}},"_links":{"self":[{"href":"https:\/\/test.pharmsultation.com\/tr\/wp-json\/wp\/v2\/pages\/5488","targetHints":{"allow":["GET"]}}],"collection":[{"href":"https:\/\/test.pharmsultation.com\/tr\/wp-json\/wp\/v2\/pages"}],"about":[{"href":"https:\/\/test.pharmsultation.com\/tr\/wp-json\/wp\/v2\/types\/page"}],"author":[{"embeddable":true,"href":"https:\/\/test.pharmsultation.com\/tr\/wp-json\/wp\/v2\/users\/2"}],"replies":[{"embeddable":true,"href":"https:\/\/test.pharmsultation.com\/tr\/wp-json\/wp\/v2\/comments?post=5488"}],"version-history":[{"count":1,"href":"https:\/\/test.pharmsultation.com\/tr\/wp-json\/wp\/v2\/pages\/5488\/revisions"}],"predecessor-version":[{"id":5491,"href":"https:\/\/test.pharmsultation.com\/tr\/wp-json\/wp\/v2\/pages\/5488\/revisions\/5491"}],"wp:attachment":[{"href":"https:\/\/test.pharmsultation.com\/tr\/wp-json\/wp\/v2\/media?parent=5488"}],"curies":[{"name":"wp","href":"https:\/\/api.w.org\/{rel}","templated":true}]}}