{"id":5768,"date":"2024-08-12T22:09:55","date_gmt":"2024-08-12T20:09:55","guid":{"rendered":"https:\/\/test.pharmsultation.com\/politique-de-retour-et-de-remboursement\/"},"modified":"2025-05-11T17:11:02","modified_gmt":"2025-05-11T15:11:02","slug":"politique-de-retour-et-de-remboursement","status":"publish","type":"page","link":"https:\/\/test.pharmsultation.com\/fr\/politique-de-retour-et-de-remboursement\/","title":{"rendered":"Politique de retour et de remboursement"},"content":{"rendered":"\t\t<div data-elementor-type=\"wp-page\" data-elementor-id=\"5768\" class=\"elementor elementor-5768 elementor-786\" data-elementor-post-type=\"page\">\n\t\t\t\t<div class=\"elementor-element elementor-element-fe0a97f e-flex e-con-boxed e-con e-parent\" data-id=\"fe0a97f\" data-element_type=\"container\" data-e-type=\"container\">\n\t\t\t\t\t<div class=\"e-con-inner\">\n\t\t\t\t<div class=\"elementor-element elementor-element-1fc9822 elementor-widget elementor-widget-image\" data-id=\"1fc9822\" data-element_type=\"widget\" data-e-type=\"widget\" data-widget_type=\"image.default\">\n\t\t\t\t<div class=\"elementor-widget-container\">\n\t\t\t\t\t\t\t\t\t\t\t\t\t\t\t<img fetchpriority=\"high\" decoding=\"async\" width=\"300\" height=\"180\" src=\"https:\/\/test.pharmsultation.com\/wp-content\/uploads\/2023\/05\/customcolor_logo_transparent_background-1024x614-1-300x180.png\" class=\"attachment-medium size-medium wp-image-2490\" alt=\"\" srcset=\"https:\/\/test.pharmsultation.com\/wp-content\/uploads\/2023\/05\/customcolor_logo_transparent_background-1024x614-1-300x180.png 300w, https:\/\/test.pharmsultation.com\/wp-content\/uploads\/2023\/05\/customcolor_logo_transparent_background-1024x614-1-768x461.png 768w, https:\/\/test.pharmsultation.com\/wp-content\/uploads\/2023\/05\/customcolor_logo_transparent_background-1024x614-1.png 1024w\" sizes=\"(max-width: 300px) 100vw, 300px\" \/>\t\t\t\t\t\t\t\t\t\t\t\t\t\t\t<\/div>\n\t\t\t\t<\/div>\n\t\t\t\t\t<\/div>\n\t\t\t\t<\/div>\n\t\t<div class=\"elementor-element elementor-element-a33883c e-flex e-con-boxed e-con e-parent\" data-id=\"a33883c\" data-element_type=\"container\" data-e-type=\"container\">\n\t\t\t\t\t<div class=\"e-con-inner\">\n\t\t\t\t<div class=\"elementor-element elementor-element-c1c9841 elementor-widget elementor-widget-heading\" data-id=\"c1c9841\" data-element_type=\"widget\" data-e-type=\"widget\" data-widget_type=\"heading.default\">\n\t\t\t\t<div class=\"elementor-widget-container\">\n\t\t\t\t\t<h1 class=\"elementor-heading-title elementor-size-default\">Politique de retour et de remboursement<\/h1>\t\t\t\t<\/div>\n\t\t\t\t<\/div>\n\t\t\t\t\t<\/div>\n\t\t\t\t<\/div>\n\t\t<div class=\"elementor-element elementor-element-506c5db e-flex e-con-boxed e-con e-parent\" data-id=\"506c5db\" data-element_type=\"container\" data-e-type=\"container\">\n\t\t\t\t\t<div class=\"e-con-inner\">\n\t\t\t\t<div class=\"elementor-element elementor-element-99d72e9 elementor-widget elementor-widget-text-editor\" data-id=\"99d72e9\" data-element_type=\"widget\" data-e-type=\"widget\" data-widget_type=\"text-editor.default\">\n\t\t\t\t<div class=\"elementor-widget-container\">\n\t\t\t\t\t\t\t\t\t<p><span style=\"color: var( --e-global-color-primary ); text-align: var(--text-align); font-size: 1rem;\"><i><b>Derni\u00e8re mise \u00e0 jour : 12 ao\u00fbt 2024<\/b><\/i><\/span><\/p>\n<p>Merci d&rsquo;avoir fait vos achats chez PharmSultation.<\/p>\n<p><span style=\"color: var( --e-global-color-primary ); text-align: var(--text-align); font-size: 1rem;\">Si, pour quelque raison que ce soit, vous n&rsquo;\u00eates pas enti\u00e8rement satisfait de votre achat, nous vous invitons \u00e0 consulter notre politique de retour et de remboursement. Cette politique de retour et de remboursement a \u00e9t\u00e9 cr\u00e9\u00e9e avec l&rsquo;aide du g\u00e9n\u00e9rateur gratuit de politique de retour et de remboursement. <\/span><\/p>\n<p><span style=\"color: var( --e-global-color-primary ); text-align: var(--text-align); font-size: 1rem;\">Les conditions suivantes s&rsquo;appliquent \u00e0 tous les produits que vous avez achet\u00e9s chez nous.<\/span><\/p>\n<p><span style=\"color: inherit; font-family: inherit; font-size: 2rem; text-align: var(--text-align);\">Interpr\u00e9tation et d\u00e9finitions<\/span><\/p>\n<h2><b>Interpr\u00e9tation<\/b><\/h2>\n<p>Les mots dont la lettre initiale est en majuscule ont des significations d\u00e9finies dans les conditions suivantes. Les d\u00e9finitions suivantes ont la m\u00eame signification, qu&rsquo;elles apparaissent au singulier ou au pluriel. <\/p>\n<p><span style=\"color: var( --e-global-color-primary ); font-family: var( --e-global-typography-text-font-family ), Sans-serif; text-align: var(--text-align); font-size: 1rem;\"><b>D\u00e9finitions<\/b><\/span><\/p>\n<p>Aux fins de la pr\u00e9sente politique de retour et de remboursement :<\/p>\n<p><\/p>\n<p>La soci\u00e9t\u00e9 (d\u00e9sign\u00e9e par \u00ab\u00a0la soci\u00e9t\u00e9\u00a0\u00bb, \u00ab\u00a0nous\u00a0\u00bb, \u00ab\u00a0notre\u00a0\u00bb ou \u00ab\u00a0nos\u00a0\u00bb dans le pr\u00e9sent accord) est PharmSultation UG, Gundhofstra\u00dfe 23, 69528 Francfort-sur-le-Main.<\/p>\n<p><\/p>\n<p>Les marchandises d\u00e9signent les articles propos\u00e9s \u00e0 la vente sur le service.<\/p>\n<p><\/p>\n<p>Par commande, on entend une demande d&rsquo;achat de marchandises que vous nous adressez.<\/p>\n<p><\/p>\n<p>Le service fait r\u00e9f\u00e9rence au site web.<\/p>\n<p><\/p>\n<p>Le site web fait r\u00e9f\u00e9rence \u00e0 PharmSultation, accessible \u00e0 partir de https:\/\/www.pharmsultation.com<\/p>\n<p><\/p>\n<p>Vous \u00eates la personne qui acc\u00e8de au service ou qui l&rsquo;utilise, ou la soci\u00e9t\u00e9 ou autre entit\u00e9 juridique au nom de laquelle cette personne acc\u00e8de au service ou l&rsquo;utilise, selon le cas.<\/p>\n<p><\/p>\n<p>Vos droits d&rsquo;annulation de la commande<\/p>\n<p>Vous avez le droit d&rsquo;annuler votre commande dans un d\u00e9lai de 30 jours sans avoir \u00e0 justifier votre d\u00e9cision.<\/p>\n<p><\/p>\n<p>La date limite d&rsquo;annulation d&rsquo;une commande est de 30 jours \u00e0 compter de la date \u00e0 laquelle vous avez re\u00e7u les marchandises ou \u00e0 laquelle un tiers que vous avez d\u00e9sign\u00e9, qui n&rsquo;est pas le transporteur, prend possession du produit livr\u00e9.<\/p>\n<p><\/p>\n<p>Pour exercer votre droit de r\u00e9tractation, vous devez nous informer de votre d\u00e9cision au moyen d&rsquo;une d\u00e9claration claire. Vous pouvez nous informer de votre d\u00e9cision par : <\/p>\n<p><\/p>\n<p>En visitant cette page sur notre site web : https:\/\/www.pharmsultation.com\/contact-us\/<\/p>\n<p>Nous vous rembourserons au plus tard dans les 14 jours \u00e0 compter de la date de r\u00e9ception des marchandises retourn\u00e9es. Nous utiliserons le m\u00eame moyen de paiement que celui que vous avez utilis\u00e9 pour la commande, et vous n&rsquo;aurez pas \u00e0 payer de frais pour ce remboursement. <\/p>\n<p><\/p>\n<p>Conditions de retour<\/p>\n<p>Pour que les marchandises puissent faire l&rsquo;objet d&rsquo;un retour, veuillez vous assurer que<\/p>\n<p><\/p>\n<p>Les biens ont \u00e9t\u00e9 achet\u00e9s au cours des 30 derniers jours<\/p>\n<p>Les marchandises sont dans leur emballage d&rsquo;origine<\/p>\n<p>Les produits suivants ne peuvent pas \u00eatre retourn\u00e9s :<\/p>\n<p><\/p>\n<p>La fourniture de biens fabriqu\u00e9s selon vos sp\u00e9cifications ou clairement personnalis\u00e9s.<\/p>\n<p>La fourniture de biens qui, de par leur nature, ne peuvent \u00eatre retourn\u00e9s, se d\u00e9t\u00e9riorent rapidement ou dont la date de p\u00e9remption est d\u00e9pass\u00e9e.<\/p>\n<p>La fourniture de biens qui ne peuvent \u00eatre retourn\u00e9s pour des raisons de protection de la sant\u00e9 ou d&rsquo;hygi\u00e8ne et qui ont \u00e9t\u00e9 descell\u00e9s apr\u00e8s la livraison.<\/p>\n<p>La fourniture de biens qui, apr\u00e8s la livraison, sont, de par leur nature, indissociablement m\u00e9lang\u00e9s \u00e0 d&rsquo;autres articles.<\/p>\n<p>Nous nous r\u00e9servons le droit de refuser le retour de toute marchandise qui ne r\u00e9pond pas aux conditions de retour ci-dessus, \u00e0 notre seule discr\u00e9tion.<\/p>\n<p><\/p>\n<p>Seuls les produits vendus au prix normal peuvent \u00eatre rembours\u00e9s. Malheureusement, les produits en solde ne peuvent pas \u00eatre rembours\u00e9s. Cette exclusion peut ne pas s&rsquo;appliquer \u00e0 vous si elle n&rsquo;est pas autoris\u00e9e par la loi applicable.  <\/p>\n<p><\/p>\n<p>Retour des marchandises<\/p>\n<p>Vous \u00eates responsable des co\u00fbts et des risques li\u00e9s au renvoi des marchandises. Vous devez envoyer les marchandises \u00e0 l&rsquo;adresse suivante : <\/p>\n<p><\/p>\n<p><b>PharmSultation UG<\/b><\/p>\n<p><b>Gundhofstra\u00dfe 23<\/b><\/p>\n<p><b>69528 Francfort-sur-le-Main&nbsp;<\/b><\/p>\n<p><b>ALLEMAGNE<\/b><\/p>\n<p><\/p>\n<p>Nous ne pouvons \u00eatre tenus responsables des marchandises endommag\u00e9es ou perdues lors du retour. C&rsquo;est pourquoi nous vous recommandons d&rsquo;utiliser un service de courrier assur\u00e9 et suivi. Nous ne sommes pas en mesure d&rsquo;effectuer un remboursement sans r\u00e9ception effective des marchandises ou sans preuve de la r\u00e9ception de la livraison de retour.  <\/p>\n<p><\/p>\n<p>Cadeaux<\/p>\n<p>Si les produits ont \u00e9t\u00e9 marqu\u00e9s comme cadeaux lors de l&rsquo;achat et exp\u00e9di\u00e9s directement \u00e0 votre domicile, vous recevrez un cr\u00e9dit cadeau correspondant \u00e0 la valeur de votre retour. Une fois le produit retourn\u00e9 re\u00e7u, un ch\u00e8que-cadeau vous sera envoy\u00e9 par courrier. <\/p>\n<p><\/p>\n<p>Si les marchandises n&rsquo;ont pas \u00e9t\u00e9 marqu\u00e9es comme \u00e9tant un cadeau au moment de l&rsquo;achat, ou si le b\u00e9n\u00e9ficiaire du cadeau s&rsquo;est fait exp\u00e9dier la commande pour vous la remettre plus tard, nous enverrons le remboursement au b\u00e9n\u00e9ficiaire du cadeau.<\/p>\n<p><\/p>\n<p>Nous contacter<\/p>\n<p>Si vous avez des questions concernant notre politique de retour et de remboursement, veuillez nous contacter :<\/p>\n<p><\/p>\n<p>En visitant cette page sur notre site web : https:\/\/www.pharmsultation.com\/contact-us\/<\/p>\t\t\t\t\t\t\t\t<\/div>\n\t\t\t\t<\/div>\n\t\t\t\t\t<\/div>\n\t\t\t\t<\/div>\n\t\t<div class=\"elementor-element elementor-element-4064b4b e-flex e-con-boxed e-con e-parent\" data-id=\"4064b4b\" data-element_type=\"container\" data-e-type=\"container\">\n\t\t\t\t\t<div class=\"e-con-inner\">\n\t\t\t\t\t<\/div>\n\t\t\t\t<\/div>\n\t\t\t\t<\/div>\n\t\t","protected":false},"excerpt":{"rendered":"<p>Politique de retour et de remboursement Derni\u00e8re mise \u00e0 jour : 12 ao\u00fbt 2024 Merci d&rsquo;avoir fait vos achats chez PharmSultation. Si, pour quelque raison que ce soit, vous n&rsquo;\u00eates pas enti\u00e8rement satisfait de votre achat, nous vous invitons \u00e0 consulter notre politique de retour et de remboursement. Cette politique de retour et de remboursement [&hellip;]<\/p>\n","protected":false},"author":2,"featured_media":0,"parent":0,"menu_order":0,"comment_status":"closed","ping_status":"closed","template":"","meta":{"footnotes":""},"class_list":["post-5768","page","type-page","status-publish","hentry"],"yoast_head":"<!-- This site is optimized with the Yoast SEO plugin v27.2 - https:\/\/yoast.com\/product\/yoast-seo-wordpress\/ -->\n<title>Politique de retour et de remboursement -<\/title>\n<meta name=\"robots\" content=\"index, follow, max-snippet:-1, max-image-preview:large, max-video-preview:-1\" \/>\n<link rel=\"canonical\" href=\"https:\/\/test.pharmsultation.com\/fr\/politique-de-retour-et-de-remboursement\/\" \/>\n<meta property=\"og:locale\" content=\"fr_FR\" \/>\n<meta property=\"og:type\" content=\"article\" \/>\n<meta property=\"og:title\" content=\"Politique de retour et de remboursement -\" \/>\n<meta property=\"og:description\" content=\"Politique de retour et de remboursement Derni\u00e8re mise \u00e0 jour : 12 ao\u00fbt 2024 Merci d&rsquo;avoir fait vos achats chez PharmSultation. Si, pour quelque raison que ce soit, vous n&rsquo;\u00eates pas enti\u00e8rement satisfait de votre achat, nous vous invitons \u00e0 consulter notre politique de retour et de remboursement. Cette politique de retour et de remboursement [&hellip;]\" \/>\n<meta property=\"og:url\" content=\"https:\/\/test.pharmsultation.com\/fr\/politique-de-retour-et-de-remboursement\/\" \/>\n<meta property=\"article:modified_time\" content=\"2025-05-11T15:11:02+00:00\" \/>\n<meta property=\"og:image\" content=\"https:\/\/test.pharmsultation.com\/wp-content\/uploads\/2023\/05\/customcolor_logo_transparent_background-1024x614-1.png\" \/>\n\t<meta property=\"og:image:width\" content=\"1024\" \/>\n\t<meta property=\"og:image:height\" content=\"614\" \/>\n\t<meta property=\"og:image:type\" content=\"image\/png\" \/>\n<meta name=\"twitter:card\" content=\"summary_large_image\" \/>\n<meta name=\"twitter:label1\" content=\"Dur\u00e9e de lecture estim\u00e9e\" \/>\n\t<meta name=\"twitter:data1\" content=\"4 minutes\" \/>\n<script type=\"application\/ld+json\" class=\"yoast-schema-graph\">{\"@context\":\"https:\/\/schema.org\",\"@graph\":[{\"@type\":\"WebPage\",\"@id\":\"https:\/\/test.pharmsultation.com\/fr\/politique-de-retour-et-de-remboursement\/\",\"url\":\"https:\/\/test.pharmsultation.com\/fr\/politique-de-retour-et-de-remboursement\/\",\"name\":\"Politique de retour et de remboursement -\",\"isPartOf\":{\"@id\":\"https:\/\/test.pharmsultation.com\/fr\/#website\"},\"primaryImageOfPage\":{\"@id\":\"https:\/\/test.pharmsultation.com\/fr\/politique-de-retour-et-de-remboursement\/#primaryimage\"},\"image\":{\"@id\":\"https:\/\/test.pharmsultation.com\/fr\/politique-de-retour-et-de-remboursement\/#primaryimage\"},\"thumbnailUrl\":\"https:\/\/test.pharmsultation.com\/wp-content\/uploads\/2023\/05\/customcolor_logo_transparent_background-1024x614-1-300x180.png\",\"datePublished\":\"2024-08-12T20:09:55+00:00\",\"dateModified\":\"2025-05-11T15:11:02+00:00\",\"breadcrumb\":{\"@id\":\"https:\/\/test.pharmsultation.com\/fr\/politique-de-retour-et-de-remboursement\/#breadcrumb\"},\"inLanguage\":\"fr-FR\",\"potentialAction\":[{\"@type\":\"ReadAction\",\"target\":[\"https:\/\/test.pharmsultation.com\/fr\/politique-de-retour-et-de-remboursement\/\"]}]},{\"@type\":\"ImageObject\",\"inLanguage\":\"fr-FR\",\"@id\":\"https:\/\/test.pharmsultation.com\/fr\/politique-de-retour-et-de-remboursement\/#primaryimage\",\"url\":\"https:\/\/test.pharmsultation.com\/wp-content\/uploads\/2023\/05\/customcolor_logo_transparent_background-1024x614-1-300x180.png\",\"contentUrl\":\"https:\/\/test.pharmsultation.com\/wp-content\/uploads\/2023\/05\/customcolor_logo_transparent_background-1024x614-1-300x180.png\"},{\"@type\":\"BreadcrumbList\",\"@id\":\"https:\/\/test.pharmsultation.com\/fr\/politique-de-retour-et-de-remboursement\/#breadcrumb\",\"itemListElement\":[{\"@type\":\"ListItem\",\"position\":1,\"name\":\"Accueil\",\"item\":\"https:\/\/test.pharmsultation.com\/fr\/pharmsultation-complements-alimentaires-et-conseils\/\"},{\"@type\":\"ListItem\",\"position\":2,\"name\":\"Politique de retour et de remboursement\"}]},{\"@type\":\"WebSite\",\"@id\":\"https:\/\/test.pharmsultation.com\/fr\/#website\",\"url\":\"https:\/\/test.pharmsultation.com\/fr\/\",\"name\":\"PharmSultation - Pharma & Industries Services\",\"description\":\"\",\"publisher\":{\"@id\":\"https:\/\/test.pharmsultation.com\/fr\/#organization\"},\"potentialAction\":[{\"@type\":\"SearchAction\",\"target\":{\"@type\":\"EntryPoint\",\"urlTemplate\":\"https:\/\/test.pharmsultation.com\/fr\/?s={search_term_string}\"},\"query-input\":{\"@type\":\"PropertyValueSpecification\",\"valueRequired\":true,\"valueName\":\"search_term_string\"}}],\"inLanguage\":\"fr-FR\"},{\"@type\":\"Organization\",\"@id\":\"https:\/\/test.pharmsultation.com\/fr\/#organization\",\"name\":\"PharmSultation\",\"url\":\"https:\/\/test.pharmsultation.com\/fr\/\",\"logo\":{\"@type\":\"ImageObject\",\"inLanguage\":\"fr-FR\",\"@id\":\"https:\/\/test.pharmsultation.com\/fr\/#\/schema\/logo\/image\/\",\"url\":\"https:\/\/www.pharmsultation.com\/wp-content\/uploads\/2023\/05\/customcolor_logo_transparent_background.png\",\"contentUrl\":\"https:\/\/www.pharmsultation.com\/wp-content\/uploads\/2023\/05\/customcolor_logo_transparent_background.png\",\"width\":3125,\"height\":1875,\"caption\":\"PharmSultation\"},\"image\":{\"@id\":\"https:\/\/test.pharmsultation.com\/fr\/#\/schema\/logo\/image\/\"}}]}<\/script>\n<!-- \/ Yoast SEO plugin. -->","yoast_head_json":{"title":"Politique de retour et de remboursement -","robots":{"index":"index","follow":"follow","max-snippet":"max-snippet:-1","max-image-preview":"max-image-preview:large","max-video-preview":"max-video-preview:-1"},"canonical":"https:\/\/test.pharmsultation.com\/fr\/politique-de-retour-et-de-remboursement\/","og_locale":"fr_FR","og_type":"article","og_title":"Politique de retour et de remboursement -","og_description":"Politique de retour et de remboursement Derni\u00e8re mise \u00e0 jour : 12 ao\u00fbt 2024 Merci d&rsquo;avoir fait vos achats chez PharmSultation. Si, pour quelque raison que ce soit, vous n&rsquo;\u00eates pas enti\u00e8rement satisfait de votre achat, nous vous invitons \u00e0 consulter notre politique de retour et de remboursement. Cette politique de retour et de remboursement [&hellip;]","og_url":"https:\/\/test.pharmsultation.com\/fr\/politique-de-retour-et-de-remboursement\/","article_modified_time":"2025-05-11T15:11:02+00:00","og_image":[{"width":1024,"height":614,"url":"https:\/\/test.pharmsultation.com\/wp-content\/uploads\/2023\/05\/customcolor_logo_transparent_background-1024x614-1.png","type":"image\/png"}],"twitter_card":"summary_large_image","twitter_misc":{"Dur\u00e9e de lecture estim\u00e9e":"4 minutes"},"schema":{"@context":"https:\/\/schema.org","@graph":[{"@type":"WebPage","@id":"https:\/\/test.pharmsultation.com\/fr\/politique-de-retour-et-de-remboursement\/","url":"https:\/\/test.pharmsultation.com\/fr\/politique-de-retour-et-de-remboursement\/","name":"Politique de retour et de remboursement -","isPartOf":{"@id":"https:\/\/test.pharmsultation.com\/fr\/#website"},"primaryImageOfPage":{"@id":"https:\/\/test.pharmsultation.com\/fr\/politique-de-retour-et-de-remboursement\/#primaryimage"},"image":{"@id":"https:\/\/test.pharmsultation.com\/fr\/politique-de-retour-et-de-remboursement\/#primaryimage"},"thumbnailUrl":"https:\/\/test.pharmsultation.com\/wp-content\/uploads\/2023\/05\/customcolor_logo_transparent_background-1024x614-1-300x180.png","datePublished":"2024-08-12T20:09:55+00:00","dateModified":"2025-05-11T15:11:02+00:00","breadcrumb":{"@id":"https:\/\/test.pharmsultation.com\/fr\/politique-de-retour-et-de-remboursement\/#breadcrumb"},"inLanguage":"fr-FR","potentialAction":[{"@type":"ReadAction","target":["https:\/\/test.pharmsultation.com\/fr\/politique-de-retour-et-de-remboursement\/"]}]},{"@type":"ImageObject","inLanguage":"fr-FR","@id":"https:\/\/test.pharmsultation.com\/fr\/politique-de-retour-et-de-remboursement\/#primaryimage","url":"https:\/\/test.pharmsultation.com\/wp-content\/uploads\/2023\/05\/customcolor_logo_transparent_background-1024x614-1-300x180.png","contentUrl":"https:\/\/test.pharmsultation.com\/wp-content\/uploads\/2023\/05\/customcolor_logo_transparent_background-1024x614-1-300x180.png"},{"@type":"BreadcrumbList","@id":"https:\/\/test.pharmsultation.com\/fr\/politique-de-retour-et-de-remboursement\/#breadcrumb","itemListElement":[{"@type":"ListItem","position":1,"name":"Accueil","item":"https:\/\/test.pharmsultation.com\/fr\/pharmsultation-complements-alimentaires-et-conseils\/"},{"@type":"ListItem","position":2,"name":"Politique de retour et de remboursement"}]},{"@type":"WebSite","@id":"https:\/\/test.pharmsultation.com\/fr\/#website","url":"https:\/\/test.pharmsultation.com\/fr\/","name":"PharmSultation - Pharma & Industries Services","description":"","publisher":{"@id":"https:\/\/test.pharmsultation.com\/fr\/#organization"},"potentialAction":[{"@type":"SearchAction","target":{"@type":"EntryPoint","urlTemplate":"https:\/\/test.pharmsultation.com\/fr\/?s={search_term_string}"},"query-input":{"@type":"PropertyValueSpecification","valueRequired":true,"valueName":"search_term_string"}}],"inLanguage":"fr-FR"},{"@type":"Organization","@id":"https:\/\/test.pharmsultation.com\/fr\/#organization","name":"PharmSultation","url":"https:\/\/test.pharmsultation.com\/fr\/","logo":{"@type":"ImageObject","inLanguage":"fr-FR","@id":"https:\/\/test.pharmsultation.com\/fr\/#\/schema\/logo\/image\/","url":"https:\/\/www.pharmsultation.com\/wp-content\/uploads\/2023\/05\/customcolor_logo_transparent_background.png","contentUrl":"https:\/\/www.pharmsultation.com\/wp-content\/uploads\/2023\/05\/customcolor_logo_transparent_background.png","width":3125,"height":1875,"caption":"PharmSultation"},"image":{"@id":"https:\/\/test.pharmsultation.com\/fr\/#\/schema\/logo\/image\/"}}]}},"_links":{"self":[{"href":"https:\/\/test.pharmsultation.com\/fr\/wp-json\/wp\/v2\/pages\/5768","targetHints":{"allow":["GET"]}}],"collection":[{"href":"https:\/\/test.pharmsultation.com\/fr\/wp-json\/wp\/v2\/pages"}],"about":[{"href":"https:\/\/test.pharmsultation.com\/fr\/wp-json\/wp\/v2\/types\/page"}],"author":[{"embeddable":true,"href":"https:\/\/test.pharmsultation.com\/fr\/wp-json\/wp\/v2\/users\/2"}],"replies":[{"embeddable":true,"href":"https:\/\/test.pharmsultation.com\/fr\/wp-json\/wp\/v2\/comments?post=5768"}],"version-history":[{"count":1,"href":"https:\/\/test.pharmsultation.com\/fr\/wp-json\/wp\/v2\/pages\/5768\/revisions"}],"predecessor-version":[{"id":5776,"href":"https:\/\/test.pharmsultation.com\/fr\/wp-json\/wp\/v2\/pages\/5768\/revisions\/5776"}],"wp:attachment":[{"href":"https:\/\/test.pharmsultation.com\/fr\/wp-json\/wp\/v2\/media?parent=5768"}],"curies":[{"name":"wp","href":"https:\/\/api.w.org\/{rel}","templated":true}]}}