{"id":5555,"date":"2023-05-06T13:01:16","date_gmt":"2023-05-06T11:01:16","guid":{"rendered":"https:\/\/test.pharmsultation.com\/pharmsultation-complements-alimentaires-et-conseils\/"},"modified":"2025-05-11T17:04:19","modified_gmt":"2025-05-11T15:04:19","slug":"pharmsultation-complements-alimentaires-et-conseils","status":"publish","type":"page","link":"https:\/\/test.pharmsultation.com\/fr\/","title":{"rendered":"PharmSultation &#8211; Compl\u00e9ments alimentaires et conseils"},"content":{"rendered":"","protected":false},"excerpt":{"rendered":"<p>PharmSultation &#8211; Compl\u00e9ments alimentaires et conseils<\/p>\n","protected":false},"author":2,"featured_media":0,"parent":0,"menu_order":0,"comment_status":"closed","ping_status":"closed","template":"","meta":{"footnotes":""},"class_list":["post-5555","page","type-page","status-publish","hentry"],"yoast_head":"<!-- This site is optimized with the Yoast SEO plugin v27.2 - https:\/\/yoast.com\/product\/yoast-seo-wordpress\/ -->\n<title>PharmSultation - Compl\u00e9ments alimentaires et conseils<\/title>\n<meta name=\"description\" content=\"C&#039;est pourquoi nous proposons de partager notre savoir-faire et notre exp\u00e9rience ainsi que notre philosophie dans tous les domaines - qu&#039;il s&#039;agisse de l&#039;approvisionnement, de la fabrication, de la vente ou de diverses solutions bas\u00e9es sur les technologies de l&#039;information et bien plus encore, comme le management int\u00e9rimaire, le soutien dans les activit\u00e9s de fusion et d&#039;acquisition, la mise en relation avec la bonne personne dans tous les domaines, et bien d&#039;autres choses encore.\" \/>\n<meta name=\"robots\" content=\"index, follow, max-snippet:-1, max-image-preview:large, max-video-preview:-1\" \/>\n<link rel=\"canonical\" href=\"https:\/\/test.pharmsultation.com\/fr\/\" \/>\n<meta property=\"og:locale\" content=\"fr_FR\" \/>\n<meta property=\"og:type\" content=\"article\" \/>\n<meta property=\"og:title\" content=\"PharmSultation - Compl\u00e9ments alimentaires et conseils\" \/>\n<meta property=\"og:description\" content=\"C&#039;est pourquoi nous proposons de partager notre savoir-faire et notre exp\u00e9rience ainsi que notre philosophie dans tous les domaines - qu&#039;il s&#039;agisse de l&#039;approvisionnement, de la fabrication, de la vente ou de diverses solutions bas\u00e9es sur les technologies de l&#039;information et bien plus encore, comme le management int\u00e9rimaire, le soutien dans les activit\u00e9s de fusion et d&#039;acquisition, la mise en relation avec la bonne personne dans tous les domaines, et bien d&#039;autres choses encore.\" \/>\n<meta property=\"og:url\" content=\"https:\/\/test.pharmsultation.com\/fr\/\" \/>\n<meta property=\"article:modified_time\" content=\"2025-05-11T15:04:19+00:00\" \/>\n<meta name=\"twitter:card\" content=\"summary_large_image\" \/>\n<script type=\"application\/ld+json\" class=\"yoast-schema-graph\">{\"@context\":\"https:\/\/schema.org\",\"@graph\":[{\"@type\":\"WebPage\",\"@id\":\"https:\/\/test.pharmsultation.com\/fr\/\",\"url\":\"https:\/\/test.pharmsultation.com\/fr\/\",\"name\":\"PharmSultation - Compl\u00e9ments alimentaires et conseils\",\"isPartOf\":{\"@id\":\"https:\/\/test.pharmsultation.com\/fr\/#website\"},\"datePublished\":\"2023-05-06T11:01:16+00:00\",\"dateModified\":\"2025-05-11T15:04:19+00:00\",\"description\":\"C'est pourquoi nous proposons de partager notre savoir-faire et notre exp\u00e9rience ainsi que notre philosophie dans tous les domaines - qu'il s'agisse de l'approvisionnement, de la fabrication, de la vente ou de diverses solutions bas\u00e9es sur les technologies de l'information et bien plus encore, comme le management int\u00e9rimaire, le soutien dans les activit\u00e9s de fusion et d'acquisition, la mise en relation avec la bonne personne dans tous les domaines, et bien d'autres choses encore.\",\"breadcrumb\":{\"@id\":\"https:\/\/test.pharmsultation.com\/fr\/#breadcrumb\"},\"inLanguage\":\"fr-FR\",\"potentialAction\":[{\"@type\":\"ReadAction\",\"target\":[\"https:\/\/test.pharmsultation.com\/fr\/\"]}]},{\"@type\":\"BreadcrumbList\",\"@id\":\"https:\/\/test.pharmsultation.com\/fr\/#breadcrumb\",\"itemListElement\":[{\"@type\":\"ListItem\",\"position\":1,\"name\":\"Accueil\",\"item\":\"https:\/\/test.pharmsultation.com\/fr\/pharmsultation-complements-alimentaires-et-conseils\/\"},{\"@type\":\"ListItem\",\"position\":2,\"name\":\"PharmSultation &#8211; Compl\u00e9ments alimentaires et conseils\"}]},{\"@type\":\"WebSite\",\"@id\":\"https:\/\/test.pharmsultation.com\/fr\/#website\",\"url\":\"https:\/\/test.pharmsultation.com\/fr\/\",\"name\":\"PharmSultation - Pharma & Industries Services\",\"description\":\"\",\"publisher\":{\"@id\":\"https:\/\/test.pharmsultation.com\/fr\/#organization\"},\"potentialAction\":[{\"@type\":\"SearchAction\",\"target\":{\"@type\":\"EntryPoint\",\"urlTemplate\":\"https:\/\/test.pharmsultation.com\/fr\/?s={search_term_string}\"},\"query-input\":{\"@type\":\"PropertyValueSpecification\",\"valueRequired\":true,\"valueName\":\"search_term_string\"}}],\"inLanguage\":\"fr-FR\"},{\"@type\":\"Organization\",\"@id\":\"https:\/\/test.pharmsultation.com\/fr\/#organization\",\"name\":\"PharmSultation\",\"url\":\"https:\/\/test.pharmsultation.com\/fr\/\",\"logo\":{\"@type\":\"ImageObject\",\"inLanguage\":\"fr-FR\",\"@id\":\"https:\/\/test.pharmsultation.com\/fr\/#\/schema\/logo\/image\/\",\"url\":\"https:\/\/www.pharmsultation.com\/wp-content\/uploads\/2023\/05\/customcolor_logo_transparent_background.png\",\"contentUrl\":\"https:\/\/www.pharmsultation.com\/wp-content\/uploads\/2023\/05\/customcolor_logo_transparent_background.png\",\"width\":3125,\"height\":1875,\"caption\":\"PharmSultation\"},\"image\":{\"@id\":\"https:\/\/test.pharmsultation.com\/fr\/#\/schema\/logo\/image\/\"}}]}<\/script>\n<!-- \/ Yoast SEO plugin. -->","yoast_head_json":{"title":"PharmSultation - Compl\u00e9ments alimentaires et conseils","description":"C'est pourquoi nous proposons de partager notre savoir-faire et notre exp\u00e9rience ainsi que notre philosophie dans tous les domaines - qu'il s'agisse de l'approvisionnement, de la fabrication, de la vente ou de diverses solutions bas\u00e9es sur les technologies de l'information et bien plus encore, comme le management int\u00e9rimaire, le soutien dans les activit\u00e9s de fusion et d'acquisition, la mise en relation avec la bonne personne dans tous les domaines, et bien d'autres choses encore.","robots":{"index":"index","follow":"follow","max-snippet":"max-snippet:-1","max-image-preview":"max-image-preview:large","max-video-preview":"max-video-preview:-1"},"canonical":"https:\/\/test.pharmsultation.com\/fr\/","og_locale":"fr_FR","og_type":"article","og_title":"PharmSultation - Compl\u00e9ments alimentaires et conseils","og_description":"C'est pourquoi nous proposons de partager notre savoir-faire et notre exp\u00e9rience ainsi que notre philosophie dans tous les domaines - qu'il s'agisse de l'approvisionnement, de la fabrication, de la vente ou de diverses solutions bas\u00e9es sur les technologies de l'information et bien plus encore, comme le management int\u00e9rimaire, le soutien dans les activit\u00e9s de fusion et d'acquisition, la mise en relation avec la bonne personne dans tous les domaines, et bien d'autres choses encore.","og_url":"https:\/\/test.pharmsultation.com\/fr\/","article_modified_time":"2025-05-11T15:04:19+00:00","twitter_card":"summary_large_image","schema":{"@context":"https:\/\/schema.org","@graph":[{"@type":"WebPage","@id":"https:\/\/test.pharmsultation.com\/fr\/","url":"https:\/\/test.pharmsultation.com\/fr\/","name":"PharmSultation - Compl\u00e9ments alimentaires et conseils","isPartOf":{"@id":"https:\/\/test.pharmsultation.com\/fr\/#website"},"datePublished":"2023-05-06T11:01:16+00:00","dateModified":"2025-05-11T15:04:19+00:00","description":"C'est pourquoi nous proposons de partager notre savoir-faire et notre exp\u00e9rience ainsi que notre philosophie dans tous les domaines - qu'il s'agisse de l'approvisionnement, de la fabrication, de la vente ou de diverses solutions bas\u00e9es sur les technologies de l'information et bien plus encore, comme le management int\u00e9rimaire, le soutien dans les activit\u00e9s de fusion et d'acquisition, la mise en relation avec la bonne personne dans tous les domaines, et bien d'autres choses encore.","breadcrumb":{"@id":"https:\/\/test.pharmsultation.com\/fr\/#breadcrumb"},"inLanguage":"fr-FR","potentialAction":[{"@type":"ReadAction","target":["https:\/\/test.pharmsultation.com\/fr\/"]}]},{"@type":"BreadcrumbList","@id":"https:\/\/test.pharmsultation.com\/fr\/#breadcrumb","itemListElement":[{"@type":"ListItem","position":1,"name":"Accueil","item":"https:\/\/test.pharmsultation.com\/fr\/pharmsultation-complements-alimentaires-et-conseils\/"},{"@type":"ListItem","position":2,"name":"PharmSultation &#8211; Compl\u00e9ments alimentaires et conseils"}]},{"@type":"WebSite","@id":"https:\/\/test.pharmsultation.com\/fr\/#website","url":"https:\/\/test.pharmsultation.com\/fr\/","name":"PharmSultation - Pharma & Industries Services","description":"","publisher":{"@id":"https:\/\/test.pharmsultation.com\/fr\/#organization"},"potentialAction":[{"@type":"SearchAction","target":{"@type":"EntryPoint","urlTemplate":"https:\/\/test.pharmsultation.com\/fr\/?s={search_term_string}"},"query-input":{"@type":"PropertyValueSpecification","valueRequired":true,"valueName":"search_term_string"}}],"inLanguage":"fr-FR"},{"@type":"Organization","@id":"https:\/\/test.pharmsultation.com\/fr\/#organization","name":"PharmSultation","url":"https:\/\/test.pharmsultation.com\/fr\/","logo":{"@type":"ImageObject","inLanguage":"fr-FR","@id":"https:\/\/test.pharmsultation.com\/fr\/#\/schema\/logo\/image\/","url":"https:\/\/www.pharmsultation.com\/wp-content\/uploads\/2023\/05\/customcolor_logo_transparent_background.png","contentUrl":"https:\/\/www.pharmsultation.com\/wp-content\/uploads\/2023\/05\/customcolor_logo_transparent_background.png","width":3125,"height":1875,"caption":"PharmSultation"},"image":{"@id":"https:\/\/test.pharmsultation.com\/fr\/#\/schema\/logo\/image\/"}}]}},"_links":{"self":[{"href":"https:\/\/test.pharmsultation.com\/fr\/wp-json\/wp\/v2\/pages\/5555","targetHints":{"allow":["GET"]}}],"collection":[{"href":"https:\/\/test.pharmsultation.com\/fr\/wp-json\/wp\/v2\/pages"}],"about":[{"href":"https:\/\/test.pharmsultation.com\/fr\/wp-json\/wp\/v2\/types\/page"}],"author":[{"embeddable":true,"href":"https:\/\/test.pharmsultation.com\/fr\/wp-json\/wp\/v2\/users\/2"}],"replies":[{"embeddable":true,"href":"https:\/\/test.pharmsultation.com\/fr\/wp-json\/wp\/v2\/comments?post=5555"}],"version-history":[{"count":1,"href":"https:\/\/test.pharmsultation.com\/fr\/wp-json\/wp\/v2\/pages\/5555\/revisions"}],"predecessor-version":[{"id":5558,"href":"https:\/\/test.pharmsultation.com\/fr\/wp-json\/wp\/v2\/pages\/5555\/revisions\/5558"}],"wp:attachment":[{"href":"https:\/\/test.pharmsultation.com\/fr\/wp-json\/wp\/v2\/media?parent=5555"}],"curies":[{"name":"wp","href":"https:\/\/api.w.org\/{rel}","templated":true}]}}