{"id":5551,"date":"2024-02-24T15:16:32","date_gmt":"2024-02-24T14:16:32","guid":{"rendered":"https:\/\/test.pharmsultation.com\/nos-gelules\/"},"modified":"2025-05-11T14:30:51","modified_gmt":"2025-05-11T12:30:51","slug":"nos-gelules","status":"publish","type":"page","link":"https:\/\/test.pharmsultation.com\/fr\/nos-gelules\/","title":{"rendered":"Nos g\u00e9lules"},"content":{"rendered":"\t\t<div data-elementor-type=\"wp-page\" data-elementor-id=\"5551\" class=\"elementor elementor-5551 elementor-270\" data-elementor-post-type=\"page\">\n\t\t\t\t<div class=\"elementor-element elementor-element-723c3a6 e-con-full e-flex e-con e-parent\" data-id=\"723c3a6\" data-element_type=\"container\" data-e-type=\"container\">\n\t\t\t\t<div class=\"elementor-element elementor-element-7e10eeb elementor-widget elementor-widget-image\" data-id=\"7e10eeb\" data-element_type=\"widget\" data-e-type=\"widget\" data-widget_type=\"image.default\">\n\t\t\t\t<div class=\"elementor-widget-container\">\n\t\t\t\t\t\t\t\t\t\t\t\t\t\t\t<img decoding=\"async\" src=\"https:\/\/test.pharmsultation.com\/wp-content\/uploads\/elementor\/thumbs\/customcolor_logo_transparent_background-1024x614-1-q647ssh1flx08fv0ggk1iapmka5wnh2ysl8s52f5kw.png\" title=\"Logo\" alt=\"Logo\" loading=\"lazy\" \/>\t\t\t\t\t\t\t\t\t\t\t\t\t\t\t<\/div>\n\t\t\t\t<\/div>\n\t\t\t\t<\/div>\n\t\t<div class=\"elementor-element elementor-element-654d6a2 e-flex e-con-boxed e-con e-parent\" data-id=\"654d6a2\" data-element_type=\"container\" data-e-type=\"container\">\n\t\t\t\t\t<div class=\"e-con-inner\">\n\t\t\t\t<div class=\"elementor-element elementor-element-6efeb66 elementor-widget elementor-widget-heading\" data-id=\"6efeb66\" data-element_type=\"widget\" data-e-type=\"widget\" data-widget_type=\"heading.default\">\n\t\t\t\t<div class=\"elementor-widget-container\">\n\t\t\t\t\t<div class=\"elementor-heading-title elementor-size-default\">Nos capsules<\/div>\t\t\t\t<\/div>\n\t\t\t\t<\/div>\n\t\t\t\t\t<\/div>\n\t\t\t\t<\/div>\n\t\t<div class=\"elementor-element elementor-element-3bce369 e-flex e-con-boxed e-con e-parent\" data-id=\"3bce369\" data-element_type=\"container\" data-e-type=\"container\">\n\t\t\t\t\t<div class=\"e-con-inner\">\n\t\t\t\t<div class=\"elementor-element elementor-element-6c2da7d elementor-widget elementor-widget-text-editor\" data-id=\"6c2da7d\" data-element_type=\"widget\" data-e-type=\"widget\" data-widget_type=\"text-editor.default\">\n\t\t\t\t<div class=\"elementor-widget-container\">\n\t\t\t\t\t\t\t\t\t<p>Un super compl\u00e9ment alimentaire n\u00e9cessite de la responsabilit\u00e9 et un large \u00e9ventail de savoir-faire.<br aria-hidden=\"true\"><br aria-hidden=\"true\">Chez PharmSultation, nous mettons tout en \u0153uvre pour fournir au march\u00e9 et aux clients des produits s\u00e9lectionn\u00e9s.<br aria-hidden=\"true\">Qu&rsquo;il s&rsquo;agisse de nos propres produits ou du d\u00e9veloppement pour nos clients, nous garantissons la qualit\u00e9 sur toute la ligne.<br aria-hidden=\"true\"><br aria-hidden=\"true\">Pour nous, l&rsquo;environnement est tr\u00e8s important et nous maintenons un niveau \u00e9lev\u00e9 de durabilit\u00e9.<br aria-hidden=\"true\">Nous travaillons dur et avec l&rsquo;approche maximale que nous avons les normes de qualit\u00e9 les plus \u00e9lev\u00e9es pour nos produits et pour l&rsquo;environnement.<br aria-hidden=\"true\"><br aria-hidden=\"true\">Depuis le d\u00e9but, nous avons voulu laisser une trace importante et bien connue o\u00f9 tout le monde peut nous croire et nous faire confiance &#8211; la confiance est importante.<br aria-hidden=\"true\">Nos g\u00e9lules et tous les autres produits ne sont pas seulement remplis d&rsquo;une poudre ou de quelques granul\u00e9s compress\u00e9s sous forme de comprim\u00e9s. Ils sont tous remplis d&rsquo;une forte concentration de poudre organique et la plupart du temps en combinaison avec un autre suppl\u00e9ment pour soutenir votre bien-\u00eatre et votre sant\u00e9. Chez PharmSultation, nous tenons \u00e0 vous soutenir et \u00e0 vous accompagner dans vos d\u00e9marches et dans l&rsquo;exploration de nouvelles voies. Nous sommes fiers d&rsquo;\u00eatre les premiers \u00e0 avoir d\u00e9velopp\u00e9 des g\u00e9lules 100% v\u00e9g\u00e9tales et v\u00e9g\u00e9taliennes pour divers produits.<br aria-hidden=\"true\">Chez PharmSultation, les produits sont exempts de colorants et de conservateurs, ainsi que de toute sorte d&rsquo;exhausteurs de go\u00fbt.<br aria-hidden=\"true\">Pour tous ceux qui souhaitent am\u00e9liorer leur sant\u00e9, ces produits sont parfaits, que ce soit \u00e0 la maison, au bureau ou en d\u00e9placement.<br aria-hidden=\"true\">Vivez une nouvelle exp\u00e9rience avec nous.   <br aria-hidden=\"true\"><br aria-hidden=\"true\"><b>NOTRE GARANTIE DE QUALIT\u00c9 :<\/b><\/p><p><br aria-hidden=\"true\">Sans pesticides, sans ar\u00f4mes artificiels et sans exhausteurs de go\u00fbt.<br aria-hidden=\"true\"><br><\/p>\t\t\t\t\t\t\t\t<\/div>\n\t\t\t\t<\/div>\n\t\t\t\t\t<\/div>\n\t\t\t\t<\/div>\n\t\t<div class=\"elementor-element elementor-element-b99f855 e-flex e-con-boxed e-con e-parent\" data-id=\"b99f855\" data-element_type=\"container\" data-e-type=\"container\">\n\t\t\t\t\t<div class=\"e-con-inner\">\n\t\t\t\t\t<\/div>\n\t\t\t\t<\/div>\n\t\t\t\t<\/div>\n\t\t","protected":false},"excerpt":{"rendered":"<p>Nos capsules Un super compl\u00e9ment alimentaire n\u00e9cessite de la responsabilit\u00e9 et un large \u00e9ventail de savoir-faire.Chez PharmSultation, nous mettons tout en \u0153uvre pour fournir au march\u00e9 et aux clients des produits s\u00e9lectionn\u00e9s.Qu&rsquo;il s&rsquo;agisse de nos propres produits ou du d\u00e9veloppement pour nos clients, nous garantissons la qualit\u00e9 sur toute la ligne.Pour nous, l&rsquo;environnement est tr\u00e8s [&hellip;]<\/p>\n","protected":false},"author":2,"featured_media":0,"parent":0,"menu_order":0,"comment_status":"closed","ping_status":"closed","template":"elementor_theme","meta":{"footnotes":""},"class_list":["post-5551","page","type-page","status-publish","hentry"],"yoast_head":"<!-- This site is optimized with the Yoast SEO plugin v27.2 - https:\/\/yoast.com\/product\/yoast-seo-wordpress\/ -->\n<title>PharmSultation - Nos produits : Capsules<\/title>\n<meta name=\"description\" content=\"Nos g\u00e9lules et tous les autres produits ne sont pas seulement remplis d&#039;une poudre ou de quelques granul\u00e9s compress\u00e9s sous forme de comprim\u00e9s ...\" \/>\n<meta name=\"robots\" content=\"index, follow, max-snippet:-1, max-image-preview:large, max-video-preview:-1\" \/>\n<link rel=\"canonical\" href=\"https:\/\/test.pharmsultation.com\/fr\/nos-gelules\/\" \/>\n<meta property=\"og:locale\" content=\"fr_FR\" \/>\n<meta property=\"og:type\" content=\"article\" \/>\n<meta property=\"og:title\" content=\"PharmSultation - Nos produits : Capsules\" \/>\n<meta property=\"og:description\" content=\"Nos g\u00e9lules et tous les autres produits ne sont pas seulement remplis d&#039;une poudre ou de quelques granul\u00e9s compress\u00e9s sous forme de comprim\u00e9s ...\" \/>\n<meta property=\"og:url\" content=\"https:\/\/test.pharmsultation.com\/fr\/nos-gelules\/\" \/>\n<meta property=\"article:modified_time\" content=\"2025-05-11T12:30:51+00:00\" \/>\n<meta property=\"og:image\" content=\"https:\/\/test.pharmsultation.com\/wp-content\/uploads\/elementor\/thumbs\/customcolor_logo_transparent_background-1024x614-1-q647ssh1flx08fv0ggk1iapmka5wnh2ysl8s52f5kw.png\" \/>\n<meta name=\"twitter:card\" content=\"summary_large_image\" \/>\n<meta name=\"twitter:label1\" content=\"Dur\u00e9e de lecture estim\u00e9e\" \/>\n\t<meta name=\"twitter:data1\" content=\"1 minute\" \/>\n<script type=\"application\/ld+json\" class=\"yoast-schema-graph\">{\"@context\":\"https:\/\/schema.org\",\"@graph\":[{\"@type\":\"WebPage\",\"@id\":\"https:\/\/test.pharmsultation.com\/fr\/nos-gelules\/\",\"url\":\"https:\/\/test.pharmsultation.com\/fr\/nos-gelules\/\",\"name\":\"PharmSultation - Nos produits : Capsules\",\"isPartOf\":{\"@id\":\"https:\/\/test.pharmsultation.com\/fr\/#website\"},\"primaryImageOfPage\":{\"@id\":\"https:\/\/test.pharmsultation.com\/fr\/nos-gelules\/#primaryimage\"},\"image\":{\"@id\":\"https:\/\/test.pharmsultation.com\/fr\/nos-gelules\/#primaryimage\"},\"thumbnailUrl\":\"https:\/\/test.pharmsultation.com\/wp-content\/uploads\/elementor\/thumbs\/customcolor_logo_transparent_background-1024x614-1-q647ssh1flx08fv0ggk1iapmka5wnh2ysl8s52f5kw.png\",\"datePublished\":\"2024-02-24T14:16:32+00:00\",\"dateModified\":\"2025-05-11T12:30:51+00:00\",\"description\":\"Nos g\u00e9lules et tous les autres produits ne sont pas seulement remplis d'une poudre ou de quelques granul\u00e9s compress\u00e9s sous forme de comprim\u00e9s ...\",\"breadcrumb\":{\"@id\":\"https:\/\/test.pharmsultation.com\/fr\/nos-gelules\/#breadcrumb\"},\"inLanguage\":\"fr-FR\",\"potentialAction\":[{\"@type\":\"ReadAction\",\"target\":[\"https:\/\/test.pharmsultation.com\/fr\/nos-gelules\/\"]}]},{\"@type\":\"ImageObject\",\"inLanguage\":\"fr-FR\",\"@id\":\"https:\/\/test.pharmsultation.com\/fr\/nos-gelules\/#primaryimage\",\"url\":\"https:\/\/test.pharmsultation.com\/wp-content\/uploads\/elementor\/thumbs\/customcolor_logo_transparent_background-1024x614-1-q647ssh1flx08fv0ggk1iapmka5wnh2ysl8s52f5kw.png\",\"contentUrl\":\"https:\/\/test.pharmsultation.com\/wp-content\/uploads\/elementor\/thumbs\/customcolor_logo_transparent_background-1024x614-1-q647ssh1flx08fv0ggk1iapmka5wnh2ysl8s52f5kw.png\"},{\"@type\":\"BreadcrumbList\",\"@id\":\"https:\/\/test.pharmsultation.com\/fr\/nos-gelules\/#breadcrumb\",\"itemListElement\":[{\"@type\":\"ListItem\",\"position\":1,\"name\":\"Accueil\",\"item\":\"https:\/\/test.pharmsultation.com\/fr\/pharmsultation-complements-alimentaires-et-conseils\/\"},{\"@type\":\"ListItem\",\"position\":2,\"name\":\"Nos g\u00e9lules\"}]},{\"@type\":\"WebSite\",\"@id\":\"https:\/\/test.pharmsultation.com\/fr\/#website\",\"url\":\"https:\/\/test.pharmsultation.com\/fr\/\",\"name\":\"PharmSultation - Pharma & Industries Services\",\"description\":\"\",\"publisher\":{\"@id\":\"https:\/\/test.pharmsultation.com\/fr\/#organization\"},\"potentialAction\":[{\"@type\":\"SearchAction\",\"target\":{\"@type\":\"EntryPoint\",\"urlTemplate\":\"https:\/\/test.pharmsultation.com\/fr\/?s={search_term_string}\"},\"query-input\":{\"@type\":\"PropertyValueSpecification\",\"valueRequired\":true,\"valueName\":\"search_term_string\"}}],\"inLanguage\":\"fr-FR\"},{\"@type\":\"Organization\",\"@id\":\"https:\/\/test.pharmsultation.com\/fr\/#organization\",\"name\":\"PharmSultation\",\"url\":\"https:\/\/test.pharmsultation.com\/fr\/\",\"logo\":{\"@type\":\"ImageObject\",\"inLanguage\":\"fr-FR\",\"@id\":\"https:\/\/test.pharmsultation.com\/fr\/#\/schema\/logo\/image\/\",\"url\":\"https:\/\/www.pharmsultation.com\/wp-content\/uploads\/2023\/05\/customcolor_logo_transparent_background.png\",\"contentUrl\":\"https:\/\/www.pharmsultation.com\/wp-content\/uploads\/2023\/05\/customcolor_logo_transparent_background.png\",\"width\":3125,\"height\":1875,\"caption\":\"PharmSultation\"},\"image\":{\"@id\":\"https:\/\/test.pharmsultation.com\/fr\/#\/schema\/logo\/image\/\"}}]}<\/script>\n<!-- \/ Yoast SEO plugin. -->","yoast_head_json":{"title":"PharmSultation - Nos produits : Capsules","description":"Nos g\u00e9lules et tous les autres produits ne sont pas seulement remplis d'une poudre ou de quelques granul\u00e9s compress\u00e9s sous forme de comprim\u00e9s ...","robots":{"index":"index","follow":"follow","max-snippet":"max-snippet:-1","max-image-preview":"max-image-preview:large","max-video-preview":"max-video-preview:-1"},"canonical":"https:\/\/test.pharmsultation.com\/fr\/nos-gelules\/","og_locale":"fr_FR","og_type":"article","og_title":"PharmSultation - Nos produits : Capsules","og_description":"Nos g\u00e9lules et tous les autres produits ne sont pas seulement remplis d'une poudre ou de quelques granul\u00e9s compress\u00e9s sous forme de comprim\u00e9s ...","og_url":"https:\/\/test.pharmsultation.com\/fr\/nos-gelules\/","article_modified_time":"2025-05-11T12:30:51+00:00","og_image":[{"url":"https:\/\/test.pharmsultation.com\/wp-content\/uploads\/elementor\/thumbs\/customcolor_logo_transparent_background-1024x614-1-q647ssh1flx08fv0ggk1iapmka5wnh2ysl8s52f5kw.png","type":"","width":"","height":""}],"twitter_card":"summary_large_image","twitter_misc":{"Dur\u00e9e de lecture estim\u00e9e":"1 minute"},"schema":{"@context":"https:\/\/schema.org","@graph":[{"@type":"WebPage","@id":"https:\/\/test.pharmsultation.com\/fr\/nos-gelules\/","url":"https:\/\/test.pharmsultation.com\/fr\/nos-gelules\/","name":"PharmSultation - Nos produits : Capsules","isPartOf":{"@id":"https:\/\/test.pharmsultation.com\/fr\/#website"},"primaryImageOfPage":{"@id":"https:\/\/test.pharmsultation.com\/fr\/nos-gelules\/#primaryimage"},"image":{"@id":"https:\/\/test.pharmsultation.com\/fr\/nos-gelules\/#primaryimage"},"thumbnailUrl":"https:\/\/test.pharmsultation.com\/wp-content\/uploads\/elementor\/thumbs\/customcolor_logo_transparent_background-1024x614-1-q647ssh1flx08fv0ggk1iapmka5wnh2ysl8s52f5kw.png","datePublished":"2024-02-24T14:16:32+00:00","dateModified":"2025-05-11T12:30:51+00:00","description":"Nos g\u00e9lules et tous les autres produits ne sont pas seulement remplis d'une poudre ou de quelques granul\u00e9s compress\u00e9s sous forme de comprim\u00e9s ...","breadcrumb":{"@id":"https:\/\/test.pharmsultation.com\/fr\/nos-gelules\/#breadcrumb"},"inLanguage":"fr-FR","potentialAction":[{"@type":"ReadAction","target":["https:\/\/test.pharmsultation.com\/fr\/nos-gelules\/"]}]},{"@type":"ImageObject","inLanguage":"fr-FR","@id":"https:\/\/test.pharmsultation.com\/fr\/nos-gelules\/#primaryimage","url":"https:\/\/test.pharmsultation.com\/wp-content\/uploads\/elementor\/thumbs\/customcolor_logo_transparent_background-1024x614-1-q647ssh1flx08fv0ggk1iapmka5wnh2ysl8s52f5kw.png","contentUrl":"https:\/\/test.pharmsultation.com\/wp-content\/uploads\/elementor\/thumbs\/customcolor_logo_transparent_background-1024x614-1-q647ssh1flx08fv0ggk1iapmka5wnh2ysl8s52f5kw.png"},{"@type":"BreadcrumbList","@id":"https:\/\/test.pharmsultation.com\/fr\/nos-gelules\/#breadcrumb","itemListElement":[{"@type":"ListItem","position":1,"name":"Accueil","item":"https:\/\/test.pharmsultation.com\/fr\/pharmsultation-complements-alimentaires-et-conseils\/"},{"@type":"ListItem","position":2,"name":"Nos g\u00e9lules"}]},{"@type":"WebSite","@id":"https:\/\/test.pharmsultation.com\/fr\/#website","url":"https:\/\/test.pharmsultation.com\/fr\/","name":"PharmSultation - Pharma & Industries Services","description":"","publisher":{"@id":"https:\/\/test.pharmsultation.com\/fr\/#organization"},"potentialAction":[{"@type":"SearchAction","target":{"@type":"EntryPoint","urlTemplate":"https:\/\/test.pharmsultation.com\/fr\/?s={search_term_string}"},"query-input":{"@type":"PropertyValueSpecification","valueRequired":true,"valueName":"search_term_string"}}],"inLanguage":"fr-FR"},{"@type":"Organization","@id":"https:\/\/test.pharmsultation.com\/fr\/#organization","name":"PharmSultation","url":"https:\/\/test.pharmsultation.com\/fr\/","logo":{"@type":"ImageObject","inLanguage":"fr-FR","@id":"https:\/\/test.pharmsultation.com\/fr\/#\/schema\/logo\/image\/","url":"https:\/\/www.pharmsultation.com\/wp-content\/uploads\/2023\/05\/customcolor_logo_transparent_background.png","contentUrl":"https:\/\/www.pharmsultation.com\/wp-content\/uploads\/2023\/05\/customcolor_logo_transparent_background.png","width":3125,"height":1875,"caption":"PharmSultation"},"image":{"@id":"https:\/\/test.pharmsultation.com\/fr\/#\/schema\/logo\/image\/"}}]}},"_links":{"self":[{"href":"https:\/\/test.pharmsultation.com\/fr\/wp-json\/wp\/v2\/pages\/5551","targetHints":{"allow":["GET"]}}],"collection":[{"href":"https:\/\/test.pharmsultation.com\/fr\/wp-json\/wp\/v2\/pages"}],"about":[{"href":"https:\/\/test.pharmsultation.com\/fr\/wp-json\/wp\/v2\/types\/page"}],"author":[{"embeddable":true,"href":"https:\/\/test.pharmsultation.com\/fr\/wp-json\/wp\/v2\/users\/2"}],"replies":[{"embeddable":true,"href":"https:\/\/test.pharmsultation.com\/fr\/wp-json\/wp\/v2\/comments?post=5551"}],"version-history":[{"count":1,"href":"https:\/\/test.pharmsultation.com\/fr\/wp-json\/wp\/v2\/pages\/5551\/revisions"}],"predecessor-version":[{"id":5557,"href":"https:\/\/test.pharmsultation.com\/fr\/wp-json\/wp\/v2\/pages\/5551\/revisions\/5557"}],"wp:attachment":[{"href":"https:\/\/test.pharmsultation.com\/fr\/wp-json\/wp\/v2\/media?parent=5551"}],"curies":[{"name":"wp","href":"https:\/\/api.w.org\/{rel}","templated":true}]}}