{"id":5513,"date":"2024-06-23T20:52:39","date_gmt":"2024-06-23T18:52:39","guid":{"rendered":"https:\/\/test.pharmsultation.com\/le-pouvoir-de-la-nature\/"},"modified":"2025-05-11T14:30:40","modified_gmt":"2025-05-11T12:30:40","slug":"le-pouvoir-de-la-nature","status":"publish","type":"page","link":"https:\/\/test.pharmsultation.com\/fr\/le-pouvoir-de-la-nature\/","title":{"rendered":"Le pouvoir de la nature"},"content":{"rendered":"\t\t<div data-elementor-type=\"wp-page\" data-elementor-id=\"5513\" class=\"elementor elementor-5513 elementor-620\" data-elementor-post-type=\"page\">\n\t\t\t\t<div class=\"elementor-element elementor-element-eeb31e0 e-flex e-con-boxed e-con e-parent\" data-id=\"eeb31e0\" data-element_type=\"container\" data-e-type=\"container\">\n\t\t\t\t\t<div class=\"e-con-inner\">\n\t\t\t\t<div class=\"elementor-element elementor-element-13ea013 elementor-widget elementor-widget-image\" data-id=\"13ea013\" data-element_type=\"widget\" data-e-type=\"widget\" data-widget_type=\"image.default\">\n\t\t\t\t<div class=\"elementor-widget-container\">\n\t\t\t\t\t\t\t\t\t\t\t\t\t\t\t\t<a href=\"https:\/\/www.pharmsultation.com\/\">\n\t\t\t\t\t\t\t<img fetchpriority=\"high\" decoding=\"async\" width=\"300\" height=\"180\" src=\"https:\/\/test.pharmsultation.com\/wp-content\/uploads\/2023\/05\/customcolor_logo_transparent_background-300x180.png\" class=\"attachment-medium size-medium wp-image-2484\" alt=\"\" srcset=\"https:\/\/test.pharmsultation.com\/wp-content\/uploads\/2023\/05\/customcolor_logo_transparent_background-300x180.png 300w, https:\/\/test.pharmsultation.com\/wp-content\/uploads\/2023\/05\/customcolor_logo_transparent_background-1024x614.png 1024w, https:\/\/test.pharmsultation.com\/wp-content\/uploads\/2023\/05\/customcolor_logo_transparent_background-768x461.png 768w, https:\/\/test.pharmsultation.com\/wp-content\/uploads\/2023\/05\/customcolor_logo_transparent_background-1536x922.png 1536w, https:\/\/test.pharmsultation.com\/wp-content\/uploads\/2023\/05\/customcolor_logo_transparent_background-2048x1229.png 2048w\" sizes=\"(max-width: 300px) 100vw, 300px\" \/>\t\t\t\t\t\t\t\t<\/a>\n\t\t\t\t\t\t\t\t\t\t\t\t\t\t\t<\/div>\n\t\t\t\t<\/div>\n\t\t\t\t\t<\/div>\n\t\t\t\t<\/div>\n\t\t<div class=\"elementor-element elementor-element-ebefaf7 e-flex e-con-boxed e-con e-parent\" data-id=\"ebefaf7\" data-element_type=\"container\" data-e-type=\"container\">\n\t\t\t\t\t<div class=\"e-con-inner\">\n\t\t\t\t<div class=\"elementor-element elementor-element-afb9102 elementor-widget elementor-widget-heading\" data-id=\"afb9102\" data-element_type=\"widget\" data-e-type=\"widget\" data-widget_type=\"heading.default\">\n\t\t\t\t<div class=\"elementor-widget-container\">\n\t\t\t\t\t<h2 class=\"elementor-heading-title elementor-size-default\">Le pouvoir de la nature<\/h2>\t\t\t\t<\/div>\n\t\t\t\t<\/div>\n\t\t\t\t\t<\/div>\n\t\t\t\t<\/div>\n\t\t<div class=\"elementor-element elementor-element-57ffb9c e-flex e-con-boxed e-con e-parent\" data-id=\"57ffb9c\" data-element_type=\"container\" data-e-type=\"container\">\n\t\t\t\t\t<div class=\"e-con-inner\">\n\t\t<div class=\"elementor-element elementor-element-ab23ce4 e-con-full e-flex e-con e-child\" data-id=\"ab23ce4\" data-element_type=\"container\" data-e-type=\"container\">\n\t\t\t\t<\/div>\n\t\t<div class=\"elementor-element elementor-element-20c845b e-con-full e-flex e-con e-child\" data-id=\"20c845b\" data-element_type=\"container\" data-e-type=\"container\">\n\t\t\t\t<div class=\"elementor-element elementor-element-54d7f28 elementor-widget elementor-widget-text-editor\" data-id=\"54d7f28\" data-element_type=\"widget\" data-e-type=\"widget\" data-widget_type=\"text-editor.default\">\n\t\t\t\t<div class=\"elementor-widget-container\">\n\t\t\t\t\t\t\t\t\t<p>par Haci H.Polat<\/p><p>Dans le vaste monde de la sant\u00e9 et du bien-\u00eatre, la nutrition joue aujourd&rsquo;hui un r\u00f4le majeur dans l&rsquo;am\u00e9lioration et la stimulation de la force physique et mentale.<br>Cela \u00e9tait connu autrefois, dans les r\u00e9gions o\u00f9 la disponibilit\u00e9 m\u00e9dicale est moindre et dans les villages o\u00f9 le savoir-faire se transmet de g\u00e9n\u00e9ration en g\u00e9n\u00e9ration.<\/p><p>Nous allons nous plonger un peu plus profond\u00e9ment dans la nouvelle signification des nutriments et de leur pouvoir.<\/p><p><b>NATUREL ET DURABLE<\/b><\/p><p>La cl\u00e9 des suppl\u00e9ments les plus concentr\u00e9s est l&rsquo;approvisionnement en nutriments sans manipulation de l&rsquo;environnement naturel. L&rsquo;objectif n&rsquo;est donc pas de forcer la croissance et d&rsquo;obtenir des r\u00e9coltes plus importantes. <br>La priorit\u00e9 absolue est de pr\u00e9server l&#8217;empreinte \u00e9cologique.<br>Les consommateurs ont besoin de la meilleure source, non influenc\u00e9e, pour pr\u00e9server et am\u00e9liorer leur sant\u00e9. <\/p><p>Pour garantir les avantages annonc\u00e9s, l&rsquo;industrie est fortement r\u00e9glement\u00e9e et veille \u00e0 ce que les normes de qualit\u00e9 soient les plus strictes possibles pour assurer la s\u00e9curit\u00e9 des consommateurs.<\/p><p><b>QUELQUES UNS DES POWERFOODS<\/b><\/p><p><b>GINGER<\/b><\/p><p>Le gingembre est l&rsquo;un des Power Nutritions les plus reconnus, avec de nombreux avantages pour la sant\u00e9 et le bien-\u00eatre.<br>Il peut aider, par exemple, la v\u00e9sicule biliaire et il est naturellement antibact\u00e9rien, et bien d&rsquo;autres avantages pourraient \u00eatre \u00e9num\u00e9r\u00e9s.<\/p><p><b>ROSE HIP<\/b><\/p><p>Gr\u00e2ce \u00e0 sa teneur \u00e9lev\u00e9e en vitamine C, il soutient le pouvoir d\u00e9fensif et est riche en antioxydants.<\/p><p>Vous voulez en savoir plus sur les autres suppl\u00e9ments ? Nous nous ferons un plaisir de vous les communiquer sur demande. <\/p>\t\t\t\t\t\t\t\t<\/div>\n\t\t\t\t<\/div>\n\t\t\t\t<\/div>\n\t\t\t\t\t<\/div>\n\t\t\t\t<\/div>\n\t\t<div class=\"elementor-element elementor-element-9f43093 e-con-full e-flex e-con e-parent\" data-id=\"9f43093\" data-element_type=\"container\" data-e-type=\"container\" data-settings=\"{&quot;background_background&quot;:&quot;classic&quot;}\">\n\t\t<div class=\"elementor-element elementor-element-c857f59 e-flex e-con-boxed e-con e-child\" data-id=\"c857f59\" data-element_type=\"container\" data-e-type=\"container\">\n\t\t\t\t\t<div class=\"e-con-inner\">\n\t\t\t\t<div class=\"elementor-element elementor-element-ca00eb7 elementor-widget__width-auto elementor-widget elementor-widget-heading\" data-id=\"ca00eb7\" data-element_type=\"widget\" data-e-type=\"widget\" data-widget_type=\"heading.default\">\n\t\t\t\t<div class=\"elementor-widget-container\">\n\t\t\t\t\t<p class=\"elementor-heading-title elementor-size-default\">2024 PharmSultation Tous droits r\u00e9serv\u00e9s.<\/p>\t\t\t\t<\/div>\n\t\t\t\t<\/div>\n\t\t\t\t\t<\/div>\n\t\t\t\t<\/div>\n\t\t\t\t<\/div>\n\t\t\t\t<\/div>\n\t\t","protected":false},"excerpt":{"rendered":"<p>Le pouvoir de la nature par Haci H.Polat Dans le vaste monde de la sant\u00e9 et du bien-\u00eatre, la nutrition joue aujourd&rsquo;hui un r\u00f4le majeur dans l&rsquo;am\u00e9lioration et la stimulation de la force physique et mentale.Cela \u00e9tait connu autrefois, dans les r\u00e9gions o\u00f9 la disponibilit\u00e9 m\u00e9dicale est moindre et dans les villages o\u00f9 le savoir-faire [&hellip;]<\/p>\n","protected":false},"author":2,"featured_media":0,"parent":0,"menu_order":0,"comment_status":"closed","ping_status":"closed","template":"","meta":{"footnotes":""},"class_list":["post-5513","page","type-page","status-publish","hentry"],"yoast_head":"<!-- This site is optimized with the Yoast SEO plugin v27.2 - https:\/\/yoast.com\/product\/yoast-seo-wordpress\/ -->\n<title>Le pouvoir de la nature -<\/title>\n<meta name=\"robots\" content=\"index, follow, max-snippet:-1, max-image-preview:large, max-video-preview:-1\" \/>\n<link rel=\"canonical\" href=\"https:\/\/test.pharmsultation.com\/fr\/le-pouvoir-de-la-nature\/\" \/>\n<meta property=\"og:locale\" content=\"fr_FR\" \/>\n<meta property=\"og:type\" content=\"article\" \/>\n<meta property=\"og:title\" content=\"Le pouvoir de la nature -\" \/>\n<meta property=\"og:description\" content=\"Le pouvoir de la nature par Haci H.Polat Dans le vaste monde de la sant\u00e9 et du bien-\u00eatre, la nutrition joue aujourd&rsquo;hui un r\u00f4le majeur dans l&rsquo;am\u00e9lioration et la stimulation de la force physique et mentale.Cela \u00e9tait connu autrefois, dans les r\u00e9gions o\u00f9 la disponibilit\u00e9 m\u00e9dicale est moindre et dans les villages o\u00f9 le savoir-faire [&hellip;]\" \/>\n<meta property=\"og:url\" content=\"https:\/\/test.pharmsultation.com\/fr\/le-pouvoir-de-la-nature\/\" \/>\n<meta property=\"article:modified_time\" content=\"2025-05-11T12:30:40+00:00\" \/>\n<meta property=\"og:image\" content=\"https:\/\/test.pharmsultation.com\/wp-content\/uploads\/2023\/05\/customcolor_logo_transparent_background.png\" \/>\n\t<meta property=\"og:image:width\" content=\"3125\" \/>\n\t<meta property=\"og:image:height\" content=\"1875\" \/>\n\t<meta property=\"og:image:type\" content=\"image\/png\" \/>\n<meta name=\"twitter:card\" content=\"summary_large_image\" \/>\n<meta name=\"twitter:label1\" content=\"Dur\u00e9e de lecture estim\u00e9e\" \/>\n\t<meta name=\"twitter:data1\" content=\"1 minute\" \/>\n<script type=\"application\/ld+json\" class=\"yoast-schema-graph\">{\"@context\":\"https:\/\/schema.org\",\"@graph\":[{\"@type\":\"WebPage\",\"@id\":\"https:\/\/test.pharmsultation.com\/fr\/le-pouvoir-de-la-nature\/\",\"url\":\"https:\/\/test.pharmsultation.com\/fr\/le-pouvoir-de-la-nature\/\",\"name\":\"Le pouvoir de la nature -\",\"isPartOf\":{\"@id\":\"https:\/\/test.pharmsultation.com\/fr\/#website\"},\"primaryImageOfPage\":{\"@id\":\"https:\/\/test.pharmsultation.com\/fr\/le-pouvoir-de-la-nature\/#primaryimage\"},\"image\":{\"@id\":\"https:\/\/test.pharmsultation.com\/fr\/le-pouvoir-de-la-nature\/#primaryimage\"},\"thumbnailUrl\":\"https:\/\/test.pharmsultation.com\/wp-content\/uploads\/2023\/05\/customcolor_logo_transparent_background-300x180.png\",\"datePublished\":\"2024-06-23T18:52:39+00:00\",\"dateModified\":\"2025-05-11T12:30:40+00:00\",\"breadcrumb\":{\"@id\":\"https:\/\/test.pharmsultation.com\/fr\/le-pouvoir-de-la-nature\/#breadcrumb\"},\"inLanguage\":\"fr-FR\",\"potentialAction\":[{\"@type\":\"ReadAction\",\"target\":[\"https:\/\/test.pharmsultation.com\/fr\/le-pouvoir-de-la-nature\/\"]}]},{\"@type\":\"ImageObject\",\"inLanguage\":\"fr-FR\",\"@id\":\"https:\/\/test.pharmsultation.com\/fr\/le-pouvoir-de-la-nature\/#primaryimage\",\"url\":\"https:\/\/test.pharmsultation.com\/wp-content\/uploads\/2023\/05\/customcolor_logo_transparent_background-300x180.png\",\"contentUrl\":\"https:\/\/test.pharmsultation.com\/wp-content\/uploads\/2023\/05\/customcolor_logo_transparent_background-300x180.png\"},{\"@type\":\"BreadcrumbList\",\"@id\":\"https:\/\/test.pharmsultation.com\/fr\/le-pouvoir-de-la-nature\/#breadcrumb\",\"itemListElement\":[{\"@type\":\"ListItem\",\"position\":1,\"name\":\"Accueil\",\"item\":\"https:\/\/test.pharmsultation.com\/fr\/pharmsultation-complements-alimentaires-et-conseils\/\"},{\"@type\":\"ListItem\",\"position\":2,\"name\":\"Le pouvoir de la nature\"}]},{\"@type\":\"WebSite\",\"@id\":\"https:\/\/test.pharmsultation.com\/fr\/#website\",\"url\":\"https:\/\/test.pharmsultation.com\/fr\/\",\"name\":\"PharmSultation - Pharma & Industries Services\",\"description\":\"\",\"publisher\":{\"@id\":\"https:\/\/test.pharmsultation.com\/fr\/#organization\"},\"potentialAction\":[{\"@type\":\"SearchAction\",\"target\":{\"@type\":\"EntryPoint\",\"urlTemplate\":\"https:\/\/test.pharmsultation.com\/fr\/?s={search_term_string}\"},\"query-input\":{\"@type\":\"PropertyValueSpecification\",\"valueRequired\":true,\"valueName\":\"search_term_string\"}}],\"inLanguage\":\"fr-FR\"},{\"@type\":\"Organization\",\"@id\":\"https:\/\/test.pharmsultation.com\/fr\/#organization\",\"name\":\"PharmSultation\",\"url\":\"https:\/\/test.pharmsultation.com\/fr\/\",\"logo\":{\"@type\":\"ImageObject\",\"inLanguage\":\"fr-FR\",\"@id\":\"https:\/\/test.pharmsultation.com\/fr\/#\/schema\/logo\/image\/\",\"url\":\"https:\/\/www.pharmsultation.com\/wp-content\/uploads\/2023\/05\/customcolor_logo_transparent_background.png\",\"contentUrl\":\"https:\/\/www.pharmsultation.com\/wp-content\/uploads\/2023\/05\/customcolor_logo_transparent_background.png\",\"width\":3125,\"height\":1875,\"caption\":\"PharmSultation\"},\"image\":{\"@id\":\"https:\/\/test.pharmsultation.com\/fr\/#\/schema\/logo\/image\/\"}}]}<\/script>\n<!-- \/ Yoast SEO plugin. -->","yoast_head_json":{"title":"Le pouvoir de la nature -","robots":{"index":"index","follow":"follow","max-snippet":"max-snippet:-1","max-image-preview":"max-image-preview:large","max-video-preview":"max-video-preview:-1"},"canonical":"https:\/\/test.pharmsultation.com\/fr\/le-pouvoir-de-la-nature\/","og_locale":"fr_FR","og_type":"article","og_title":"Le pouvoir de la nature -","og_description":"Le pouvoir de la nature par Haci H.Polat Dans le vaste monde de la sant\u00e9 et du bien-\u00eatre, la nutrition joue aujourd&rsquo;hui un r\u00f4le majeur dans l&rsquo;am\u00e9lioration et la stimulation de la force physique et mentale.Cela \u00e9tait connu autrefois, dans les r\u00e9gions o\u00f9 la disponibilit\u00e9 m\u00e9dicale est moindre et dans les villages o\u00f9 le savoir-faire [&hellip;]","og_url":"https:\/\/test.pharmsultation.com\/fr\/le-pouvoir-de-la-nature\/","article_modified_time":"2025-05-11T12:30:40+00:00","og_image":[{"width":3125,"height":1875,"url":"https:\/\/test.pharmsultation.com\/wp-content\/uploads\/2023\/05\/customcolor_logo_transparent_background.png","type":"image\/png"}],"twitter_card":"summary_large_image","twitter_misc":{"Dur\u00e9e de lecture estim\u00e9e":"1 minute"},"schema":{"@context":"https:\/\/schema.org","@graph":[{"@type":"WebPage","@id":"https:\/\/test.pharmsultation.com\/fr\/le-pouvoir-de-la-nature\/","url":"https:\/\/test.pharmsultation.com\/fr\/le-pouvoir-de-la-nature\/","name":"Le pouvoir de la nature -","isPartOf":{"@id":"https:\/\/test.pharmsultation.com\/fr\/#website"},"primaryImageOfPage":{"@id":"https:\/\/test.pharmsultation.com\/fr\/le-pouvoir-de-la-nature\/#primaryimage"},"image":{"@id":"https:\/\/test.pharmsultation.com\/fr\/le-pouvoir-de-la-nature\/#primaryimage"},"thumbnailUrl":"https:\/\/test.pharmsultation.com\/wp-content\/uploads\/2023\/05\/customcolor_logo_transparent_background-300x180.png","datePublished":"2024-06-23T18:52:39+00:00","dateModified":"2025-05-11T12:30:40+00:00","breadcrumb":{"@id":"https:\/\/test.pharmsultation.com\/fr\/le-pouvoir-de-la-nature\/#breadcrumb"},"inLanguage":"fr-FR","potentialAction":[{"@type":"ReadAction","target":["https:\/\/test.pharmsultation.com\/fr\/le-pouvoir-de-la-nature\/"]}]},{"@type":"ImageObject","inLanguage":"fr-FR","@id":"https:\/\/test.pharmsultation.com\/fr\/le-pouvoir-de-la-nature\/#primaryimage","url":"https:\/\/test.pharmsultation.com\/wp-content\/uploads\/2023\/05\/customcolor_logo_transparent_background-300x180.png","contentUrl":"https:\/\/test.pharmsultation.com\/wp-content\/uploads\/2023\/05\/customcolor_logo_transparent_background-300x180.png"},{"@type":"BreadcrumbList","@id":"https:\/\/test.pharmsultation.com\/fr\/le-pouvoir-de-la-nature\/#breadcrumb","itemListElement":[{"@type":"ListItem","position":1,"name":"Accueil","item":"https:\/\/test.pharmsultation.com\/fr\/pharmsultation-complements-alimentaires-et-conseils\/"},{"@type":"ListItem","position":2,"name":"Le pouvoir de la nature"}]},{"@type":"WebSite","@id":"https:\/\/test.pharmsultation.com\/fr\/#website","url":"https:\/\/test.pharmsultation.com\/fr\/","name":"PharmSultation - Pharma & Industries Services","description":"","publisher":{"@id":"https:\/\/test.pharmsultation.com\/fr\/#organization"},"potentialAction":[{"@type":"SearchAction","target":{"@type":"EntryPoint","urlTemplate":"https:\/\/test.pharmsultation.com\/fr\/?s={search_term_string}"},"query-input":{"@type":"PropertyValueSpecification","valueRequired":true,"valueName":"search_term_string"}}],"inLanguage":"fr-FR"},{"@type":"Organization","@id":"https:\/\/test.pharmsultation.com\/fr\/#organization","name":"PharmSultation","url":"https:\/\/test.pharmsultation.com\/fr\/","logo":{"@type":"ImageObject","inLanguage":"fr-FR","@id":"https:\/\/test.pharmsultation.com\/fr\/#\/schema\/logo\/image\/","url":"https:\/\/www.pharmsultation.com\/wp-content\/uploads\/2023\/05\/customcolor_logo_transparent_background.png","contentUrl":"https:\/\/www.pharmsultation.com\/wp-content\/uploads\/2023\/05\/customcolor_logo_transparent_background.png","width":3125,"height":1875,"caption":"PharmSultation"},"image":{"@id":"https:\/\/test.pharmsultation.com\/fr\/#\/schema\/logo\/image\/"}}]}},"_links":{"self":[{"href":"https:\/\/test.pharmsultation.com\/fr\/wp-json\/wp\/v2\/pages\/5513","targetHints":{"allow":["GET"]}}],"collection":[{"href":"https:\/\/test.pharmsultation.com\/fr\/wp-json\/wp\/v2\/pages"}],"about":[{"href":"https:\/\/test.pharmsultation.com\/fr\/wp-json\/wp\/v2\/types\/page"}],"author":[{"embeddable":true,"href":"https:\/\/test.pharmsultation.com\/fr\/wp-json\/wp\/v2\/users\/2"}],"replies":[{"embeddable":true,"href":"https:\/\/test.pharmsultation.com\/fr\/wp-json\/wp\/v2\/comments?post=5513"}],"version-history":[{"count":1,"href":"https:\/\/test.pharmsultation.com\/fr\/wp-json\/wp\/v2\/pages\/5513\/revisions"}],"predecessor-version":[{"id":5526,"href":"https:\/\/test.pharmsultation.com\/fr\/wp-json\/wp\/v2\/pages\/5513\/revisions\/5526"}],"wp:attachment":[{"href":"https:\/\/test.pharmsultation.com\/fr\/wp-json\/wp\/v2\/media?parent=5513"}],"curies":[{"name":"wp","href":"https:\/\/api.w.org\/{rel}","templated":true}]}}