{"id":5501,"date":"2024-04-21T19:17:05","date_gmt":"2024-04-21T17:17:05","guid":{"rendered":"https:\/\/test.pharmsultation.com\/nos-tablettes\/"},"modified":"2025-05-11T14:30:37","modified_gmt":"2025-05-11T12:30:37","slug":"nos-tablettes","status":"publish","type":"page","link":"https:\/\/test.pharmsultation.com\/fr\/nos-tablettes\/","title":{"rendered":"Nos tablettes"},"content":{"rendered":"\t\t<div data-elementor-type=\"wp-page\" data-elementor-id=\"5501\" class=\"elementor elementor-5501 elementor-355\" data-elementor-post-type=\"page\">\n\t\t\t\t<div class=\"elementor-element elementor-element-035d2d5 e-con-full e-flex e-con e-parent\" data-id=\"035d2d5\" data-element_type=\"container\" data-e-type=\"container\">\n\t\t\t\t<div class=\"elementor-element elementor-element-1da8afb elementor-widget elementor-widget-image\" data-id=\"1da8afb\" data-element_type=\"widget\" data-e-type=\"widget\" data-widget_type=\"image.default\">\n\t\t\t\t<div class=\"elementor-widget-container\">\n\t\t\t\t\t\t\t\t\t\t\t\t\t\t\t<img decoding=\"async\" src=\"https:\/\/test.pharmsultation.com\/wp-content\/uploads\/elementor\/thumbs\/customcolor_logo_transparent_background-1024x614-1-q647ssh1flx08fv0ggk1iapmka5wnh2ysl8s52f5kw.png\" title=\"Logo\" alt=\"Logo\" loading=\"lazy\" \/>\t\t\t\t\t\t\t\t\t\t\t\t\t\t\t<\/div>\n\t\t\t\t<\/div>\n\t\t\t\t<\/div>\n\t\t<div class=\"elementor-element elementor-element-76281b6 e-flex e-con-boxed e-con e-parent\" data-id=\"76281b6\" data-element_type=\"container\" data-e-type=\"container\">\n\t\t\t\t\t<div class=\"e-con-inner\">\n\t\t\t\t<div class=\"elementor-element elementor-element-89ac00b elementor-widget elementor-widget-heading\" data-id=\"89ac00b\" data-element_type=\"widget\" data-e-type=\"widget\" data-widget_type=\"heading.default\">\n\t\t\t\t<div class=\"elementor-widget-container\">\n\t\t\t\t\t<div class=\"elementor-heading-title elementor-size-default\">Comprim\u00e9s \/ Comprim\u00e9s pellicul\u00e9s<\/div>\t\t\t\t<\/div>\n\t\t\t\t<\/div>\n\t\t\t\t\t<\/div>\n\t\t\t\t<\/div>\n\t\t<div class=\"elementor-element elementor-element-0a5bfc7 e-flex e-con-boxed e-con e-parent\" data-id=\"0a5bfc7\" data-element_type=\"container\" data-e-type=\"container\">\n\t\t\t\t\t<div class=\"e-con-inner\">\n\t\t\t\t<div class=\"elementor-element elementor-element-1e3bfe4 elementor-widget elementor-widget-text-editor\" data-id=\"1e3bfe4\" data-element_type=\"widget\" data-e-type=\"widget\" data-widget_type=\"text-editor.default\">\n\t\t\t\t<div class=\"elementor-widget-container\">\n\t\t\t\t\t\t\t\t\t<p>En ce qui concerne les comprim\u00e9s, nous disposons de deux types principaux : les comprim\u00e9s de haute qualit\u00e9 et les comprim\u00e9s pellicul\u00e9s. Nos produits de haute qualit\u00e9 sont fabriqu\u00e9s \u00e0 partir d&rsquo;ingr\u00e9dients de qualit\u00e9 sup\u00e9rieure et selon des normes de production haut de gamme, ce qui garantit leur efficacit\u00e9 et leur puret\u00e9 dans le respect des normes de qualit\u00e9 les plus strictes.<br>Les comprim\u00e9s pellicul\u00e9s sont recouverts d&rsquo;une fine couche d&rsquo;enrobage qui les rend plus faciles \u00e0 avaler et masque tout go\u00fbt d\u00e9sagr\u00e9able. Nous produisons et d\u00e9veloppons ces deux produits avec la plus grande passion afin de fournir un produit absolument fiable qui combine la qualit\u00e9 et le soutien attendu pour vous et votre sant\u00e9.  <\/p>\t\t\t\t\t\t\t\t<\/div>\n\t\t\t\t<\/div>\n\t\t\t\t\t<\/div>\n\t\t\t\t<\/div>\n\t\t<div class=\"elementor-element elementor-element-5a0a8c8 e-flex e-con-boxed e-con e-parent\" data-id=\"5a0a8c8\" data-element_type=\"container\" data-e-type=\"container\">\n\t\t\t\t\t<div class=\"e-con-inner\">\n\t\t\t\t\t<\/div>\n\t\t\t\t<\/div>\n\t\t\t\t<\/div>\n\t\t","protected":false},"excerpt":{"rendered":"<p>Comprim\u00e9s \/ Comprim\u00e9s pellicul\u00e9s En ce qui concerne les comprim\u00e9s, nous disposons de deux types principaux : les comprim\u00e9s de haute qualit\u00e9 et les comprim\u00e9s pellicul\u00e9s. Nos produits de haute qualit\u00e9 sont fabriqu\u00e9s \u00e0 partir d&rsquo;ingr\u00e9dients de qualit\u00e9 sup\u00e9rieure et selon des normes de production haut de gamme, ce qui garantit leur efficacit\u00e9 et leur [&hellip;]<\/p>\n","protected":false},"author":2,"featured_media":0,"parent":0,"menu_order":0,"comment_status":"closed","ping_status":"closed","template":"","meta":{"footnotes":""},"class_list":["post-5501","page","type-page","status-publish","hentry"],"yoast_head":"<!-- This site is optimized with the Yoast SEO plugin v27.2 - https:\/\/yoast.com\/product\/yoast-seo-wordpress\/ -->\n<title>PharmSultation - Nos produits : Comprim\u00e9s<\/title>\n<meta name=\"description\" content=\"Nous disposons de deux types principaux : les comprim\u00e9s de haute qualit\u00e9 et les comprim\u00e9s pellicul\u00e9s. Nos produits de haute qualit\u00e9 sont fabriqu\u00e9s \u00e0 partir d&#039;ingr\u00e9dients de qualit\u00e9 sup\u00e9rieure\" \/>\n<meta name=\"robots\" content=\"index, follow, max-snippet:-1, max-image-preview:large, max-video-preview:-1\" \/>\n<link rel=\"canonical\" href=\"https:\/\/test.pharmsultation.com\/fr\/nos-tablettes\/\" \/>\n<meta property=\"og:locale\" content=\"fr_FR\" \/>\n<meta property=\"og:type\" content=\"article\" \/>\n<meta property=\"og:title\" content=\"PharmSultation - Nos produits : Comprim\u00e9s\" \/>\n<meta property=\"og:description\" content=\"Nous disposons de deux types principaux : les comprim\u00e9s de haute qualit\u00e9 et les comprim\u00e9s pellicul\u00e9s. Nos produits de haute qualit\u00e9 sont fabriqu\u00e9s \u00e0 partir d&#039;ingr\u00e9dients de qualit\u00e9 sup\u00e9rieure\" \/>\n<meta property=\"og:url\" content=\"https:\/\/test.pharmsultation.com\/fr\/nos-tablettes\/\" \/>\n<meta property=\"article:modified_time\" content=\"2025-05-11T12:30:37+00:00\" \/>\n<meta property=\"og:image\" content=\"https:\/\/test.pharmsultation.com\/wp-content\/uploads\/elementor\/thumbs\/customcolor_logo_transparent_background-1024x614-1-q647ssh1flx08fv0ggk1iapmka5wnh2ysl8s52f5kw.png\" \/>\n<meta name=\"twitter:card\" content=\"summary_large_image\" \/>\n<meta name=\"twitter:label1\" content=\"Dur\u00e9e de lecture estim\u00e9e\" \/>\n\t<meta name=\"twitter:data1\" content=\"1 minute\" \/>\n<script type=\"application\/ld+json\" class=\"yoast-schema-graph\">{\"@context\":\"https:\/\/schema.org\",\"@graph\":[{\"@type\":\"WebPage\",\"@id\":\"https:\/\/test.pharmsultation.com\/fr\/nos-tablettes\/\",\"url\":\"https:\/\/test.pharmsultation.com\/fr\/nos-tablettes\/\",\"name\":\"PharmSultation - Nos produits : Comprim\u00e9s\",\"isPartOf\":{\"@id\":\"https:\/\/test.pharmsultation.com\/fr\/#website\"},\"primaryImageOfPage\":{\"@id\":\"https:\/\/test.pharmsultation.com\/fr\/nos-tablettes\/#primaryimage\"},\"image\":{\"@id\":\"https:\/\/test.pharmsultation.com\/fr\/nos-tablettes\/#primaryimage\"},\"thumbnailUrl\":\"https:\/\/test.pharmsultation.com\/wp-content\/uploads\/elementor\/thumbs\/customcolor_logo_transparent_background-1024x614-1-q647ssh1flx08fv0ggk1iapmka5wnh2ysl8s52f5kw.png\",\"datePublished\":\"2024-04-21T17:17:05+00:00\",\"dateModified\":\"2025-05-11T12:30:37+00:00\",\"description\":\"Nous disposons de deux types principaux : les comprim\u00e9s de haute qualit\u00e9 et les comprim\u00e9s pellicul\u00e9s. Nos produits de haute qualit\u00e9 sont fabriqu\u00e9s \u00e0 partir d'ingr\u00e9dients de qualit\u00e9 sup\u00e9rieure\",\"breadcrumb\":{\"@id\":\"https:\/\/test.pharmsultation.com\/fr\/nos-tablettes\/#breadcrumb\"},\"inLanguage\":\"fr-FR\",\"potentialAction\":[{\"@type\":\"ReadAction\",\"target\":[\"https:\/\/test.pharmsultation.com\/fr\/nos-tablettes\/\"]}]},{\"@type\":\"ImageObject\",\"inLanguage\":\"fr-FR\",\"@id\":\"https:\/\/test.pharmsultation.com\/fr\/nos-tablettes\/#primaryimage\",\"url\":\"https:\/\/test.pharmsultation.com\/wp-content\/uploads\/elementor\/thumbs\/customcolor_logo_transparent_background-1024x614-1-q647ssh1flx08fv0ggk1iapmka5wnh2ysl8s52f5kw.png\",\"contentUrl\":\"https:\/\/test.pharmsultation.com\/wp-content\/uploads\/elementor\/thumbs\/customcolor_logo_transparent_background-1024x614-1-q647ssh1flx08fv0ggk1iapmka5wnh2ysl8s52f5kw.png\"},{\"@type\":\"BreadcrumbList\",\"@id\":\"https:\/\/test.pharmsultation.com\/fr\/nos-tablettes\/#breadcrumb\",\"itemListElement\":[{\"@type\":\"ListItem\",\"position\":1,\"name\":\"Accueil\",\"item\":\"https:\/\/test.pharmsultation.com\/fr\/pharmsultation-complements-alimentaires-et-conseils\/\"},{\"@type\":\"ListItem\",\"position\":2,\"name\":\"Nos tablettes\"}]},{\"@type\":\"WebSite\",\"@id\":\"https:\/\/test.pharmsultation.com\/fr\/#website\",\"url\":\"https:\/\/test.pharmsultation.com\/fr\/\",\"name\":\"PharmSultation - Pharma & Industries Services\",\"description\":\"\",\"publisher\":{\"@id\":\"https:\/\/test.pharmsultation.com\/fr\/#organization\"},\"potentialAction\":[{\"@type\":\"SearchAction\",\"target\":{\"@type\":\"EntryPoint\",\"urlTemplate\":\"https:\/\/test.pharmsultation.com\/fr\/?s={search_term_string}\"},\"query-input\":{\"@type\":\"PropertyValueSpecification\",\"valueRequired\":true,\"valueName\":\"search_term_string\"}}],\"inLanguage\":\"fr-FR\"},{\"@type\":\"Organization\",\"@id\":\"https:\/\/test.pharmsultation.com\/fr\/#organization\",\"name\":\"PharmSultation\",\"url\":\"https:\/\/test.pharmsultation.com\/fr\/\",\"logo\":{\"@type\":\"ImageObject\",\"inLanguage\":\"fr-FR\",\"@id\":\"https:\/\/test.pharmsultation.com\/fr\/#\/schema\/logo\/image\/\",\"url\":\"https:\/\/www.pharmsultation.com\/wp-content\/uploads\/2023\/05\/customcolor_logo_transparent_background.png\",\"contentUrl\":\"https:\/\/www.pharmsultation.com\/wp-content\/uploads\/2023\/05\/customcolor_logo_transparent_background.png\",\"width\":3125,\"height\":1875,\"caption\":\"PharmSultation\"},\"image\":{\"@id\":\"https:\/\/test.pharmsultation.com\/fr\/#\/schema\/logo\/image\/\"}}]}<\/script>\n<!-- \/ Yoast SEO plugin. -->","yoast_head_json":{"title":"PharmSultation - Nos produits : Comprim\u00e9s","description":"Nous disposons de deux types principaux : les comprim\u00e9s de haute qualit\u00e9 et les comprim\u00e9s pellicul\u00e9s. Nos produits de haute qualit\u00e9 sont fabriqu\u00e9s \u00e0 partir d'ingr\u00e9dients de qualit\u00e9 sup\u00e9rieure","robots":{"index":"index","follow":"follow","max-snippet":"max-snippet:-1","max-image-preview":"max-image-preview:large","max-video-preview":"max-video-preview:-1"},"canonical":"https:\/\/test.pharmsultation.com\/fr\/nos-tablettes\/","og_locale":"fr_FR","og_type":"article","og_title":"PharmSultation - Nos produits : Comprim\u00e9s","og_description":"Nous disposons de deux types principaux : les comprim\u00e9s de haute qualit\u00e9 et les comprim\u00e9s pellicul\u00e9s. Nos produits de haute qualit\u00e9 sont fabriqu\u00e9s \u00e0 partir d'ingr\u00e9dients de qualit\u00e9 sup\u00e9rieure","og_url":"https:\/\/test.pharmsultation.com\/fr\/nos-tablettes\/","article_modified_time":"2025-05-11T12:30:37+00:00","og_image":[{"url":"https:\/\/test.pharmsultation.com\/wp-content\/uploads\/elementor\/thumbs\/customcolor_logo_transparent_background-1024x614-1-q647ssh1flx08fv0ggk1iapmka5wnh2ysl8s52f5kw.png","type":"","width":"","height":""}],"twitter_card":"summary_large_image","twitter_misc":{"Dur\u00e9e de lecture estim\u00e9e":"1 minute"},"schema":{"@context":"https:\/\/schema.org","@graph":[{"@type":"WebPage","@id":"https:\/\/test.pharmsultation.com\/fr\/nos-tablettes\/","url":"https:\/\/test.pharmsultation.com\/fr\/nos-tablettes\/","name":"PharmSultation - Nos produits : Comprim\u00e9s","isPartOf":{"@id":"https:\/\/test.pharmsultation.com\/fr\/#website"},"primaryImageOfPage":{"@id":"https:\/\/test.pharmsultation.com\/fr\/nos-tablettes\/#primaryimage"},"image":{"@id":"https:\/\/test.pharmsultation.com\/fr\/nos-tablettes\/#primaryimage"},"thumbnailUrl":"https:\/\/test.pharmsultation.com\/wp-content\/uploads\/elementor\/thumbs\/customcolor_logo_transparent_background-1024x614-1-q647ssh1flx08fv0ggk1iapmka5wnh2ysl8s52f5kw.png","datePublished":"2024-04-21T17:17:05+00:00","dateModified":"2025-05-11T12:30:37+00:00","description":"Nous disposons de deux types principaux : les comprim\u00e9s de haute qualit\u00e9 et les comprim\u00e9s pellicul\u00e9s. Nos produits de haute qualit\u00e9 sont fabriqu\u00e9s \u00e0 partir d'ingr\u00e9dients de qualit\u00e9 sup\u00e9rieure","breadcrumb":{"@id":"https:\/\/test.pharmsultation.com\/fr\/nos-tablettes\/#breadcrumb"},"inLanguage":"fr-FR","potentialAction":[{"@type":"ReadAction","target":["https:\/\/test.pharmsultation.com\/fr\/nos-tablettes\/"]}]},{"@type":"ImageObject","inLanguage":"fr-FR","@id":"https:\/\/test.pharmsultation.com\/fr\/nos-tablettes\/#primaryimage","url":"https:\/\/test.pharmsultation.com\/wp-content\/uploads\/elementor\/thumbs\/customcolor_logo_transparent_background-1024x614-1-q647ssh1flx08fv0ggk1iapmka5wnh2ysl8s52f5kw.png","contentUrl":"https:\/\/test.pharmsultation.com\/wp-content\/uploads\/elementor\/thumbs\/customcolor_logo_transparent_background-1024x614-1-q647ssh1flx08fv0ggk1iapmka5wnh2ysl8s52f5kw.png"},{"@type":"BreadcrumbList","@id":"https:\/\/test.pharmsultation.com\/fr\/nos-tablettes\/#breadcrumb","itemListElement":[{"@type":"ListItem","position":1,"name":"Accueil","item":"https:\/\/test.pharmsultation.com\/fr\/pharmsultation-complements-alimentaires-et-conseils\/"},{"@type":"ListItem","position":2,"name":"Nos tablettes"}]},{"@type":"WebSite","@id":"https:\/\/test.pharmsultation.com\/fr\/#website","url":"https:\/\/test.pharmsultation.com\/fr\/","name":"PharmSultation - Pharma & Industries Services","description":"","publisher":{"@id":"https:\/\/test.pharmsultation.com\/fr\/#organization"},"potentialAction":[{"@type":"SearchAction","target":{"@type":"EntryPoint","urlTemplate":"https:\/\/test.pharmsultation.com\/fr\/?s={search_term_string}"},"query-input":{"@type":"PropertyValueSpecification","valueRequired":true,"valueName":"search_term_string"}}],"inLanguage":"fr-FR"},{"@type":"Organization","@id":"https:\/\/test.pharmsultation.com\/fr\/#organization","name":"PharmSultation","url":"https:\/\/test.pharmsultation.com\/fr\/","logo":{"@type":"ImageObject","inLanguage":"fr-FR","@id":"https:\/\/test.pharmsultation.com\/fr\/#\/schema\/logo\/image\/","url":"https:\/\/www.pharmsultation.com\/wp-content\/uploads\/2023\/05\/customcolor_logo_transparent_background.png","contentUrl":"https:\/\/www.pharmsultation.com\/wp-content\/uploads\/2023\/05\/customcolor_logo_transparent_background.png","width":3125,"height":1875,"caption":"PharmSultation"},"image":{"@id":"https:\/\/test.pharmsultation.com\/fr\/#\/schema\/logo\/image\/"}}]}},"_links":{"self":[{"href":"https:\/\/test.pharmsultation.com\/fr\/wp-json\/wp\/v2\/pages\/5501","targetHints":{"allow":["GET"]}}],"collection":[{"href":"https:\/\/test.pharmsultation.com\/fr\/wp-json\/wp\/v2\/pages"}],"about":[{"href":"https:\/\/test.pharmsultation.com\/fr\/wp-json\/wp\/v2\/types\/page"}],"author":[{"embeddable":true,"href":"https:\/\/test.pharmsultation.com\/fr\/wp-json\/wp\/v2\/users\/2"}],"replies":[{"embeddable":true,"href":"https:\/\/test.pharmsultation.com\/fr\/wp-json\/wp\/v2\/comments?post=5501"}],"version-history":[{"count":1,"href":"https:\/\/test.pharmsultation.com\/fr\/wp-json\/wp\/v2\/pages\/5501\/revisions"}],"predecessor-version":[{"id":5512,"href":"https:\/\/test.pharmsultation.com\/fr\/wp-json\/wp\/v2\/pages\/5501\/revisions\/5512"}],"wp:attachment":[{"href":"https:\/\/test.pharmsultation.com\/fr\/wp-json\/wp\/v2\/media?parent=5501"}],"curies":[{"name":"wp","href":"https:\/\/api.w.org\/{rel}","templated":true}]}}