{"id":5486,"date":"2024-08-12T21:50:15","date_gmt":"2024-08-12T19:50:15","guid":{"rendered":"https:\/\/test.pharmsultation.com\/politique-en-matiere-de-cookies\/"},"modified":"2025-05-11T14:30:09","modified_gmt":"2025-05-11T12:30:09","slug":"politique-en-matiere-de-cookies","status":"publish","type":"page","link":"https:\/\/test.pharmsultation.com\/fr\/politique-en-matiere-de-cookies\/","title":{"rendered":"Politique en mati\u00e8re de cookies"},"content":{"rendered":"\t\t<div data-elementor-type=\"wp-page\" data-elementor-id=\"5486\" class=\"elementor elementor-5486 elementor-773\" data-elementor-post-type=\"page\">\n\t\t\t\t<div class=\"elementor-element elementor-element-fe0a97f e-flex e-con-boxed e-con e-parent\" data-id=\"fe0a97f\" data-element_type=\"container\" data-e-type=\"container\">\n\t\t\t\t\t<div class=\"e-con-inner\">\n\t\t\t\t<div class=\"elementor-element elementor-element-1fc9822 elementor-widget elementor-widget-image\" data-id=\"1fc9822\" data-element_type=\"widget\" data-e-type=\"widget\" data-widget_type=\"image.default\">\n\t\t\t\t<div class=\"elementor-widget-container\">\n\t\t\t\t\t\t\t\t\t\t\t\t\t\t\t<img fetchpriority=\"high\" decoding=\"async\" width=\"300\" height=\"180\" src=\"https:\/\/test.pharmsultation.com\/wp-content\/uploads\/2023\/05\/customcolor_logo_transparent_background-1024x614-1-300x180.png\" class=\"attachment-medium size-medium wp-image-2490\" alt=\"\" srcset=\"https:\/\/test.pharmsultation.com\/wp-content\/uploads\/2023\/05\/customcolor_logo_transparent_background-1024x614-1-300x180.png 300w, https:\/\/test.pharmsultation.com\/wp-content\/uploads\/2023\/05\/customcolor_logo_transparent_background-1024x614-1-768x461.png 768w, https:\/\/test.pharmsultation.com\/wp-content\/uploads\/2023\/05\/customcolor_logo_transparent_background-1024x614-1.png 1024w\" sizes=\"(max-width: 300px) 100vw, 300px\" \/>\t\t\t\t\t\t\t\t\t\t\t\t\t\t\t<\/div>\n\t\t\t\t<\/div>\n\t\t\t\t\t<\/div>\n\t\t\t\t<\/div>\n\t\t<div class=\"elementor-element elementor-element-a33883c e-flex e-con-boxed e-con e-parent\" data-id=\"a33883c\" data-element_type=\"container\" data-e-type=\"container\">\n\t\t\t\t\t<div class=\"e-con-inner\">\n\t\t\t\t<div class=\"elementor-element elementor-element-c1c9841 elementor-widget elementor-widget-heading\" data-id=\"c1c9841\" data-element_type=\"widget\" data-e-type=\"widget\" data-widget_type=\"heading.default\">\n\t\t\t\t<div class=\"elementor-widget-container\">\n\t\t\t\t\t<h1 class=\"elementor-heading-title elementor-size-default\">Politique en mati\u00e8re de cookies<\/h1>\t\t\t\t<\/div>\n\t\t\t\t<\/div>\n\t\t\t\t\t<\/div>\n\t\t\t\t<\/div>\n\t\t<div class=\"elementor-element elementor-element-506c5db e-flex e-con-boxed e-con e-parent\" data-id=\"506c5db\" data-element_type=\"container\" data-e-type=\"container\">\n\t\t\t\t\t<div class=\"e-con-inner\">\n\t\t\t\t<div class=\"elementor-element elementor-element-99d72e9 elementor-widget elementor-widget-text-editor\" data-id=\"99d72e9\" data-element_type=\"widget\" data-e-type=\"widget\" data-widget_type=\"text-editor.default\">\n\t\t\t\t<div class=\"elementor-widget-container\">\n\t\t\t\t\t\t\t\t\t<h1><span style=\"color: var( --e-global-color-primary ); text-align: var(--text-align); font-size: 1rem;\"><i><b>Derni\u00e8re mise \u00e0 jour : 12 ao\u00fbt 2024<\/b><\/i><\/span><\/h1><p> <\/p><p>La pr\u00e9sente politique en mati\u00e8re de cookies explique ce que sont les cookies et comment nous les utilisons. Vous devez lire cette politique afin de comprendre quel type de cookies nous utilisons, ou les informations que nous recueillons \u00e0 l&rsquo;aide des cookies et comment ces informations sont utilis\u00e9es. Cette politique en mati\u00e8re de cookies a \u00e9t\u00e9 cr\u00e9\u00e9e avec l&rsquo;aide du g\u00e9n\u00e9rateur gratuit de politique en mati\u00e8re de cookies.  <\/p><p><span style=\"color: var( --e-global-color-primary ); text-align: var(--text-align); font-size: 1rem;\">Les cookies ne contiennent g\u00e9n\u00e9ralement pas d&rsquo;informations permettant d&rsquo;identifier personnellement un utilisateur, mais les informations personnelles que nous stockons \u00e0 votre sujet peuvent \u00eatre li\u00e9es aux informations stock\u00e9es dans les cookies et obtenues \u00e0 partir de ceux-ci. Pour plus d&rsquo;informations sur la mani\u00e8re dont nous utilisons, stockons et s\u00e9curisons vos donn\u00e9es personnelles, consultez notre politique de confidentialit\u00e9. <\/span><\/p><p><span style=\"color: var( --e-global-color-primary ); text-align: var(--text-align); font-size: 1rem;\">Nous ne stockons pas d&rsquo;informations personnelles sensibles, telles que les adresses postales, les mots de passe des comptes, etc. dans les cookies que nous utilisons.<\/span><\/p><h1><span style=\"color: inherit; font-family: inherit; font-size: 2rem; text-align: var(--text-align);\">Interpr\u00e9tation et d\u00e9finitions<\/span><\/h1><h1><span style=\"color: inherit; font-family: inherit; font-size: 2rem; text-align: var(--text-align);\">Interpr\u00e9tation<\/span><\/h1><p>Les mots dont la lettre initiale est en majuscule ont des significations d\u00e9finies dans les conditions suivantes. Les d\u00e9finitions suivantes ont la m\u00eame signification, qu&rsquo;elles apparaissent au singulier ou au pluriel. <\/p><p> <\/p><h3>D\u00e9finitions<\/h3><p>Aux fins de la pr\u00e9sente politique en mati\u00e8re de cookies :<\/p><p> <\/p><ul><li>La <b>soci\u00e9t\u00e9 <\/b>(d\u00e9sign\u00e9e par \u00ab\u00a0la soci\u00e9t\u00e9\u00a0\u00bb, \u00ab\u00a0nous\u00a0\u00bb, \u00ab\u00a0notre\u00a0\u00bb ou \u00ab\u00a0nos\u00a0\u00bb dans la pr\u00e9sente politique en mati\u00e8re de cookies) fait r\u00e9f\u00e9rence \u00e0 <b>PharmSultation UG<\/b>, Gundhofstra\u00dfe 23, 69528 Francfort-sur-le-Main.<\/li><li>Les <b>cookies <\/b>sont de petits fichiers plac\u00e9s sur votre ordinateur, votre appareil mobile ou tout autre appareil par un site web, contenant des d\u00e9tails sur votre historique de navigation sur ce site web parmi ses nombreuses utilisations.<\/li><li>Le <b>site web <\/b>renvoie \u00e0 <b>Pharmsultation<\/b>, accessible \u00e0 partir de https:\/\/www.pharmsultation.com<\/li><li>On entend par \u00ab\u00a0<b>vous <\/b>\u00a0\u00bb la personne qui acc\u00e8de au site web ou qui l&rsquo;utilise, ou une soci\u00e9t\u00e9, ou toute entit\u00e9 juridique au nom de laquelle cette personne acc\u00e8de au site web ou l&rsquo;utilise, selon le cas.<\/li><\/ul><h3>L&rsquo;utilisation des cookies<\/h3><h4>Type de cookies que nous utilisons<\/h4><p>Les cookies peuvent \u00eatre \u00ab\u00a0persistants\u00a0\u00bb ou \u00ab\u00a0de session\u00a0\u00bb. Les cookies persistants restent sur votre ordinateur personnel ou votre appareil mobile lorsque vous \u00eates hors ligne, tandis que les cookies de session sont supprim\u00e9s d\u00e8s que vous fermez votre navigateur web. <\/p><p><span style=\"color: var( --e-global-color-primary ); text-align: var(--text-align); font-size: 1rem;\">Nous utilisons des cookies de session et des cookies persistants aux fins d\u00e9crites ci-dessous :<\/span><\/p><ul><li><span style=\"color: var( --e-global-color-primary ); text-align: var(--text-align); font-size: 1rem;\">Cookies n\u00e9cessaires \/ essentiels<\/span><\/li><\/ul><p><span style=\"color: var( --e-global-color-primary ); text-align: var(--text-align); font-size: 1rem;\">Type : Cookies de session<\/span><\/p><p><span style=\"color: var( --e-global-color-primary ); text-align: var(--text-align); font-size: 1rem;\">Administr\u00e9 par : Nous<\/span><\/p><p><span style=\"color: var( --e-global-color-primary ); text-align: var(--text-align); font-size: 1rem;\">Objectif : Ces cookies sont essentiels pour vous fournir les services disponibles sur le site web et vous permettre d&rsquo;utiliser certaines de ses fonctionnalit\u00e9s. Ils contribuent \u00e0 l&rsquo;authentification des utilisateurs et \u00e0 la pr\u00e9vention de l&rsquo;utilisation frauduleuse des comptes d&rsquo;utilisateurs. Sans ces cookies, les services que vous avez demand\u00e9s ne peuvent pas \u00eatre fournis, et nous n&rsquo;utilisons ces cookies que pour vous fournir ces services.  <\/span><\/p><ul><li><span style=\"color: var( --e-global-color-primary ); text-align: var(--text-align); font-size: 1rem;\">Cookies de fonctionnalit\u00e9<\/span><\/li><\/ul><p><span style=\"color: var( --e-global-color-primary ); text-align: var(--text-align); font-size: 1rem;\">Type : Cookies persistants<\/span><\/p><p><span style=\"color: var( --e-global-color-primary ); text-align: var(--text-align); font-size: 1rem;\">Administr\u00e9 par : Nous<\/span><\/p><p><span style=\"color: var( --e-global-color-primary ); text-align: var(--text-align); font-size: 1rem;\">Objectif : Ces cookies nous permettent de nous souvenir des choix que vous faites lorsque vous utilisez le site web, par exemple de vos donn\u00e9es de connexion ou de vos pr\u00e9f\u00e9rences linguistiques. L&rsquo;objectif de ces cookies est de vous offrir une exp\u00e9rience plus personnelle et de vous \u00e9viter d&rsquo;avoir \u00e0 r\u00e9introduire vos pr\u00e9f\u00e9rences \u00e0 chaque fois que vous utilisez le site web. <\/span><\/p><p><span style=\"color: var( --e-global-color-primary ); text-align: var(--text-align); font-size: 1rem;\">Vos choix concernant les cookies<\/span><\/p><p>Si vous pr\u00e9f\u00e9rez \u00e9viter l&rsquo;utilisation de cookies sur le site web, vous devez d&rsquo;abord d\u00e9sactiver l&rsquo;utilisation de cookies dans votre navigateur, puis supprimer les cookies enregistr\u00e9s dans votre navigateur et associ\u00e9s \u00e0 ce site web. Vous pouvez utiliser cette option pour emp\u00eacher l&rsquo;utilisation de cookies \u00e0 tout moment. <\/p><p> <\/p><p>Si vous n&rsquo;acceptez pas nos cookies, il se peut que votre utilisation du site Web soit g\u00ean\u00e9e et que certaines fonctions ne fonctionnent pas correctement.<\/p><p><span style=\"color: var( --e-global-color-primary ); text-align: var(--text-align); font-size: 1rem;\">Si vous souhaitez supprimer les cookies ou demander \u00e0 votre navigateur web de les supprimer ou de les refuser, veuillez consulter les pages d&rsquo;aide de votre navigateur web.<\/span><\/p><ul><li><span style=\"color: var( --e-global-color-primary ); text-align: var(--text-align); font-size: 1rem;\">Pour le navigateur web Chrome, veuillez consulter cette page de Google : https:\/\/support.google.com\/accounts\/answer\/32050<\/span><\/li><li><span style=\"color: var( --e-global-color-primary ); text-align: var(--text-align); font-size: 1rem;\">Pour le navigateur Internet Explorer, veuillez consulter cette page de Microsoft : http:\/\/support.microsoft.com\/kb\/278835<\/span><\/li><li><span style=\"color: var( --e-global-color-primary ); text-align: var(--text-align); font-size: 1rem;\">Pour le navigateur web Firefox, veuillez consulter cette page de Mozilla : https:\/\/support.mozilla.org\/en-US\/kb\/delete-cookies-remove-info-websites-stored<\/span><\/li><li><span style=\"color: var( --e-global-color-primary ); text-align: var(--text-align); font-size: 1rem;\">Pour le navigateur web Safari, veuillez consulter cette page d&rsquo;Apple : https:\/\/support.apple.com\/guide\/safari\/manage-cookies-and-website-data-sfri11471\/mac<\/span><\/li><li><span style=\"color: var( --e-global-color-primary ); text-align: var(--text-align); font-size: 1rem;\">Pour tout autre navigateur web, veuillez consulter les pages web officielles de votre navigateur.<\/span><\/li><\/ul><h1><span style=\"color: var( --e-global-color-primary ); text-align: var(--text-align); font-size: 1rem;\">Plus d&rsquo;informations sur les cookies<\/span><\/h1><p>Vous pouvez en savoir plus sur les cookies : Cookies : Que font-ils ?<\/p><h2><span style=\"color: var( --e-global-color-primary ); text-align: var(--text-align); font-size: 1rem;\">Nous contacter<\/span><\/h2><p>Si vous avez des questions concernant cette politique en mati\u00e8re de cookies, vous pouvez nous contacter :<\/p><ul><li><span style=\"color: var( --e-global-color-primary ); text-align: var(--text-align); font-size: 1rem;\">En visitant cette page sur notre site web : https:\/\/www.pharmsultation.com\/contact-us\/<\/span><\/li><\/ul>\t\t\t\t\t\t\t\t<\/div>\n\t\t\t\t<\/div>\n\t\t\t\t\t<\/div>\n\t\t\t\t<\/div>\n\t\t<div class=\"elementor-element elementor-element-4064b4b e-flex e-con-boxed e-con e-parent\" data-id=\"4064b4b\" data-element_type=\"container\" data-e-type=\"container\">\n\t\t\t\t\t<div class=\"e-con-inner\">\n\t\t\t\t\t<\/div>\n\t\t\t\t<\/div>\n\t\t\t\t<\/div>\n\t\t","protected":false},"excerpt":{"rendered":"<p>Politique en mati\u00e8re de cookies Derni\u00e8re mise \u00e0 jour : 12 ao\u00fbt 2024 La pr\u00e9sente politique en mati\u00e8re de cookies explique ce que sont les cookies et comment nous les utilisons. Vous devez lire cette politique afin de comprendre quel type de cookies nous utilisons, ou les informations que nous recueillons \u00e0 l&rsquo;aide des cookies [&hellip;]<\/p>\n","protected":false},"author":2,"featured_media":0,"parent":0,"menu_order":0,"comment_status":"closed","ping_status":"closed","template":"","meta":{"footnotes":""},"class_list":["post-5486","page","type-page","status-publish","hentry"],"yoast_head":"<!-- This site is optimized with the Yoast SEO plugin v27.2 - https:\/\/yoast.com\/product\/yoast-seo-wordpress\/ -->\n<title>Politique en mati\u00e8re de cookies -<\/title>\n<meta name=\"robots\" content=\"index, follow, max-snippet:-1, max-image-preview:large, max-video-preview:-1\" \/>\n<link rel=\"canonical\" href=\"https:\/\/test.pharmsultation.com\/fr\/politique-en-matiere-de-cookies\/\" \/>\n<meta property=\"og:locale\" content=\"fr_FR\" \/>\n<meta property=\"og:type\" content=\"article\" \/>\n<meta property=\"og:title\" content=\"Politique en mati\u00e8re de cookies -\" \/>\n<meta property=\"og:description\" content=\"Politique en mati\u00e8re de cookies Derni\u00e8re mise \u00e0 jour : 12 ao\u00fbt 2024 La pr\u00e9sente politique en mati\u00e8re de cookies explique ce que sont les cookies et comment nous les utilisons. Vous devez lire cette politique afin de comprendre quel type de cookies nous utilisons, ou les informations que nous recueillons \u00e0 l&rsquo;aide des cookies [&hellip;]\" \/>\n<meta property=\"og:url\" content=\"https:\/\/test.pharmsultation.com\/fr\/politique-en-matiere-de-cookies\/\" \/>\n<meta property=\"article:modified_time\" content=\"2025-05-11T12:30:09+00:00\" \/>\n<meta property=\"og:image\" content=\"https:\/\/test.pharmsultation.com\/wp-content\/uploads\/2023\/05\/customcolor_logo_transparent_background-1024x614-1.png\" \/>\n\t<meta property=\"og:image:width\" content=\"1024\" \/>\n\t<meta property=\"og:image:height\" content=\"614\" \/>\n\t<meta property=\"og:image:type\" content=\"image\/png\" \/>\n<meta name=\"twitter:card\" content=\"summary_large_image\" \/>\n<meta name=\"twitter:label1\" content=\"Dur\u00e9e de lecture estim\u00e9e\" \/>\n\t<meta name=\"twitter:data1\" content=\"4 minutes\" \/>\n<script type=\"application\/ld+json\" class=\"yoast-schema-graph\">{\"@context\":\"https:\/\/schema.org\",\"@graph\":[{\"@type\":\"WebPage\",\"@id\":\"https:\/\/test.pharmsultation.com\/fr\/politique-en-matiere-de-cookies\/\",\"url\":\"https:\/\/test.pharmsultation.com\/fr\/politique-en-matiere-de-cookies\/\",\"name\":\"Politique en mati\u00e8re de cookies -\",\"isPartOf\":{\"@id\":\"https:\/\/test.pharmsultation.com\/fr\/#website\"},\"primaryImageOfPage\":{\"@id\":\"https:\/\/test.pharmsultation.com\/fr\/politique-en-matiere-de-cookies\/#primaryimage\"},\"image\":{\"@id\":\"https:\/\/test.pharmsultation.com\/fr\/politique-en-matiere-de-cookies\/#primaryimage\"},\"thumbnailUrl\":\"https:\/\/test.pharmsultation.com\/wp-content\/uploads\/2023\/05\/customcolor_logo_transparent_background-1024x614-1-300x180.png\",\"datePublished\":\"2024-08-12T19:50:15+00:00\",\"dateModified\":\"2025-05-11T12:30:09+00:00\",\"breadcrumb\":{\"@id\":\"https:\/\/test.pharmsultation.com\/fr\/politique-en-matiere-de-cookies\/#breadcrumb\"},\"inLanguage\":\"fr-FR\",\"potentialAction\":[{\"@type\":\"ReadAction\",\"target\":[\"https:\/\/test.pharmsultation.com\/fr\/politique-en-matiere-de-cookies\/\"]}]},{\"@type\":\"ImageObject\",\"inLanguage\":\"fr-FR\",\"@id\":\"https:\/\/test.pharmsultation.com\/fr\/politique-en-matiere-de-cookies\/#primaryimage\",\"url\":\"https:\/\/test.pharmsultation.com\/wp-content\/uploads\/2023\/05\/customcolor_logo_transparent_background-1024x614-1-300x180.png\",\"contentUrl\":\"https:\/\/test.pharmsultation.com\/wp-content\/uploads\/2023\/05\/customcolor_logo_transparent_background-1024x614-1-300x180.png\"},{\"@type\":\"BreadcrumbList\",\"@id\":\"https:\/\/test.pharmsultation.com\/fr\/politique-en-matiere-de-cookies\/#breadcrumb\",\"itemListElement\":[{\"@type\":\"ListItem\",\"position\":1,\"name\":\"Accueil\",\"item\":\"https:\/\/test.pharmsultation.com\/fr\/pharmsultation-complements-alimentaires-et-conseils\/\"},{\"@type\":\"ListItem\",\"position\":2,\"name\":\"Politique en mati\u00e8re de cookies\"}]},{\"@type\":\"WebSite\",\"@id\":\"https:\/\/test.pharmsultation.com\/fr\/#website\",\"url\":\"https:\/\/test.pharmsultation.com\/fr\/\",\"name\":\"PharmSultation - Pharma & Industries Services\",\"description\":\"\",\"publisher\":{\"@id\":\"https:\/\/test.pharmsultation.com\/fr\/#organization\"},\"potentialAction\":[{\"@type\":\"SearchAction\",\"target\":{\"@type\":\"EntryPoint\",\"urlTemplate\":\"https:\/\/test.pharmsultation.com\/fr\/?s={search_term_string}\"},\"query-input\":{\"@type\":\"PropertyValueSpecification\",\"valueRequired\":true,\"valueName\":\"search_term_string\"}}],\"inLanguage\":\"fr-FR\"},{\"@type\":\"Organization\",\"@id\":\"https:\/\/test.pharmsultation.com\/fr\/#organization\",\"name\":\"PharmSultation\",\"url\":\"https:\/\/test.pharmsultation.com\/fr\/\",\"logo\":{\"@type\":\"ImageObject\",\"inLanguage\":\"fr-FR\",\"@id\":\"https:\/\/test.pharmsultation.com\/fr\/#\/schema\/logo\/image\/\",\"url\":\"https:\/\/www.pharmsultation.com\/wp-content\/uploads\/2023\/05\/customcolor_logo_transparent_background.png\",\"contentUrl\":\"https:\/\/www.pharmsultation.com\/wp-content\/uploads\/2023\/05\/customcolor_logo_transparent_background.png\",\"width\":3125,\"height\":1875,\"caption\":\"PharmSultation\"},\"image\":{\"@id\":\"https:\/\/test.pharmsultation.com\/fr\/#\/schema\/logo\/image\/\"}}]}<\/script>\n<!-- \/ Yoast SEO plugin. -->","yoast_head_json":{"title":"Politique en mati\u00e8re de cookies -","robots":{"index":"index","follow":"follow","max-snippet":"max-snippet:-1","max-image-preview":"max-image-preview:large","max-video-preview":"max-video-preview:-1"},"canonical":"https:\/\/test.pharmsultation.com\/fr\/politique-en-matiere-de-cookies\/","og_locale":"fr_FR","og_type":"article","og_title":"Politique en mati\u00e8re de cookies -","og_description":"Politique en mati\u00e8re de cookies Derni\u00e8re mise \u00e0 jour : 12 ao\u00fbt 2024 La pr\u00e9sente politique en mati\u00e8re de cookies explique ce que sont les cookies et comment nous les utilisons. Vous devez lire cette politique afin de comprendre quel type de cookies nous utilisons, ou les informations que nous recueillons \u00e0 l&rsquo;aide des cookies [&hellip;]","og_url":"https:\/\/test.pharmsultation.com\/fr\/politique-en-matiere-de-cookies\/","article_modified_time":"2025-05-11T12:30:09+00:00","og_image":[{"width":1024,"height":614,"url":"https:\/\/test.pharmsultation.com\/wp-content\/uploads\/2023\/05\/customcolor_logo_transparent_background-1024x614-1.png","type":"image\/png"}],"twitter_card":"summary_large_image","twitter_misc":{"Dur\u00e9e de lecture estim\u00e9e":"4 minutes"},"schema":{"@context":"https:\/\/schema.org","@graph":[{"@type":"WebPage","@id":"https:\/\/test.pharmsultation.com\/fr\/politique-en-matiere-de-cookies\/","url":"https:\/\/test.pharmsultation.com\/fr\/politique-en-matiere-de-cookies\/","name":"Politique en mati\u00e8re de cookies -","isPartOf":{"@id":"https:\/\/test.pharmsultation.com\/fr\/#website"},"primaryImageOfPage":{"@id":"https:\/\/test.pharmsultation.com\/fr\/politique-en-matiere-de-cookies\/#primaryimage"},"image":{"@id":"https:\/\/test.pharmsultation.com\/fr\/politique-en-matiere-de-cookies\/#primaryimage"},"thumbnailUrl":"https:\/\/test.pharmsultation.com\/wp-content\/uploads\/2023\/05\/customcolor_logo_transparent_background-1024x614-1-300x180.png","datePublished":"2024-08-12T19:50:15+00:00","dateModified":"2025-05-11T12:30:09+00:00","breadcrumb":{"@id":"https:\/\/test.pharmsultation.com\/fr\/politique-en-matiere-de-cookies\/#breadcrumb"},"inLanguage":"fr-FR","potentialAction":[{"@type":"ReadAction","target":["https:\/\/test.pharmsultation.com\/fr\/politique-en-matiere-de-cookies\/"]}]},{"@type":"ImageObject","inLanguage":"fr-FR","@id":"https:\/\/test.pharmsultation.com\/fr\/politique-en-matiere-de-cookies\/#primaryimage","url":"https:\/\/test.pharmsultation.com\/wp-content\/uploads\/2023\/05\/customcolor_logo_transparent_background-1024x614-1-300x180.png","contentUrl":"https:\/\/test.pharmsultation.com\/wp-content\/uploads\/2023\/05\/customcolor_logo_transparent_background-1024x614-1-300x180.png"},{"@type":"BreadcrumbList","@id":"https:\/\/test.pharmsultation.com\/fr\/politique-en-matiere-de-cookies\/#breadcrumb","itemListElement":[{"@type":"ListItem","position":1,"name":"Accueil","item":"https:\/\/test.pharmsultation.com\/fr\/pharmsultation-complements-alimentaires-et-conseils\/"},{"@type":"ListItem","position":2,"name":"Politique en mati\u00e8re de cookies"}]},{"@type":"WebSite","@id":"https:\/\/test.pharmsultation.com\/fr\/#website","url":"https:\/\/test.pharmsultation.com\/fr\/","name":"PharmSultation - Pharma & Industries Services","description":"","publisher":{"@id":"https:\/\/test.pharmsultation.com\/fr\/#organization"},"potentialAction":[{"@type":"SearchAction","target":{"@type":"EntryPoint","urlTemplate":"https:\/\/test.pharmsultation.com\/fr\/?s={search_term_string}"},"query-input":{"@type":"PropertyValueSpecification","valueRequired":true,"valueName":"search_term_string"}}],"inLanguage":"fr-FR"},{"@type":"Organization","@id":"https:\/\/test.pharmsultation.com\/fr\/#organization","name":"PharmSultation","url":"https:\/\/test.pharmsultation.com\/fr\/","logo":{"@type":"ImageObject","inLanguage":"fr-FR","@id":"https:\/\/test.pharmsultation.com\/fr\/#\/schema\/logo\/image\/","url":"https:\/\/www.pharmsultation.com\/wp-content\/uploads\/2023\/05\/customcolor_logo_transparent_background.png","contentUrl":"https:\/\/www.pharmsultation.com\/wp-content\/uploads\/2023\/05\/customcolor_logo_transparent_background.png","width":3125,"height":1875,"caption":"PharmSultation"},"image":{"@id":"https:\/\/test.pharmsultation.com\/fr\/#\/schema\/logo\/image\/"}}]}},"_links":{"self":[{"href":"https:\/\/test.pharmsultation.com\/fr\/wp-json\/wp\/v2\/pages\/5486","targetHints":{"allow":["GET"]}}],"collection":[{"href":"https:\/\/test.pharmsultation.com\/fr\/wp-json\/wp\/v2\/pages"}],"about":[{"href":"https:\/\/test.pharmsultation.com\/fr\/wp-json\/wp\/v2\/types\/page"}],"author":[{"embeddable":true,"href":"https:\/\/test.pharmsultation.com\/fr\/wp-json\/wp\/v2\/users\/2"}],"replies":[{"embeddable":true,"href":"https:\/\/test.pharmsultation.com\/fr\/wp-json\/wp\/v2\/comments?post=5486"}],"version-history":[{"count":1,"href":"https:\/\/test.pharmsultation.com\/fr\/wp-json\/wp\/v2\/pages\/5486\/revisions"}],"predecessor-version":[{"id":5489,"href":"https:\/\/test.pharmsultation.com\/fr\/wp-json\/wp\/v2\/pages\/5486\/revisions\/5489"}],"wp:attachment":[{"href":"https:\/\/test.pharmsultation.com\/fr\/wp-json\/wp\/v2\/media?parent=5486"}],"curies":[{"name":"wp","href":"https:\/\/api.w.org\/{rel}","templated":true}]}}