{"id":5477,"date":"2024-08-13T23:39:28","date_gmt":"2024-08-13T21:39:28","guid":{"rendered":"https:\/\/test.pharmsultation.com\/impressum\/"},"modified":"2025-05-11T14:30:03","modified_gmt":"2025-05-11T12:30:03","slug":"impressum","status":"publish","type":"page","link":"https:\/\/test.pharmsultation.com\/fr\/impressum\/","title":{"rendered":"Impressum"},"content":{"rendered":"\t\t<div data-elementor-type=\"wp-page\" data-elementor-id=\"5477\" class=\"elementor elementor-5477 elementor-1513\" data-elementor-post-type=\"page\">\n\t\t\t\t<div class=\"elementor-element elementor-element-fe0a97f e-flex e-con-boxed e-con e-parent\" data-id=\"fe0a97f\" data-element_type=\"container\" data-e-type=\"container\">\n\t\t\t\t\t<div class=\"e-con-inner\">\n\t\t\t\t<div class=\"elementor-element elementor-element-1fc9822 elementor-widget elementor-widget-image\" data-id=\"1fc9822\" data-element_type=\"widget\" data-e-type=\"widget\" data-widget_type=\"image.default\">\n\t\t\t\t<div class=\"elementor-widget-container\">\n\t\t\t\t\t\t\t\t\t\t\t\t\t\t\t<img fetchpriority=\"high\" decoding=\"async\" width=\"300\" height=\"180\" src=\"https:\/\/test.pharmsultation.com\/wp-content\/uploads\/2023\/05\/customcolor_logo_transparent_background-1024x614-1-300x180.png\" class=\"attachment-medium size-medium wp-image-2490\" alt=\"\" srcset=\"https:\/\/test.pharmsultation.com\/wp-content\/uploads\/2023\/05\/customcolor_logo_transparent_background-1024x614-1-300x180.png 300w, https:\/\/test.pharmsultation.com\/wp-content\/uploads\/2023\/05\/customcolor_logo_transparent_background-1024x614-1-768x461.png 768w, https:\/\/test.pharmsultation.com\/wp-content\/uploads\/2023\/05\/customcolor_logo_transparent_background-1024x614-1.png 1024w\" sizes=\"(max-width: 300px) 100vw, 300px\" \/>\t\t\t\t\t\t\t\t\t\t\t\t\t\t\t<\/div>\n\t\t\t\t<\/div>\n\t\t\t\t\t<\/div>\n\t\t\t\t<\/div>\n\t\t<div class=\"elementor-element elementor-element-a33883c e-flex e-con-boxed e-con e-parent\" data-id=\"a33883c\" data-element_type=\"container\" data-e-type=\"container\">\n\t\t\t\t\t<div class=\"e-con-inner\">\n\t\t\t\t<div class=\"elementor-element elementor-element-c1c9841 elementor-widget elementor-widget-heading\" data-id=\"c1c9841\" data-element_type=\"widget\" data-e-type=\"widget\" data-widget_type=\"heading.default\">\n\t\t\t\t<div class=\"elementor-widget-container\">\n\t\t\t\t\t<h1 class=\"elementor-heading-title elementor-size-default\">Impression<\/h1>\t\t\t\t<\/div>\n\t\t\t\t<\/div>\n\t\t\t\t\t<\/div>\n\t\t\t\t<\/div>\n\t\t<div class=\"elementor-element elementor-element-506c5db e-flex e-con-boxed e-con e-parent\" data-id=\"506c5db\" data-element_type=\"container\" data-e-type=\"container\">\n\t\t\t\t\t<div class=\"e-con-inner\">\n\t\t\t\t<div class=\"elementor-element elementor-element-99d72e9 elementor-widget elementor-widget-text-editor\" data-id=\"99d72e9\" data-element_type=\"widget\" data-e-type=\"widget\" data-widget_type=\"text-editor.default\">\n\t\t\t\t<div class=\"elementor-widget-container\">\n\t\t\t\t\t\t\t\t\t<p><span style=\"color: var( --e-global-color-primary ); text-align: var(--text-align); font-size: 1rem;\"><i><b>Derni\u00e8re mise \u00e0 jour : 12 ao\u00fbt 2024<\/b><\/i><\/span><\/p><h2>\u00c9diteur<\/h2><p><span style=\"color: var( --e-global-color-primary ); font-size: 1rem; text-align: var(--text-align);\"><b>PharmSultation UG<\/b><\/span><\/p><p>Haci H. Polat, PDG<\/p><p><span style=\"color: var( --e-global-color-primary ); text-align: var(--text-align); font-size: 1rem;\">Gundhofstra\u00dfe 23<\/span><\/p><p>69528 Francfort-sur-le-Main, Allemagne<\/p><p><span style=\"color: var( --e-global-color-primary ); text-align: var(--text-align); font-size: 1rem;\">inscrit au registre du commerce de <\/span><b style=\"color: var( --e-global-color-primary ); text-align: var(--text-align); font-size: 1rem;\">Francfort-sur-le-Main<\/b><\/p><p>Num\u00e9ro de registre du commerce <b>HRB 135633<\/b><\/p><p><span style=\"color: var( --e-global-color-primary ); text-align: var(--text-align); font-size: 1rem;\">Courriel : info@pharmsultation.com<\/span><\/p><p>Contactez-nous : https:\/\/www.pharmsultation.com\/contact-us\/<\/p><p> <\/p><h2>Conditions d&rsquo;utilisation<\/h2><p>L&rsquo;acc\u00e8s \u00e0 ce site web et son utilisation sont soumis aux conditions g\u00e9n\u00e9rales suivantes. Si vous n&rsquo;acceptez pas ces conditions, veuillez ne pas utiliser ce site web. Ce site web a \u00e9t\u00e9 d\u00e9velopp\u00e9 et est administr\u00e9 par <b>PharmSultation UG<\/b>. Nous nous r\u00e9servons le droit de modifier notre site web en tout ou en partie et\/ou d&rsquo;en cesser l&rsquo;exploitation \u00e0 tout moment, \u00e0 notre enti\u00e8re discr\u00e9tion et sans pr\u00e9avis. Nous vous invitons donc \u00e0 consulter \u00e0 nouveau ce site lors de votre prochaine visite et \u00e0 prendre note des modifications\/ajouts qui y ont \u00e9t\u00e9 apport\u00e9s entre-temps.    <\/p><p> <\/p><h2>Licence d&rsquo;utilisation<\/h2><p>Toutes les informations, tous les documents et toutes les repr\u00e9sentations publi\u00e9s sur ce site web sont la propri\u00e9t\u00e9 exclusive de <b>PharmSultation UG<\/b>. L&rsquo;autorisation de les utiliser est soumise \u00e0 la condition que la mention du copyright figure sur toutes les copies, que les informations soient utilis\u00e9es uniquement \u00e0 des fins personnelles et non \u00e0 des fins commerciales, que les informations ne soient modifi\u00e9es en aucune mani\u00e8re et que toutes les repr\u00e9sentations sur le site web soient uniquement utilis\u00e9es avec le texte associ\u00e9. <\/p><p> <\/p><h2>Marques et droits d&rsquo;auteur<\/h2><p>L&rsquo;ensemble du contenu du site Web est la propri\u00e9t\u00e9 intellectuelle de <b>PharmSultation UG<\/b> et est prot\u00e9g\u00e9 par le droit d&rsquo;auteur. Les utilisateurs ne peuvent t\u00e9l\u00e9charger, imprimer ou copier le contenu de ces sites Web que pour leur usage priv\u00e9. La mention du droit d&rsquo;auteur de <b>PharmSultation UG<\/b> doit figurer sur chaque copie de nos publications ou de parties de celles-ci. Toute modification, duplication, distribution ou reproduction publique du site web ou de parties de celui-ci, quel qu&rsquo;en soit le type, est interdite. Tous les noms de produits sont des marques d\u00e9pos\u00e9es de <b>PharmSultation UG<\/b>, d&rsquo;entreprises affili\u00e9es ou de conc\u00e9dants de licence, ind\u00e9pendamment de la taille de la police ou de la pr\u00e9sence d&rsquo;un symbole de marque. Les droits de marque appartiennent au d\u00e9tenteur respectif des droits ; l&rsquo;utilisation ou l&rsquo;abus de ces marques d\u00e9pos\u00e9es est express\u00e9ment interdit et fera l&rsquo;objet de poursuites conform\u00e9ment \u00e0 la l\u00e9gislation applicable.     <\/p><p> <\/p><h2>Limitation de la responsabilit\u00e9<\/h2><p><b>PharmSultation UG<\/b> a compil\u00e9 les informations sur ce site web au mieux de ses connaissances et de ses convictions, avec un soin professionnel. Nous nous effor\u00e7ons de tenir ces informations \u00e0 jour. Les informations contenues dans ce site Web ont pour but de pr\u00e9senter <b>PharmSultation UG<\/b> ainsi que ses produits et services. Toutefois, nous ne garantissons pas &#8211; ni express\u00e9ment ni implicitement &#8211; l&rsquo;exhaustivit\u00e9 ou l&rsquo;exactitude des informations figurant sur ce site web. Ces informations \u00e9taient \u00e0 jour le jour de la publication, mais peuvent \u00eatre obsol\u00e8tes. C&rsquo;est pourquoi vous devriez v\u00e9rifier les informations sur ce site web avant de les utiliser de quelque mani\u00e8re que ce soit. Les informations contenues dans ce site ne vous dispensent pas d&rsquo;examiner par vous-m\u00eame nos conseils actuels et nos produits pour d\u00e9terminer s&rsquo;ils conviennent aux proc\u00e9dures et aux objectifs pr\u00e9vus. Si vous avez besoin de conseils ou d&rsquo;instructions sp\u00e9cifiques concernant nos produits ou services, veuillez nous contacter directement. Les utilisateurs de ce site Web acceptent d&rsquo;acc\u00e9der \u00e0 ce site et \u00e0 son contenu \u00e0 leurs propres risques. Ni <b>PharmSultation UG<\/b> ni aucun tiers impliqu\u00e9 dans la cr\u00e9ation, la production ou la transmission de ce site web ne peut \u00eatre tenu pour responsable des dommages ou pr\u00e9judices r\u00e9sultant de l&rsquo;acc\u00e8s ou de l&rsquo;impossibilit\u00e9 d&rsquo;acc\u00e8s, de l&rsquo;utilisation ou de l&rsquo;incapacit\u00e9 d&rsquo;utilisation de ce site web ou de la confiance accord\u00e9e \u00e0 toute information contenue dans ce site web.         <\/p><p> <\/p><h2>Sites web\/liens de tiers<\/h2><p>Ce site web contient \u00e9galement des liens ou des r\u00e9f\u00e9rences \u00e0 des sites web de tiers. Ces liens vers des sites Web de tiers ne constituent pas une approbation de leur contenu par <b>PharmSultation UG<\/b>. <b>PharmSultation UG<\/b> d\u00e9cline toute responsabilit\u00e9 quant \u00e0 la disponibilit\u00e9 ou au contenu de ces sites web et d\u00e9cline toute responsabilit\u00e9 pour les dommages ou pr\u00e9judices r\u00e9sultant de l&rsquo;utilisation de ce contenu &#8211; quel qu&rsquo;en soit le type. Les liens vers d&rsquo;autres sites web sont fournis aux utilisateurs de ce site web uniquement pour des raisons de commodit\u00e9. <b>PharmSultation UG<\/b> ne garantit pas que les liens fourniront des informations sur un sujet de mani\u00e8re inchang\u00e9e et coh\u00e9rente. L&rsquo;\u00e9tablissement d&rsquo;un lien vers ces sites web se fait aux risques et p\u00e9rils de l&rsquo;utilisateur. La s\u00e9lection des liens ne doit en aucun cas limiter les informations contenues dans les sites web li\u00e9s.    <\/p><p> <\/p>\t\t\t\t\t\t\t\t<\/div>\n\t\t\t\t<\/div>\n\t\t\t\t\t<\/div>\n\t\t\t\t<\/div>\n\t\t<div class=\"elementor-element elementor-element-4064b4b e-flex e-con-boxed e-con e-parent\" data-id=\"4064b4b\" data-element_type=\"container\" data-e-type=\"container\">\n\t\t\t\t\t<div class=\"e-con-inner\">\n\t\t\t\t\t<\/div>\n\t\t\t\t<\/div>\n\t\t\t\t<\/div>\n\t\t","protected":false},"excerpt":{"rendered":"<p>Impression Derni\u00e8re mise \u00e0 jour : 12 ao\u00fbt 2024 \u00c9diteur PharmSultation UG Haci H. Polat, PDG Gundhofstra\u00dfe 23 69528 Francfort-sur-le-Main, Allemagne inscrit au registre du commerce de Francfort-sur-le-Main Num\u00e9ro de registre du commerce HRB 135633 Courriel : info@pharmsultation.com Contactez-nous : https:\/\/www.pharmsultation.com\/contact-us\/ Conditions d&rsquo;utilisation L&rsquo;acc\u00e8s \u00e0 ce site web et son utilisation sont soumis aux conditions [&hellip;]<\/p>\n","protected":false},"author":2,"featured_media":0,"parent":0,"menu_order":0,"comment_status":"closed","ping_status":"closed","template":"","meta":{"footnotes":""},"class_list":["post-5477","page","type-page","status-publish","hentry"],"yoast_head":"<!-- This site is optimized with the Yoast SEO plugin v27.2 - https:\/\/yoast.com\/product\/yoast-seo-wordpress\/ -->\n<title>Impressum -<\/title>\n<meta name=\"robots\" content=\"index, follow, max-snippet:-1, max-image-preview:large, max-video-preview:-1\" \/>\n<link rel=\"canonical\" href=\"https:\/\/test.pharmsultation.com\/fr\/impressum\/\" \/>\n<meta property=\"og:locale\" content=\"fr_FR\" \/>\n<meta property=\"og:type\" content=\"article\" \/>\n<meta property=\"og:title\" content=\"Impressum -\" \/>\n<meta property=\"og:description\" content=\"Impression Derni\u00e8re mise \u00e0 jour : 12 ao\u00fbt 2024 \u00c9diteur PharmSultation UG Haci H. Polat, PDG Gundhofstra\u00dfe 23 69528 Francfort-sur-le-Main, Allemagne inscrit au registre du commerce de Francfort-sur-le-Main Num\u00e9ro de registre du commerce HRB 135633 Courriel : info@pharmsultation.com Contactez-nous : https:\/\/www.pharmsultation.com\/contact-us\/ Conditions d&rsquo;utilisation L&rsquo;acc\u00e8s \u00e0 ce site web et son utilisation sont soumis aux conditions [&hellip;]\" \/>\n<meta property=\"og:url\" content=\"https:\/\/test.pharmsultation.com\/fr\/impressum\/\" \/>\n<meta property=\"article:modified_time\" content=\"2025-05-11T12:30:03+00:00\" \/>\n<meta property=\"og:image\" content=\"https:\/\/test.pharmsultation.com\/wp-content\/uploads\/2023\/05\/customcolor_logo_transparent_background-1024x614-1.png\" \/>\n\t<meta property=\"og:image:width\" content=\"1024\" \/>\n\t<meta property=\"og:image:height\" content=\"614\" \/>\n\t<meta property=\"og:image:type\" content=\"image\/png\" \/>\n<meta name=\"twitter:card\" content=\"summary_large_image\" \/>\n<meta name=\"twitter:label1\" content=\"Dur\u00e9e de lecture estim\u00e9e\" \/>\n\t<meta name=\"twitter:data1\" content=\"4 minutes\" \/>\n<script type=\"application\/ld+json\" class=\"yoast-schema-graph\">{\"@context\":\"https:\/\/schema.org\",\"@graph\":[{\"@type\":\"WebPage\",\"@id\":\"https:\/\/test.pharmsultation.com\/fr\/impressum\/\",\"url\":\"https:\/\/test.pharmsultation.com\/fr\/impressum\/\",\"name\":\"Impressum -\",\"isPartOf\":{\"@id\":\"https:\/\/test.pharmsultation.com\/fr\/#website\"},\"primaryImageOfPage\":{\"@id\":\"https:\/\/test.pharmsultation.com\/fr\/impressum\/#primaryimage\"},\"image\":{\"@id\":\"https:\/\/test.pharmsultation.com\/fr\/impressum\/#primaryimage\"},\"thumbnailUrl\":\"https:\/\/test.pharmsultation.com\/wp-content\/uploads\/2023\/05\/customcolor_logo_transparent_background-1024x614-1-300x180.png\",\"datePublished\":\"2024-08-13T21:39:28+00:00\",\"dateModified\":\"2025-05-11T12:30:03+00:00\",\"breadcrumb\":{\"@id\":\"https:\/\/test.pharmsultation.com\/fr\/impressum\/#breadcrumb\"},\"inLanguage\":\"fr-FR\",\"potentialAction\":[{\"@type\":\"ReadAction\",\"target\":[\"https:\/\/test.pharmsultation.com\/fr\/impressum\/\"]}]},{\"@type\":\"ImageObject\",\"inLanguage\":\"fr-FR\",\"@id\":\"https:\/\/test.pharmsultation.com\/fr\/impressum\/#primaryimage\",\"url\":\"https:\/\/test.pharmsultation.com\/wp-content\/uploads\/2023\/05\/customcolor_logo_transparent_background-1024x614-1-300x180.png\",\"contentUrl\":\"https:\/\/test.pharmsultation.com\/wp-content\/uploads\/2023\/05\/customcolor_logo_transparent_background-1024x614-1-300x180.png\"},{\"@type\":\"BreadcrumbList\",\"@id\":\"https:\/\/test.pharmsultation.com\/fr\/impressum\/#breadcrumb\",\"itemListElement\":[{\"@type\":\"ListItem\",\"position\":1,\"name\":\"Accueil\",\"item\":\"https:\/\/test.pharmsultation.com\/fr\/pharmsultation-complements-alimentaires-et-conseils\/\"},{\"@type\":\"ListItem\",\"position\":2,\"name\":\"Impressum\"}]},{\"@type\":\"WebSite\",\"@id\":\"https:\/\/test.pharmsultation.com\/fr\/#website\",\"url\":\"https:\/\/test.pharmsultation.com\/fr\/\",\"name\":\"PharmSultation - Pharma & Industries Services\",\"description\":\"\",\"publisher\":{\"@id\":\"https:\/\/test.pharmsultation.com\/fr\/#organization\"},\"potentialAction\":[{\"@type\":\"SearchAction\",\"target\":{\"@type\":\"EntryPoint\",\"urlTemplate\":\"https:\/\/test.pharmsultation.com\/fr\/?s={search_term_string}\"},\"query-input\":{\"@type\":\"PropertyValueSpecification\",\"valueRequired\":true,\"valueName\":\"search_term_string\"}}],\"inLanguage\":\"fr-FR\"},{\"@type\":\"Organization\",\"@id\":\"https:\/\/test.pharmsultation.com\/fr\/#organization\",\"name\":\"PharmSultation\",\"url\":\"https:\/\/test.pharmsultation.com\/fr\/\",\"logo\":{\"@type\":\"ImageObject\",\"inLanguage\":\"fr-FR\",\"@id\":\"https:\/\/test.pharmsultation.com\/fr\/#\/schema\/logo\/image\/\",\"url\":\"https:\/\/www.pharmsultation.com\/wp-content\/uploads\/2023\/05\/customcolor_logo_transparent_background.png\",\"contentUrl\":\"https:\/\/www.pharmsultation.com\/wp-content\/uploads\/2023\/05\/customcolor_logo_transparent_background.png\",\"width\":3125,\"height\":1875,\"caption\":\"PharmSultation\"},\"image\":{\"@id\":\"https:\/\/test.pharmsultation.com\/fr\/#\/schema\/logo\/image\/\"}}]}<\/script>\n<!-- \/ Yoast SEO plugin. -->","yoast_head_json":{"title":"Impressum -","robots":{"index":"index","follow":"follow","max-snippet":"max-snippet:-1","max-image-preview":"max-image-preview:large","max-video-preview":"max-video-preview:-1"},"canonical":"https:\/\/test.pharmsultation.com\/fr\/impressum\/","og_locale":"fr_FR","og_type":"article","og_title":"Impressum -","og_description":"Impression Derni\u00e8re mise \u00e0 jour : 12 ao\u00fbt 2024 \u00c9diteur PharmSultation UG Haci H. Polat, PDG Gundhofstra\u00dfe 23 69528 Francfort-sur-le-Main, Allemagne inscrit au registre du commerce de Francfort-sur-le-Main Num\u00e9ro de registre du commerce HRB 135633 Courriel : info@pharmsultation.com Contactez-nous : https:\/\/www.pharmsultation.com\/contact-us\/ Conditions d&rsquo;utilisation L&rsquo;acc\u00e8s \u00e0 ce site web et son utilisation sont soumis aux conditions [&hellip;]","og_url":"https:\/\/test.pharmsultation.com\/fr\/impressum\/","article_modified_time":"2025-05-11T12:30:03+00:00","og_image":[{"width":1024,"height":614,"url":"https:\/\/test.pharmsultation.com\/wp-content\/uploads\/2023\/05\/customcolor_logo_transparent_background-1024x614-1.png","type":"image\/png"}],"twitter_card":"summary_large_image","twitter_misc":{"Dur\u00e9e de lecture estim\u00e9e":"4 minutes"},"schema":{"@context":"https:\/\/schema.org","@graph":[{"@type":"WebPage","@id":"https:\/\/test.pharmsultation.com\/fr\/impressum\/","url":"https:\/\/test.pharmsultation.com\/fr\/impressum\/","name":"Impressum -","isPartOf":{"@id":"https:\/\/test.pharmsultation.com\/fr\/#website"},"primaryImageOfPage":{"@id":"https:\/\/test.pharmsultation.com\/fr\/impressum\/#primaryimage"},"image":{"@id":"https:\/\/test.pharmsultation.com\/fr\/impressum\/#primaryimage"},"thumbnailUrl":"https:\/\/test.pharmsultation.com\/wp-content\/uploads\/2023\/05\/customcolor_logo_transparent_background-1024x614-1-300x180.png","datePublished":"2024-08-13T21:39:28+00:00","dateModified":"2025-05-11T12:30:03+00:00","breadcrumb":{"@id":"https:\/\/test.pharmsultation.com\/fr\/impressum\/#breadcrumb"},"inLanguage":"fr-FR","potentialAction":[{"@type":"ReadAction","target":["https:\/\/test.pharmsultation.com\/fr\/impressum\/"]}]},{"@type":"ImageObject","inLanguage":"fr-FR","@id":"https:\/\/test.pharmsultation.com\/fr\/impressum\/#primaryimage","url":"https:\/\/test.pharmsultation.com\/wp-content\/uploads\/2023\/05\/customcolor_logo_transparent_background-1024x614-1-300x180.png","contentUrl":"https:\/\/test.pharmsultation.com\/wp-content\/uploads\/2023\/05\/customcolor_logo_transparent_background-1024x614-1-300x180.png"},{"@type":"BreadcrumbList","@id":"https:\/\/test.pharmsultation.com\/fr\/impressum\/#breadcrumb","itemListElement":[{"@type":"ListItem","position":1,"name":"Accueil","item":"https:\/\/test.pharmsultation.com\/fr\/pharmsultation-complements-alimentaires-et-conseils\/"},{"@type":"ListItem","position":2,"name":"Impressum"}]},{"@type":"WebSite","@id":"https:\/\/test.pharmsultation.com\/fr\/#website","url":"https:\/\/test.pharmsultation.com\/fr\/","name":"PharmSultation - Pharma & Industries Services","description":"","publisher":{"@id":"https:\/\/test.pharmsultation.com\/fr\/#organization"},"potentialAction":[{"@type":"SearchAction","target":{"@type":"EntryPoint","urlTemplate":"https:\/\/test.pharmsultation.com\/fr\/?s={search_term_string}"},"query-input":{"@type":"PropertyValueSpecification","valueRequired":true,"valueName":"search_term_string"}}],"inLanguage":"fr-FR"},{"@type":"Organization","@id":"https:\/\/test.pharmsultation.com\/fr\/#organization","name":"PharmSultation","url":"https:\/\/test.pharmsultation.com\/fr\/","logo":{"@type":"ImageObject","inLanguage":"fr-FR","@id":"https:\/\/test.pharmsultation.com\/fr\/#\/schema\/logo\/image\/","url":"https:\/\/www.pharmsultation.com\/wp-content\/uploads\/2023\/05\/customcolor_logo_transparent_background.png","contentUrl":"https:\/\/www.pharmsultation.com\/wp-content\/uploads\/2023\/05\/customcolor_logo_transparent_background.png","width":3125,"height":1875,"caption":"PharmSultation"},"image":{"@id":"https:\/\/test.pharmsultation.com\/fr\/#\/schema\/logo\/image\/"}}]}},"_links":{"self":[{"href":"https:\/\/test.pharmsultation.com\/fr\/wp-json\/wp\/v2\/pages\/5477","targetHints":{"allow":["GET"]}}],"collection":[{"href":"https:\/\/test.pharmsultation.com\/fr\/wp-json\/wp\/v2\/pages"}],"about":[{"href":"https:\/\/test.pharmsultation.com\/fr\/wp-json\/wp\/v2\/types\/page"}],"author":[{"embeddable":true,"href":"https:\/\/test.pharmsultation.com\/fr\/wp-json\/wp\/v2\/users\/2"}],"replies":[{"embeddable":true,"href":"https:\/\/test.pharmsultation.com\/fr\/wp-json\/wp\/v2\/comments?post=5477"}],"version-history":[{"count":1,"href":"https:\/\/test.pharmsultation.com\/fr\/wp-json\/wp\/v2\/pages\/5477\/revisions"}],"predecessor-version":[{"id":5482,"href":"https:\/\/test.pharmsultation.com\/fr\/wp-json\/wp\/v2\/pages\/5477\/revisions\/5482"}],"wp:attachment":[{"href":"https:\/\/test.pharmsultation.com\/fr\/wp-json\/wp\/v2\/media?parent=5477"}],"curies":[{"name":"wp","href":"https:\/\/api.w.org\/{rel}","templated":true}]}}