{"id":5779,"date":"2024-08-12T22:09:55","date_gmt":"2024-08-12T20:09:55","guid":{"rendered":"https:\/\/test.pharmsultation.com\/politica-de-devoluciones-y-reembolsos\/"},"modified":"2025-05-11T17:11:04","modified_gmt":"2025-05-11T15:11:04","slug":"politica-de-devoluciones-y-reembolsos","status":"publish","type":"page","link":"https:\/\/test.pharmsultation.com\/es\/politica-de-devoluciones-y-reembolsos\/","title":{"rendered":"Pol\u00edtica de devoluciones y reembolsos"},"content":{"rendered":"\t\t<div data-elementor-type=\"wp-page\" data-elementor-id=\"5779\" class=\"elementor elementor-5779 elementor-786\" data-elementor-post-type=\"page\">\n\t\t\t\t<div class=\"elementor-element elementor-element-fe0a97f e-flex e-con-boxed e-con e-parent\" data-id=\"fe0a97f\" data-element_type=\"container\" data-e-type=\"container\">\n\t\t\t\t\t<div class=\"e-con-inner\">\n\t\t\t\t<div class=\"elementor-element elementor-element-1fc9822 elementor-widget elementor-widget-image\" data-id=\"1fc9822\" data-element_type=\"widget\" data-e-type=\"widget\" data-widget_type=\"image.default\">\n\t\t\t\t<div class=\"elementor-widget-container\">\n\t\t\t\t\t\t\t\t\t\t\t\t\t\t\t<img fetchpriority=\"high\" decoding=\"async\" width=\"300\" height=\"180\" src=\"https:\/\/test.pharmsultation.com\/wp-content\/uploads\/2023\/05\/customcolor_logo_transparent_background-1024x614-1-300x180.png\" class=\"attachment-medium size-medium wp-image-2492\" alt=\"\" srcset=\"https:\/\/test.pharmsultation.com\/wp-content\/uploads\/2023\/05\/customcolor_logo_transparent_background-1024x614-1-300x180.png 300w, https:\/\/test.pharmsultation.com\/wp-content\/uploads\/2023\/05\/customcolor_logo_transparent_background-1024x614-1-768x461.png 768w, https:\/\/test.pharmsultation.com\/wp-content\/uploads\/2023\/05\/customcolor_logo_transparent_background-1024x614-1.png 1024w\" sizes=\"(max-width: 300px) 100vw, 300px\" \/>\t\t\t\t\t\t\t\t\t\t\t\t\t\t\t<\/div>\n\t\t\t\t<\/div>\n\t\t\t\t\t<\/div>\n\t\t\t\t<\/div>\n\t\t<div class=\"elementor-element elementor-element-a33883c e-flex e-con-boxed e-con e-parent\" data-id=\"a33883c\" data-element_type=\"container\" data-e-type=\"container\">\n\t\t\t\t\t<div class=\"e-con-inner\">\n\t\t\t\t<div class=\"elementor-element elementor-element-c1c9841 elementor-widget elementor-widget-heading\" data-id=\"c1c9841\" data-element_type=\"widget\" data-e-type=\"widget\" data-widget_type=\"heading.default\">\n\t\t\t\t<div class=\"elementor-widget-container\">\n\t\t\t\t\t<h1 class=\"elementor-heading-title elementor-size-default\">Pol\u00edtica de devoluciones y reembolsos<\/h1>\t\t\t\t<\/div>\n\t\t\t\t<\/div>\n\t\t\t\t\t<\/div>\n\t\t\t\t<\/div>\n\t\t<div class=\"elementor-element elementor-element-506c5db e-flex e-con-boxed e-con e-parent\" data-id=\"506c5db\" data-element_type=\"container\" data-e-type=\"container\">\n\t\t\t\t\t<div class=\"e-con-inner\">\n\t\t\t\t<div class=\"elementor-element elementor-element-99d72e9 elementor-widget elementor-widget-text-editor\" data-id=\"99d72e9\" data-element_type=\"widget\" data-e-type=\"widget\" data-widget_type=\"text-editor.default\">\n\t\t\t\t<div class=\"elementor-widget-container\">\n\t\t\t\t\t\t\t\t\t<p><span style=\"color: var( --e-global-color-primary ); text-align: var(--text-align); font-size: 1rem;\"><i><b>\u00daltima actualizaci\u00f3n: 12 de agosto de 2024<\/b><\/i><\/span><\/p>\n<p>Gracias por comprar en PharmSultation.<\/p>\n<p><span style=\"color: var( --e-global-color-primary ); text-align: var(--text-align); font-size: 1rem;\">Si, por cualquier motivo, no est\u00e1s completamente satisfecho con una compra, te invitamos a revisar nuestra pol\u00edtica de devoluciones y reembolsos. Esta Pol\u00edtica de devoluciones y reembolsos se ha creado con la ayuda del Generador gratuito de pol\u00edticas de devoluciones y reembolsos. <\/span><\/p>\n<p><span style=\"color: var( --e-global-color-primary ); text-align: var(--text-align); font-size: 1rem;\">Las siguientes condiciones son aplicables a cualquier producto que Nos hayas comprado.<\/span><\/p>\n<p><span style=\"color: inherit; font-family: inherit; font-size: 2rem; text-align: var(--text-align);\">Interpretaci\u00f3n y definiciones<\/span><\/p>\n<h2><b>Interpretaci\u00f3n<\/b><\/h2>\n<p>Las palabras cuya inicial aparece en may\u00fascula tienen los significados que se definen a continuaci\u00f3n. Las siguientes definiciones tendr\u00e1n el mismo significado independientemente de que aparezcan en singular o en plural. <\/p>\n<p><span style=\"color: var( --e-global-color-primary ); font-family: var( --e-global-typography-text-font-family ), Sans-serif; text-align: var(--text-align); font-size: 1rem;\"><b>Definiciones<\/b><\/span><\/p>\n<p>A efectos de la presente Pol\u00edtica de devoluciones y reembolsos:<\/p>\n<p><\/p>\n<p>Empresa (denominada \u00abla Empresa\u00bb, \u00abNosotros\u00bb, \u00abNos\u00bb o \u00abNuestro\u00bb en este Acuerdo) se refiere a PharmSultation UG, Gundhofstra\u00dfe 23, 69528 Frankfurt am Main.<\/p>\n<p><\/p>\n<p>Las Mercanc\u00edas se refieren a los art\u00edculos ofrecidos a la venta en el Servicio.<\/p>\n<p><\/p>\n<p>Pedidos significa una solicitud por Tu parte para comprarnos Productos.<\/p>\n<p><\/p>\n<p>Servicio se refiere al Sitio Web.<\/p>\n<p><\/p>\n<p>La p\u00e1gina web hace referencia a PharmSultation, accesible desde https:\/\/www.pharmsultation.com<\/p>\n<p><\/p>\n<p>T\u00fa significa el individuo que accede o utiliza el Servicio, o la empresa, u otra entidad legal en nombre de la cual dicho individuo accede o utiliza el Servicio, seg\u00fan corresponda.<\/p>\n<p><\/p>\n<p>Tus derechos de cancelaci\u00f3n de pedidos<\/p>\n<p>Tienes derecho a cancelar Tu Pedido en un plazo de 30 d\u00edas sin dar ninguna raz\u00f3n para ello.<\/p>\n<p><\/p>\n<p>El plazo para cancelar un Pedido es de 30 d\u00edas a partir de la fecha en la que recibiste los Productos o en la que un tercero que hayas designado, que no sea el transportista, tome posesi\u00f3n del producto entregado.<\/p>\n<p><\/p>\n<p>Para ejercer Tu derecho de cancelaci\u00f3n, debes informarnos de tu decisi\u00f3n mediante una declaraci\u00f3n clara. Puedes informarnos de tu decisi\u00f3n mediante: <\/p>\n<p><\/p>\n<p>Visitando esta p\u00e1gina de nuestro sitio web: https:\/\/www.pharmsultation.com\/contact-us\/<\/p>\n<p>Te reembolsaremos el importe en un plazo m\u00e1ximo de 14 d\u00edas a partir del d\u00eda en que recibamos los Productos devueltos. Utilizaremos el mismo medio de pago que utilizaste para el Pedido, y no incurrir\u00e1s en ning\u00fan gasto por dicho reembolso. <\/p>\n<p><\/p>\n<p>Condiciones de devoluci\u00f3n<\/p>\n<p>Para que la Mercanc\u00eda pueda ser objeto de devoluci\u00f3n, aseg\u00farate de que:<\/p>\n<p><\/p>\n<p>Los Productos se compraron en los \u00faltimos 30 d\u00edas<\/p>\n<p>Los Productos est\u00e1n en su embalaje original<\/p>\n<p>Los siguientes Productos no pueden devolverse:<\/p>\n<p><\/p>\n<p>El suministro de Productos fabricados seg\u00fan Tus especificaciones o claramente personalizados.<\/p>\n<p>El suministro de Bienes que por su naturaleza no sean aptos para ser devueltos, se deterioren r\u00e1pidamente o cuya fecha de caducidad haya vencido.<\/p>\n<p>El suministro de Bienes que no sean aptos para ser devueltos por razones de protecci\u00f3n de la salud o de higiene y que hayan sido desprecintados tras la entrega.<\/p>\n<p>El suministro de Bienes que, despu\u00e9s de la entrega, seg\u00fan su naturaleza, est\u00e1n inseparablemente mezclados con otros art\u00edculos.<\/p>\n<p>Nos reservamos el derecho a rechazar las devoluciones de cualquier mercanc\u00eda que no cumpla las condiciones de devoluci\u00f3n anteriores a nuestra entera discreci\u00f3n.<\/p>\n<p><\/p>\n<p>S\u00f3lo pueden reembolsarse los Productos con precio normal. Lamentablemente, los Productos en oferta no pueden ser reembolsados. Esta exclusi\u00f3n puede no aplicarse en tu caso si no est\u00e1 permitida por la legislaci\u00f3n aplicable.  <\/p>\n<p><\/p>\n<p>Devoluci\u00f3n de mercanc\u00edas<\/p>\n<p>Eres responsable del coste y el riesgo de devolvernos los Productos. Debes enviar los Productos a la siguiente direcci\u00f3n: <\/p>\n<p><\/p>\n<p><b>PharmSultation UG<\/b><\/p>\n<p><b>Gundhofstra\u00dfe 23<\/b><\/p>\n<p><b>69528 Fr\u00e1ncfort del Meno&nbsp;<\/b><\/p>\n<p><b>ALEMANIA<\/b><\/p>\n<p><\/p>\n<p>No nos hacemos responsables de los art\u00edculos da\u00f1ados o perdidos en el env\u00edo de devoluci\u00f3n. Por lo tanto, recomendamos un servicio de correo asegurado y con seguimiento. No podemos emitir un reembolso sin la recepci\u00f3n real de los Productos o una prueba de la recepci\u00f3n de la devoluci\u00f3n.  <\/p>\n<p><\/p>\n<p>Regalos<\/p>\n<p>Si los Productos se marcaron como regalo al comprarlos y luego se te enviaron directamente, recibir\u00e1s un cr\u00e9dito de regalo por el valor de tu devoluci\u00f3n. Una vez recibido el producto devuelto, se te enviar\u00e1 por correo un vale de regalo. <\/p>\n<p><\/p>\n<p>Si los Productos no estaban marcados como regalo en el momento de la compra, o si la persona que hizo el regalo se envi\u00f3 a s\u00ed misma el Pedido para d\u00e1rtelo m\u00e1s tarde, enviaremos el reembolso a la persona que hizo el regalo.<\/p>\n<p><\/p>\n<p>Contacte con nosotros<\/p>\n<p>Si tienes alguna pregunta sobre nuestra Pol\u00edtica de devoluciones y reembolsos, ponte en contacto con nosotros:<\/p>\n<p><\/p>\n<p>Visitando esta p\u00e1gina de nuestro sitio web: https:\/\/www.pharmsultation.com\/contact-us\/<\/p>\t\t\t\t\t\t\t\t<\/div>\n\t\t\t\t<\/div>\n\t\t\t\t\t<\/div>\n\t\t\t\t<\/div>\n\t\t<div class=\"elementor-element elementor-element-4064b4b e-flex e-con-boxed e-con e-parent\" data-id=\"4064b4b\" data-element_type=\"container\" data-e-type=\"container\">\n\t\t\t\t\t<div class=\"e-con-inner\">\n\t\t\t\t\t<\/div>\n\t\t\t\t<\/div>\n\t\t\t\t<\/div>\n\t\t","protected":false},"excerpt":{"rendered":"<p>Pol\u00edtica de devoluciones y reembolsos \u00daltima actualizaci\u00f3n: 12 de agosto de 2024 Gracias por comprar en PharmSultation. Si, por cualquier motivo, no est\u00e1s completamente satisfecho con una compra, te invitamos a revisar nuestra pol\u00edtica de devoluciones y reembolsos. Esta Pol\u00edtica de devoluciones y reembolsos se ha creado con la ayuda del Generador gratuito de pol\u00edticas [&hellip;]<\/p>\n","protected":false},"author":2,"featured_media":0,"parent":0,"menu_order":0,"comment_status":"closed","ping_status":"closed","template":"","meta":{"footnotes":""},"class_list":["post-5779","page","type-page","status-publish","hentry"],"yoast_head":"<!-- This site is optimized with the Yoast SEO plugin v27.2 - https:\/\/yoast.com\/product\/yoast-seo-wordpress\/ -->\n<title>Pol\u00edtica de devoluciones y reembolsos -<\/title>\n<meta name=\"robots\" content=\"index, follow, max-snippet:-1, max-image-preview:large, max-video-preview:-1\" \/>\n<link rel=\"canonical\" href=\"https:\/\/test.pharmsultation.com\/es\/politica-de-devoluciones-y-reembolsos\/\" \/>\n<meta property=\"og:locale\" content=\"es_ES\" \/>\n<meta property=\"og:type\" content=\"article\" \/>\n<meta property=\"og:title\" content=\"Pol\u00edtica de devoluciones y reembolsos -\" \/>\n<meta property=\"og:description\" content=\"Pol\u00edtica de devoluciones y reembolsos \u00daltima actualizaci\u00f3n: 12 de agosto de 2024 Gracias por comprar en PharmSultation. Si, por cualquier motivo, no est\u00e1s completamente satisfecho con una compra, te invitamos a revisar nuestra pol\u00edtica de devoluciones y reembolsos. Esta Pol\u00edtica de devoluciones y reembolsos se ha creado con la ayuda del Generador gratuito de pol\u00edticas [&hellip;]\" \/>\n<meta property=\"og:url\" content=\"https:\/\/test.pharmsultation.com\/es\/politica-de-devoluciones-y-reembolsos\/\" \/>\n<meta property=\"article:modified_time\" content=\"2025-05-11T15:11:04+00:00\" \/>\n<meta property=\"og:image\" content=\"https:\/\/test.pharmsultation.com\/wp-content\/uploads\/2023\/05\/customcolor_logo_transparent_background-1024x614-1.png\" \/>\n\t<meta property=\"og:image:width\" content=\"1024\" \/>\n\t<meta property=\"og:image:height\" content=\"614\" \/>\n\t<meta property=\"og:image:type\" content=\"image\/png\" \/>\n<meta name=\"twitter:card\" content=\"summary_large_image\" \/>\n<meta name=\"twitter:label1\" content=\"Tiempo de lectura\" \/>\n\t<meta name=\"twitter:data1\" content=\"4 minutos\" \/>\n<script type=\"application\/ld+json\" class=\"yoast-schema-graph\">{\"@context\":\"https:\/\/schema.org\",\"@graph\":[{\"@type\":\"WebPage\",\"@id\":\"https:\/\/test.pharmsultation.com\/es\/politica-de-devoluciones-y-reembolsos\/\",\"url\":\"https:\/\/test.pharmsultation.com\/es\/politica-de-devoluciones-y-reembolsos\/\",\"name\":\"Pol\u00edtica de devoluciones y reembolsos -\",\"isPartOf\":{\"@id\":\"https:\/\/test.pharmsultation.com\/es\/#website\"},\"primaryImageOfPage\":{\"@id\":\"https:\/\/test.pharmsultation.com\/es\/politica-de-devoluciones-y-reembolsos\/#primaryimage\"},\"image\":{\"@id\":\"https:\/\/test.pharmsultation.com\/es\/politica-de-devoluciones-y-reembolsos\/#primaryimage\"},\"thumbnailUrl\":\"https:\/\/test.pharmsultation.com\/wp-content\/uploads\/2023\/05\/customcolor_logo_transparent_background-1024x614-1-300x180.png\",\"datePublished\":\"2024-08-12T20:09:55+00:00\",\"dateModified\":\"2025-05-11T15:11:04+00:00\",\"breadcrumb\":{\"@id\":\"https:\/\/test.pharmsultation.com\/es\/politica-de-devoluciones-y-reembolsos\/#breadcrumb\"},\"inLanguage\":\"es\",\"potentialAction\":[{\"@type\":\"ReadAction\",\"target\":[\"https:\/\/test.pharmsultation.com\/es\/politica-de-devoluciones-y-reembolsos\/\"]}]},{\"@type\":\"ImageObject\",\"inLanguage\":\"es\",\"@id\":\"https:\/\/test.pharmsultation.com\/es\/politica-de-devoluciones-y-reembolsos\/#primaryimage\",\"url\":\"https:\/\/test.pharmsultation.com\/wp-content\/uploads\/2023\/05\/customcolor_logo_transparent_background-1024x614-1-300x180.png\",\"contentUrl\":\"https:\/\/test.pharmsultation.com\/wp-content\/uploads\/2023\/05\/customcolor_logo_transparent_background-1024x614-1-300x180.png\"},{\"@type\":\"BreadcrumbList\",\"@id\":\"https:\/\/test.pharmsultation.com\/es\/politica-de-devoluciones-y-reembolsos\/#breadcrumb\",\"itemListElement\":[{\"@type\":\"ListItem\",\"position\":1,\"name\":\"Inicio\",\"item\":\"https:\/\/test.pharmsultation.com\/es\/pharmsultation-consultoria-y-complementos-dieteticos\/\"},{\"@type\":\"ListItem\",\"position\":2,\"name\":\"Pol\u00edtica de devoluciones y reembolsos\"}]},{\"@type\":\"WebSite\",\"@id\":\"https:\/\/test.pharmsultation.com\/es\/#website\",\"url\":\"https:\/\/test.pharmsultation.com\/es\/\",\"name\":\"PharmSultation - Pharma & Industries Services\",\"description\":\"\",\"publisher\":{\"@id\":\"https:\/\/test.pharmsultation.com\/es\/#organization\"},\"potentialAction\":[{\"@type\":\"SearchAction\",\"target\":{\"@type\":\"EntryPoint\",\"urlTemplate\":\"https:\/\/test.pharmsultation.com\/es\/?s={search_term_string}\"},\"query-input\":{\"@type\":\"PropertyValueSpecification\",\"valueRequired\":true,\"valueName\":\"search_term_string\"}}],\"inLanguage\":\"es\"},{\"@type\":\"Organization\",\"@id\":\"https:\/\/test.pharmsultation.com\/es\/#organization\",\"name\":\"PharmSultation\",\"url\":\"https:\/\/test.pharmsultation.com\/es\/\",\"logo\":{\"@type\":\"ImageObject\",\"inLanguage\":\"es\",\"@id\":\"https:\/\/test.pharmsultation.com\/es\/#\/schema\/logo\/image\/\",\"url\":\"https:\/\/www.pharmsultation.com\/wp-content\/uploads\/2023\/05\/customcolor_logo_transparent_background.png\",\"contentUrl\":\"https:\/\/www.pharmsultation.com\/wp-content\/uploads\/2023\/05\/customcolor_logo_transparent_background.png\",\"width\":3125,\"height\":1875,\"caption\":\"PharmSultation\"},\"image\":{\"@id\":\"https:\/\/test.pharmsultation.com\/es\/#\/schema\/logo\/image\/\"}}]}<\/script>\n<!-- \/ Yoast SEO plugin. -->","yoast_head_json":{"title":"Pol\u00edtica de devoluciones y reembolsos -","robots":{"index":"index","follow":"follow","max-snippet":"max-snippet:-1","max-image-preview":"max-image-preview:large","max-video-preview":"max-video-preview:-1"},"canonical":"https:\/\/test.pharmsultation.com\/es\/politica-de-devoluciones-y-reembolsos\/","og_locale":"es_ES","og_type":"article","og_title":"Pol\u00edtica de devoluciones y reembolsos -","og_description":"Pol\u00edtica de devoluciones y reembolsos \u00daltima actualizaci\u00f3n: 12 de agosto de 2024 Gracias por comprar en PharmSultation. Si, por cualquier motivo, no est\u00e1s completamente satisfecho con una compra, te invitamos a revisar nuestra pol\u00edtica de devoluciones y reembolsos. Esta Pol\u00edtica de devoluciones y reembolsos se ha creado con la ayuda del Generador gratuito de pol\u00edticas [&hellip;]","og_url":"https:\/\/test.pharmsultation.com\/es\/politica-de-devoluciones-y-reembolsos\/","article_modified_time":"2025-05-11T15:11:04+00:00","og_image":[{"width":1024,"height":614,"url":"https:\/\/test.pharmsultation.com\/wp-content\/uploads\/2023\/05\/customcolor_logo_transparent_background-1024x614-1.png","type":"image\/png"}],"twitter_card":"summary_large_image","twitter_misc":{"Tiempo de lectura":"4 minutos"},"schema":{"@context":"https:\/\/schema.org","@graph":[{"@type":"WebPage","@id":"https:\/\/test.pharmsultation.com\/es\/politica-de-devoluciones-y-reembolsos\/","url":"https:\/\/test.pharmsultation.com\/es\/politica-de-devoluciones-y-reembolsos\/","name":"Pol\u00edtica de devoluciones y reembolsos -","isPartOf":{"@id":"https:\/\/test.pharmsultation.com\/es\/#website"},"primaryImageOfPage":{"@id":"https:\/\/test.pharmsultation.com\/es\/politica-de-devoluciones-y-reembolsos\/#primaryimage"},"image":{"@id":"https:\/\/test.pharmsultation.com\/es\/politica-de-devoluciones-y-reembolsos\/#primaryimage"},"thumbnailUrl":"https:\/\/test.pharmsultation.com\/wp-content\/uploads\/2023\/05\/customcolor_logo_transparent_background-1024x614-1-300x180.png","datePublished":"2024-08-12T20:09:55+00:00","dateModified":"2025-05-11T15:11:04+00:00","breadcrumb":{"@id":"https:\/\/test.pharmsultation.com\/es\/politica-de-devoluciones-y-reembolsos\/#breadcrumb"},"inLanguage":"es","potentialAction":[{"@type":"ReadAction","target":["https:\/\/test.pharmsultation.com\/es\/politica-de-devoluciones-y-reembolsos\/"]}]},{"@type":"ImageObject","inLanguage":"es","@id":"https:\/\/test.pharmsultation.com\/es\/politica-de-devoluciones-y-reembolsos\/#primaryimage","url":"https:\/\/test.pharmsultation.com\/wp-content\/uploads\/2023\/05\/customcolor_logo_transparent_background-1024x614-1-300x180.png","contentUrl":"https:\/\/test.pharmsultation.com\/wp-content\/uploads\/2023\/05\/customcolor_logo_transparent_background-1024x614-1-300x180.png"},{"@type":"BreadcrumbList","@id":"https:\/\/test.pharmsultation.com\/es\/politica-de-devoluciones-y-reembolsos\/#breadcrumb","itemListElement":[{"@type":"ListItem","position":1,"name":"Inicio","item":"https:\/\/test.pharmsultation.com\/es\/pharmsultation-consultoria-y-complementos-dieteticos\/"},{"@type":"ListItem","position":2,"name":"Pol\u00edtica de devoluciones y reembolsos"}]},{"@type":"WebSite","@id":"https:\/\/test.pharmsultation.com\/es\/#website","url":"https:\/\/test.pharmsultation.com\/es\/","name":"PharmSultation - Pharma & Industries Services","description":"","publisher":{"@id":"https:\/\/test.pharmsultation.com\/es\/#organization"},"potentialAction":[{"@type":"SearchAction","target":{"@type":"EntryPoint","urlTemplate":"https:\/\/test.pharmsultation.com\/es\/?s={search_term_string}"},"query-input":{"@type":"PropertyValueSpecification","valueRequired":true,"valueName":"search_term_string"}}],"inLanguage":"es"},{"@type":"Organization","@id":"https:\/\/test.pharmsultation.com\/es\/#organization","name":"PharmSultation","url":"https:\/\/test.pharmsultation.com\/es\/","logo":{"@type":"ImageObject","inLanguage":"es","@id":"https:\/\/test.pharmsultation.com\/es\/#\/schema\/logo\/image\/","url":"https:\/\/www.pharmsultation.com\/wp-content\/uploads\/2023\/05\/customcolor_logo_transparent_background.png","contentUrl":"https:\/\/www.pharmsultation.com\/wp-content\/uploads\/2023\/05\/customcolor_logo_transparent_background.png","width":3125,"height":1875,"caption":"PharmSultation"},"image":{"@id":"https:\/\/test.pharmsultation.com\/es\/#\/schema\/logo\/image\/"}}]}},"_links":{"self":[{"href":"https:\/\/test.pharmsultation.com\/es\/wp-json\/wp\/v2\/pages\/5779","targetHints":{"allow":["GET"]}}],"collection":[{"href":"https:\/\/test.pharmsultation.com\/es\/wp-json\/wp\/v2\/pages"}],"about":[{"href":"https:\/\/test.pharmsultation.com\/es\/wp-json\/wp\/v2\/types\/page"}],"author":[{"embeddable":true,"href":"https:\/\/test.pharmsultation.com\/es\/wp-json\/wp\/v2\/users\/2"}],"replies":[{"embeddable":true,"href":"https:\/\/test.pharmsultation.com\/es\/wp-json\/wp\/v2\/comments?post=5779"}],"version-history":[{"count":1,"href":"https:\/\/test.pharmsultation.com\/es\/wp-json\/wp\/v2\/pages\/5779\/revisions"}],"predecessor-version":[{"id":5785,"href":"https:\/\/test.pharmsultation.com\/es\/wp-json\/wp\/v2\/pages\/5779\/revisions\/5785"}],"wp:attachment":[{"href":"https:\/\/test.pharmsultation.com\/es\/wp-json\/wp\/v2\/media?parent=5779"}],"curies":[{"name":"wp","href":"https:\/\/api.w.org\/{rel}","templated":true}]}}