{"id":5548,"date":"2023-05-06T13:01:16","date_gmt":"2023-05-06T11:01:16","guid":{"rendered":"https:\/\/test.pharmsultation.com\/pharmsultation-consultoria-y-complementos-dieteticos\/"},"modified":"2025-05-11T16:59:23","modified_gmt":"2025-05-11T14:59:23","slug":"pharmsultation-consultoria-y-complementos-dieteticos","status":"publish","type":"page","link":"https:\/\/test.pharmsultation.com\/es\/","title":{"rendered":"PharmSultation &#8211; Consultor\u00eda y complementos diet\u00e9ticos"},"content":{"rendered":"","protected":false},"excerpt":{"rendered":"<p>PharmSultation &#8211; Consultor\u00eda y complementos diet\u00e9ticos<\/p>\n","protected":false},"author":2,"featured_media":0,"parent":0,"menu_order":0,"comment_status":"closed","ping_status":"closed","template":"","meta":{"footnotes":""},"class_list":["post-5548","page","type-page","status-publish","hentry"],"yoast_head":"<!-- This site is optimized with the Yoast SEO plugin v27.2 - https:\/\/yoast.com\/product\/yoast-seo-wordpress\/ -->\n<title>PharmSultation - Consultor\u00eda y complementos diet\u00e9ticos<\/title>\n<meta name=\"description\" content=\"Por lo tanto, ofrecemos compartir nuestros conocimientos y experiencia, as\u00ed como nuestra filosof\u00eda en todas las \u00e1reas - no importa abastecimiento, fabricaci\u00f3n, venta o diversas soluciones basadas en TI y mucho m\u00e1s como la gesti\u00f3n interina, el apoyo en las actividades de fusiones y adquisiciones, la conexi\u00f3n con el ajuste adecuado en todas las \u00e1reas y mucho m\u00e1s.\" \/>\n<meta name=\"robots\" content=\"index, follow, max-snippet:-1, max-image-preview:large, max-video-preview:-1\" \/>\n<link rel=\"canonical\" href=\"https:\/\/test.pharmsultation.com\/es\/\" \/>\n<meta property=\"og:locale\" content=\"es_ES\" \/>\n<meta property=\"og:type\" content=\"article\" \/>\n<meta property=\"og:title\" content=\"PharmSultation - Consultor\u00eda y complementos diet\u00e9ticos\" \/>\n<meta property=\"og:description\" content=\"Por lo tanto, ofrecemos compartir nuestros conocimientos y experiencia, as\u00ed como nuestra filosof\u00eda en todas las \u00e1reas - no importa abastecimiento, fabricaci\u00f3n, venta o diversas soluciones basadas en TI y mucho m\u00e1s como la gesti\u00f3n interina, el apoyo en las actividades de fusiones y adquisiciones, la conexi\u00f3n con el ajuste adecuado en todas las \u00e1reas y mucho m\u00e1s.\" \/>\n<meta property=\"og:url\" content=\"https:\/\/test.pharmsultation.com\/es\/\" \/>\n<meta property=\"article:modified_time\" content=\"2025-05-11T14:59:23+00:00\" \/>\n<meta name=\"twitter:card\" content=\"summary_large_image\" \/>\n<script type=\"application\/ld+json\" class=\"yoast-schema-graph\">{\"@context\":\"https:\/\/schema.org\",\"@graph\":[{\"@type\":\"WebPage\",\"@id\":\"https:\/\/test.pharmsultation.com\/es\/\",\"url\":\"https:\/\/test.pharmsultation.com\/es\/\",\"name\":\"PharmSultation - Consultor\u00eda y complementos diet\u00e9ticos\",\"isPartOf\":{\"@id\":\"https:\/\/test.pharmsultation.com\/es\/#website\"},\"datePublished\":\"2023-05-06T11:01:16+00:00\",\"dateModified\":\"2025-05-11T14:59:23+00:00\",\"description\":\"Por lo tanto, ofrecemos compartir nuestros conocimientos y experiencia, as\u00ed como nuestra filosof\u00eda en todas las \u00e1reas - no importa abastecimiento, fabricaci\u00f3n, venta o diversas soluciones basadas en TI y mucho m\u00e1s como la gesti\u00f3n interina, el apoyo en las actividades de fusiones y adquisiciones, la conexi\u00f3n con el ajuste adecuado en todas las \u00e1reas y mucho m\u00e1s.\",\"breadcrumb\":{\"@id\":\"https:\/\/test.pharmsultation.com\/es\/#breadcrumb\"},\"inLanguage\":\"es\",\"potentialAction\":[{\"@type\":\"ReadAction\",\"target\":[\"https:\/\/test.pharmsultation.com\/es\/\"]}]},{\"@type\":\"BreadcrumbList\",\"@id\":\"https:\/\/test.pharmsultation.com\/es\/#breadcrumb\",\"itemListElement\":[{\"@type\":\"ListItem\",\"position\":1,\"name\":\"Inicio\",\"item\":\"https:\/\/test.pharmsultation.com\/es\/pharmsultation-consultoria-y-complementos-dieteticos\/\"},{\"@type\":\"ListItem\",\"position\":2,\"name\":\"PharmSultation &#8211; Consultor\u00eda y complementos diet\u00e9ticos\"}]},{\"@type\":\"WebSite\",\"@id\":\"https:\/\/test.pharmsultation.com\/es\/#website\",\"url\":\"https:\/\/test.pharmsultation.com\/es\/\",\"name\":\"PharmSultation - Pharma & Industries Services\",\"description\":\"\",\"publisher\":{\"@id\":\"https:\/\/test.pharmsultation.com\/es\/#organization\"},\"potentialAction\":[{\"@type\":\"SearchAction\",\"target\":{\"@type\":\"EntryPoint\",\"urlTemplate\":\"https:\/\/test.pharmsultation.com\/es\/?s={search_term_string}\"},\"query-input\":{\"@type\":\"PropertyValueSpecification\",\"valueRequired\":true,\"valueName\":\"search_term_string\"}}],\"inLanguage\":\"es\"},{\"@type\":\"Organization\",\"@id\":\"https:\/\/test.pharmsultation.com\/es\/#organization\",\"name\":\"PharmSultation\",\"url\":\"https:\/\/test.pharmsultation.com\/es\/\",\"logo\":{\"@type\":\"ImageObject\",\"inLanguage\":\"es\",\"@id\":\"https:\/\/test.pharmsultation.com\/es\/#\/schema\/logo\/image\/\",\"url\":\"https:\/\/www.pharmsultation.com\/wp-content\/uploads\/2023\/05\/customcolor_logo_transparent_background.png\",\"contentUrl\":\"https:\/\/www.pharmsultation.com\/wp-content\/uploads\/2023\/05\/customcolor_logo_transparent_background.png\",\"width\":3125,\"height\":1875,\"caption\":\"PharmSultation\"},\"image\":{\"@id\":\"https:\/\/test.pharmsultation.com\/es\/#\/schema\/logo\/image\/\"}}]}<\/script>\n<!-- \/ Yoast SEO plugin. -->","yoast_head_json":{"title":"PharmSultation - Consultor\u00eda y complementos diet\u00e9ticos","description":"Por lo tanto, ofrecemos compartir nuestros conocimientos y experiencia, as\u00ed como nuestra filosof\u00eda en todas las \u00e1reas - no importa abastecimiento, fabricaci\u00f3n, venta o diversas soluciones basadas en TI y mucho m\u00e1s como la gesti\u00f3n interina, el apoyo en las actividades de fusiones y adquisiciones, la conexi\u00f3n con el ajuste adecuado en todas las \u00e1reas y mucho m\u00e1s.","robots":{"index":"index","follow":"follow","max-snippet":"max-snippet:-1","max-image-preview":"max-image-preview:large","max-video-preview":"max-video-preview:-1"},"canonical":"https:\/\/test.pharmsultation.com\/es\/","og_locale":"es_ES","og_type":"article","og_title":"PharmSultation - Consultor\u00eda y complementos diet\u00e9ticos","og_description":"Por lo tanto, ofrecemos compartir nuestros conocimientos y experiencia, as\u00ed como nuestra filosof\u00eda en todas las \u00e1reas - no importa abastecimiento, fabricaci\u00f3n, venta o diversas soluciones basadas en TI y mucho m\u00e1s como la gesti\u00f3n interina, el apoyo en las actividades de fusiones y adquisiciones, la conexi\u00f3n con el ajuste adecuado en todas las \u00e1reas y mucho m\u00e1s.","og_url":"https:\/\/test.pharmsultation.com\/es\/","article_modified_time":"2025-05-11T14:59:23+00:00","twitter_card":"summary_large_image","schema":{"@context":"https:\/\/schema.org","@graph":[{"@type":"WebPage","@id":"https:\/\/test.pharmsultation.com\/es\/","url":"https:\/\/test.pharmsultation.com\/es\/","name":"PharmSultation - Consultor\u00eda y complementos diet\u00e9ticos","isPartOf":{"@id":"https:\/\/test.pharmsultation.com\/es\/#website"},"datePublished":"2023-05-06T11:01:16+00:00","dateModified":"2025-05-11T14:59:23+00:00","description":"Por lo tanto, ofrecemos compartir nuestros conocimientos y experiencia, as\u00ed como nuestra filosof\u00eda en todas las \u00e1reas - no importa abastecimiento, fabricaci\u00f3n, venta o diversas soluciones basadas en TI y mucho m\u00e1s como la gesti\u00f3n interina, el apoyo en las actividades de fusiones y adquisiciones, la conexi\u00f3n con el ajuste adecuado en todas las \u00e1reas y mucho m\u00e1s.","breadcrumb":{"@id":"https:\/\/test.pharmsultation.com\/es\/#breadcrumb"},"inLanguage":"es","potentialAction":[{"@type":"ReadAction","target":["https:\/\/test.pharmsultation.com\/es\/"]}]},{"@type":"BreadcrumbList","@id":"https:\/\/test.pharmsultation.com\/es\/#breadcrumb","itemListElement":[{"@type":"ListItem","position":1,"name":"Inicio","item":"https:\/\/test.pharmsultation.com\/es\/pharmsultation-consultoria-y-complementos-dieteticos\/"},{"@type":"ListItem","position":2,"name":"PharmSultation &#8211; Consultor\u00eda y complementos diet\u00e9ticos"}]},{"@type":"WebSite","@id":"https:\/\/test.pharmsultation.com\/es\/#website","url":"https:\/\/test.pharmsultation.com\/es\/","name":"PharmSultation - Pharma & Industries Services","description":"","publisher":{"@id":"https:\/\/test.pharmsultation.com\/es\/#organization"},"potentialAction":[{"@type":"SearchAction","target":{"@type":"EntryPoint","urlTemplate":"https:\/\/test.pharmsultation.com\/es\/?s={search_term_string}"},"query-input":{"@type":"PropertyValueSpecification","valueRequired":true,"valueName":"search_term_string"}}],"inLanguage":"es"},{"@type":"Organization","@id":"https:\/\/test.pharmsultation.com\/es\/#organization","name":"PharmSultation","url":"https:\/\/test.pharmsultation.com\/es\/","logo":{"@type":"ImageObject","inLanguage":"es","@id":"https:\/\/test.pharmsultation.com\/es\/#\/schema\/logo\/image\/","url":"https:\/\/www.pharmsultation.com\/wp-content\/uploads\/2023\/05\/customcolor_logo_transparent_background.png","contentUrl":"https:\/\/www.pharmsultation.com\/wp-content\/uploads\/2023\/05\/customcolor_logo_transparent_background.png","width":3125,"height":1875,"caption":"PharmSultation"},"image":{"@id":"https:\/\/test.pharmsultation.com\/es\/#\/schema\/logo\/image\/"}}]}},"_links":{"self":[{"href":"https:\/\/test.pharmsultation.com\/es\/wp-json\/wp\/v2\/pages\/5548","targetHints":{"allow":["GET"]}}],"collection":[{"href":"https:\/\/test.pharmsultation.com\/es\/wp-json\/wp\/v2\/pages"}],"about":[{"href":"https:\/\/test.pharmsultation.com\/es\/wp-json\/wp\/v2\/types\/page"}],"author":[{"embeddable":true,"href":"https:\/\/test.pharmsultation.com\/es\/wp-json\/wp\/v2\/users\/2"}],"replies":[{"embeddable":true,"href":"https:\/\/test.pharmsultation.com\/es\/wp-json\/wp\/v2\/comments?post=5548"}],"version-history":[{"count":1,"href":"https:\/\/test.pharmsultation.com\/es\/wp-json\/wp\/v2\/pages\/5548\/revisions"}],"predecessor-version":[{"id":5552,"href":"https:\/\/test.pharmsultation.com\/es\/wp-json\/wp\/v2\/pages\/5548\/revisions\/5552"}],"wp:attachment":[{"href":"https:\/\/test.pharmsultation.com\/es\/wp-json\/wp\/v2\/media?parent=5548"}],"curies":[{"name":"wp","href":"https:\/\/api.w.org\/{rel}","templated":true}]}}