{"id":5534,"date":"2024-04-21T19:00:29","date_gmt":"2024-04-21T17:00:29","guid":{"rendered":"https:\/\/test.pharmsultation.com\/nuestros-productos\/"},"modified":"2025-05-11T14:30:44","modified_gmt":"2025-05-11T12:30:44","slug":"nuestros-productos","status":"publish","type":"page","link":"https:\/\/test.pharmsultation.com\/es\/nuestros-productos\/","title":{"rendered":"Nuestros productos"},"content":{"rendered":"\t\t<div data-elementor-type=\"wp-page\" data-elementor-id=\"5534\" class=\"elementor elementor-5534 elementor-329\" data-elementor-post-type=\"page\">\n\t\t\t\t<div class=\"elementor-element elementor-element-eeb31e0 e-flex e-con-boxed e-con e-parent\" data-id=\"eeb31e0\" data-element_type=\"container\" data-e-type=\"container\">\n\t\t\t\t\t<div class=\"e-con-inner\">\n\t\t\t\t<div class=\"elementor-element elementor-element-13ea013 elementor-widget elementor-widget-image\" data-id=\"13ea013\" data-element_type=\"widget\" data-e-type=\"widget\" data-widget_type=\"image.default\">\n\t\t\t\t<div class=\"elementor-widget-container\">\n\t\t\t\t\t\t\t\t\t\t\t\t\t\t\t<img fetchpriority=\"high\" decoding=\"async\" width=\"300\" height=\"180\" src=\"https:\/\/test.pharmsultation.com\/wp-content\/uploads\/2023\/05\/customcolor_logo_transparent_background-300x180.png\" class=\"attachment-medium size-medium wp-image-2486\" alt=\"\" srcset=\"https:\/\/test.pharmsultation.com\/wp-content\/uploads\/2023\/05\/customcolor_logo_transparent_background-300x180.png 300w, https:\/\/test.pharmsultation.com\/wp-content\/uploads\/2023\/05\/customcolor_logo_transparent_background-1024x614.png 1024w, https:\/\/test.pharmsultation.com\/wp-content\/uploads\/2023\/05\/customcolor_logo_transparent_background-768x461.png 768w, https:\/\/test.pharmsultation.com\/wp-content\/uploads\/2023\/05\/customcolor_logo_transparent_background-1536x922.png 1536w, https:\/\/test.pharmsultation.com\/wp-content\/uploads\/2023\/05\/customcolor_logo_transparent_background-2048x1229.png 2048w\" sizes=\"(max-width: 300px) 100vw, 300px\" \/>\t\t\t\t\t\t\t\t\t\t\t\t\t\t\t<\/div>\n\t\t\t\t<\/div>\n\t\t\t\t\t<\/div>\n\t\t\t\t<\/div>\n\t\t<div class=\"elementor-element elementor-element-1165734 e-flex e-con-boxed e-con e-parent\" data-id=\"1165734\" data-element_type=\"container\" data-e-type=\"container\">\n\t\t\t\t\t<div class=\"e-con-inner\">\n\t\t\t\t<div class=\"elementor-element elementor-element-e2623ec elementor-widget elementor-widget-heading\" data-id=\"e2623ec\" data-element_type=\"widget\" data-e-type=\"widget\" data-widget_type=\"heading.default\">\n\t\t\t\t<div class=\"elementor-widget-container\">\n\t\t\t\t\t<h1 class=\"elementor-heading-title elementor-size-default\">Elija su categor\u00eda de producto<\/h1>\t\t\t\t<\/div>\n\t\t\t\t<\/div>\n\t\t\t\t\t<\/div>\n\t\t\t\t<\/div>\n\t\t<div class=\"elementor-element elementor-element-4b5e009 e-grid e-con-boxed e-con e-parent\" data-id=\"4b5e009\" data-element_type=\"container\" data-e-type=\"container\">\n\t\t\t\t\t<div class=\"e-con-inner\">\n\t\t\t\t<div class=\"elementor-element elementor-element-b131d4c elementor-widget__width-inherit elementor-widget elementor-widget-heading\" data-id=\"b131d4c\" data-element_type=\"widget\" data-e-type=\"widget\" data-widget_type=\"heading.default\">\n\t\t\t\t<div class=\"elementor-widget-container\">\n\t\t\t\t\t<h1 class=\"elementor-heading-title elementor-size-default\"><a href=\"https:\/\/www.pharmsultation.com\/our-capsules\">Nuestras c\u00e1psulas<\/a><\/h1>\t\t\t\t<\/div>\n\t\t\t\t<\/div>\n\t\t\t\t<div class=\"elementor-element elementor-element-f0403f9 elementor-widget__width-inherit elementor-widget elementor-widget-heading\" data-id=\"f0403f9\" data-element_type=\"widget\" data-e-type=\"widget\" data-widget_type=\"heading.default\">\n\t\t\t\t<div class=\"elementor-widget-container\">\n\t\t\t\t\t<h1 class=\"elementor-heading-title elementor-size-default\"><a href=\"https:\/\/www.pharmsultation.com\/our-tablets\">Nuestras tabletas<\/a><\/h1>\t\t\t\t<\/div>\n\t\t\t\t<\/div>\n\t\t\t\t<div class=\"elementor-element elementor-element-9129eb9 elementor-widget elementor-widget-image\" data-id=\"9129eb9\" data-element_type=\"widget\" data-e-type=\"widget\" data-widget_type=\"image.default\">\n\t\t\t\t<div class=\"elementor-widget-container\">\n\t\t\t\t\t\t\t\t\t\t\t\t\t\t\t\t<a href=\"https:\/\/www.pharmsultation.com\/our-capsules\">\n\t\t\t\t\t\t\t<img decoding=\"async\" width=\"300\" height=\"300\" src=\"https:\/\/test.pharmsultation.com\/wp-content\/uploads\/2024\/04\/caps_cat2-300x300.jpeg\" class=\"attachment-medium size-medium wp-image-2606\" alt=\"\" srcset=\"https:\/\/test.pharmsultation.com\/wp-content\/uploads\/2024\/04\/caps_cat2-300x300.jpeg 300w, https:\/\/test.pharmsultation.com\/wp-content\/uploads\/2024\/04\/caps_cat2-150x150.jpeg 150w, https:\/\/test.pharmsultation.com\/wp-content\/uploads\/2024\/04\/caps_cat2-768x768.jpeg 768w, https:\/\/test.pharmsultation.com\/wp-content\/uploads\/2024\/04\/caps_cat2-12x12.jpeg 12w, https:\/\/test.pharmsultation.com\/wp-content\/uploads\/2024\/04\/caps_cat2.jpeg 1024w\" sizes=\"(max-width: 300px) 100vw, 300px\" \/>\t\t\t\t\t\t\t\t<\/a>\n\t\t\t\t\t\t\t\t\t\t\t\t\t\t\t<\/div>\n\t\t\t\t<\/div>\n\t\t\t\t<div class=\"elementor-element elementor-element-2efa7eb elementor-widget elementor-widget-image\" data-id=\"2efa7eb\" data-element_type=\"widget\" data-e-type=\"widget\" data-widget_type=\"image.default\">\n\t\t\t\t<div class=\"elementor-widget-container\">\n\t\t\t\t\t\t\t\t\t\t\t\t\t\t\t\t<a href=\"https:\/\/www.pharmsultation.com\/our-tablets\">\n\t\t\t\t\t\t\t<img decoding=\"async\" width=\"300\" height=\"300\" src=\"https:\/\/test.pharmsultation.com\/wp-content\/uploads\/2024\/04\/tabs_cat2-300x300.jpeg\" class=\"attachment-medium size-medium wp-image-2612\" alt=\"\" srcset=\"https:\/\/test.pharmsultation.com\/wp-content\/uploads\/2024\/04\/tabs_cat2-300x300.jpeg 300w, https:\/\/test.pharmsultation.com\/wp-content\/uploads\/2024\/04\/tabs_cat2-100x100.jpeg 100w, https:\/\/test.pharmsultation.com\/wp-content\/uploads\/2024\/04\/tabs_cat2-600x600.jpeg 600w, https:\/\/test.pharmsultation.com\/wp-content\/uploads\/2024\/04\/tabs_cat2-150x150.jpeg 150w, https:\/\/test.pharmsultation.com\/wp-content\/uploads\/2024\/04\/tabs_cat2-768x768.jpeg 768w, https:\/\/test.pharmsultation.com\/wp-content\/uploads\/2024\/04\/tabs_cat2-12x12.jpeg 12w, https:\/\/test.pharmsultation.com\/wp-content\/uploads\/2024\/04\/tabs_cat2.jpeg 1024w\" sizes=\"(max-width: 300px) 100vw, 300px\" \/>\t\t\t\t\t\t\t\t<\/a>\n\t\t\t\t\t\t\t\t\t\t\t\t\t\t\t<\/div>\n\t\t\t\t<\/div>\n\t\t\t\t\t<\/div>\n\t\t\t\t<\/div>\n\t\t<div class=\"elementor-element elementor-element-9f43093 e-con-full e-flex e-con e-parent\" data-id=\"9f43093\" data-element_type=\"container\" data-e-type=\"container\" data-settings=\"{&quot;background_background&quot;:&quot;classic&quot;}\">\n\t\t<div class=\"elementor-element elementor-element-c857f59 e-flex e-con-boxed e-con e-child\" data-id=\"c857f59\" data-element_type=\"container\" data-e-type=\"container\">\n\t\t\t\t\t<div class=\"e-con-inner\">\n\t\t\t\t<div class=\"elementor-element elementor-element-ca00eb7 elementor-widget__width-auto elementor-widget elementor-widget-heading\" data-id=\"ca00eb7\" data-element_type=\"widget\" data-e-type=\"widget\" data-widget_type=\"heading.default\">\n\t\t\t\t<div class=\"elementor-widget-container\">\n\t\t\t\t\t<p class=\"elementor-heading-title elementor-size-default\">2024 PharmSultation Todos los derechos reservados.<\/p>\t\t\t\t<\/div>\n\t\t\t\t<\/div>\n\t\t\t\t\t<\/div>\n\t\t\t\t<\/div>\n\t\t\t\t<\/div>\n\t\t\t\t<\/div>\n\t\t","protected":false},"excerpt":{"rendered":"<p>Elija su categor\u00eda de producto Nuestras c\u00e1psulas Nuestras tabletas 2024 PharmSultation Todos los derechos reservados.<\/p>\n","protected":false},"author":2,"featured_media":0,"parent":0,"menu_order":0,"comment_status":"closed","ping_status":"closed","template":"","meta":{"footnotes":""},"class_list":["post-5534","page","type-page","status-publish","hentry"],"yoast_head":"<!-- This site is optimized with the Yoast SEO plugin v27.2 - https:\/\/yoast.com\/product\/yoast-seo-wordpress\/ -->\n<title>PharmSultation - Nuestros productos - C\u00e1psulas y comprimidos<\/title>\n<meta name=\"description\" content=\"Descubra m\u00e1s informaci\u00f3n sobre nuestras c\u00e1psulas &quot;Un supercomplemento alimenticio&quot; y nuestros comprimidos &quot;Comprimidos de alta calidad y comprimidos recubiertos con pel\u00edcula&quot;.\" \/>\n<meta name=\"robots\" content=\"index, follow, max-snippet:-1, max-image-preview:large, max-video-preview:-1\" \/>\n<link rel=\"canonical\" href=\"https:\/\/test.pharmsultation.com\/es\/nuestros-productos\/\" \/>\n<meta property=\"og:locale\" content=\"es_ES\" \/>\n<meta property=\"og:type\" content=\"article\" \/>\n<meta property=\"og:title\" content=\"PharmSultation - Nuestros productos - C\u00e1psulas y comprimidos\" \/>\n<meta property=\"og:description\" content=\"Descubra m\u00e1s informaci\u00f3n sobre nuestras c\u00e1psulas &quot;Un supercomplemento alimenticio&quot; y nuestros comprimidos &quot;Comprimidos de alta calidad y comprimidos recubiertos con pel\u00edcula&quot;.\" \/>\n<meta property=\"og:url\" content=\"https:\/\/test.pharmsultation.com\/es\/nuestros-productos\/\" \/>\n<meta property=\"article:modified_time\" content=\"2025-05-11T12:30:44+00:00\" \/>\n<meta property=\"og:image\" content=\"https:\/\/test.pharmsultation.com\/wp-content\/uploads\/2023\/05\/customcolor_logo_transparent_background.png\" \/>\n\t<meta property=\"og:image:width\" content=\"3125\" \/>\n\t<meta property=\"og:image:height\" content=\"1875\" \/>\n\t<meta property=\"og:image:type\" content=\"image\/png\" \/>\n<meta name=\"twitter:card\" content=\"summary_large_image\" \/>\n<script type=\"application\/ld+json\" class=\"yoast-schema-graph\">{\"@context\":\"https:\/\/schema.org\",\"@graph\":[{\"@type\":\"WebPage\",\"@id\":\"https:\/\/test.pharmsultation.com\/es\/nuestros-productos\/\",\"url\":\"https:\/\/test.pharmsultation.com\/es\/nuestros-productos\/\",\"name\":\"PharmSultation - Nuestros productos - C\u00e1psulas y comprimidos\",\"isPartOf\":{\"@id\":\"https:\/\/test.pharmsultation.com\/es\/#website\"},\"primaryImageOfPage\":{\"@id\":\"https:\/\/test.pharmsultation.com\/es\/nuestros-productos\/#primaryimage\"},\"image\":{\"@id\":\"https:\/\/test.pharmsultation.com\/es\/nuestros-productos\/#primaryimage\"},\"thumbnailUrl\":\"https:\/\/test.pharmsultation.com\/wp-content\/uploads\/2023\/05\/customcolor_logo_transparent_background-300x180.png\",\"datePublished\":\"2024-04-21T17:00:29+00:00\",\"dateModified\":\"2025-05-11T12:30:44+00:00\",\"description\":\"Descubra m\u00e1s informaci\u00f3n sobre nuestras c\u00e1psulas \\\"Un supercomplemento alimenticio\\\" y nuestros comprimidos \\\"Comprimidos de alta calidad y comprimidos recubiertos con pel\u00edcula\\\".\",\"breadcrumb\":{\"@id\":\"https:\/\/test.pharmsultation.com\/es\/nuestros-productos\/#breadcrumb\"},\"inLanguage\":\"es\",\"potentialAction\":[{\"@type\":\"ReadAction\",\"target\":[\"https:\/\/test.pharmsultation.com\/es\/nuestros-productos\/\"]}]},{\"@type\":\"ImageObject\",\"inLanguage\":\"es\",\"@id\":\"https:\/\/test.pharmsultation.com\/es\/nuestros-productos\/#primaryimage\",\"url\":\"https:\/\/test.pharmsultation.com\/wp-content\/uploads\/2023\/05\/customcolor_logo_transparent_background-300x180.png\",\"contentUrl\":\"https:\/\/test.pharmsultation.com\/wp-content\/uploads\/2023\/05\/customcolor_logo_transparent_background-300x180.png\"},{\"@type\":\"BreadcrumbList\",\"@id\":\"https:\/\/test.pharmsultation.com\/es\/nuestros-productos\/#breadcrumb\",\"itemListElement\":[{\"@type\":\"ListItem\",\"position\":1,\"name\":\"Inicio\",\"item\":\"https:\/\/test.pharmsultation.com\/es\/pharmsultation-consultoria-y-complementos-dieteticos\/\"},{\"@type\":\"ListItem\",\"position\":2,\"name\":\"Nuestros productos\"}]},{\"@type\":\"WebSite\",\"@id\":\"https:\/\/test.pharmsultation.com\/es\/#website\",\"url\":\"https:\/\/test.pharmsultation.com\/es\/\",\"name\":\"PharmSultation - Pharma & Industries Services\",\"description\":\"\",\"publisher\":{\"@id\":\"https:\/\/test.pharmsultation.com\/es\/#organization\"},\"potentialAction\":[{\"@type\":\"SearchAction\",\"target\":{\"@type\":\"EntryPoint\",\"urlTemplate\":\"https:\/\/test.pharmsultation.com\/es\/?s={search_term_string}\"},\"query-input\":{\"@type\":\"PropertyValueSpecification\",\"valueRequired\":true,\"valueName\":\"search_term_string\"}}],\"inLanguage\":\"es\"},{\"@type\":\"Organization\",\"@id\":\"https:\/\/test.pharmsultation.com\/es\/#organization\",\"name\":\"PharmSultation\",\"url\":\"https:\/\/test.pharmsultation.com\/es\/\",\"logo\":{\"@type\":\"ImageObject\",\"inLanguage\":\"es\",\"@id\":\"https:\/\/test.pharmsultation.com\/es\/#\/schema\/logo\/image\/\",\"url\":\"https:\/\/www.pharmsultation.com\/wp-content\/uploads\/2023\/05\/customcolor_logo_transparent_background.png\",\"contentUrl\":\"https:\/\/www.pharmsultation.com\/wp-content\/uploads\/2023\/05\/customcolor_logo_transparent_background.png\",\"width\":3125,\"height\":1875,\"caption\":\"PharmSultation\"},\"image\":{\"@id\":\"https:\/\/test.pharmsultation.com\/es\/#\/schema\/logo\/image\/\"}}]}<\/script>\n<!-- \/ Yoast SEO plugin. -->","yoast_head_json":{"title":"PharmSultation - Nuestros productos - C\u00e1psulas y comprimidos","description":"Descubra m\u00e1s informaci\u00f3n sobre nuestras c\u00e1psulas \"Un supercomplemento alimenticio\" y nuestros comprimidos \"Comprimidos de alta calidad y comprimidos recubiertos con pel\u00edcula\".","robots":{"index":"index","follow":"follow","max-snippet":"max-snippet:-1","max-image-preview":"max-image-preview:large","max-video-preview":"max-video-preview:-1"},"canonical":"https:\/\/test.pharmsultation.com\/es\/nuestros-productos\/","og_locale":"es_ES","og_type":"article","og_title":"PharmSultation - Nuestros productos - C\u00e1psulas y comprimidos","og_description":"Descubra m\u00e1s informaci\u00f3n sobre nuestras c\u00e1psulas \"Un supercomplemento alimenticio\" y nuestros comprimidos \"Comprimidos de alta calidad y comprimidos recubiertos con pel\u00edcula\".","og_url":"https:\/\/test.pharmsultation.com\/es\/nuestros-productos\/","article_modified_time":"2025-05-11T12:30:44+00:00","og_image":[{"width":3125,"height":1875,"url":"https:\/\/test.pharmsultation.com\/wp-content\/uploads\/2023\/05\/customcolor_logo_transparent_background.png","type":"image\/png"}],"twitter_card":"summary_large_image","schema":{"@context":"https:\/\/schema.org","@graph":[{"@type":"WebPage","@id":"https:\/\/test.pharmsultation.com\/es\/nuestros-productos\/","url":"https:\/\/test.pharmsultation.com\/es\/nuestros-productos\/","name":"PharmSultation - Nuestros productos - C\u00e1psulas y comprimidos","isPartOf":{"@id":"https:\/\/test.pharmsultation.com\/es\/#website"},"primaryImageOfPage":{"@id":"https:\/\/test.pharmsultation.com\/es\/nuestros-productos\/#primaryimage"},"image":{"@id":"https:\/\/test.pharmsultation.com\/es\/nuestros-productos\/#primaryimage"},"thumbnailUrl":"https:\/\/test.pharmsultation.com\/wp-content\/uploads\/2023\/05\/customcolor_logo_transparent_background-300x180.png","datePublished":"2024-04-21T17:00:29+00:00","dateModified":"2025-05-11T12:30:44+00:00","description":"Descubra m\u00e1s informaci\u00f3n sobre nuestras c\u00e1psulas \"Un supercomplemento alimenticio\" y nuestros comprimidos \"Comprimidos de alta calidad y comprimidos recubiertos con pel\u00edcula\".","breadcrumb":{"@id":"https:\/\/test.pharmsultation.com\/es\/nuestros-productos\/#breadcrumb"},"inLanguage":"es","potentialAction":[{"@type":"ReadAction","target":["https:\/\/test.pharmsultation.com\/es\/nuestros-productos\/"]}]},{"@type":"ImageObject","inLanguage":"es","@id":"https:\/\/test.pharmsultation.com\/es\/nuestros-productos\/#primaryimage","url":"https:\/\/test.pharmsultation.com\/wp-content\/uploads\/2023\/05\/customcolor_logo_transparent_background-300x180.png","contentUrl":"https:\/\/test.pharmsultation.com\/wp-content\/uploads\/2023\/05\/customcolor_logo_transparent_background-300x180.png"},{"@type":"BreadcrumbList","@id":"https:\/\/test.pharmsultation.com\/es\/nuestros-productos\/#breadcrumb","itemListElement":[{"@type":"ListItem","position":1,"name":"Inicio","item":"https:\/\/test.pharmsultation.com\/es\/pharmsultation-consultoria-y-complementos-dieteticos\/"},{"@type":"ListItem","position":2,"name":"Nuestros productos"}]},{"@type":"WebSite","@id":"https:\/\/test.pharmsultation.com\/es\/#website","url":"https:\/\/test.pharmsultation.com\/es\/","name":"PharmSultation - Pharma & Industries Services","description":"","publisher":{"@id":"https:\/\/test.pharmsultation.com\/es\/#organization"},"potentialAction":[{"@type":"SearchAction","target":{"@type":"EntryPoint","urlTemplate":"https:\/\/test.pharmsultation.com\/es\/?s={search_term_string}"},"query-input":{"@type":"PropertyValueSpecification","valueRequired":true,"valueName":"search_term_string"}}],"inLanguage":"es"},{"@type":"Organization","@id":"https:\/\/test.pharmsultation.com\/es\/#organization","name":"PharmSultation","url":"https:\/\/test.pharmsultation.com\/es\/","logo":{"@type":"ImageObject","inLanguage":"es","@id":"https:\/\/test.pharmsultation.com\/es\/#\/schema\/logo\/image\/","url":"https:\/\/www.pharmsultation.com\/wp-content\/uploads\/2023\/05\/customcolor_logo_transparent_background.png","contentUrl":"https:\/\/www.pharmsultation.com\/wp-content\/uploads\/2023\/05\/customcolor_logo_transparent_background.png","width":3125,"height":1875,"caption":"PharmSultation"},"image":{"@id":"https:\/\/test.pharmsultation.com\/es\/#\/schema\/logo\/image\/"}}]}},"_links":{"self":[{"href":"https:\/\/test.pharmsultation.com\/es\/wp-json\/wp\/v2\/pages\/5534","targetHints":{"allow":["GET"]}}],"collection":[{"href":"https:\/\/test.pharmsultation.com\/es\/wp-json\/wp\/v2\/pages"}],"about":[{"href":"https:\/\/test.pharmsultation.com\/es\/wp-json\/wp\/v2\/types\/page"}],"author":[{"embeddable":true,"href":"https:\/\/test.pharmsultation.com\/es\/wp-json\/wp\/v2\/users\/2"}],"replies":[{"embeddable":true,"href":"https:\/\/test.pharmsultation.com\/es\/wp-json\/wp\/v2\/comments?post=5534"}],"version-history":[{"count":1,"href":"https:\/\/test.pharmsultation.com\/es\/wp-json\/wp\/v2\/pages\/5534\/revisions"}],"predecessor-version":[{"id":5537,"href":"https:\/\/test.pharmsultation.com\/es\/wp-json\/wp\/v2\/pages\/5534\/revisions\/5537"}],"wp:attachment":[{"href":"https:\/\/test.pharmsultation.com\/es\/wp-json\/wp\/v2\/media?parent=5534"}],"curies":[{"name":"wp","href":"https:\/\/api.w.org\/{rel}","templated":true}]}}