{"id":5498,"date":"2024-06-23T20:52:39","date_gmt":"2024-06-23T18:52:39","guid":{"rendered":"https:\/\/test.pharmsultation.com\/el-poder-de-la-naturaleza\/"},"modified":"2025-05-11T14:30:31","modified_gmt":"2025-05-11T12:30:31","slug":"el-poder-de-la-naturaleza","status":"publish","type":"page","link":"https:\/\/test.pharmsultation.com\/es\/el-poder-de-la-naturaleza\/","title":{"rendered":"El poder de la naturaleza"},"content":{"rendered":"\t\t<div data-elementor-type=\"wp-page\" data-elementor-id=\"5498\" class=\"elementor elementor-5498 elementor-620\" data-elementor-post-type=\"page\">\n\t\t\t\t<div class=\"elementor-element elementor-element-eeb31e0 e-flex e-con-boxed e-con e-parent\" data-id=\"eeb31e0\" data-element_type=\"container\" data-e-type=\"container\">\n\t\t\t\t\t<div class=\"e-con-inner\">\n\t\t\t\t<div class=\"elementor-element elementor-element-13ea013 elementor-widget elementor-widget-image\" data-id=\"13ea013\" data-element_type=\"widget\" data-e-type=\"widget\" data-widget_type=\"image.default\">\n\t\t\t\t<div class=\"elementor-widget-container\">\n\t\t\t\t\t\t\t\t\t\t\t\t\t\t\t\t<a href=\"https:\/\/www.pharmsultation.com\/\">\n\t\t\t\t\t\t\t<img fetchpriority=\"high\" decoding=\"async\" width=\"300\" height=\"180\" src=\"https:\/\/test.pharmsultation.com\/wp-content\/uploads\/2023\/05\/customcolor_logo_transparent_background-300x180.png\" class=\"attachment-medium size-medium wp-image-2486\" alt=\"\" srcset=\"https:\/\/test.pharmsultation.com\/wp-content\/uploads\/2023\/05\/customcolor_logo_transparent_background-300x180.png 300w, https:\/\/test.pharmsultation.com\/wp-content\/uploads\/2023\/05\/customcolor_logo_transparent_background-1024x614.png 1024w, https:\/\/test.pharmsultation.com\/wp-content\/uploads\/2023\/05\/customcolor_logo_transparent_background-768x461.png 768w, https:\/\/test.pharmsultation.com\/wp-content\/uploads\/2023\/05\/customcolor_logo_transparent_background-1536x922.png 1536w, https:\/\/test.pharmsultation.com\/wp-content\/uploads\/2023\/05\/customcolor_logo_transparent_background-2048x1229.png 2048w\" sizes=\"(max-width: 300px) 100vw, 300px\" \/>\t\t\t\t\t\t\t\t<\/a>\n\t\t\t\t\t\t\t\t\t\t\t\t\t\t\t<\/div>\n\t\t\t\t<\/div>\n\t\t\t\t\t<\/div>\n\t\t\t\t<\/div>\n\t\t<div class=\"elementor-element elementor-element-ebefaf7 e-flex e-con-boxed e-con e-parent\" data-id=\"ebefaf7\" data-element_type=\"container\" data-e-type=\"container\">\n\t\t\t\t\t<div class=\"e-con-inner\">\n\t\t\t\t<div class=\"elementor-element elementor-element-afb9102 elementor-widget elementor-widget-heading\" data-id=\"afb9102\" data-element_type=\"widget\" data-e-type=\"widget\" data-widget_type=\"heading.default\">\n\t\t\t\t<div class=\"elementor-widget-container\">\n\t\t\t\t\t<h2 class=\"elementor-heading-title elementor-size-default\">El poder de la naturaleza<\/h2>\t\t\t\t<\/div>\n\t\t\t\t<\/div>\n\t\t\t\t\t<\/div>\n\t\t\t\t<\/div>\n\t\t<div class=\"elementor-element elementor-element-57ffb9c e-flex e-con-boxed e-con e-parent\" data-id=\"57ffb9c\" data-element_type=\"container\" data-e-type=\"container\">\n\t\t\t\t\t<div class=\"e-con-inner\">\n\t\t<div class=\"elementor-element elementor-element-ab23ce4 e-con-full e-flex e-con e-child\" data-id=\"ab23ce4\" data-element_type=\"container\" data-e-type=\"container\">\n\t\t\t\t<\/div>\n\t\t<div class=\"elementor-element elementor-element-20c845b e-con-full e-flex e-con e-child\" data-id=\"20c845b\" data-element_type=\"container\" data-e-type=\"container\">\n\t\t\t\t<div class=\"elementor-element elementor-element-54d7f28 elementor-widget elementor-widget-text-editor\" data-id=\"54d7f28\" data-element_type=\"widget\" data-e-type=\"widget\" data-widget_type=\"text-editor.default\">\n\t\t\t\t<div class=\"elementor-widget-container\">\n\t\t\t\t\t\t\t\t\t<p>por Haci H.Polat<\/p><p>En el amplio mundo de la salud y el bienestar, la nutrici\u00f3n desempe\u00f1a hoy en d\u00eda un papel fundamental a la hora de mejorar y potenciar la fuerza f\u00edsica y mental.<br>Esto ya se sab\u00eda antiguamente, en zonas con menor disponibilidad m\u00e9dica y en pueblos donde se transmit\u00eda el saber hacer de generaci\u00f3n en generaci\u00f3n.<\/p><p>Profundicemos un poco m\u00e1s e investiguemos el nuevo significado de las nutriciones y el Poder de las mismas.<\/p><p><b>NATURAL Y SOSTENIBLE<\/b><\/p><p>La clave de los suplementos m\u00e1s concentrados es la obtenci\u00f3n de nutrientes sin manipular el entorno natural. Por lo tanto, el objetivo no es forzar el crecimiento y aumentar las cosechas. <br>La m\u00e1xima prioridad es preservar la huella ecol\u00f3gica.<br>Los consumidores necesitan la mejor fuente no influenciada para preservar y mejorar su salud. <\/p><p>Para garantizar los beneficios reclamados, la industria est\u00e1 altamente regulada y asegura que los est\u00e1ndares de calidad est\u00e1n en lo m\u00e1s alto para garantizar la seguridad del consumidor.<\/p><p><b>ALGUNOS DE LOS POWERFOODS<\/b><\/p><p><b>JENGIBRE<\/b><\/p><p>El jengibre es uno de los m\u00e1s reconocidos Power Nutritions con diversos beneficios para la salud y el bienestar.<br>Puede ayudar por ejemplo a la galebladder y es naturalmente antibacteriano, as\u00ed como muchos muchos m\u00e1s beneficios podr\u00edan ser enumerados.<\/p><p><b>ROSE HIP<\/b><\/p><p>Su alto contenido en vitamina C favorece el poder defensivo y es rico en antioxidantes.<\/p><p>\u00bfQuiere saber m\u00e1s sobre los dem\u00e1s suplementos? Estaremos encantados de informarle. <\/p>\t\t\t\t\t\t\t\t<\/div>\n\t\t\t\t<\/div>\n\t\t\t\t<\/div>\n\t\t\t\t\t<\/div>\n\t\t\t\t<\/div>\n\t\t<div class=\"elementor-element elementor-element-9f43093 e-con-full e-flex e-con e-parent\" data-id=\"9f43093\" data-element_type=\"container\" data-e-type=\"container\" data-settings=\"{&quot;background_background&quot;:&quot;classic&quot;}\">\n\t\t<div class=\"elementor-element elementor-element-c857f59 e-flex e-con-boxed e-con e-child\" data-id=\"c857f59\" data-element_type=\"container\" data-e-type=\"container\">\n\t\t\t\t\t<div class=\"e-con-inner\">\n\t\t\t\t<div class=\"elementor-element elementor-element-ca00eb7 elementor-widget__width-auto elementor-widget elementor-widget-heading\" data-id=\"ca00eb7\" data-element_type=\"widget\" data-e-type=\"widget\" data-widget_type=\"heading.default\">\n\t\t\t\t<div class=\"elementor-widget-container\">\n\t\t\t\t\t<p class=\"elementor-heading-title elementor-size-default\">2024 PharmSultation Todos los derechos reservados.<\/p>\t\t\t\t<\/div>\n\t\t\t\t<\/div>\n\t\t\t\t\t<\/div>\n\t\t\t\t<\/div>\n\t\t\t\t<\/div>\n\t\t\t\t<\/div>\n\t\t","protected":false},"excerpt":{"rendered":"<p>El poder de la naturaleza por Haci H.Polat En el amplio mundo de la salud y el bienestar, la nutrici\u00f3n desempe\u00f1a hoy en d\u00eda un papel fundamental a la hora de mejorar y potenciar la fuerza f\u00edsica y mental.Esto ya se sab\u00eda antiguamente, en zonas con menor disponibilidad m\u00e9dica y en pueblos donde se transmit\u00eda [&hellip;]<\/p>\n","protected":false},"author":2,"featured_media":0,"parent":0,"menu_order":0,"comment_status":"closed","ping_status":"closed","template":"","meta":{"footnotes":""},"class_list":["post-5498","page","type-page","status-publish","hentry"],"yoast_head":"<!-- This site is optimized with the Yoast SEO plugin v27.2 - https:\/\/yoast.com\/product\/yoast-seo-wordpress\/ -->\n<title>El poder de la naturaleza -<\/title>\n<meta name=\"robots\" content=\"index, follow, max-snippet:-1, max-image-preview:large, max-video-preview:-1\" \/>\n<link rel=\"canonical\" href=\"https:\/\/test.pharmsultation.com\/es\/el-poder-de-la-naturaleza\/\" \/>\n<meta property=\"og:locale\" content=\"es_ES\" \/>\n<meta property=\"og:type\" content=\"article\" \/>\n<meta property=\"og:title\" content=\"El poder de la naturaleza -\" \/>\n<meta property=\"og:description\" content=\"El poder de la naturaleza por Haci H.Polat En el amplio mundo de la salud y el bienestar, la nutrici\u00f3n desempe\u00f1a hoy en d\u00eda un papel fundamental a la hora de mejorar y potenciar la fuerza f\u00edsica y mental.Esto ya se sab\u00eda antiguamente, en zonas con menor disponibilidad m\u00e9dica y en pueblos donde se transmit\u00eda [&hellip;]\" \/>\n<meta property=\"og:url\" content=\"https:\/\/test.pharmsultation.com\/es\/el-poder-de-la-naturaleza\/\" \/>\n<meta property=\"article:modified_time\" content=\"2025-05-11T12:30:31+00:00\" \/>\n<meta property=\"og:image\" content=\"https:\/\/test.pharmsultation.com\/wp-content\/uploads\/2023\/05\/customcolor_logo_transparent_background.png\" \/>\n\t<meta property=\"og:image:width\" content=\"3125\" \/>\n\t<meta property=\"og:image:height\" content=\"1875\" \/>\n\t<meta property=\"og:image:type\" content=\"image\/png\" \/>\n<meta name=\"twitter:card\" content=\"summary_large_image\" \/>\n<meta name=\"twitter:label1\" content=\"Tiempo de lectura\" \/>\n\t<meta name=\"twitter:data1\" content=\"1 minuto\" \/>\n<script type=\"application\/ld+json\" class=\"yoast-schema-graph\">{\"@context\":\"https:\/\/schema.org\",\"@graph\":[{\"@type\":\"WebPage\",\"@id\":\"https:\/\/test.pharmsultation.com\/es\/el-poder-de-la-naturaleza\/\",\"url\":\"https:\/\/test.pharmsultation.com\/es\/el-poder-de-la-naturaleza\/\",\"name\":\"El poder de la naturaleza -\",\"isPartOf\":{\"@id\":\"https:\/\/test.pharmsultation.com\/es\/#website\"},\"primaryImageOfPage\":{\"@id\":\"https:\/\/test.pharmsultation.com\/es\/el-poder-de-la-naturaleza\/#primaryimage\"},\"image\":{\"@id\":\"https:\/\/test.pharmsultation.com\/es\/el-poder-de-la-naturaleza\/#primaryimage\"},\"thumbnailUrl\":\"https:\/\/test.pharmsultation.com\/wp-content\/uploads\/2023\/05\/customcolor_logo_transparent_background-300x180.png\",\"datePublished\":\"2024-06-23T18:52:39+00:00\",\"dateModified\":\"2025-05-11T12:30:31+00:00\",\"breadcrumb\":{\"@id\":\"https:\/\/test.pharmsultation.com\/es\/el-poder-de-la-naturaleza\/#breadcrumb\"},\"inLanguage\":\"es\",\"potentialAction\":[{\"@type\":\"ReadAction\",\"target\":[\"https:\/\/test.pharmsultation.com\/es\/el-poder-de-la-naturaleza\/\"]}]},{\"@type\":\"ImageObject\",\"inLanguage\":\"es\",\"@id\":\"https:\/\/test.pharmsultation.com\/es\/el-poder-de-la-naturaleza\/#primaryimage\",\"url\":\"https:\/\/test.pharmsultation.com\/wp-content\/uploads\/2023\/05\/customcolor_logo_transparent_background-300x180.png\",\"contentUrl\":\"https:\/\/test.pharmsultation.com\/wp-content\/uploads\/2023\/05\/customcolor_logo_transparent_background-300x180.png\"},{\"@type\":\"BreadcrumbList\",\"@id\":\"https:\/\/test.pharmsultation.com\/es\/el-poder-de-la-naturaleza\/#breadcrumb\",\"itemListElement\":[{\"@type\":\"ListItem\",\"position\":1,\"name\":\"Inicio\",\"item\":\"https:\/\/test.pharmsultation.com\/es\/pharmsultation-consultoria-y-complementos-dieteticos\/\"},{\"@type\":\"ListItem\",\"position\":2,\"name\":\"El poder de la naturaleza\"}]},{\"@type\":\"WebSite\",\"@id\":\"https:\/\/test.pharmsultation.com\/es\/#website\",\"url\":\"https:\/\/test.pharmsultation.com\/es\/\",\"name\":\"PharmSultation - Pharma & Industries Services\",\"description\":\"\",\"publisher\":{\"@id\":\"https:\/\/test.pharmsultation.com\/es\/#organization\"},\"potentialAction\":[{\"@type\":\"SearchAction\",\"target\":{\"@type\":\"EntryPoint\",\"urlTemplate\":\"https:\/\/test.pharmsultation.com\/es\/?s={search_term_string}\"},\"query-input\":{\"@type\":\"PropertyValueSpecification\",\"valueRequired\":true,\"valueName\":\"search_term_string\"}}],\"inLanguage\":\"es\"},{\"@type\":\"Organization\",\"@id\":\"https:\/\/test.pharmsultation.com\/es\/#organization\",\"name\":\"PharmSultation\",\"url\":\"https:\/\/test.pharmsultation.com\/es\/\",\"logo\":{\"@type\":\"ImageObject\",\"inLanguage\":\"es\",\"@id\":\"https:\/\/test.pharmsultation.com\/es\/#\/schema\/logo\/image\/\",\"url\":\"https:\/\/www.pharmsultation.com\/wp-content\/uploads\/2023\/05\/customcolor_logo_transparent_background.png\",\"contentUrl\":\"https:\/\/www.pharmsultation.com\/wp-content\/uploads\/2023\/05\/customcolor_logo_transparent_background.png\",\"width\":3125,\"height\":1875,\"caption\":\"PharmSultation\"},\"image\":{\"@id\":\"https:\/\/test.pharmsultation.com\/es\/#\/schema\/logo\/image\/\"}}]}<\/script>\n<!-- \/ Yoast SEO plugin. -->","yoast_head_json":{"title":"El poder de la naturaleza -","robots":{"index":"index","follow":"follow","max-snippet":"max-snippet:-1","max-image-preview":"max-image-preview:large","max-video-preview":"max-video-preview:-1"},"canonical":"https:\/\/test.pharmsultation.com\/es\/el-poder-de-la-naturaleza\/","og_locale":"es_ES","og_type":"article","og_title":"El poder de la naturaleza -","og_description":"El poder de la naturaleza por Haci H.Polat En el amplio mundo de la salud y el bienestar, la nutrici\u00f3n desempe\u00f1a hoy en d\u00eda un papel fundamental a la hora de mejorar y potenciar la fuerza f\u00edsica y mental.Esto ya se sab\u00eda antiguamente, en zonas con menor disponibilidad m\u00e9dica y en pueblos donde se transmit\u00eda [&hellip;]","og_url":"https:\/\/test.pharmsultation.com\/es\/el-poder-de-la-naturaleza\/","article_modified_time":"2025-05-11T12:30:31+00:00","og_image":[{"width":3125,"height":1875,"url":"https:\/\/test.pharmsultation.com\/wp-content\/uploads\/2023\/05\/customcolor_logo_transparent_background.png","type":"image\/png"}],"twitter_card":"summary_large_image","twitter_misc":{"Tiempo de lectura":"1 minuto"},"schema":{"@context":"https:\/\/schema.org","@graph":[{"@type":"WebPage","@id":"https:\/\/test.pharmsultation.com\/es\/el-poder-de-la-naturaleza\/","url":"https:\/\/test.pharmsultation.com\/es\/el-poder-de-la-naturaleza\/","name":"El poder de la naturaleza -","isPartOf":{"@id":"https:\/\/test.pharmsultation.com\/es\/#website"},"primaryImageOfPage":{"@id":"https:\/\/test.pharmsultation.com\/es\/el-poder-de-la-naturaleza\/#primaryimage"},"image":{"@id":"https:\/\/test.pharmsultation.com\/es\/el-poder-de-la-naturaleza\/#primaryimage"},"thumbnailUrl":"https:\/\/test.pharmsultation.com\/wp-content\/uploads\/2023\/05\/customcolor_logo_transparent_background-300x180.png","datePublished":"2024-06-23T18:52:39+00:00","dateModified":"2025-05-11T12:30:31+00:00","breadcrumb":{"@id":"https:\/\/test.pharmsultation.com\/es\/el-poder-de-la-naturaleza\/#breadcrumb"},"inLanguage":"es","potentialAction":[{"@type":"ReadAction","target":["https:\/\/test.pharmsultation.com\/es\/el-poder-de-la-naturaleza\/"]}]},{"@type":"ImageObject","inLanguage":"es","@id":"https:\/\/test.pharmsultation.com\/es\/el-poder-de-la-naturaleza\/#primaryimage","url":"https:\/\/test.pharmsultation.com\/wp-content\/uploads\/2023\/05\/customcolor_logo_transparent_background-300x180.png","contentUrl":"https:\/\/test.pharmsultation.com\/wp-content\/uploads\/2023\/05\/customcolor_logo_transparent_background-300x180.png"},{"@type":"BreadcrumbList","@id":"https:\/\/test.pharmsultation.com\/es\/el-poder-de-la-naturaleza\/#breadcrumb","itemListElement":[{"@type":"ListItem","position":1,"name":"Inicio","item":"https:\/\/test.pharmsultation.com\/es\/pharmsultation-consultoria-y-complementos-dieteticos\/"},{"@type":"ListItem","position":2,"name":"El poder de la naturaleza"}]},{"@type":"WebSite","@id":"https:\/\/test.pharmsultation.com\/es\/#website","url":"https:\/\/test.pharmsultation.com\/es\/","name":"PharmSultation - Pharma & Industries Services","description":"","publisher":{"@id":"https:\/\/test.pharmsultation.com\/es\/#organization"},"potentialAction":[{"@type":"SearchAction","target":{"@type":"EntryPoint","urlTemplate":"https:\/\/test.pharmsultation.com\/es\/?s={search_term_string}"},"query-input":{"@type":"PropertyValueSpecification","valueRequired":true,"valueName":"search_term_string"}}],"inLanguage":"es"},{"@type":"Organization","@id":"https:\/\/test.pharmsultation.com\/es\/#organization","name":"PharmSultation","url":"https:\/\/test.pharmsultation.com\/es\/","logo":{"@type":"ImageObject","inLanguage":"es","@id":"https:\/\/test.pharmsultation.com\/es\/#\/schema\/logo\/image\/","url":"https:\/\/www.pharmsultation.com\/wp-content\/uploads\/2023\/05\/customcolor_logo_transparent_background.png","contentUrl":"https:\/\/www.pharmsultation.com\/wp-content\/uploads\/2023\/05\/customcolor_logo_transparent_background.png","width":3125,"height":1875,"caption":"PharmSultation"},"image":{"@id":"https:\/\/test.pharmsultation.com\/es\/#\/schema\/logo\/image\/"}}]}},"_links":{"self":[{"href":"https:\/\/test.pharmsultation.com\/es\/wp-json\/wp\/v2\/pages\/5498","targetHints":{"allow":["GET"]}}],"collection":[{"href":"https:\/\/test.pharmsultation.com\/es\/wp-json\/wp\/v2\/pages"}],"about":[{"href":"https:\/\/test.pharmsultation.com\/es\/wp-json\/wp\/v2\/types\/page"}],"author":[{"embeddable":true,"href":"https:\/\/test.pharmsultation.com\/es\/wp-json\/wp\/v2\/users\/2"}],"replies":[{"embeddable":true,"href":"https:\/\/test.pharmsultation.com\/es\/wp-json\/wp\/v2\/comments?post=5498"}],"version-history":[{"count":1,"href":"https:\/\/test.pharmsultation.com\/es\/wp-json\/wp\/v2\/pages\/5498\/revisions"}],"predecessor-version":[{"id":5499,"href":"https:\/\/test.pharmsultation.com\/es\/wp-json\/wp\/v2\/pages\/5498\/revisions\/5499"}],"wp:attachment":[{"href":"https:\/\/test.pharmsultation.com\/es\/wp-json\/wp\/v2\/media?parent=5498"}],"curies":[{"name":"wp","href":"https:\/\/api.w.org\/{rel}","templated":true}]}}