{"id":5480,"date":"2024-08-13T23:39:28","date_gmt":"2024-08-13T21:39:28","guid":{"rendered":"https:\/\/test.pharmsultation.com\/impresionante\/"},"modified":"2025-05-11T14:30:03","modified_gmt":"2025-05-11T12:30:03","slug":"impresionante","status":"publish","type":"page","link":"https:\/\/test.pharmsultation.com\/es\/impresionante\/","title":{"rendered":"Impresionante"},"content":{"rendered":"\t\t<div data-elementor-type=\"wp-page\" data-elementor-id=\"5480\" class=\"elementor elementor-5480 elementor-1513\" data-elementor-post-type=\"page\">\n\t\t\t\t<div class=\"elementor-element elementor-element-fe0a97f e-flex e-con-boxed e-con e-parent\" data-id=\"fe0a97f\" data-element_type=\"container\" data-e-type=\"container\">\n\t\t\t\t\t<div class=\"e-con-inner\">\n\t\t\t\t<div class=\"elementor-element elementor-element-1fc9822 elementor-widget elementor-widget-image\" data-id=\"1fc9822\" data-element_type=\"widget\" data-e-type=\"widget\" data-widget_type=\"image.default\">\n\t\t\t\t<div class=\"elementor-widget-container\">\n\t\t\t\t\t\t\t\t\t\t\t\t\t\t\t<img fetchpriority=\"high\" decoding=\"async\" width=\"300\" height=\"180\" src=\"https:\/\/test.pharmsultation.com\/wp-content\/uploads\/2023\/05\/customcolor_logo_transparent_background-1024x614-1-300x180.png\" class=\"attachment-medium size-medium wp-image-2492\" alt=\"\" srcset=\"https:\/\/test.pharmsultation.com\/wp-content\/uploads\/2023\/05\/customcolor_logo_transparent_background-1024x614-1-300x180.png 300w, https:\/\/test.pharmsultation.com\/wp-content\/uploads\/2023\/05\/customcolor_logo_transparent_background-1024x614-1-768x461.png 768w, https:\/\/test.pharmsultation.com\/wp-content\/uploads\/2023\/05\/customcolor_logo_transparent_background-1024x614-1.png 1024w\" sizes=\"(max-width: 300px) 100vw, 300px\" \/>\t\t\t\t\t\t\t\t\t\t\t\t\t\t\t<\/div>\n\t\t\t\t<\/div>\n\t\t\t\t\t<\/div>\n\t\t\t\t<\/div>\n\t\t<div class=\"elementor-element elementor-element-a33883c e-flex e-con-boxed e-con e-parent\" data-id=\"a33883c\" data-element_type=\"container\" data-e-type=\"container\">\n\t\t\t\t\t<div class=\"e-con-inner\">\n\t\t\t\t<div class=\"elementor-element elementor-element-c1c9841 elementor-widget elementor-widget-heading\" data-id=\"c1c9841\" data-element_type=\"widget\" data-e-type=\"widget\" data-widget_type=\"heading.default\">\n\t\t\t\t<div class=\"elementor-widget-container\">\n\t\t\t\t\t<h1 class=\"elementor-heading-title elementor-size-default\">Pie de imprenta<\/h1>\t\t\t\t<\/div>\n\t\t\t\t<\/div>\n\t\t\t\t\t<\/div>\n\t\t\t\t<\/div>\n\t\t<div class=\"elementor-element elementor-element-506c5db e-flex e-con-boxed e-con e-parent\" data-id=\"506c5db\" data-element_type=\"container\" data-e-type=\"container\">\n\t\t\t\t\t<div class=\"e-con-inner\">\n\t\t\t\t<div class=\"elementor-element elementor-element-99d72e9 elementor-widget elementor-widget-text-editor\" data-id=\"99d72e9\" data-element_type=\"widget\" data-e-type=\"widget\" data-widget_type=\"text-editor.default\">\n\t\t\t\t<div class=\"elementor-widget-container\">\n\t\t\t\t\t\t\t\t\t<p><span style=\"color: var( --e-global-color-primary ); text-align: var(--text-align); font-size: 1rem;\"><i><b>\u00daltima actualizaci\u00f3n: 12 de agosto de 2024<\/b><\/i><\/span><\/p><h2>Editor<\/h2><p><span style=\"color: var( --e-global-color-primary ); font-size: 1rem; text-align: var(--text-align);\"><b>PharmSultation UG<\/b><\/span><\/p><p>Haci H. Polat, Director General<\/p><p><span style=\"color: var( --e-global-color-primary ); text-align: var(--text-align); font-size: 1rem;\">Gundhofstra\u00dfe 23<\/span><\/p><p>69528 Fr\u00e1ncfort del Meno, Alemania<\/p><p><span style=\"color: var( --e-global-color-primary ); text-align: var(--text-align); font-size: 1rem;\">inscrita en el registro mercantil de <\/span><b style=\"color: var( --e-global-color-primary ); text-align: var(--text-align); font-size: 1rem;\">Fr\u00e1ncfort del Meno<\/b><\/p><p>N\u00famero de registro mercantil <b>HRB 135633<\/b><\/p><p><span style=\"color: var( --e-global-color-primary ); text-align: var(--text-align); font-size: 1rem;\">Correo electr\u00f3nico: info@pharmsultation.com<\/span><\/p><p>Contacto : https:\/\/www.pharmsultation.com\/contact-us\/<\/p><p> <\/p><h2>Condiciones de uso<\/h2><p>El acceso a este sitio web y su uso est\u00e1n sujetos a los siguientes t\u00e9rminos y condiciones. Si no est\u00e1 de acuerdo con estos t\u00e9rminos y condiciones, por favor no utilice este sitio web. Este sitio web ha sido desarrollado y es administrado por <b>PharmSultation UG<\/b>. Nos reservamos el derecho a modificar nuestro sitio web en su totalidad o en parte y\/o a interrumpir su funcionamiento en cualquier momento y sin previo aviso. Por lo tanto, le rogamos que vuelva a revisar este sitio web la pr\u00f3xima vez que lo visite y que tome nota de cualquier cambio\/adici\u00f3n que se haya realizado entretanto.    <\/p><p> <\/p><h2>Licencia de uso<\/h2><p>Toda la informaci\u00f3n, documentos y representaciones publicadas en este sitio web son propiedad exclusiva de <b>PharmSultation UG<\/b>. El permiso para utilizarlos est\u00e1 sujeto a la condici\u00f3n de que el aviso de copyright aparezca en todas las copias, que la informaci\u00f3n se utilice \u00fanicamente para fines personales y no para uso comercial, que la informaci\u00f3n no se modifique en modo alguno y que todas las representaciones del sitio web se utilicen \u00fanicamente junto con el texto asociado. <\/p><p> <\/p><h2>Marcas y derechos de autor<\/h2><p>Todo el contenido del sitio web es propiedad intelectual de <b>PharmSultation UG<\/b> y est\u00e1 sujeto a la protecci\u00f3n de los derechos de autor. Los usuarios s\u00f3lo pueden descargar, imprimir o copiar el contenido de estos sitios web para su uso privado. Una referencia a los derechos de autor de <b>PharmSultation U<\/b> G debe incluirse en cada copia de nuestras publicaciones o partes de ellas. Cualquier modificaci\u00f3n, duplicaci\u00f3n, distribuci\u00f3n o reproducci\u00f3n p\u00fablica del sitio web o partes del mismo, independientemente del tipo, est\u00e1 prohibida. Todos los nombres de productos son marcas registradas de <b>PharmSultation UG<\/b>, empresas afiliadas o licenciantes, independientemente del tama\u00f1o de la fuente o de la presencia de un s\u00edmbolo de marca registrada. Los derechos de marca pertenecen al respectivo titular de los derechos; el uso o mal uso de estas marcas registradas est\u00e1 expresamente prohibido y ser\u00e1 perseguido de conformidad con la legislaci\u00f3n aplicable.     <\/p><p> <\/p><h2>Limitaci\u00f3n de responsabilidad<\/h2><p><b>PharmSultation UG<\/b> ha recopilado la informaci\u00f3n de este sitio web seg\u00fan su leal saber y entender con cuidado profesional. Nos esforzamos por mantener esta informaci\u00f3n actualizada. La informaci\u00f3n en este sitio web tiene por objeto presentar <b>PharmSultation UG<\/b> y sus productos y servicios. Sin embargo, no ofrecemos ninguna garant\u00eda &#8211; ni expresa ni impl\u00edcita &#8211; sobre la integridad o exactitud de la informaci\u00f3n contenida en este sitio web. Esta informaci\u00f3n estaba actualizada el d\u00eda de su publicaci\u00f3n, pero puede estarlo en la actualidad. Por este motivo, debe comprobar la informaci\u00f3n de este sitio web antes de utilizarla en modo alguno. La informaci\u00f3n de este sitio web no le exime de revisar por su cuenta nuestro asesoramiento actual y nuestros productos con respecto a su idoneidad para los procedimientos y fines previstos. Si necesita asesoramiento o instrucciones especiales sobre nuestros productos o servicios, p\u00f3ngase en contacto con nosotros directamente. Los usuarios de este sitio web aceptan acceder a este sitio web y a su contenido bajo su propia responsabilidad. Ni <b>PharmSultation UG<\/b> ni ning\u00fan tercero implicado en la creaci\u00f3n, producci\u00f3n o transmisi\u00f3n de este sitio web ser\u00e1 responsable de ning\u00fan da\u00f1o o perjuicio derivado del acceso a este sitio web, de la imposibilidad de acceder a \u00e9l, de su uso o imposibilidad de utilizarlo o de su confianza en cualquier informaci\u00f3n contenida en este sitio web.         <\/p><p> <\/p><h2>Sitios web\/enlaces de terceros<\/h2><p>Este sitio web tambi\u00e9n contiene enlaces o referencias a sitios web de terceros. Estos enlaces a sitios web de terceros no constituyen la aprobaci\u00f3n de su contenido por <b>PharmSultation U<\/b>G. <b>PharmSultation UG<\/b> no acepta ninguna responsabilidad por la disponibilidad o el contenido de dichos sitios web y ninguna responsabilidad por da\u00f1os o lesiones resultantes del uso de dicho contenido &#8211; independientemente del tipo. Los enlaces a otros sitios web se proporcionan a los usuarios de este sitio web \u00fanicamente para su comodidad. <b>PharmSultation UG<\/b> no garantiza que los enlaces proporcionen informaci\u00f3n sobre un tema de forma inalterada y coherente. El establecimiento de un enlace a estos sitios web corre por cuenta y riesgo del usuario. La selecci\u00f3n de enlaces no debe limitar en modo alguno la informaci\u00f3n de los sitios web enlazados.    <\/p><p> <\/p>\t\t\t\t\t\t\t\t<\/div>\n\t\t\t\t<\/div>\n\t\t\t\t\t<\/div>\n\t\t\t\t<\/div>\n\t\t<div class=\"elementor-element elementor-element-4064b4b e-flex e-con-boxed e-con e-parent\" data-id=\"4064b4b\" data-element_type=\"container\" data-e-type=\"container\">\n\t\t\t\t\t<div class=\"e-con-inner\">\n\t\t\t\t\t<\/div>\n\t\t\t\t<\/div>\n\t\t\t\t<\/div>\n\t\t","protected":false},"excerpt":{"rendered":"<p>Pie de imprenta \u00daltima actualizaci\u00f3n: 12 de agosto de 2024 Editor PharmSultation UG Haci H. Polat, Director General Gundhofstra\u00dfe 23 69528 Fr\u00e1ncfort del Meno, Alemania inscrita en el registro mercantil de Fr\u00e1ncfort del Meno N\u00famero de registro mercantil HRB 135633 Correo electr\u00f3nico: info@pharmsultation.com Contacto : https:\/\/www.pharmsultation.com\/contact-us\/ Condiciones de uso El acceso a este sitio web [&hellip;]<\/p>\n","protected":false},"author":2,"featured_media":0,"parent":0,"menu_order":0,"comment_status":"closed","ping_status":"closed","template":"","meta":{"footnotes":""},"class_list":["post-5480","page","type-page","status-publish","hentry"],"yoast_head":"<!-- This site is optimized with the Yoast SEO plugin v27.2 - https:\/\/yoast.com\/product\/yoast-seo-wordpress\/ -->\n<title>Impresionante -<\/title>\n<meta name=\"robots\" content=\"index, follow, max-snippet:-1, max-image-preview:large, max-video-preview:-1\" \/>\n<link rel=\"canonical\" href=\"https:\/\/test.pharmsultation.com\/es\/impresionante\/\" \/>\n<meta property=\"og:locale\" content=\"es_ES\" \/>\n<meta property=\"og:type\" content=\"article\" \/>\n<meta property=\"og:title\" content=\"Impresionante -\" \/>\n<meta property=\"og:description\" content=\"Pie de imprenta \u00daltima actualizaci\u00f3n: 12 de agosto de 2024 Editor PharmSultation UG Haci H. Polat, Director General Gundhofstra\u00dfe 23 69528 Fr\u00e1ncfort del Meno, Alemania inscrita en el registro mercantil de Fr\u00e1ncfort del Meno N\u00famero de registro mercantil HRB 135633 Correo electr\u00f3nico: info@pharmsultation.com Contacto : https:\/\/www.pharmsultation.com\/contact-us\/ Condiciones de uso El acceso a este sitio web [&hellip;]\" \/>\n<meta property=\"og:url\" content=\"https:\/\/test.pharmsultation.com\/es\/impresionante\/\" \/>\n<meta property=\"article:modified_time\" content=\"2025-05-11T12:30:03+00:00\" \/>\n<meta property=\"og:image\" content=\"https:\/\/test.pharmsultation.com\/wp-content\/uploads\/2023\/05\/customcolor_logo_transparent_background-1024x614-1.png\" \/>\n\t<meta property=\"og:image:width\" content=\"1024\" \/>\n\t<meta property=\"og:image:height\" content=\"614\" \/>\n\t<meta property=\"og:image:type\" content=\"image\/png\" \/>\n<meta name=\"twitter:card\" content=\"summary_large_image\" \/>\n<meta name=\"twitter:label1\" content=\"Tiempo de lectura\" \/>\n\t<meta name=\"twitter:data1\" content=\"4 minutos\" \/>\n<script type=\"application\/ld+json\" class=\"yoast-schema-graph\">{\"@context\":\"https:\/\/schema.org\",\"@graph\":[{\"@type\":\"WebPage\",\"@id\":\"https:\/\/test.pharmsultation.com\/es\/impresionante\/\",\"url\":\"https:\/\/test.pharmsultation.com\/es\/impresionante\/\",\"name\":\"Impresionante -\",\"isPartOf\":{\"@id\":\"https:\/\/test.pharmsultation.com\/es\/#website\"},\"primaryImageOfPage\":{\"@id\":\"https:\/\/test.pharmsultation.com\/es\/impresionante\/#primaryimage\"},\"image\":{\"@id\":\"https:\/\/test.pharmsultation.com\/es\/impresionante\/#primaryimage\"},\"thumbnailUrl\":\"https:\/\/test.pharmsultation.com\/wp-content\/uploads\/2023\/05\/customcolor_logo_transparent_background-1024x614-1-300x180.png\",\"datePublished\":\"2024-08-13T21:39:28+00:00\",\"dateModified\":\"2025-05-11T12:30:03+00:00\",\"breadcrumb\":{\"@id\":\"https:\/\/test.pharmsultation.com\/es\/impresionante\/#breadcrumb\"},\"inLanguage\":\"es\",\"potentialAction\":[{\"@type\":\"ReadAction\",\"target\":[\"https:\/\/test.pharmsultation.com\/es\/impresionante\/\"]}]},{\"@type\":\"ImageObject\",\"inLanguage\":\"es\",\"@id\":\"https:\/\/test.pharmsultation.com\/es\/impresionante\/#primaryimage\",\"url\":\"https:\/\/test.pharmsultation.com\/wp-content\/uploads\/2023\/05\/customcolor_logo_transparent_background-1024x614-1-300x180.png\",\"contentUrl\":\"https:\/\/test.pharmsultation.com\/wp-content\/uploads\/2023\/05\/customcolor_logo_transparent_background-1024x614-1-300x180.png\"},{\"@type\":\"BreadcrumbList\",\"@id\":\"https:\/\/test.pharmsultation.com\/es\/impresionante\/#breadcrumb\",\"itemListElement\":[{\"@type\":\"ListItem\",\"position\":1,\"name\":\"Inicio\",\"item\":\"https:\/\/test.pharmsultation.com\/es\/pharmsultation-consultoria-y-complementos-dieteticos\/\"},{\"@type\":\"ListItem\",\"position\":2,\"name\":\"Impresionante\"}]},{\"@type\":\"WebSite\",\"@id\":\"https:\/\/test.pharmsultation.com\/es\/#website\",\"url\":\"https:\/\/test.pharmsultation.com\/es\/\",\"name\":\"PharmSultation - Pharma & Industries Services\",\"description\":\"\",\"publisher\":{\"@id\":\"https:\/\/test.pharmsultation.com\/es\/#organization\"},\"potentialAction\":[{\"@type\":\"SearchAction\",\"target\":{\"@type\":\"EntryPoint\",\"urlTemplate\":\"https:\/\/test.pharmsultation.com\/es\/?s={search_term_string}\"},\"query-input\":{\"@type\":\"PropertyValueSpecification\",\"valueRequired\":true,\"valueName\":\"search_term_string\"}}],\"inLanguage\":\"es\"},{\"@type\":\"Organization\",\"@id\":\"https:\/\/test.pharmsultation.com\/es\/#organization\",\"name\":\"PharmSultation\",\"url\":\"https:\/\/test.pharmsultation.com\/es\/\",\"logo\":{\"@type\":\"ImageObject\",\"inLanguage\":\"es\",\"@id\":\"https:\/\/test.pharmsultation.com\/es\/#\/schema\/logo\/image\/\",\"url\":\"https:\/\/www.pharmsultation.com\/wp-content\/uploads\/2023\/05\/customcolor_logo_transparent_background.png\",\"contentUrl\":\"https:\/\/www.pharmsultation.com\/wp-content\/uploads\/2023\/05\/customcolor_logo_transparent_background.png\",\"width\":3125,\"height\":1875,\"caption\":\"PharmSultation\"},\"image\":{\"@id\":\"https:\/\/test.pharmsultation.com\/es\/#\/schema\/logo\/image\/\"}}]}<\/script>\n<!-- \/ Yoast SEO plugin. -->","yoast_head_json":{"title":"Impresionante -","robots":{"index":"index","follow":"follow","max-snippet":"max-snippet:-1","max-image-preview":"max-image-preview:large","max-video-preview":"max-video-preview:-1"},"canonical":"https:\/\/test.pharmsultation.com\/es\/impresionante\/","og_locale":"es_ES","og_type":"article","og_title":"Impresionante -","og_description":"Pie de imprenta \u00daltima actualizaci\u00f3n: 12 de agosto de 2024 Editor PharmSultation UG Haci H. Polat, Director General Gundhofstra\u00dfe 23 69528 Fr\u00e1ncfort del Meno, Alemania inscrita en el registro mercantil de Fr\u00e1ncfort del Meno N\u00famero de registro mercantil HRB 135633 Correo electr\u00f3nico: info@pharmsultation.com Contacto : https:\/\/www.pharmsultation.com\/contact-us\/ Condiciones de uso El acceso a este sitio web [&hellip;]","og_url":"https:\/\/test.pharmsultation.com\/es\/impresionante\/","article_modified_time":"2025-05-11T12:30:03+00:00","og_image":[{"width":1024,"height":614,"url":"https:\/\/test.pharmsultation.com\/wp-content\/uploads\/2023\/05\/customcolor_logo_transparent_background-1024x614-1.png","type":"image\/png"}],"twitter_card":"summary_large_image","twitter_misc":{"Tiempo de lectura":"4 minutos"},"schema":{"@context":"https:\/\/schema.org","@graph":[{"@type":"WebPage","@id":"https:\/\/test.pharmsultation.com\/es\/impresionante\/","url":"https:\/\/test.pharmsultation.com\/es\/impresionante\/","name":"Impresionante -","isPartOf":{"@id":"https:\/\/test.pharmsultation.com\/es\/#website"},"primaryImageOfPage":{"@id":"https:\/\/test.pharmsultation.com\/es\/impresionante\/#primaryimage"},"image":{"@id":"https:\/\/test.pharmsultation.com\/es\/impresionante\/#primaryimage"},"thumbnailUrl":"https:\/\/test.pharmsultation.com\/wp-content\/uploads\/2023\/05\/customcolor_logo_transparent_background-1024x614-1-300x180.png","datePublished":"2024-08-13T21:39:28+00:00","dateModified":"2025-05-11T12:30:03+00:00","breadcrumb":{"@id":"https:\/\/test.pharmsultation.com\/es\/impresionante\/#breadcrumb"},"inLanguage":"es","potentialAction":[{"@type":"ReadAction","target":["https:\/\/test.pharmsultation.com\/es\/impresionante\/"]}]},{"@type":"ImageObject","inLanguage":"es","@id":"https:\/\/test.pharmsultation.com\/es\/impresionante\/#primaryimage","url":"https:\/\/test.pharmsultation.com\/wp-content\/uploads\/2023\/05\/customcolor_logo_transparent_background-1024x614-1-300x180.png","contentUrl":"https:\/\/test.pharmsultation.com\/wp-content\/uploads\/2023\/05\/customcolor_logo_transparent_background-1024x614-1-300x180.png"},{"@type":"BreadcrumbList","@id":"https:\/\/test.pharmsultation.com\/es\/impresionante\/#breadcrumb","itemListElement":[{"@type":"ListItem","position":1,"name":"Inicio","item":"https:\/\/test.pharmsultation.com\/es\/pharmsultation-consultoria-y-complementos-dieteticos\/"},{"@type":"ListItem","position":2,"name":"Impresionante"}]},{"@type":"WebSite","@id":"https:\/\/test.pharmsultation.com\/es\/#website","url":"https:\/\/test.pharmsultation.com\/es\/","name":"PharmSultation - Pharma & Industries Services","description":"","publisher":{"@id":"https:\/\/test.pharmsultation.com\/es\/#organization"},"potentialAction":[{"@type":"SearchAction","target":{"@type":"EntryPoint","urlTemplate":"https:\/\/test.pharmsultation.com\/es\/?s={search_term_string}"},"query-input":{"@type":"PropertyValueSpecification","valueRequired":true,"valueName":"search_term_string"}}],"inLanguage":"es"},{"@type":"Organization","@id":"https:\/\/test.pharmsultation.com\/es\/#organization","name":"PharmSultation","url":"https:\/\/test.pharmsultation.com\/es\/","logo":{"@type":"ImageObject","inLanguage":"es","@id":"https:\/\/test.pharmsultation.com\/es\/#\/schema\/logo\/image\/","url":"https:\/\/www.pharmsultation.com\/wp-content\/uploads\/2023\/05\/customcolor_logo_transparent_background.png","contentUrl":"https:\/\/www.pharmsultation.com\/wp-content\/uploads\/2023\/05\/customcolor_logo_transparent_background.png","width":3125,"height":1875,"caption":"PharmSultation"},"image":{"@id":"https:\/\/test.pharmsultation.com\/es\/#\/schema\/logo\/image\/"}}]}},"_links":{"self":[{"href":"https:\/\/test.pharmsultation.com\/es\/wp-json\/wp\/v2\/pages\/5480","targetHints":{"allow":["GET"]}}],"collection":[{"href":"https:\/\/test.pharmsultation.com\/es\/wp-json\/wp\/v2\/pages"}],"about":[{"href":"https:\/\/test.pharmsultation.com\/es\/wp-json\/wp\/v2\/types\/page"}],"author":[{"embeddable":true,"href":"https:\/\/test.pharmsultation.com\/es\/wp-json\/wp\/v2\/users\/2"}],"replies":[{"embeddable":true,"href":"https:\/\/test.pharmsultation.com\/es\/wp-json\/wp\/v2\/comments?post=5480"}],"version-history":[{"count":1,"href":"https:\/\/test.pharmsultation.com\/es\/wp-json\/wp\/v2\/pages\/5480\/revisions"}],"predecessor-version":[{"id":5485,"href":"https:\/\/test.pharmsultation.com\/es\/wp-json\/wp\/v2\/pages\/5480\/revisions\/5485"}],"wp:attachment":[{"href":"https:\/\/test.pharmsultation.com\/es\/wp-json\/wp\/v2\/media?parent=5480"}],"curies":[{"name":"wp","href":"https:\/\/api.w.org\/{rel}","templated":true}]}}