{"id":5653,"date":"2025-05-05T21:32:20","date_gmt":"2025-05-05T19:32:20","guid":{"rendered":"https:\/\/test.pharmsultation.com\/product\/hair-skin-nail-boost\/"},"modified":"2025-05-05T21:32:20","modified_gmt":"2025-05-05T19:32:20","slug":"hair-skin-nail-boost","status":"publish","type":"product","link":"https:\/\/test.pharmsultation.com\/de\/product\/hair-skin-nail-boost\/","title":{"rendered":"HAIR SKIN NAIL Boost"},"content":{"rendered":"<p>Unsere Kapseln f\u00fcr Haare, Haut und N\u00e4gel k\u00f6nnen diesen nat\u00fcrlichen Prozess unterst\u00fctzen, indem sie die notwendigen N\u00e4hrstoffe f\u00fcr optimales Wachstum und Regeneration liefern. Diese speziellen komplexen Zusammensetzungen n\u00e4hren die Haarfollikel, Hautzellen und Nagelbetten, um ein st\u00e4rkeres, ges\u00fcnderes und widerstandsf\u00e4higeres Gewebe zu f\u00f6rdern. <\/p>\n","protected":false},"excerpt":{"rendered":"<p>60 Kapseln<\/p>\n","protected":false},"featured_media":5305,"template":"","meta":[],"product_brand":[],"product_cat":[120],"product_tag":[],"class_list":{"0":"post-5653","1":"product","2":"type-product","3":"status-publish","4":"has-post-thumbnail","6":"product_cat-nahrungserganzungsmittel","8":"first","9":"outofstock","10":"shipping-taxable","11":"product-type-simple"},"yoast_head":"<!-- This site is optimized with the Yoast SEO plugin v27.2 - https:\/\/yoast.com\/product\/yoast-seo-wordpress\/ -->\n<title>HAIR SKIN NAIL Boost -<\/title>\n<meta name=\"robots\" content=\"index, follow, max-snippet:-1, max-image-preview:large, max-video-preview:-1\" \/>\n<link rel=\"canonical\" href=\"https:\/\/test.pharmsultation.com\/de\/product\/hair-skin-nail-boost\/\" \/>\n<meta property=\"og:locale\" content=\"de_DE\" \/>\n<meta property=\"og:type\" content=\"article\" \/>\n<meta property=\"og:title\" content=\"HAIR SKIN NAIL Boost -\" \/>\n<meta property=\"og:description\" content=\"60 Kapseln\" \/>\n<meta property=\"og:url\" content=\"https:\/\/test.pharmsultation.com\/de\/product\/hair-skin-nail-boost\/\" \/>\n<meta property=\"og:image\" content=\"https:\/\/test.pharmsultation.com\/wp-content\/uploads\/2025\/05\/HAIR-SKIN-NAIL-generated.png\" \/>\n\t<meta property=\"og:image:width\" content=\"2048\" \/>\n\t<meta property=\"og:image:height\" content=\"2048\" \/>\n\t<meta property=\"og:image:type\" content=\"image\/png\" \/>\n<meta name=\"twitter:card\" content=\"summary_large_image\" \/>\n<script type=\"application\/ld+json\" class=\"yoast-schema-graph\">{\"@context\":\"https:\/\/schema.org\",\"@graph\":[{\"@type\":\"WebPage\",\"@id\":\"https:\/\/test.pharmsultation.com\/de\/product\/hair-skin-nail-boost\/\",\"url\":\"https:\/\/test.pharmsultation.com\/de\/product\/hair-skin-nail-boost\/\",\"name\":\"HAIR SKIN NAIL Boost -\",\"isPartOf\":{\"@id\":\"https:\/\/test.pharmsultation.com\/de\/#website\"},\"primaryImageOfPage\":{\"@id\":\"https:\/\/test.pharmsultation.com\/de\/product\/hair-skin-nail-boost\/#primaryimage\"},\"image\":{\"@id\":\"https:\/\/test.pharmsultation.com\/de\/product\/hair-skin-nail-boost\/#primaryimage\"},\"thumbnailUrl\":\"https:\/\/test.pharmsultation.com\/wp-content\/uploads\/2025\/05\/HAIR-SKIN-NAIL-generated.png\",\"datePublished\":\"2025-05-05T19:32:20+00:00\",\"breadcrumb\":{\"@id\":\"https:\/\/test.pharmsultation.com\/de\/product\/hair-skin-nail-boost\/#breadcrumb\"},\"inLanguage\":\"de\",\"potentialAction\":[{\"@type\":\"ReadAction\",\"target\":[\"https:\/\/test.pharmsultation.com\/de\/product\/hair-skin-nail-boost\/\"]}]},{\"@type\":\"ImageObject\",\"inLanguage\":\"de\",\"@id\":\"https:\/\/test.pharmsultation.com\/de\/product\/hair-skin-nail-boost\/#primaryimage\",\"url\":\"https:\/\/test.pharmsultation.com\/wp-content\/uploads\/2025\/05\/HAIR-SKIN-NAIL-generated.png\",\"contentUrl\":\"https:\/\/test.pharmsultation.com\/wp-content\/uploads\/2025\/05\/HAIR-SKIN-NAIL-generated.png\",\"width\":2048,\"height\":2048},{\"@type\":\"BreadcrumbList\",\"@id\":\"https:\/\/test.pharmsultation.com\/de\/product\/hair-skin-nail-boost\/#breadcrumb\",\"itemListElement\":[{\"@type\":\"ListItem\",\"position\":1,\"name\":\"Startseite\",\"item\":\"https:\/\/test.pharmsultation.com\/de\/pharmsultation-nahrungsergaenzungsmittel-und-beratung\/\"},{\"@type\":\"ListItem\",\"position\":2,\"name\":\"Shop\",\"item\":\"https:\/\/test.pharmsultation.com\/de\/shop\/\"},{\"@type\":\"ListItem\",\"position\":3,\"name\":\"HAIR SKIN NAIL Boost\"}]},{\"@type\":\"WebSite\",\"@id\":\"https:\/\/test.pharmsultation.com\/de\/#website\",\"url\":\"https:\/\/test.pharmsultation.com\/de\/\",\"name\":\"PharmSultation - Pharma & Industries Services\",\"description\":\"\",\"publisher\":{\"@id\":\"https:\/\/test.pharmsultation.com\/de\/#organization\"},\"potentialAction\":[{\"@type\":\"SearchAction\",\"target\":{\"@type\":\"EntryPoint\",\"urlTemplate\":\"https:\/\/test.pharmsultation.com\/de\/?s={search_term_string}\"},\"query-input\":{\"@type\":\"PropertyValueSpecification\",\"valueRequired\":true,\"valueName\":\"search_term_string\"}}],\"inLanguage\":\"de\"},{\"@type\":\"Organization\",\"@id\":\"https:\/\/test.pharmsultation.com\/de\/#organization\",\"name\":\"PharmSultation\",\"url\":\"https:\/\/test.pharmsultation.com\/de\/\",\"logo\":{\"@type\":\"ImageObject\",\"inLanguage\":\"de\",\"@id\":\"https:\/\/test.pharmsultation.com\/de\/#\/schema\/logo\/image\/\",\"url\":\"https:\/\/www.pharmsultation.com\/wp-content\/uploads\/2023\/05\/customcolor_logo_transparent_background.png\",\"contentUrl\":\"https:\/\/www.pharmsultation.com\/wp-content\/uploads\/2023\/05\/customcolor_logo_transparent_background.png\",\"width\":3125,\"height\":1875,\"caption\":\"PharmSultation\"},\"image\":{\"@id\":\"https:\/\/test.pharmsultation.com\/de\/#\/schema\/logo\/image\/\"}}]}<\/script>\n<!-- \/ Yoast SEO plugin. -->","yoast_head_json":{"title":"HAIR SKIN NAIL Boost -","robots":{"index":"index","follow":"follow","max-snippet":"max-snippet:-1","max-image-preview":"max-image-preview:large","max-video-preview":"max-video-preview:-1"},"canonical":"https:\/\/test.pharmsultation.com\/de\/product\/hair-skin-nail-boost\/","og_locale":"de_DE","og_type":"article","og_title":"HAIR SKIN NAIL Boost -","og_description":"60 Kapseln","og_url":"https:\/\/test.pharmsultation.com\/de\/product\/hair-skin-nail-boost\/","og_image":[{"width":2048,"height":2048,"url":"https:\/\/test.pharmsultation.com\/wp-content\/uploads\/2025\/05\/HAIR-SKIN-NAIL-generated.png","type":"image\/png"}],"twitter_card":"summary_large_image","schema":{"@context":"https:\/\/schema.org","@graph":[{"@type":"WebPage","@id":"https:\/\/test.pharmsultation.com\/de\/product\/hair-skin-nail-boost\/","url":"https:\/\/test.pharmsultation.com\/de\/product\/hair-skin-nail-boost\/","name":"HAIR SKIN NAIL Boost -","isPartOf":{"@id":"https:\/\/test.pharmsultation.com\/de\/#website"},"primaryImageOfPage":{"@id":"https:\/\/test.pharmsultation.com\/de\/product\/hair-skin-nail-boost\/#primaryimage"},"image":{"@id":"https:\/\/test.pharmsultation.com\/de\/product\/hair-skin-nail-boost\/#primaryimage"},"thumbnailUrl":"https:\/\/test.pharmsultation.com\/wp-content\/uploads\/2025\/05\/HAIR-SKIN-NAIL-generated.png","datePublished":"2025-05-05T19:32:20+00:00","breadcrumb":{"@id":"https:\/\/test.pharmsultation.com\/de\/product\/hair-skin-nail-boost\/#breadcrumb"},"inLanguage":"de","potentialAction":[{"@type":"ReadAction","target":["https:\/\/test.pharmsultation.com\/de\/product\/hair-skin-nail-boost\/"]}]},{"@type":"ImageObject","inLanguage":"de","@id":"https:\/\/test.pharmsultation.com\/de\/product\/hair-skin-nail-boost\/#primaryimage","url":"https:\/\/test.pharmsultation.com\/wp-content\/uploads\/2025\/05\/HAIR-SKIN-NAIL-generated.png","contentUrl":"https:\/\/test.pharmsultation.com\/wp-content\/uploads\/2025\/05\/HAIR-SKIN-NAIL-generated.png","width":2048,"height":2048},{"@type":"BreadcrumbList","@id":"https:\/\/test.pharmsultation.com\/de\/product\/hair-skin-nail-boost\/#breadcrumb","itemListElement":[{"@type":"ListItem","position":1,"name":"Startseite","item":"https:\/\/test.pharmsultation.com\/de\/pharmsultation-nahrungsergaenzungsmittel-und-beratung\/"},{"@type":"ListItem","position":2,"name":"Shop","item":"https:\/\/test.pharmsultation.com\/de\/shop\/"},{"@type":"ListItem","position":3,"name":"HAIR SKIN NAIL Boost"}]},{"@type":"WebSite","@id":"https:\/\/test.pharmsultation.com\/de\/#website","url":"https:\/\/test.pharmsultation.com\/de\/","name":"PharmSultation - Pharma & Industries Services","description":"","publisher":{"@id":"https:\/\/test.pharmsultation.com\/de\/#organization"},"potentialAction":[{"@type":"SearchAction","target":{"@type":"EntryPoint","urlTemplate":"https:\/\/test.pharmsultation.com\/de\/?s={search_term_string}"},"query-input":{"@type":"PropertyValueSpecification","valueRequired":true,"valueName":"search_term_string"}}],"inLanguage":"de"},{"@type":"Organization","@id":"https:\/\/test.pharmsultation.com\/de\/#organization","name":"PharmSultation","url":"https:\/\/test.pharmsultation.com\/de\/","logo":{"@type":"ImageObject","inLanguage":"de","@id":"https:\/\/test.pharmsultation.com\/de\/#\/schema\/logo\/image\/","url":"https:\/\/www.pharmsultation.com\/wp-content\/uploads\/2023\/05\/customcolor_logo_transparent_background.png","contentUrl":"https:\/\/www.pharmsultation.com\/wp-content\/uploads\/2023\/05\/customcolor_logo_transparent_background.png","width":3125,"height":1875,"caption":"PharmSultation"},"image":{"@id":"https:\/\/test.pharmsultation.com\/de\/#\/schema\/logo\/image\/"}}]}},"_links":{"self":[{"href":"https:\/\/test.pharmsultation.com\/de\/wp-json\/wp\/v2\/product\/5653","targetHints":{"allow":["GET"]}}],"collection":[{"href":"https:\/\/test.pharmsultation.com\/de\/wp-json\/wp\/v2\/product"}],"about":[{"href":"https:\/\/test.pharmsultation.com\/de\/wp-json\/wp\/v2\/types\/product"}],"wp:featuredmedia":[{"embeddable":true,"href":"https:\/\/test.pharmsultation.com\/de\/wp-json\/wp\/v2\/media\/5305"}],"wp:attachment":[{"href":"https:\/\/test.pharmsultation.com\/de\/wp-json\/wp\/v2\/media?parent=5653"}],"wp:term":[{"taxonomy":"product_brand","embeddable":true,"href":"https:\/\/test.pharmsultation.com\/de\/wp-json\/wp\/v2\/product_brand?post=5653"},{"taxonomy":"product_cat","embeddable":true,"href":"https:\/\/test.pharmsultation.com\/de\/wp-json\/wp\/v2\/product_cat?post=5653"},{"taxonomy":"product_tag","embeddable":true,"href":"https:\/\/test.pharmsultation.com\/de\/wp-json\/wp\/v2\/product_tag?post=5653"}],"curies":[{"name":"wp","href":"https:\/\/api.w.org\/{rel}","templated":true}]}}