{"id":5762,"date":"2024-08-12T22:09:55","date_gmt":"2024-08-12T20:09:55","guid":{"rendered":"https:\/\/test.pharmsultation.com\/rueckgabe-und-erstattungsbedingungen\/"},"modified":"2025-05-11T17:10:57","modified_gmt":"2025-05-11T15:10:57","slug":"rueckgabe-und-erstattungsbedingungen","status":"publish","type":"page","link":"https:\/\/test.pharmsultation.com\/de\/rueckgabe-und-erstattungsbedingungen\/","title":{"rendered":"R\u00fcckgabe- und Erstattungsbedingungen"},"content":{"rendered":"\t\t<div data-elementor-type=\"wp-page\" data-elementor-id=\"5762\" class=\"elementor elementor-5762 elementor-786\" data-elementor-post-type=\"page\">\n\t\t\t\t<div class=\"elementor-element elementor-element-fe0a97f e-flex e-con-boxed e-con e-parent\" data-id=\"fe0a97f\" data-element_type=\"container\" data-e-type=\"container\">\n\t\t\t\t\t<div class=\"e-con-inner\">\n\t\t\t\t<div class=\"elementor-element elementor-element-1fc9822 elementor-widget elementor-widget-image\" data-id=\"1fc9822\" data-element_type=\"widget\" data-e-type=\"widget\" data-widget_type=\"image.default\">\n\t\t\t\t<div class=\"elementor-widget-container\">\n\t\t\t\t\t\t\t\t\t\t\t\t\t\t\t<img fetchpriority=\"high\" decoding=\"async\" width=\"300\" height=\"180\" src=\"https:\/\/test.pharmsultation.com\/wp-content\/uploads\/2023\/05\/customcolor_logo_transparent_background-1024x614-1-300x180.png\" class=\"attachment-medium size-medium wp-image-2491\" alt=\"\" srcset=\"https:\/\/test.pharmsultation.com\/wp-content\/uploads\/2023\/05\/customcolor_logo_transparent_background-1024x614-1-300x180.png 300w, https:\/\/test.pharmsultation.com\/wp-content\/uploads\/2023\/05\/customcolor_logo_transparent_background-1024x614-1-768x461.png 768w, https:\/\/test.pharmsultation.com\/wp-content\/uploads\/2023\/05\/customcolor_logo_transparent_background-1024x614-1.png 1024w\" sizes=\"(max-width: 300px) 100vw, 300px\" \/>\t\t\t\t\t\t\t\t\t\t\t\t\t\t\t<\/div>\n\t\t\t\t<\/div>\n\t\t\t\t\t<\/div>\n\t\t\t\t<\/div>\n\t\t<div class=\"elementor-element elementor-element-a33883c e-flex e-con-boxed e-con e-parent\" data-id=\"a33883c\" data-element_type=\"container\" data-e-type=\"container\">\n\t\t\t\t\t<div class=\"e-con-inner\">\n\t\t\t\t<div class=\"elementor-element elementor-element-c1c9841 elementor-widget elementor-widget-heading\" data-id=\"c1c9841\" data-element_type=\"widget\" data-e-type=\"widget\" data-widget_type=\"heading.default\">\n\t\t\t\t<div class=\"elementor-widget-container\">\n\t\t\t\t\t<h1 class=\"elementor-heading-title elementor-size-default\">R\u00fcckgabe- und Erstattungsbedingungen<\/h1>\t\t\t\t<\/div>\n\t\t\t\t<\/div>\n\t\t\t\t\t<\/div>\n\t\t\t\t<\/div>\n\t\t<div class=\"elementor-element elementor-element-506c5db e-flex e-con-boxed e-con e-parent\" data-id=\"506c5db\" data-element_type=\"container\" data-e-type=\"container\">\n\t\t\t\t\t<div class=\"e-con-inner\">\n\t\t\t\t<div class=\"elementor-element elementor-element-99d72e9 elementor-widget elementor-widget-text-editor\" data-id=\"99d72e9\" data-element_type=\"widget\" data-e-type=\"widget\" data-widget_type=\"text-editor.default\">\n\t\t\t\t<div class=\"elementor-widget-container\">\n\t\t\t\t\t\t\t\t\t<p><span style=\"color: var( --e-global-color-primary ); text-align: var(--text-align); font-size: 1rem;\"><i><b>Zuletzt aktualisiert: August 12, 2024<\/b><\/i><\/span><\/p>\n<p>Vielen Dank, dass Sie bei PharmSultation eingekauft haben.<\/p>\n<p><span style=\"color: var( --e-global-color-primary ); text-align: var(--text-align); font-size: 1rem;\">Sollten Sie aus irgendeinem Grund mit einem Kauf nicht zufrieden sein, laden wir Sie ein, unsere Richtlinien f\u00fcr R\u00fcckerstattungen und R\u00fcckgaben zu lesen. Diese R\u00fcckgabe- und Erstattungsrichtlinie wurde mit Hilfe des kostenlosen Generators f\u00fcr R\u00fcckgabe- und Erstattungsrichtlinien erstellt. <\/span><\/p>\n<p><span style=\"color: var( --e-global-color-primary ); text-align: var(--text-align); font-size: 1rem;\">Die folgenden Bedingungen gelten f\u00fcr alle Produkte, die Sie bei uns gekauft haben.<\/span><\/p>\n<p><span style=\"color: inherit; font-family: inherit; font-size: 2rem; text-align: var(--text-align);\">Auslegung und Definitionen<\/span><\/p>\n<h2><b>Auslegung<\/b><\/h2>\n<p>Die W\u00f6rter, deren Anfangsbuchstaben gro\u00df geschrieben sind, haben die unter den nachstehenden Bedingungen definierte Bedeutung. Die folgenden Definitionen haben dieselbe Bedeutung, unabh\u00e4ngig davon, ob sie im Singular oder im Plural stehen. <\/p>\n<p><span style=\"color: var( --e-global-color-primary ); font-family: var( --e-global-typography-text-font-family ), Sans-serif; text-align: var(--text-align); font-size: 1rem;\"><b>Definitionen<\/b><\/span><\/p>\n<p>F\u00fcr die Zwecke dieser R\u00fcckgabe- und Erstattungsrichtlinie:<\/p>\n<p><\/p>\n<p>Unternehmen (in diesem Vertrag entweder als &#8222;das Unternehmen&#8220;, &#8222;wir&#8220;, &#8222;uns&#8220; oder &#8222;unser&#8220; bezeichnet) bezieht sich auf PharmSultation UG, Gundhofstra\u00dfe 23, 69528 Frankfurt am Main.<\/p>\n<p><\/p>\n<p>Waren beziehen sich auf die Artikel, die im Service zum Verkauf angeboten werden.<\/p>\n<p><\/p>\n<p>Bestellungen bedeuten eine Anfrage Ihrerseits, Waren von uns zu kaufen.<\/p>\n<p><\/p>\n<p>Service bezieht sich auf die Website.<\/p>\n<p><\/p>\n<p>Die Website verweist auf PharmSultation, zug\u00e4nglich \u00fcber https:\/\/www.pharmsultation.com<\/p>\n<p><\/p>\n<p>Sie sind die nat\u00fcrliche Person, die auf den Dienst zugreift oder ihn nutzt, bzw. das Unternehmen oder eine andere juristische Person, in deren Namen eine solche Person auf den Dienst zugreift oder ihn nutzt, sofern zutreffend.<\/p>\n<p><\/p>\n<p>Ihr Recht auf Stornierung der Bestellung<\/p>\n<p>Sie sind berechtigt, Ihre Bestellung innerhalb von 30 Tagen ohne Angabe von Gr\u00fcnden zu stornieren.<\/p>\n<p><\/p>\n<p>Die Frist f\u00fcr die Stornierung einer Bestellung betr\u00e4gt 30 Tage ab dem Datum, an dem Sie die Waren erhalten haben oder an dem ein von Ihnen beauftragter Dritter, der nicht der Spediteur ist, das gelieferte Produkt in Besitz genommen hat.<\/p>\n<p><\/p>\n<p>Um von Ihrem Widerrufsrecht Gebrauch zu machen, m\u00fcssen Sie uns mittels einer eindeutigen Erkl\u00e4rung \u00fcber Ihre Entscheidung informieren. Sie k\u00f6nnen uns \u00fcber Ihre Entscheidung informieren, indem Sie: <\/p>\n<p><\/p>\n<p>Besuchen Sie diese Seite auf unserer Website: https:\/\/www.pharmsultation.com\/contact-us\/<\/p>\n<p>Wir erstatten Ihnen die Kosten sp\u00e4testens 14 Tage nach dem Tag, an dem wir die zur\u00fcckgegebenen Waren erhalten haben. Wir werden dasselbe Zahlungsmittel verwenden, das Sie f\u00fcr die Bestellung verwendet haben, und es fallen f\u00fcr Sie keine Geb\u00fchren f\u00fcr diese R\u00fcckerstattung an. <\/p>\n<p><\/p>\n<p>Bedingungen f\u00fcr R\u00fccksendungen<\/p>\n<p>Damit die Waren f\u00fcr eine R\u00fcckgabe in Frage kommen, stellen Sie bitte sicher, dass:<\/p>\n<p><\/p>\n<p>Die Waren wurden in den letzten 30 Tagen gekauft<\/p>\n<p>Die Waren befinden sich in der Originalverpackung<\/p>\n<p>Die folgenden Waren k\u00f6nnen nicht zur\u00fcckgegeben werden:<\/p>\n<p><\/p>\n<p>Die Lieferung von Waren, die nach Ihren Spezifikationen hergestellt oder eindeutig personalisiert sind.<\/p>\n<p>Die Lieferung von Waren, die aufgrund ihrer Beschaffenheit nicht f\u00fcr eine R\u00fccksendung geeignet sind, schnell verderben oder deren Verfallsdatum \u00fcberschritten wurde.<\/p>\n<p>Die Lieferung von Waren, die aus Gr\u00fcnden des Gesundheitsschutzes oder der Hygiene nicht zur R\u00fcckgabe geeignet sind und nach der Lieferung entsiegelt wurden.<\/p>\n<p>Die Lieferung von Waren, die nach der Lieferung ihrer Art nach untrennbar mit anderen Gegenst\u00e4nden vermischt sind.<\/p>\n<p>Wir behalten uns das Recht vor, die R\u00fcckgabe von Waren abzulehnen, die die oben genannten R\u00fcckgabebedingungen nicht erf\u00fcllen, und zwar nach unserem alleinigen Ermessen.<\/p>\n<p><\/p>\n<p>Nur Waren zum regul\u00e4ren Preis k\u00f6nnen erstattet werden. Waren im Ausverkauf k\u00f6nnen leider nicht zur\u00fcckerstattet werden. Dieser Ausschluss gilt m\u00f6glicherweise nicht f\u00fcr Sie, wenn er nach geltendem Recht nicht zul\u00e4ssig ist.  <\/p>\n<p><\/p>\n<p>R\u00fcckgabe von Waren<\/p>\n<p>Sie sind f\u00fcr die Kosten und das Risiko der R\u00fccksendung der Waren an uns verantwortlich. Sie sollten die Waren an die folgende Adresse schicken: <\/p>\n<p><\/p>\n<p><b>PharmSultation UG<\/b><\/p>\n<p><b>Gundhofstra\u00dfe 23<\/b><\/p>\n<p><b>69528 Frankfurt am Main&nbsp;<\/b><\/p>\n<p><b>DEUTSCHLAND<\/b><\/p>\n<p><\/p>\n<p>Wir k\u00f6nnen nicht f\u00fcr Waren verantwortlich gemacht werden, die beim R\u00fcckversand besch\u00e4digt werden oder verloren gehen. Wir empfehlen daher einen versicherten und verfolgbaren Postversand. Wir sind nicht in der Lage, eine R\u00fcckerstattung auszustellen, wenn Sie die Waren nicht tats\u00e4chlich erhalten haben oder keinen Nachweis \u00fcber den Erhalt der R\u00fccksendung vorlegen k\u00f6nnen.  <\/p>\n<p><\/p>\n<p>Geschenke<\/p>\n<p>Wenn die Waren beim Kauf als Geschenk gekennzeichnet und dann direkt an Sie versandt wurden, erhalten Sie eine Geschenkgutschrift in H\u00f6he des Wertes Ihrer R\u00fccksendung. Sobald das zur\u00fcckgegebene Produkt bei uns eingegangen ist, wird Ihnen ein Geschenkgutschein zugeschickt. <\/p>\n<p><\/p>\n<p>Wenn die Waren beim Kauf nicht als Geschenk gekennzeichnet waren oder der Schenkende die Bestellung an sich selbst geschickt hat, um sie Ihnen sp\u00e4ter zu schenken, werden wir die R\u00fcckerstattung an den Schenkenden schicken.<\/p>\n<p><\/p>\n<p>Kontakt<\/p>\n<p>Wenn Sie Fragen zu unseren R\u00fcckgabe- und Erstattungsbedingungen haben, kontaktieren Sie uns bitte:<\/p>\n<p><\/p>\n<p>Besuchen Sie diese Seite auf unserer Website: https:\/\/www.pharmsultation.com\/contact-us\/<\/p>\t\t\t\t\t\t\t\t<\/div>\n\t\t\t\t<\/div>\n\t\t\t\t\t<\/div>\n\t\t\t\t<\/div>\n\t\t<div class=\"elementor-element elementor-element-4064b4b e-flex e-con-boxed e-con e-parent\" data-id=\"4064b4b\" data-element_type=\"container\" data-e-type=\"container\">\n\t\t\t\t\t<div class=\"e-con-inner\">\n\t\t\t\t\t<\/div>\n\t\t\t\t<\/div>\n\t\t\t\t<\/div>\n\t\t","protected":false},"excerpt":{"rendered":"<p>R\u00fcckgabe- und Erstattungsbedingungen Zuletzt aktualisiert: August 12, 2024 Vielen Dank, dass Sie bei PharmSultation eingekauft haben. Sollten Sie aus irgendeinem Grund mit einem Kauf nicht zufrieden sein, laden wir Sie ein, unsere Richtlinien f\u00fcr R\u00fcckerstattungen und R\u00fcckgaben zu lesen. Diese R\u00fcckgabe- und Erstattungsrichtlinie wurde mit Hilfe des kostenlosen Generators f\u00fcr R\u00fcckgabe- und Erstattungsrichtlinien erstellt. Die [&hellip;]<\/p>\n","protected":false},"author":2,"featured_media":0,"parent":0,"menu_order":0,"comment_status":"closed","ping_status":"closed","template":"","meta":{"footnotes":""},"class_list":["post-5762","page","type-page","status-publish","hentry"],"yoast_head":"<!-- This site is optimized with the Yoast SEO plugin v27.2 - https:\/\/yoast.com\/product\/yoast-seo-wordpress\/ -->\n<title>R\u00fcckgabe- und Erstattungsbedingungen -<\/title>\n<meta name=\"robots\" content=\"index, follow, max-snippet:-1, max-image-preview:large, max-video-preview:-1\" \/>\n<link rel=\"canonical\" href=\"https:\/\/test.pharmsultation.com\/de\/rueckgabe-und-erstattungsbedingungen\/\" \/>\n<meta property=\"og:locale\" content=\"de_DE\" \/>\n<meta property=\"og:type\" content=\"article\" \/>\n<meta property=\"og:title\" content=\"R\u00fcckgabe- und Erstattungsbedingungen -\" \/>\n<meta property=\"og:description\" content=\"R\u00fcckgabe- und Erstattungsbedingungen Zuletzt aktualisiert: August 12, 2024 Vielen Dank, dass Sie bei PharmSultation eingekauft haben. Sollten Sie aus irgendeinem Grund mit einem Kauf nicht zufrieden sein, laden wir Sie ein, unsere Richtlinien f\u00fcr R\u00fcckerstattungen und R\u00fcckgaben zu lesen. Diese R\u00fcckgabe- und Erstattungsrichtlinie wurde mit Hilfe des kostenlosen Generators f\u00fcr R\u00fcckgabe- und Erstattungsrichtlinien erstellt. Die [&hellip;]\" \/>\n<meta property=\"og:url\" content=\"https:\/\/test.pharmsultation.com\/de\/rueckgabe-und-erstattungsbedingungen\/\" \/>\n<meta property=\"article:modified_time\" content=\"2025-05-11T15:10:57+00:00\" \/>\n<meta property=\"og:image\" content=\"https:\/\/test.pharmsultation.com\/wp-content\/uploads\/2023\/05\/customcolor_logo_transparent_background-1024x614-1.png\" \/>\n\t<meta property=\"og:image:width\" content=\"1024\" \/>\n\t<meta property=\"og:image:height\" content=\"614\" \/>\n\t<meta property=\"og:image:type\" content=\"image\/png\" \/>\n<meta name=\"twitter:card\" content=\"summary_large_image\" \/>\n<meta name=\"twitter:label1\" content=\"Gesch\u00e4tzte Lesezeit\" \/>\n\t<meta name=\"twitter:data1\" content=\"4\u00a0Minuten\" \/>\n<script type=\"application\/ld+json\" class=\"yoast-schema-graph\">{\"@context\":\"https:\/\/schema.org\",\"@graph\":[{\"@type\":\"WebPage\",\"@id\":\"https:\/\/test.pharmsultation.com\/de\/rueckgabe-und-erstattungsbedingungen\/\",\"url\":\"https:\/\/test.pharmsultation.com\/de\/rueckgabe-und-erstattungsbedingungen\/\",\"name\":\"R\u00fcckgabe- und Erstattungsbedingungen -\",\"isPartOf\":{\"@id\":\"https:\/\/test.pharmsultation.com\/de\/#website\"},\"primaryImageOfPage\":{\"@id\":\"https:\/\/test.pharmsultation.com\/de\/rueckgabe-und-erstattungsbedingungen\/#primaryimage\"},\"image\":{\"@id\":\"https:\/\/test.pharmsultation.com\/de\/rueckgabe-und-erstattungsbedingungen\/#primaryimage\"},\"thumbnailUrl\":\"https:\/\/test.pharmsultation.com\/wp-content\/uploads\/2023\/05\/customcolor_logo_transparent_background-1024x614-1-300x180.png\",\"datePublished\":\"2024-08-12T20:09:55+00:00\",\"dateModified\":\"2025-05-11T15:10:57+00:00\",\"breadcrumb\":{\"@id\":\"https:\/\/test.pharmsultation.com\/de\/rueckgabe-und-erstattungsbedingungen\/#breadcrumb\"},\"inLanguage\":\"de\",\"potentialAction\":[{\"@type\":\"ReadAction\",\"target\":[\"https:\/\/test.pharmsultation.com\/de\/rueckgabe-und-erstattungsbedingungen\/\"]}]},{\"@type\":\"ImageObject\",\"inLanguage\":\"de\",\"@id\":\"https:\/\/test.pharmsultation.com\/de\/rueckgabe-und-erstattungsbedingungen\/#primaryimage\",\"url\":\"https:\/\/test.pharmsultation.com\/wp-content\/uploads\/2023\/05\/customcolor_logo_transparent_background-1024x614-1-300x180.png\",\"contentUrl\":\"https:\/\/test.pharmsultation.com\/wp-content\/uploads\/2023\/05\/customcolor_logo_transparent_background-1024x614-1-300x180.png\"},{\"@type\":\"BreadcrumbList\",\"@id\":\"https:\/\/test.pharmsultation.com\/de\/rueckgabe-und-erstattungsbedingungen\/#breadcrumb\",\"itemListElement\":[{\"@type\":\"ListItem\",\"position\":1,\"name\":\"Startseite\",\"item\":\"https:\/\/test.pharmsultation.com\/de\/pharmsultation-nahrungsergaenzungsmittel-und-beratung\/\"},{\"@type\":\"ListItem\",\"position\":2,\"name\":\"R\u00fcckgabe- und Erstattungsbedingungen\"}]},{\"@type\":\"WebSite\",\"@id\":\"https:\/\/test.pharmsultation.com\/de\/#website\",\"url\":\"https:\/\/test.pharmsultation.com\/de\/\",\"name\":\"PharmSultation - Pharma & Industries Services\",\"description\":\"\",\"publisher\":{\"@id\":\"https:\/\/test.pharmsultation.com\/de\/#organization\"},\"potentialAction\":[{\"@type\":\"SearchAction\",\"target\":{\"@type\":\"EntryPoint\",\"urlTemplate\":\"https:\/\/test.pharmsultation.com\/de\/?s={search_term_string}\"},\"query-input\":{\"@type\":\"PropertyValueSpecification\",\"valueRequired\":true,\"valueName\":\"search_term_string\"}}],\"inLanguage\":\"de\"},{\"@type\":\"Organization\",\"@id\":\"https:\/\/test.pharmsultation.com\/de\/#organization\",\"name\":\"PharmSultation\",\"url\":\"https:\/\/test.pharmsultation.com\/de\/\",\"logo\":{\"@type\":\"ImageObject\",\"inLanguage\":\"de\",\"@id\":\"https:\/\/test.pharmsultation.com\/de\/#\/schema\/logo\/image\/\",\"url\":\"https:\/\/www.pharmsultation.com\/wp-content\/uploads\/2023\/05\/customcolor_logo_transparent_background.png\",\"contentUrl\":\"https:\/\/www.pharmsultation.com\/wp-content\/uploads\/2023\/05\/customcolor_logo_transparent_background.png\",\"width\":3125,\"height\":1875,\"caption\":\"PharmSultation\"},\"image\":{\"@id\":\"https:\/\/test.pharmsultation.com\/de\/#\/schema\/logo\/image\/\"}}]}<\/script>\n<!-- \/ Yoast SEO plugin. -->","yoast_head_json":{"title":"R\u00fcckgabe- und Erstattungsbedingungen -","robots":{"index":"index","follow":"follow","max-snippet":"max-snippet:-1","max-image-preview":"max-image-preview:large","max-video-preview":"max-video-preview:-1"},"canonical":"https:\/\/test.pharmsultation.com\/de\/rueckgabe-und-erstattungsbedingungen\/","og_locale":"de_DE","og_type":"article","og_title":"R\u00fcckgabe- und Erstattungsbedingungen -","og_description":"R\u00fcckgabe- und Erstattungsbedingungen Zuletzt aktualisiert: August 12, 2024 Vielen Dank, dass Sie bei PharmSultation eingekauft haben. Sollten Sie aus irgendeinem Grund mit einem Kauf nicht zufrieden sein, laden wir Sie ein, unsere Richtlinien f\u00fcr R\u00fcckerstattungen und R\u00fcckgaben zu lesen. Diese R\u00fcckgabe- und Erstattungsrichtlinie wurde mit Hilfe des kostenlosen Generators f\u00fcr R\u00fcckgabe- und Erstattungsrichtlinien erstellt. Die [&hellip;]","og_url":"https:\/\/test.pharmsultation.com\/de\/rueckgabe-und-erstattungsbedingungen\/","article_modified_time":"2025-05-11T15:10:57+00:00","og_image":[{"width":1024,"height":614,"url":"https:\/\/test.pharmsultation.com\/wp-content\/uploads\/2023\/05\/customcolor_logo_transparent_background-1024x614-1.png","type":"image\/png"}],"twitter_card":"summary_large_image","twitter_misc":{"Gesch\u00e4tzte Lesezeit":"4\u00a0Minuten"},"schema":{"@context":"https:\/\/schema.org","@graph":[{"@type":"WebPage","@id":"https:\/\/test.pharmsultation.com\/de\/rueckgabe-und-erstattungsbedingungen\/","url":"https:\/\/test.pharmsultation.com\/de\/rueckgabe-und-erstattungsbedingungen\/","name":"R\u00fcckgabe- und Erstattungsbedingungen -","isPartOf":{"@id":"https:\/\/test.pharmsultation.com\/de\/#website"},"primaryImageOfPage":{"@id":"https:\/\/test.pharmsultation.com\/de\/rueckgabe-und-erstattungsbedingungen\/#primaryimage"},"image":{"@id":"https:\/\/test.pharmsultation.com\/de\/rueckgabe-und-erstattungsbedingungen\/#primaryimage"},"thumbnailUrl":"https:\/\/test.pharmsultation.com\/wp-content\/uploads\/2023\/05\/customcolor_logo_transparent_background-1024x614-1-300x180.png","datePublished":"2024-08-12T20:09:55+00:00","dateModified":"2025-05-11T15:10:57+00:00","breadcrumb":{"@id":"https:\/\/test.pharmsultation.com\/de\/rueckgabe-und-erstattungsbedingungen\/#breadcrumb"},"inLanguage":"de","potentialAction":[{"@type":"ReadAction","target":["https:\/\/test.pharmsultation.com\/de\/rueckgabe-und-erstattungsbedingungen\/"]}]},{"@type":"ImageObject","inLanguage":"de","@id":"https:\/\/test.pharmsultation.com\/de\/rueckgabe-und-erstattungsbedingungen\/#primaryimage","url":"https:\/\/test.pharmsultation.com\/wp-content\/uploads\/2023\/05\/customcolor_logo_transparent_background-1024x614-1-300x180.png","contentUrl":"https:\/\/test.pharmsultation.com\/wp-content\/uploads\/2023\/05\/customcolor_logo_transparent_background-1024x614-1-300x180.png"},{"@type":"BreadcrumbList","@id":"https:\/\/test.pharmsultation.com\/de\/rueckgabe-und-erstattungsbedingungen\/#breadcrumb","itemListElement":[{"@type":"ListItem","position":1,"name":"Startseite","item":"https:\/\/test.pharmsultation.com\/de\/pharmsultation-nahrungsergaenzungsmittel-und-beratung\/"},{"@type":"ListItem","position":2,"name":"R\u00fcckgabe- und Erstattungsbedingungen"}]},{"@type":"WebSite","@id":"https:\/\/test.pharmsultation.com\/de\/#website","url":"https:\/\/test.pharmsultation.com\/de\/","name":"PharmSultation - Pharma & Industries Services","description":"","publisher":{"@id":"https:\/\/test.pharmsultation.com\/de\/#organization"},"potentialAction":[{"@type":"SearchAction","target":{"@type":"EntryPoint","urlTemplate":"https:\/\/test.pharmsultation.com\/de\/?s={search_term_string}"},"query-input":{"@type":"PropertyValueSpecification","valueRequired":true,"valueName":"search_term_string"}}],"inLanguage":"de"},{"@type":"Organization","@id":"https:\/\/test.pharmsultation.com\/de\/#organization","name":"PharmSultation","url":"https:\/\/test.pharmsultation.com\/de\/","logo":{"@type":"ImageObject","inLanguage":"de","@id":"https:\/\/test.pharmsultation.com\/de\/#\/schema\/logo\/image\/","url":"https:\/\/www.pharmsultation.com\/wp-content\/uploads\/2023\/05\/customcolor_logo_transparent_background.png","contentUrl":"https:\/\/www.pharmsultation.com\/wp-content\/uploads\/2023\/05\/customcolor_logo_transparent_background.png","width":3125,"height":1875,"caption":"PharmSultation"},"image":{"@id":"https:\/\/test.pharmsultation.com\/de\/#\/schema\/logo\/image\/"}}]}},"_links":{"self":[{"href":"https:\/\/test.pharmsultation.com\/de\/wp-json\/wp\/v2\/pages\/5762","targetHints":{"allow":["GET"]}}],"collection":[{"href":"https:\/\/test.pharmsultation.com\/de\/wp-json\/wp\/v2\/pages"}],"about":[{"href":"https:\/\/test.pharmsultation.com\/de\/wp-json\/wp\/v2\/types\/page"}],"author":[{"embeddable":true,"href":"https:\/\/test.pharmsultation.com\/de\/wp-json\/wp\/v2\/users\/2"}],"replies":[{"embeddable":true,"href":"https:\/\/test.pharmsultation.com\/de\/wp-json\/wp\/v2\/comments?post=5762"}],"version-history":[{"count":1,"href":"https:\/\/test.pharmsultation.com\/de\/wp-json\/wp\/v2\/pages\/5762\/revisions"}],"predecessor-version":[{"id":5765,"href":"https:\/\/test.pharmsultation.com\/de\/wp-json\/wp\/v2\/pages\/5762\/revisions\/5765"}],"wp:attachment":[{"href":"https:\/\/test.pharmsultation.com\/de\/wp-json\/wp\/v2\/media?parent=5762"}],"curies":[{"name":"wp","href":"https:\/\/api.w.org\/{rel}","templated":true}]}}