{"id":5578,"date":"2024-04-21T19:17:05","date_gmt":"2024-04-21T17:17:05","guid":{"rendered":"https:\/\/test.pharmsultation.com\/unsere-tabletten\/"},"modified":"2025-05-11T14:31:01","modified_gmt":"2025-05-11T12:31:01","slug":"unsere-tabletten","status":"publish","type":"page","link":"https:\/\/test.pharmsultation.com\/de\/unsere-tabletten\/","title":{"rendered":"Unsere Tabletten"},"content":{"rendered":"\t\t<div data-elementor-type=\"wp-page\" data-elementor-id=\"5578\" class=\"elementor elementor-5578 elementor-355\" data-elementor-post-type=\"page\">\n\t\t\t\t<div class=\"elementor-element elementor-element-035d2d5 e-con-full e-flex e-con e-parent\" data-id=\"035d2d5\" data-element_type=\"container\" data-e-type=\"container\">\n\t\t\t\t<div class=\"elementor-element elementor-element-1da8afb elementor-widget elementor-widget-image\" data-id=\"1da8afb\" data-element_type=\"widget\" data-e-type=\"widget\" data-widget_type=\"image.default\">\n\t\t\t\t<div class=\"elementor-widget-container\">\n\t\t\t\t\t\t\t\t\t\t\t\t\t\t\t<img decoding=\"async\" src=\"https:\/\/test.pharmsultation.com\/wp-content\/uploads\/elementor\/thumbs\/customcolor_logo_transparent_background-1024x614-1-q647ssh1flx08fv0ggk1iapmka5wnh2ysl8s52f5kw.png\" title=\"Logo\" alt=\"Logo\" loading=\"lazy\" \/>\t\t\t\t\t\t\t\t\t\t\t\t\t\t\t<\/div>\n\t\t\t\t<\/div>\n\t\t\t\t<\/div>\n\t\t<div class=\"elementor-element elementor-element-76281b6 e-flex e-con-boxed e-con e-parent\" data-id=\"76281b6\" data-element_type=\"container\" data-e-type=\"container\">\n\t\t\t\t\t<div class=\"e-con-inner\">\n\t\t\t\t<div class=\"elementor-element elementor-element-89ac00b elementor-widget elementor-widget-heading\" data-id=\"89ac00b\" data-element_type=\"widget\" data-e-type=\"widget\" data-widget_type=\"heading.default\">\n\t\t\t\t<div class=\"elementor-widget-container\">\n\t\t\t\t\t<div class=\"elementor-heading-title elementor-size-default\">Tabletten \/ Filmtabletten<\/div>\t\t\t\t<\/div>\n\t\t\t\t<\/div>\n\t\t\t\t\t<\/div>\n\t\t\t\t<\/div>\n\t\t<div class=\"elementor-element elementor-element-0a5bfc7 e-flex e-con-boxed e-con e-parent\" data-id=\"0a5bfc7\" data-element_type=\"container\" data-e-type=\"container\">\n\t\t\t\t\t<div class=\"e-con-inner\">\n\t\t\t\t<div class=\"elementor-element elementor-element-1e3bfe4 elementor-widget elementor-widget-text-editor\" data-id=\"1e3bfe4\" data-element_type=\"widget\" data-e-type=\"widget\" data-widget_type=\"text-editor.default\">\n\t\t\t\t<div class=\"elementor-widget-container\">\n\t\t\t\t\t\t\t\t\t<p>Bei den Tabletten haben wir zwei Haupttypen: hochwertige Tabletten und Filmtabletten. Unsere hochwertigen Produkte werden aus erstklassigen Inhaltsstoffen und nach hohen Produktionsstandards hergestellt, um Wirksamkeit und Reinheit unter h\u00f6chsten Qualit\u00e4tsstandards zu gew\u00e4hrleisten.<br>Die Filmtabletten sind mit einer d\u00fcnnen Schicht \u00fcberzogen, die das Schlucken erleichtert und einen unangenehmen Geschmack \u00fcberdeckt. Wir produzieren und entwickeln beides mit gr\u00f6\u00dfter Leidenschaft, um ein absolut zuverl\u00e4ssiges Produkt zu liefern, das Qualit\u00e4t und die erwartete Unterst\u00fctzung f\u00fcr Sie und Ihre Gesundheit vereint.  <\/p>\t\t\t\t\t\t\t\t<\/div>\n\t\t\t\t<\/div>\n\t\t\t\t\t<\/div>\n\t\t\t\t<\/div>\n\t\t<div class=\"elementor-element elementor-element-5a0a8c8 e-flex e-con-boxed e-con e-parent\" data-id=\"5a0a8c8\" data-element_type=\"container\" data-e-type=\"container\">\n\t\t\t\t\t<div class=\"e-con-inner\">\n\t\t\t\t\t<\/div>\n\t\t\t\t<\/div>\n\t\t\t\t<\/div>\n\t\t","protected":false},"excerpt":{"rendered":"<p>Tabletten \/ Filmtabletten Bei den Tabletten haben wir zwei Haupttypen: hochwertige Tabletten und Filmtabletten. Unsere hochwertigen Produkte werden aus erstklassigen Inhaltsstoffen und nach hohen Produktionsstandards hergestellt, um Wirksamkeit und Reinheit unter h\u00f6chsten Qualit\u00e4tsstandards zu gew\u00e4hrleisten.Die Filmtabletten sind mit einer d\u00fcnnen Schicht \u00fcberzogen, die das Schlucken erleichtert und einen unangenehmen Geschmack \u00fcberdeckt. Wir produzieren und entwickeln [&hellip;]<\/p>\n","protected":false},"author":2,"featured_media":0,"parent":0,"menu_order":0,"comment_status":"closed","ping_status":"closed","template":"","meta":{"footnotes":""},"class_list":["post-5578","page","type-page","status-publish","hentry"],"yoast_head":"<!-- This site is optimized with the Yoast SEO plugin v27.2 - https:\/\/yoast.com\/product\/yoast-seo-wordpress\/ -->\n<title>PharmSultation - Unsere Produkte : Tabletten<\/title>\n<meta name=\"description\" content=\"Wir haben zwei Haupttypen: hochwertige Tabletten und Filmtabletten. Unsere hochwertigen Produkte werden aus hochwertigen Inhaltsstoffen hergestellt\" \/>\n<meta name=\"robots\" content=\"index, follow, max-snippet:-1, max-image-preview:large, max-video-preview:-1\" \/>\n<link rel=\"canonical\" href=\"https:\/\/test.pharmsultation.com\/de\/unsere-tabletten\/\" \/>\n<meta property=\"og:locale\" content=\"de_DE\" \/>\n<meta property=\"og:type\" content=\"article\" \/>\n<meta property=\"og:title\" content=\"PharmSultation - Unsere Produkte : Tabletten\" \/>\n<meta property=\"og:description\" content=\"Wir haben zwei Haupttypen: hochwertige Tabletten und Filmtabletten. Unsere hochwertigen Produkte werden aus hochwertigen Inhaltsstoffen hergestellt\" \/>\n<meta property=\"og:url\" content=\"https:\/\/test.pharmsultation.com\/de\/unsere-tabletten\/\" \/>\n<meta property=\"article:modified_time\" content=\"2025-05-11T12:31:01+00:00\" \/>\n<meta property=\"og:image\" content=\"https:\/\/test.pharmsultation.com\/wp-content\/uploads\/elementor\/thumbs\/customcolor_logo_transparent_background-1024x614-1-q647ssh1flx08fv0ggk1iapmka5wnh2ysl8s52f5kw.png\" \/>\n<meta name=\"twitter:card\" content=\"summary_large_image\" \/>\n<script type=\"application\/ld+json\" class=\"yoast-schema-graph\">{\"@context\":\"https:\/\/schema.org\",\"@graph\":[{\"@type\":\"WebPage\",\"@id\":\"https:\/\/test.pharmsultation.com\/de\/unsere-tabletten\/\",\"url\":\"https:\/\/test.pharmsultation.com\/de\/unsere-tabletten\/\",\"name\":\"PharmSultation - Unsere Produkte : Tabletten\",\"isPartOf\":{\"@id\":\"https:\/\/test.pharmsultation.com\/de\/#website\"},\"primaryImageOfPage\":{\"@id\":\"https:\/\/test.pharmsultation.com\/de\/unsere-tabletten\/#primaryimage\"},\"image\":{\"@id\":\"https:\/\/test.pharmsultation.com\/de\/unsere-tabletten\/#primaryimage\"},\"thumbnailUrl\":\"https:\/\/test.pharmsultation.com\/wp-content\/uploads\/elementor\/thumbs\/customcolor_logo_transparent_background-1024x614-1-q647ssh1flx08fv0ggk1iapmka5wnh2ysl8s52f5kw.png\",\"datePublished\":\"2024-04-21T17:17:05+00:00\",\"dateModified\":\"2025-05-11T12:31:01+00:00\",\"description\":\"Wir haben zwei Haupttypen: hochwertige Tabletten und Filmtabletten. Unsere hochwertigen Produkte werden aus hochwertigen Inhaltsstoffen hergestellt\",\"breadcrumb\":{\"@id\":\"https:\/\/test.pharmsultation.com\/de\/unsere-tabletten\/#breadcrumb\"},\"inLanguage\":\"de\",\"potentialAction\":[{\"@type\":\"ReadAction\",\"target\":[\"https:\/\/test.pharmsultation.com\/de\/unsere-tabletten\/\"]}]},{\"@type\":\"ImageObject\",\"inLanguage\":\"de\",\"@id\":\"https:\/\/test.pharmsultation.com\/de\/unsere-tabletten\/#primaryimage\",\"url\":\"https:\/\/test.pharmsultation.com\/wp-content\/uploads\/elementor\/thumbs\/customcolor_logo_transparent_background-1024x614-1-q647ssh1flx08fv0ggk1iapmka5wnh2ysl8s52f5kw.png\",\"contentUrl\":\"https:\/\/test.pharmsultation.com\/wp-content\/uploads\/elementor\/thumbs\/customcolor_logo_transparent_background-1024x614-1-q647ssh1flx08fv0ggk1iapmka5wnh2ysl8s52f5kw.png\"},{\"@type\":\"BreadcrumbList\",\"@id\":\"https:\/\/test.pharmsultation.com\/de\/unsere-tabletten\/#breadcrumb\",\"itemListElement\":[{\"@type\":\"ListItem\",\"position\":1,\"name\":\"Startseite\",\"item\":\"https:\/\/test.pharmsultation.com\/de\/pharmsultation-nahrungsergaenzungsmittel-und-beratung\/\"},{\"@type\":\"ListItem\",\"position\":2,\"name\":\"Unsere Tabletten\"}]},{\"@type\":\"WebSite\",\"@id\":\"https:\/\/test.pharmsultation.com\/de\/#website\",\"url\":\"https:\/\/test.pharmsultation.com\/de\/\",\"name\":\"PharmSultation - Pharma & Industries Services\",\"description\":\"\",\"publisher\":{\"@id\":\"https:\/\/test.pharmsultation.com\/de\/#organization\"},\"potentialAction\":[{\"@type\":\"SearchAction\",\"target\":{\"@type\":\"EntryPoint\",\"urlTemplate\":\"https:\/\/test.pharmsultation.com\/de\/?s={search_term_string}\"},\"query-input\":{\"@type\":\"PropertyValueSpecification\",\"valueRequired\":true,\"valueName\":\"search_term_string\"}}],\"inLanguage\":\"de\"},{\"@type\":\"Organization\",\"@id\":\"https:\/\/test.pharmsultation.com\/de\/#organization\",\"name\":\"PharmSultation\",\"url\":\"https:\/\/test.pharmsultation.com\/de\/\",\"logo\":{\"@type\":\"ImageObject\",\"inLanguage\":\"de\",\"@id\":\"https:\/\/test.pharmsultation.com\/de\/#\/schema\/logo\/image\/\",\"url\":\"https:\/\/www.pharmsultation.com\/wp-content\/uploads\/2023\/05\/customcolor_logo_transparent_background.png\",\"contentUrl\":\"https:\/\/www.pharmsultation.com\/wp-content\/uploads\/2023\/05\/customcolor_logo_transparent_background.png\",\"width\":3125,\"height\":1875,\"caption\":\"PharmSultation\"},\"image\":{\"@id\":\"https:\/\/test.pharmsultation.com\/de\/#\/schema\/logo\/image\/\"}}]}<\/script>\n<!-- \/ Yoast SEO plugin. -->","yoast_head_json":{"title":"PharmSultation - Unsere Produkte : Tabletten","description":"Wir haben zwei Haupttypen: hochwertige Tabletten und Filmtabletten. Unsere hochwertigen Produkte werden aus hochwertigen Inhaltsstoffen hergestellt","robots":{"index":"index","follow":"follow","max-snippet":"max-snippet:-1","max-image-preview":"max-image-preview:large","max-video-preview":"max-video-preview:-1"},"canonical":"https:\/\/test.pharmsultation.com\/de\/unsere-tabletten\/","og_locale":"de_DE","og_type":"article","og_title":"PharmSultation - Unsere Produkte : Tabletten","og_description":"Wir haben zwei Haupttypen: hochwertige Tabletten und Filmtabletten. Unsere hochwertigen Produkte werden aus hochwertigen Inhaltsstoffen hergestellt","og_url":"https:\/\/test.pharmsultation.com\/de\/unsere-tabletten\/","article_modified_time":"2025-05-11T12:31:01+00:00","og_image":[{"url":"https:\/\/test.pharmsultation.com\/wp-content\/uploads\/elementor\/thumbs\/customcolor_logo_transparent_background-1024x614-1-q647ssh1flx08fv0ggk1iapmka5wnh2ysl8s52f5kw.png","type":"","width":"","height":""}],"twitter_card":"summary_large_image","schema":{"@context":"https:\/\/schema.org","@graph":[{"@type":"WebPage","@id":"https:\/\/test.pharmsultation.com\/de\/unsere-tabletten\/","url":"https:\/\/test.pharmsultation.com\/de\/unsere-tabletten\/","name":"PharmSultation - Unsere Produkte : Tabletten","isPartOf":{"@id":"https:\/\/test.pharmsultation.com\/de\/#website"},"primaryImageOfPage":{"@id":"https:\/\/test.pharmsultation.com\/de\/unsere-tabletten\/#primaryimage"},"image":{"@id":"https:\/\/test.pharmsultation.com\/de\/unsere-tabletten\/#primaryimage"},"thumbnailUrl":"https:\/\/test.pharmsultation.com\/wp-content\/uploads\/elementor\/thumbs\/customcolor_logo_transparent_background-1024x614-1-q647ssh1flx08fv0ggk1iapmka5wnh2ysl8s52f5kw.png","datePublished":"2024-04-21T17:17:05+00:00","dateModified":"2025-05-11T12:31:01+00:00","description":"Wir haben zwei Haupttypen: hochwertige Tabletten und Filmtabletten. Unsere hochwertigen Produkte werden aus hochwertigen Inhaltsstoffen hergestellt","breadcrumb":{"@id":"https:\/\/test.pharmsultation.com\/de\/unsere-tabletten\/#breadcrumb"},"inLanguage":"de","potentialAction":[{"@type":"ReadAction","target":["https:\/\/test.pharmsultation.com\/de\/unsere-tabletten\/"]}]},{"@type":"ImageObject","inLanguage":"de","@id":"https:\/\/test.pharmsultation.com\/de\/unsere-tabletten\/#primaryimage","url":"https:\/\/test.pharmsultation.com\/wp-content\/uploads\/elementor\/thumbs\/customcolor_logo_transparent_background-1024x614-1-q647ssh1flx08fv0ggk1iapmka5wnh2ysl8s52f5kw.png","contentUrl":"https:\/\/test.pharmsultation.com\/wp-content\/uploads\/elementor\/thumbs\/customcolor_logo_transparent_background-1024x614-1-q647ssh1flx08fv0ggk1iapmka5wnh2ysl8s52f5kw.png"},{"@type":"BreadcrumbList","@id":"https:\/\/test.pharmsultation.com\/de\/unsere-tabletten\/#breadcrumb","itemListElement":[{"@type":"ListItem","position":1,"name":"Startseite","item":"https:\/\/test.pharmsultation.com\/de\/pharmsultation-nahrungsergaenzungsmittel-und-beratung\/"},{"@type":"ListItem","position":2,"name":"Unsere Tabletten"}]},{"@type":"WebSite","@id":"https:\/\/test.pharmsultation.com\/de\/#website","url":"https:\/\/test.pharmsultation.com\/de\/","name":"PharmSultation - Pharma & Industries Services","description":"","publisher":{"@id":"https:\/\/test.pharmsultation.com\/de\/#organization"},"potentialAction":[{"@type":"SearchAction","target":{"@type":"EntryPoint","urlTemplate":"https:\/\/test.pharmsultation.com\/de\/?s={search_term_string}"},"query-input":{"@type":"PropertyValueSpecification","valueRequired":true,"valueName":"search_term_string"}}],"inLanguage":"de"},{"@type":"Organization","@id":"https:\/\/test.pharmsultation.com\/de\/#organization","name":"PharmSultation","url":"https:\/\/test.pharmsultation.com\/de\/","logo":{"@type":"ImageObject","inLanguage":"de","@id":"https:\/\/test.pharmsultation.com\/de\/#\/schema\/logo\/image\/","url":"https:\/\/www.pharmsultation.com\/wp-content\/uploads\/2023\/05\/customcolor_logo_transparent_background.png","contentUrl":"https:\/\/www.pharmsultation.com\/wp-content\/uploads\/2023\/05\/customcolor_logo_transparent_background.png","width":3125,"height":1875,"caption":"PharmSultation"},"image":{"@id":"https:\/\/test.pharmsultation.com\/de\/#\/schema\/logo\/image\/"}}]}},"_links":{"self":[{"href":"https:\/\/test.pharmsultation.com\/de\/wp-json\/wp\/v2\/pages\/5578","targetHints":{"allow":["GET"]}}],"collection":[{"href":"https:\/\/test.pharmsultation.com\/de\/wp-json\/wp\/v2\/pages"}],"about":[{"href":"https:\/\/test.pharmsultation.com\/de\/wp-json\/wp\/v2\/types\/page"}],"author":[{"embeddable":true,"href":"https:\/\/test.pharmsultation.com\/de\/wp-json\/wp\/v2\/users\/2"}],"replies":[{"embeddable":true,"href":"https:\/\/test.pharmsultation.com\/de\/wp-json\/wp\/v2\/comments?post=5578"}],"version-history":[{"count":1,"href":"https:\/\/test.pharmsultation.com\/de\/wp-json\/wp\/v2\/pages\/5578\/revisions"}],"predecessor-version":[{"id":5588,"href":"https:\/\/test.pharmsultation.com\/de\/wp-json\/wp\/v2\/pages\/5578\/revisions\/5588"}],"wp:attachment":[{"href":"https:\/\/test.pharmsultation.com\/de\/wp-json\/wp\/v2\/media?parent=5578"}],"curies":[{"name":"wp","href":"https:\/\/api.w.org\/{rel}","templated":true}]}}