{"id":5550,"date":"2023-05-06T13:01:16","date_gmt":"2023-05-06T11:01:16","guid":{"rendered":"https:\/\/test.pharmsultation.com\/pharmsultation-nahrungsergaenzungsmittel-und-beratung\/"},"modified":"2025-05-11T16:59:24","modified_gmt":"2025-05-11T14:59:24","slug":"pharmsultation-nahrungsergaenzungsmittel-und-beratung","status":"publish","type":"page","link":"https:\/\/test.pharmsultation.com\/de\/","title":{"rendered":"PharmSultation &#8211; Nahrungserg\u00e4nzungsmittel und Beratung"},"content":{"rendered":"","protected":false},"excerpt":{"rendered":"<p>PharmSultation &#8211; Nahrungserg\u00e4nzungsmittel und Beratung<\/p>\n","protected":false},"author":2,"featured_media":0,"parent":0,"menu_order":0,"comment_status":"closed","ping_status":"closed","template":"","meta":{"footnotes":""},"class_list":["post-5550","page","type-page","status-publish","hentry"],"yoast_head":"<!-- This site is optimized with the Yoast SEO plugin v27.2 - https:\/\/yoast.com\/product\/yoast-seo-wordpress\/ -->\n<title>PharmSultation - Nahrungserg\u00e4nzungsmittel und Beratung<\/title>\n<meta name=\"description\" content=\"Deshalb bieten wir Ihnen an, unser Knowhow und unsere Erfahrung sowie unsere Philosophie in allen Bereichen zu teilen - egal ob Beschaffung, Herstellung, Vertrieb oder diverse IT-basierte L\u00f6sungen und vieles mehr wie Interimsmanagement, Unterst\u00fctzung bei M&amp;A-Aktivit\u00e4ten, Vermittlung der richtigen Passform in allen Bereichen und vieles mehr.\" \/>\n<meta name=\"robots\" content=\"index, follow, max-snippet:-1, max-image-preview:large, max-video-preview:-1\" \/>\n<link rel=\"canonical\" href=\"https:\/\/test.pharmsultation.com\/de\/\" \/>\n<meta property=\"og:locale\" content=\"de_DE\" \/>\n<meta property=\"og:type\" content=\"article\" \/>\n<meta property=\"og:title\" content=\"PharmSultation - Nahrungserg\u00e4nzungsmittel und Beratung\" \/>\n<meta property=\"og:description\" content=\"Deshalb bieten wir Ihnen an, unser Knowhow und unsere Erfahrung sowie unsere Philosophie in allen Bereichen zu teilen - egal ob Beschaffung, Herstellung, Vertrieb oder diverse IT-basierte L\u00f6sungen und vieles mehr wie Interimsmanagement, Unterst\u00fctzung bei M&amp;A-Aktivit\u00e4ten, Vermittlung der richtigen Passform in allen Bereichen und vieles mehr.\" \/>\n<meta property=\"og:url\" content=\"https:\/\/test.pharmsultation.com\/de\/\" \/>\n<meta property=\"article:modified_time\" content=\"2025-05-11T14:59:24+00:00\" \/>\n<meta name=\"twitter:card\" content=\"summary_large_image\" \/>\n<script type=\"application\/ld+json\" class=\"yoast-schema-graph\">{\"@context\":\"https:\/\/schema.org\",\"@graph\":[{\"@type\":\"WebPage\",\"@id\":\"https:\/\/test.pharmsultation.com\/de\/\",\"url\":\"https:\/\/test.pharmsultation.com\/de\/\",\"name\":\"PharmSultation - Nahrungserg\u00e4nzungsmittel und Beratung\",\"isPartOf\":{\"@id\":\"https:\/\/test.pharmsultation.com\/de\/#website\"},\"datePublished\":\"2023-05-06T11:01:16+00:00\",\"dateModified\":\"2025-05-11T14:59:24+00:00\",\"description\":\"Deshalb bieten wir Ihnen an, unser Knowhow und unsere Erfahrung sowie unsere Philosophie in allen Bereichen zu teilen - egal ob Beschaffung, Herstellung, Vertrieb oder diverse IT-basierte L\u00f6sungen und vieles mehr wie Interimsmanagement, Unterst\u00fctzung bei M&A-Aktivit\u00e4ten, Vermittlung der richtigen Passform in allen Bereichen und vieles mehr.\",\"breadcrumb\":{\"@id\":\"https:\/\/test.pharmsultation.com\/de\/#breadcrumb\"},\"inLanguage\":\"de\",\"potentialAction\":[{\"@type\":\"ReadAction\",\"target\":[\"https:\/\/test.pharmsultation.com\/de\/\"]}]},{\"@type\":\"BreadcrumbList\",\"@id\":\"https:\/\/test.pharmsultation.com\/de\/#breadcrumb\",\"itemListElement\":[{\"@type\":\"ListItem\",\"position\":1,\"name\":\"Startseite\",\"item\":\"https:\/\/test.pharmsultation.com\/de\/pharmsultation-nahrungsergaenzungsmittel-und-beratung\/\"},{\"@type\":\"ListItem\",\"position\":2,\"name\":\"PharmSultation &#8211; Nahrungserg\u00e4nzungsmittel und Beratung\"}]},{\"@type\":\"WebSite\",\"@id\":\"https:\/\/test.pharmsultation.com\/de\/#website\",\"url\":\"https:\/\/test.pharmsultation.com\/de\/\",\"name\":\"PharmSultation - Pharma & Industries Services\",\"description\":\"\",\"publisher\":{\"@id\":\"https:\/\/test.pharmsultation.com\/de\/#organization\"},\"potentialAction\":[{\"@type\":\"SearchAction\",\"target\":{\"@type\":\"EntryPoint\",\"urlTemplate\":\"https:\/\/test.pharmsultation.com\/de\/?s={search_term_string}\"},\"query-input\":{\"@type\":\"PropertyValueSpecification\",\"valueRequired\":true,\"valueName\":\"search_term_string\"}}],\"inLanguage\":\"de\"},{\"@type\":\"Organization\",\"@id\":\"https:\/\/test.pharmsultation.com\/de\/#organization\",\"name\":\"PharmSultation\",\"url\":\"https:\/\/test.pharmsultation.com\/de\/\",\"logo\":{\"@type\":\"ImageObject\",\"inLanguage\":\"de\",\"@id\":\"https:\/\/test.pharmsultation.com\/de\/#\/schema\/logo\/image\/\",\"url\":\"https:\/\/www.pharmsultation.com\/wp-content\/uploads\/2023\/05\/customcolor_logo_transparent_background.png\",\"contentUrl\":\"https:\/\/www.pharmsultation.com\/wp-content\/uploads\/2023\/05\/customcolor_logo_transparent_background.png\",\"width\":3125,\"height\":1875,\"caption\":\"PharmSultation\"},\"image\":{\"@id\":\"https:\/\/test.pharmsultation.com\/de\/#\/schema\/logo\/image\/\"}}]}<\/script>\n<!-- \/ Yoast SEO plugin. -->","yoast_head_json":{"title":"PharmSultation - Nahrungserg\u00e4nzungsmittel und Beratung","description":"Deshalb bieten wir Ihnen an, unser Knowhow und unsere Erfahrung sowie unsere Philosophie in allen Bereichen zu teilen - egal ob Beschaffung, Herstellung, Vertrieb oder diverse IT-basierte L\u00f6sungen und vieles mehr wie Interimsmanagement, Unterst\u00fctzung bei M&A-Aktivit\u00e4ten, Vermittlung der richtigen Passform in allen Bereichen und vieles mehr.","robots":{"index":"index","follow":"follow","max-snippet":"max-snippet:-1","max-image-preview":"max-image-preview:large","max-video-preview":"max-video-preview:-1"},"canonical":"https:\/\/test.pharmsultation.com\/de\/","og_locale":"de_DE","og_type":"article","og_title":"PharmSultation - Nahrungserg\u00e4nzungsmittel und Beratung","og_description":"Deshalb bieten wir Ihnen an, unser Knowhow und unsere Erfahrung sowie unsere Philosophie in allen Bereichen zu teilen - egal ob Beschaffung, Herstellung, Vertrieb oder diverse IT-basierte L\u00f6sungen und vieles mehr wie Interimsmanagement, Unterst\u00fctzung bei M&A-Aktivit\u00e4ten, Vermittlung der richtigen Passform in allen Bereichen und vieles mehr.","og_url":"https:\/\/test.pharmsultation.com\/de\/","article_modified_time":"2025-05-11T14:59:24+00:00","twitter_card":"summary_large_image","schema":{"@context":"https:\/\/schema.org","@graph":[{"@type":"WebPage","@id":"https:\/\/test.pharmsultation.com\/de\/","url":"https:\/\/test.pharmsultation.com\/de\/","name":"PharmSultation - Nahrungserg\u00e4nzungsmittel und Beratung","isPartOf":{"@id":"https:\/\/test.pharmsultation.com\/de\/#website"},"datePublished":"2023-05-06T11:01:16+00:00","dateModified":"2025-05-11T14:59:24+00:00","description":"Deshalb bieten wir Ihnen an, unser Knowhow und unsere Erfahrung sowie unsere Philosophie in allen Bereichen zu teilen - egal ob Beschaffung, Herstellung, Vertrieb oder diverse IT-basierte L\u00f6sungen und vieles mehr wie Interimsmanagement, Unterst\u00fctzung bei M&A-Aktivit\u00e4ten, Vermittlung der richtigen Passform in allen Bereichen und vieles mehr.","breadcrumb":{"@id":"https:\/\/test.pharmsultation.com\/de\/#breadcrumb"},"inLanguage":"de","potentialAction":[{"@type":"ReadAction","target":["https:\/\/test.pharmsultation.com\/de\/"]}]},{"@type":"BreadcrumbList","@id":"https:\/\/test.pharmsultation.com\/de\/#breadcrumb","itemListElement":[{"@type":"ListItem","position":1,"name":"Startseite","item":"https:\/\/test.pharmsultation.com\/de\/pharmsultation-nahrungsergaenzungsmittel-und-beratung\/"},{"@type":"ListItem","position":2,"name":"PharmSultation &#8211; Nahrungserg\u00e4nzungsmittel und Beratung"}]},{"@type":"WebSite","@id":"https:\/\/test.pharmsultation.com\/de\/#website","url":"https:\/\/test.pharmsultation.com\/de\/","name":"PharmSultation - Pharma & Industries Services","description":"","publisher":{"@id":"https:\/\/test.pharmsultation.com\/de\/#organization"},"potentialAction":[{"@type":"SearchAction","target":{"@type":"EntryPoint","urlTemplate":"https:\/\/test.pharmsultation.com\/de\/?s={search_term_string}"},"query-input":{"@type":"PropertyValueSpecification","valueRequired":true,"valueName":"search_term_string"}}],"inLanguage":"de"},{"@type":"Organization","@id":"https:\/\/test.pharmsultation.com\/de\/#organization","name":"PharmSultation","url":"https:\/\/test.pharmsultation.com\/de\/","logo":{"@type":"ImageObject","inLanguage":"de","@id":"https:\/\/test.pharmsultation.com\/de\/#\/schema\/logo\/image\/","url":"https:\/\/www.pharmsultation.com\/wp-content\/uploads\/2023\/05\/customcolor_logo_transparent_background.png","contentUrl":"https:\/\/www.pharmsultation.com\/wp-content\/uploads\/2023\/05\/customcolor_logo_transparent_background.png","width":3125,"height":1875,"caption":"PharmSultation"},"image":{"@id":"https:\/\/test.pharmsultation.com\/de\/#\/schema\/logo\/image\/"}}]}},"_links":{"self":[{"href":"https:\/\/test.pharmsultation.com\/de\/wp-json\/wp\/v2\/pages\/5550","targetHints":{"allow":["GET"]}}],"collection":[{"href":"https:\/\/test.pharmsultation.com\/de\/wp-json\/wp\/v2\/pages"}],"about":[{"href":"https:\/\/test.pharmsultation.com\/de\/wp-json\/wp\/v2\/types\/page"}],"author":[{"embeddable":true,"href":"https:\/\/test.pharmsultation.com\/de\/wp-json\/wp\/v2\/users\/2"}],"replies":[{"embeddable":true,"href":"https:\/\/test.pharmsultation.com\/de\/wp-json\/wp\/v2\/comments?post=5550"}],"version-history":[{"count":1,"href":"https:\/\/test.pharmsultation.com\/de\/wp-json\/wp\/v2\/pages\/5550\/revisions"}],"predecessor-version":[{"id":5554,"href":"https:\/\/test.pharmsultation.com\/de\/wp-json\/wp\/v2\/pages\/5550\/revisions\/5554"}],"wp:attachment":[{"href":"https:\/\/test.pharmsultation.com\/de\/wp-json\/wp\/v2\/media?parent=5550"}],"curies":[{"name":"wp","href":"https:\/\/api.w.org\/{rel}","templated":true}]}}