{"id":5539,"date":"2024-02-24T15:16:32","date_gmt":"2024-02-24T14:16:32","guid":{"rendered":"https:\/\/test.pharmsultation.com\/unsere-kapseln\/"},"modified":"2025-05-11T14:30:47","modified_gmt":"2025-05-11T12:30:47","slug":"unsere-kapseln","status":"publish","type":"page","link":"https:\/\/test.pharmsultation.com\/de\/unsere-kapseln\/","title":{"rendered":"Unsere Kapseln"},"content":{"rendered":"\t\t<div data-elementor-type=\"wp-page\" data-elementor-id=\"5539\" class=\"elementor elementor-5539 elementor-270\" data-elementor-post-type=\"page\">\n\t\t\t\t<div class=\"elementor-element elementor-element-723c3a6 e-con-full e-flex e-con e-parent\" data-id=\"723c3a6\" data-element_type=\"container\" data-e-type=\"container\">\n\t\t\t\t<div class=\"elementor-element elementor-element-7e10eeb elementor-widget elementor-widget-image\" data-id=\"7e10eeb\" data-element_type=\"widget\" data-e-type=\"widget\" data-widget_type=\"image.default\">\n\t\t\t\t<div class=\"elementor-widget-container\">\n\t\t\t\t\t\t\t\t\t\t\t\t\t\t\t<img decoding=\"async\" src=\"https:\/\/test.pharmsultation.com\/wp-content\/uploads\/elementor\/thumbs\/customcolor_logo_transparent_background-1024x614-1-q647ssh1flx08fv0ggk1iapmka5wnh2ysl8s52f5kw.png\" title=\"Logo\" alt=\"Logo\" loading=\"lazy\" \/>\t\t\t\t\t\t\t\t\t\t\t\t\t\t\t<\/div>\n\t\t\t\t<\/div>\n\t\t\t\t<\/div>\n\t\t<div class=\"elementor-element elementor-element-654d6a2 e-flex e-con-boxed e-con e-parent\" data-id=\"654d6a2\" data-element_type=\"container\" data-e-type=\"container\">\n\t\t\t\t\t<div class=\"e-con-inner\">\n\t\t\t\t<div class=\"elementor-element elementor-element-6efeb66 elementor-widget elementor-widget-heading\" data-id=\"6efeb66\" data-element_type=\"widget\" data-e-type=\"widget\" data-widget_type=\"heading.default\">\n\t\t\t\t<div class=\"elementor-widget-container\">\n\t\t\t\t\t<div class=\"elementor-heading-title elementor-size-default\">Unsere Kapseln<\/div>\t\t\t\t<\/div>\n\t\t\t\t<\/div>\n\t\t\t\t\t<\/div>\n\t\t\t\t<\/div>\n\t\t<div class=\"elementor-element elementor-element-3bce369 e-flex e-con-boxed e-con e-parent\" data-id=\"3bce369\" data-element_type=\"container\" data-e-type=\"container\">\n\t\t\t\t\t<div class=\"e-con-inner\">\n\t\t\t\t<div class=\"elementor-element elementor-element-6c2da7d elementor-widget elementor-widget-text-editor\" data-id=\"6c2da7d\" data-element_type=\"widget\" data-e-type=\"widget\" data-widget_type=\"text-editor.default\">\n\t\t\t\t<div class=\"elementor-widget-container\">\n\t\t\t\t\t\t\t\t\t<p>Ein Super-Nahrungserg\u00e4nzungsmittel erfordert Verantwortung und ein breites Spektrum an Know-how.<br aria-hidden=\"true\"><br aria-hidden=\"true\">Wir bei PharmSultation bem\u00fchen uns, den Markt und die Kunden mit ausgew\u00e4hlten Produkten zu versorgen.<br aria-hidden=\"true\">Egal ob unsere eigenen Produkte oder die Entwicklung f\u00fcr unsere gesch\u00e4tzten Kunden, wir liefern Qualit\u00e4t auf ganzer Linie.<br aria-hidden=\"true\"><br aria-hidden=\"true\">F\u00fcr uns ist die Umwelt sehr wichtig und wir achten auf ein hohes Ma\u00df an Nachhaltigkeit.<br aria-hidden=\"true\">Wir arbeiten hart und mit dem maximalen Ansatz, dass wir die h\u00f6chsten Qualit\u00e4tsstandards f\u00fcr unsere Produkte und f\u00fcr die Umwelt haben.<br aria-hidden=\"true\"><br aria-hidden=\"true\">Von Anfang an wollten wir einen gro\u00dfen, bekannten Fu\u00dfstapfen hinterlassen, in dem jeder an uns glauben und sich auf uns verlassen kann &#8211; Vertrauen ist wichtig.<br aria-hidden=\"true\">Unsere Kapseln und alle anderen Produkte sind nicht nur mit einem Pulver oder einem als Tablette gepressten Granulat gef\u00fcllt. Sie sind alle mit einer hohen Konzentration an organischen Pulvern gef\u00fcllt und meist in Kombination mit anderen Nahrungserg\u00e4nzungsmitteln, um Ihr Wohlbefinden und Ihre Gesundheit zu unterst\u00fctzen. Wir von PharmSultation m\u00f6chten Sie dabei unterst\u00fctzen und begleiten, neue Wege f\u00fcr sich selbst zu entdecken. Wir sind stolz darauf, die Ersten zu sein, die f\u00fcr verschiedene Produkte diese 100% pflanzlichen und veganen Kapseln entwickelt haben.<br aria-hidden=\"true\">Bei PharmSultation sind die Produkte frei von Farb- und Konservierungsstoffen und dar\u00fcber hinaus frei von jeglichen Geschmacksverst\u00e4rkern.<br aria-hidden=\"true\">Gerade wer einmal seine Gesundheit st\u00e4rken m\u00f6chte, ist hier genau richtig, egal ob zu Hause, im B\u00fcro oder unterwegs.<br aria-hidden=\"true\">Machen Sie mit uns eine neue Erfahrung.   <br aria-hidden=\"true\"><br aria-hidden=\"true\"><b>UNSERE QUALIT\u00c4TSGARANTIE:<\/b><\/p><p><br aria-hidden=\"true\">Pestizidfrei, keine k\u00fcnstlichen Aromen und keine Geschmacksverst\u00e4rker.<br aria-hidden=\"true\"><br><\/p>\t\t\t\t\t\t\t\t<\/div>\n\t\t\t\t<\/div>\n\t\t\t\t\t<\/div>\n\t\t\t\t<\/div>\n\t\t<div class=\"elementor-element elementor-element-b99f855 e-flex e-con-boxed e-con e-parent\" data-id=\"b99f855\" data-element_type=\"container\" data-e-type=\"container\">\n\t\t\t\t\t<div class=\"e-con-inner\">\n\t\t\t\t\t<\/div>\n\t\t\t\t<\/div>\n\t\t\t\t<\/div>\n\t\t","protected":false},"excerpt":{"rendered":"<p>Unsere Kapseln Ein Super-Nahrungserg\u00e4nzungsmittel erfordert Verantwortung und ein breites Spektrum an Know-how.Wir bei PharmSultation bem\u00fchen uns, den Markt und die Kunden mit ausgew\u00e4hlten Produkten zu versorgen.Egal ob unsere eigenen Produkte oder die Entwicklung f\u00fcr unsere gesch\u00e4tzten Kunden, wir liefern Qualit\u00e4t auf ganzer Linie.F\u00fcr uns ist die Umwelt sehr wichtig und wir achten auf ein hohes [&hellip;]<\/p>\n","protected":false},"author":2,"featured_media":0,"parent":0,"menu_order":0,"comment_status":"closed","ping_status":"closed","template":"elementor_theme","meta":{"footnotes":""},"class_list":["post-5539","page","type-page","status-publish","hentry"],"yoast_head":"<!-- This site is optimized with the Yoast SEO plugin v27.2 - https:\/\/yoast.com\/product\/yoast-seo-wordpress\/ -->\n<title>PharmSultation - Unsere Produkte : Kapseln<\/title>\n<meta name=\"description\" content=\"Unsere Kapseln und alle anderen Produkte sind nicht nur mit einem Pulver oder einem Granulat gef\u00fcllt, das als Tablette gepresst wird ...\" \/>\n<meta name=\"robots\" content=\"index, follow, max-snippet:-1, max-image-preview:large, max-video-preview:-1\" \/>\n<link rel=\"canonical\" href=\"https:\/\/test.pharmsultation.com\/de\/unsere-kapseln\/\" \/>\n<meta property=\"og:locale\" content=\"de_DE\" \/>\n<meta property=\"og:type\" content=\"article\" \/>\n<meta property=\"og:title\" content=\"PharmSultation - Unsere Produkte : Kapseln\" \/>\n<meta property=\"og:description\" content=\"Unsere Kapseln und alle anderen Produkte sind nicht nur mit einem Pulver oder einem Granulat gef\u00fcllt, das als Tablette gepresst wird ...\" \/>\n<meta property=\"og:url\" content=\"https:\/\/test.pharmsultation.com\/de\/unsere-kapseln\/\" \/>\n<meta property=\"article:modified_time\" content=\"2025-05-11T12:30:47+00:00\" \/>\n<meta property=\"og:image\" content=\"https:\/\/test.pharmsultation.com\/wp-content\/uploads\/elementor\/thumbs\/customcolor_logo_transparent_background-1024x614-1-q647ssh1flx08fv0ggk1iapmka5wnh2ysl8s52f5kw.png\" \/>\n<meta name=\"twitter:card\" content=\"summary_large_image\" \/>\n<meta name=\"twitter:label1\" content=\"Gesch\u00e4tzte Lesezeit\" \/>\n\t<meta name=\"twitter:data1\" content=\"1\u00a0Minute\" \/>\n<script type=\"application\/ld+json\" class=\"yoast-schema-graph\">{\"@context\":\"https:\/\/schema.org\",\"@graph\":[{\"@type\":\"WebPage\",\"@id\":\"https:\/\/test.pharmsultation.com\/de\/unsere-kapseln\/\",\"url\":\"https:\/\/test.pharmsultation.com\/de\/unsere-kapseln\/\",\"name\":\"PharmSultation - Unsere Produkte : Kapseln\",\"isPartOf\":{\"@id\":\"https:\/\/test.pharmsultation.com\/de\/#website\"},\"primaryImageOfPage\":{\"@id\":\"https:\/\/test.pharmsultation.com\/de\/unsere-kapseln\/#primaryimage\"},\"image\":{\"@id\":\"https:\/\/test.pharmsultation.com\/de\/unsere-kapseln\/#primaryimage\"},\"thumbnailUrl\":\"https:\/\/test.pharmsultation.com\/wp-content\/uploads\/elementor\/thumbs\/customcolor_logo_transparent_background-1024x614-1-q647ssh1flx08fv0ggk1iapmka5wnh2ysl8s52f5kw.png\",\"datePublished\":\"2024-02-24T14:16:32+00:00\",\"dateModified\":\"2025-05-11T12:30:47+00:00\",\"description\":\"Unsere Kapseln und alle anderen Produkte sind nicht nur mit einem Pulver oder einem Granulat gef\u00fcllt, das als Tablette gepresst wird ...\",\"breadcrumb\":{\"@id\":\"https:\/\/test.pharmsultation.com\/de\/unsere-kapseln\/#breadcrumb\"},\"inLanguage\":\"de\",\"potentialAction\":[{\"@type\":\"ReadAction\",\"target\":[\"https:\/\/test.pharmsultation.com\/de\/unsere-kapseln\/\"]}]},{\"@type\":\"ImageObject\",\"inLanguage\":\"de\",\"@id\":\"https:\/\/test.pharmsultation.com\/de\/unsere-kapseln\/#primaryimage\",\"url\":\"https:\/\/test.pharmsultation.com\/wp-content\/uploads\/elementor\/thumbs\/customcolor_logo_transparent_background-1024x614-1-q647ssh1flx08fv0ggk1iapmka5wnh2ysl8s52f5kw.png\",\"contentUrl\":\"https:\/\/test.pharmsultation.com\/wp-content\/uploads\/elementor\/thumbs\/customcolor_logo_transparent_background-1024x614-1-q647ssh1flx08fv0ggk1iapmka5wnh2ysl8s52f5kw.png\"},{\"@type\":\"BreadcrumbList\",\"@id\":\"https:\/\/test.pharmsultation.com\/de\/unsere-kapseln\/#breadcrumb\",\"itemListElement\":[{\"@type\":\"ListItem\",\"position\":1,\"name\":\"Startseite\",\"item\":\"https:\/\/test.pharmsultation.com\/de\/pharmsultation-nahrungsergaenzungsmittel-und-beratung\/\"},{\"@type\":\"ListItem\",\"position\":2,\"name\":\"Unsere Kapseln\"}]},{\"@type\":\"WebSite\",\"@id\":\"https:\/\/test.pharmsultation.com\/de\/#website\",\"url\":\"https:\/\/test.pharmsultation.com\/de\/\",\"name\":\"PharmSultation - Pharma & Industries Services\",\"description\":\"\",\"publisher\":{\"@id\":\"https:\/\/test.pharmsultation.com\/de\/#organization\"},\"potentialAction\":[{\"@type\":\"SearchAction\",\"target\":{\"@type\":\"EntryPoint\",\"urlTemplate\":\"https:\/\/test.pharmsultation.com\/de\/?s={search_term_string}\"},\"query-input\":{\"@type\":\"PropertyValueSpecification\",\"valueRequired\":true,\"valueName\":\"search_term_string\"}}],\"inLanguage\":\"de\"},{\"@type\":\"Organization\",\"@id\":\"https:\/\/test.pharmsultation.com\/de\/#organization\",\"name\":\"PharmSultation\",\"url\":\"https:\/\/test.pharmsultation.com\/de\/\",\"logo\":{\"@type\":\"ImageObject\",\"inLanguage\":\"de\",\"@id\":\"https:\/\/test.pharmsultation.com\/de\/#\/schema\/logo\/image\/\",\"url\":\"https:\/\/www.pharmsultation.com\/wp-content\/uploads\/2023\/05\/customcolor_logo_transparent_background.png\",\"contentUrl\":\"https:\/\/www.pharmsultation.com\/wp-content\/uploads\/2023\/05\/customcolor_logo_transparent_background.png\",\"width\":3125,\"height\":1875,\"caption\":\"PharmSultation\"},\"image\":{\"@id\":\"https:\/\/test.pharmsultation.com\/de\/#\/schema\/logo\/image\/\"}}]}<\/script>\n<!-- \/ Yoast SEO plugin. -->","yoast_head_json":{"title":"PharmSultation - Unsere Produkte : Kapseln","description":"Unsere Kapseln und alle anderen Produkte sind nicht nur mit einem Pulver oder einem Granulat gef\u00fcllt, das als Tablette gepresst wird ...","robots":{"index":"index","follow":"follow","max-snippet":"max-snippet:-1","max-image-preview":"max-image-preview:large","max-video-preview":"max-video-preview:-1"},"canonical":"https:\/\/test.pharmsultation.com\/de\/unsere-kapseln\/","og_locale":"de_DE","og_type":"article","og_title":"PharmSultation - Unsere Produkte : Kapseln","og_description":"Unsere Kapseln und alle anderen Produkte sind nicht nur mit einem Pulver oder einem Granulat gef\u00fcllt, das als Tablette gepresst wird ...","og_url":"https:\/\/test.pharmsultation.com\/de\/unsere-kapseln\/","article_modified_time":"2025-05-11T12:30:47+00:00","og_image":[{"url":"https:\/\/test.pharmsultation.com\/wp-content\/uploads\/elementor\/thumbs\/customcolor_logo_transparent_background-1024x614-1-q647ssh1flx08fv0ggk1iapmka5wnh2ysl8s52f5kw.png","type":"","width":"","height":""}],"twitter_card":"summary_large_image","twitter_misc":{"Gesch\u00e4tzte Lesezeit":"1\u00a0Minute"},"schema":{"@context":"https:\/\/schema.org","@graph":[{"@type":"WebPage","@id":"https:\/\/test.pharmsultation.com\/de\/unsere-kapseln\/","url":"https:\/\/test.pharmsultation.com\/de\/unsere-kapseln\/","name":"PharmSultation - Unsere Produkte : Kapseln","isPartOf":{"@id":"https:\/\/test.pharmsultation.com\/de\/#website"},"primaryImageOfPage":{"@id":"https:\/\/test.pharmsultation.com\/de\/unsere-kapseln\/#primaryimage"},"image":{"@id":"https:\/\/test.pharmsultation.com\/de\/unsere-kapseln\/#primaryimage"},"thumbnailUrl":"https:\/\/test.pharmsultation.com\/wp-content\/uploads\/elementor\/thumbs\/customcolor_logo_transparent_background-1024x614-1-q647ssh1flx08fv0ggk1iapmka5wnh2ysl8s52f5kw.png","datePublished":"2024-02-24T14:16:32+00:00","dateModified":"2025-05-11T12:30:47+00:00","description":"Unsere Kapseln und alle anderen Produkte sind nicht nur mit einem Pulver oder einem Granulat gef\u00fcllt, das als Tablette gepresst wird ...","breadcrumb":{"@id":"https:\/\/test.pharmsultation.com\/de\/unsere-kapseln\/#breadcrumb"},"inLanguage":"de","potentialAction":[{"@type":"ReadAction","target":["https:\/\/test.pharmsultation.com\/de\/unsere-kapseln\/"]}]},{"@type":"ImageObject","inLanguage":"de","@id":"https:\/\/test.pharmsultation.com\/de\/unsere-kapseln\/#primaryimage","url":"https:\/\/test.pharmsultation.com\/wp-content\/uploads\/elementor\/thumbs\/customcolor_logo_transparent_background-1024x614-1-q647ssh1flx08fv0ggk1iapmka5wnh2ysl8s52f5kw.png","contentUrl":"https:\/\/test.pharmsultation.com\/wp-content\/uploads\/elementor\/thumbs\/customcolor_logo_transparent_background-1024x614-1-q647ssh1flx08fv0ggk1iapmka5wnh2ysl8s52f5kw.png"},{"@type":"BreadcrumbList","@id":"https:\/\/test.pharmsultation.com\/de\/unsere-kapseln\/#breadcrumb","itemListElement":[{"@type":"ListItem","position":1,"name":"Startseite","item":"https:\/\/test.pharmsultation.com\/de\/pharmsultation-nahrungsergaenzungsmittel-und-beratung\/"},{"@type":"ListItem","position":2,"name":"Unsere Kapseln"}]},{"@type":"WebSite","@id":"https:\/\/test.pharmsultation.com\/de\/#website","url":"https:\/\/test.pharmsultation.com\/de\/","name":"PharmSultation - Pharma & Industries Services","description":"","publisher":{"@id":"https:\/\/test.pharmsultation.com\/de\/#organization"},"potentialAction":[{"@type":"SearchAction","target":{"@type":"EntryPoint","urlTemplate":"https:\/\/test.pharmsultation.com\/de\/?s={search_term_string}"},"query-input":{"@type":"PropertyValueSpecification","valueRequired":true,"valueName":"search_term_string"}}],"inLanguage":"de"},{"@type":"Organization","@id":"https:\/\/test.pharmsultation.com\/de\/#organization","name":"PharmSultation","url":"https:\/\/test.pharmsultation.com\/de\/","logo":{"@type":"ImageObject","inLanguage":"de","@id":"https:\/\/test.pharmsultation.com\/de\/#\/schema\/logo\/image\/","url":"https:\/\/www.pharmsultation.com\/wp-content\/uploads\/2023\/05\/customcolor_logo_transparent_background.png","contentUrl":"https:\/\/www.pharmsultation.com\/wp-content\/uploads\/2023\/05\/customcolor_logo_transparent_background.png","width":3125,"height":1875,"caption":"PharmSultation"},"image":{"@id":"https:\/\/test.pharmsultation.com\/de\/#\/schema\/logo\/image\/"}}]}},"_links":{"self":[{"href":"https:\/\/test.pharmsultation.com\/de\/wp-json\/wp\/v2\/pages\/5539","targetHints":{"allow":["GET"]}}],"collection":[{"href":"https:\/\/test.pharmsultation.com\/de\/wp-json\/wp\/v2\/pages"}],"about":[{"href":"https:\/\/test.pharmsultation.com\/de\/wp-json\/wp\/v2\/types\/page"}],"author":[{"embeddable":true,"href":"https:\/\/test.pharmsultation.com\/de\/wp-json\/wp\/v2\/users\/2"}],"replies":[{"embeddable":true,"href":"https:\/\/test.pharmsultation.com\/de\/wp-json\/wp\/v2\/comments?post=5539"}],"version-history":[{"count":1,"href":"https:\/\/test.pharmsultation.com\/de\/wp-json\/wp\/v2\/pages\/5539\/revisions"}],"predecessor-version":[{"id":5543,"href":"https:\/\/test.pharmsultation.com\/de\/wp-json\/wp\/v2\/pages\/5539\/revisions\/5543"}],"wp:attachment":[{"href":"https:\/\/test.pharmsultation.com\/de\/wp-json\/wp\/v2\/media?parent=5539"}],"curies":[{"name":"wp","href":"https:\/\/api.w.org\/{rel}","templated":true}]}}