{"id":5506,"date":"2024-08-12T21:50:15","date_gmt":"2024-08-12T19:50:15","guid":{"rendered":"https:\/\/test.pharmsultation.com\/cookies-politik\/"},"modified":"2025-05-11T14:30:38","modified_gmt":"2025-05-11T12:30:38","slug":"cookies-politik","status":"publish","type":"page","link":"https:\/\/test.pharmsultation.com\/de\/cookies-politik\/","title":{"rendered":"Cookies-Politik"},"content":{"rendered":"\t\t<div data-elementor-type=\"wp-page\" data-elementor-id=\"5506\" class=\"elementor elementor-5506 elementor-773\" data-elementor-post-type=\"page\">\n\t\t\t\t<div class=\"elementor-element elementor-element-fe0a97f e-flex e-con-boxed e-con e-parent\" data-id=\"fe0a97f\" data-element_type=\"container\" data-e-type=\"container\">\n\t\t\t\t\t<div class=\"e-con-inner\">\n\t\t\t\t<div class=\"elementor-element elementor-element-1fc9822 elementor-widget elementor-widget-image\" data-id=\"1fc9822\" data-element_type=\"widget\" data-e-type=\"widget\" data-widget_type=\"image.default\">\n\t\t\t\t<div class=\"elementor-widget-container\">\n\t\t\t\t\t\t\t\t\t\t\t\t\t\t\t<img fetchpriority=\"high\" decoding=\"async\" width=\"300\" height=\"180\" src=\"https:\/\/test.pharmsultation.com\/wp-content\/uploads\/2023\/05\/customcolor_logo_transparent_background-1024x614-1-300x180.png\" class=\"attachment-medium size-medium wp-image-2491\" alt=\"\" srcset=\"https:\/\/test.pharmsultation.com\/wp-content\/uploads\/2023\/05\/customcolor_logo_transparent_background-1024x614-1-300x180.png 300w, https:\/\/test.pharmsultation.com\/wp-content\/uploads\/2023\/05\/customcolor_logo_transparent_background-1024x614-1-768x461.png 768w, https:\/\/test.pharmsultation.com\/wp-content\/uploads\/2023\/05\/customcolor_logo_transparent_background-1024x614-1.png 1024w\" sizes=\"(max-width: 300px) 100vw, 300px\" \/>\t\t\t\t\t\t\t\t\t\t\t\t\t\t\t<\/div>\n\t\t\t\t<\/div>\n\t\t\t\t\t<\/div>\n\t\t\t\t<\/div>\n\t\t<div class=\"elementor-element elementor-element-a33883c e-flex e-con-boxed e-con e-parent\" data-id=\"a33883c\" data-element_type=\"container\" data-e-type=\"container\">\n\t\t\t\t\t<div class=\"e-con-inner\">\n\t\t\t\t<div class=\"elementor-element elementor-element-c1c9841 elementor-widget elementor-widget-heading\" data-id=\"c1c9841\" data-element_type=\"widget\" data-e-type=\"widget\" data-widget_type=\"heading.default\">\n\t\t\t\t<div class=\"elementor-widget-container\">\n\t\t\t\t\t<h1 class=\"elementor-heading-title elementor-size-default\">Cookies-Politik<\/h1>\t\t\t\t<\/div>\n\t\t\t\t<\/div>\n\t\t\t\t\t<\/div>\n\t\t\t\t<\/div>\n\t\t<div class=\"elementor-element elementor-element-506c5db e-flex e-con-boxed e-con e-parent\" data-id=\"506c5db\" data-element_type=\"container\" data-e-type=\"container\">\n\t\t\t\t\t<div class=\"e-con-inner\">\n\t\t\t\t<div class=\"elementor-element elementor-element-99d72e9 elementor-widget elementor-widget-text-editor\" data-id=\"99d72e9\" data-element_type=\"widget\" data-e-type=\"widget\" data-widget_type=\"text-editor.default\">\n\t\t\t\t<div class=\"elementor-widget-container\">\n\t\t\t\t\t\t\t\t\t<h1><span style=\"color: var( --e-global-color-primary ); text-align: var(--text-align); font-size: 1rem;\"><i><b>Zuletzt aktualisiert: August 12, 2024<\/b><\/i><\/span><\/h1><p> <\/p><p>Diese Cookie-Richtlinie erkl\u00e4rt, was Cookies sind und wie wir sie verwenden. Sie sollten diese Richtlinie lesen, damit Sie verstehen, welche Art von Cookies wir verwenden oder welche Informationen wir mit Cookies sammeln und wie diese Informationen verwendet werden. Diese Cookies-Richtlinie wurde mit Hilfe des Free Cookies Policy Generator erstellt.  <\/p><p><span style=\"color: var( --e-global-color-primary ); text-align: var(--text-align); font-size: 1rem;\">Cookies enthalten in der Regel keine Informationen, die einen Benutzer pers\u00f6nlich identifizieren, aber pers\u00f6nliche Informationen, die wir \u00fcber Sie speichern, k\u00f6nnen mit den in Cookies gespeicherten und von ihnen erhaltenen Informationen verkn\u00fcpft werden. Weitere Informationen dar\u00fcber, wie wir Ihre pers\u00f6nlichen Daten verwenden, speichern und sicher aufbewahren, finden Sie in unserer Datenschutzrichtlinie. <\/span><\/p><p><span style=\"color: var( --e-global-color-primary ); text-align: var(--text-align); font-size: 1rem;\">Wir speichern keine sensiblen pers\u00f6nlichen Daten, wie Postadressen, Kontopassw\u00f6rter usw. in den von uns verwendeten Cookies.<\/span><\/p><h1><span style=\"color: inherit; font-family: inherit; font-size: 2rem; text-align: var(--text-align);\">Auslegung und Definitionen<\/span><\/h1><h1><span style=\"color: inherit; font-family: inherit; font-size: 2rem; text-align: var(--text-align);\">Auslegung<\/span><\/h1><p>Die W\u00f6rter, deren Anfangsbuchstaben gro\u00df geschrieben sind, haben die unter den nachstehenden Bedingungen definierte Bedeutung. Die folgenden Definitionen haben dieselbe Bedeutung, unabh\u00e4ngig davon, ob sie im Singular oder im Plural stehen. <\/p><p> <\/p><h3>Definitionen<\/h3><p>F\u00fcr die Zwecke dieser Cookie-Richtlinie:<\/p><p> <\/p><ul><li><b>Unternehmen <\/b>(in dieser Cookie-Richtlinie entweder als &#8222;das Unternehmen&#8220;, &#8222;wir&#8220;, &#8222;uns&#8220; oder &#8222;unser&#8220; bezeichnet) bezieht sich auf <b>PharmSultation UG<\/b>, Gundhofstra\u00dfe 23, 69528 Frankfurt am Main.<\/li><li><b>Cookies <\/b>sind kleine Dateien, die von einer Website auf Ihrem Computer, Ihrem Mobilger\u00e4t oder einem anderen Ger\u00e4t abgelegt werden und unter anderem Angaben zu Ihrem Surfverhalten auf dieser Website enthalten.<\/li><li><b>Die Website <\/b>verweist auf <b>Pharmsultation<\/b>, zug\u00e4nglich \u00fcber https:\/\/www.pharmsultation.com<\/li><li><b>Sie <\/b>sind die nat\u00fcrliche Person, die auf die Website zugreift oder sie nutzt, oder ein Unternehmen oder eine juristische Person, in deren Namen eine solche nat\u00fcrliche Person auf die Website zugreift oder sie nutzt, je nach Fall.<\/li><\/ul><h3>Die Verwendung von Cookies<\/h3><h4>Art der von uns verwendeten Cookies<\/h4><p>Cookies k\u00f6nnen &#8222;dauerhafte&#8220; oder &#8222;Sitzungs&#8220;-Cookies sein. Dauerhafte Cookies verbleiben auf Ihrem Computer oder Mobilger\u00e4t, wenn Sie offline gehen, w\u00e4hrend Sitzungscookies gel\u00f6scht werden, sobald Sie Ihren Webbrowser schlie\u00dfen. <\/p><p><span style=\"color: var( --e-global-color-primary ); text-align: var(--text-align); font-size: 1rem;\">Wir verwenden sowohl Sitzungscookies als auch dauerhafte Cookies f\u00fcr die unten genannten Zwecke:<\/span><\/p><ul><li><span style=\"color: var( --e-global-color-primary ); text-align: var(--text-align); font-size: 1rem;\">Notwendige \/ essentielle Cookies<\/span><\/li><\/ul><p><span style=\"color: var( --e-global-color-primary ); text-align: var(--text-align); font-size: 1rem;\">Typ: Session-Cookies<\/span><\/p><p><span style=\"color: var( --e-global-color-primary ); text-align: var(--text-align); font-size: 1rem;\">Verwaltet von: Us<\/span><\/p><p><span style=\"color: var( --e-global-color-primary ); text-align: var(--text-align); font-size: 1rem;\">Zweck: Diese Cookies sind unerl\u00e4sslich, um Ihnen die \u00fcber die Website verf\u00fcgbaren Dienste zur Verf\u00fcgung zu stellen und Ihnen die Nutzung einiger ihrer Funktionen zu erm\u00f6glichen. Sie helfen bei der Authentifizierung von Benutzern und verhindern die betr\u00fcgerische Nutzung von Benutzerkonten. Ohne diese Cookies k\u00f6nnen die von Ihnen angeforderten Dienste nicht bereitgestellt werden, und wir verwenden diese Cookies nur, um Ihnen diese Dienste zur Verf\u00fcgung zu stellen.  <\/span><\/p><ul><li><span style=\"color: var( --e-global-color-primary ); text-align: var(--text-align); font-size: 1rem;\">Funktionalit\u00e4t Cookies<\/span><\/li><\/ul><p><span style=\"color: var( --e-global-color-primary ); text-align: var(--text-align); font-size: 1rem;\">Typ: Dauerhafte Cookies<\/span><\/p><p><span style=\"color: var( --e-global-color-primary ); text-align: var(--text-align); font-size: 1rem;\">Verwaltet von: Us<\/span><\/p><p><span style=\"color: var( --e-global-color-primary ); text-align: var(--text-align); font-size: 1rem;\">Zweck: Diese Cookies erm\u00f6glichen es uns, die von Ihnen bei der Nutzung der Website getroffenen Entscheidungen zu speichern, z. B. Ihre Anmeldedaten oder die von Ihnen bevorzugte Sprache. Der Zweck dieser Cookies ist es, Ihnen eine pers\u00f6nlichere Erfahrung zu bieten und zu vermeiden, dass Sie Ihre Einstellungen jedes Mal neu eingeben m\u00fcssen, wenn Sie die Website nutzen. <\/span><\/p><p><span style=\"color: var( --e-global-color-primary ); text-align: var(--text-align); font-size: 1rem;\">Ihre Wahlm\u00f6glichkeiten in Bezug auf Cookies<\/span><\/p><p>Wenn Sie die Verwendung von Cookies auf der Website vermeiden m\u00f6chten, m\u00fcssen Sie zun\u00e4chst die Verwendung von Cookies in Ihrem Browser deaktivieren und dann die in Ihrem Browser gespeicherten Cookies im Zusammenhang mit dieser Website l\u00f6schen. Sie k\u00f6nnen diese Option zur Verhinderung der Verwendung von Cookies jederzeit nutzen. <\/p><p> <\/p><p>Wenn Sie unsere Cookies nicht akzeptieren, kann es zu Unannehmlichkeiten bei der Nutzung der Website kommen, und einige Funktionen funktionieren m\u00f6glicherweise nicht richtig.<\/p><p><span style=\"color: var( --e-global-color-primary ); text-align: var(--text-align); font-size: 1rem;\">Wenn Sie Cookies l\u00f6schen m\u00f6chten oder Ihren Webbrowser anweisen m\u00f6chten, Cookies zu l\u00f6schen oder abzulehnen, besuchen Sie bitte die Hilfeseiten Ihres Webbrowsers.<\/span><\/p><ul><li><span style=\"color: var( --e-global-color-primary ); text-align: var(--text-align); font-size: 1rem;\">F\u00fcr den Webbrowser Chrome besuchen Sie bitte diese Seite von Google: https:\/\/support.google.com\/accounts\/answer\/32050<\/span><\/li><li><span style=\"color: var( --e-global-color-primary ); text-align: var(--text-align); font-size: 1rem;\">F\u00fcr den Webbrowser Internet Explorer besuchen Sie bitte diese Seite von Microsoft: http:\/\/support.microsoft.com\/kb\/278835<\/span><\/li><li><span style=\"color: var( --e-global-color-primary ); text-align: var(--text-align); font-size: 1rem;\">F\u00fcr den Firefox-Webbrowser besuchen Sie bitte diese Seite von Mozilla: https:\/\/support.mozilla.org\/en-US\/kb\/delete-cookies-remove-info-websites-stored<\/span><\/li><li><span style=\"color: var( --e-global-color-primary ); text-align: var(--text-align); font-size: 1rem;\">F\u00fcr den Safari-Webbrowser besuchen Sie bitte diese Seite von Apple: https:\/\/support.apple.com\/guide\/safari\/manage-cookies-and-website-data-sfri11471\/mac<\/span><\/li><li><span style=\"color: var( --e-global-color-primary ); text-align: var(--text-align); font-size: 1rem;\">F\u00fcr alle anderen Webbrowser besuchen Sie bitte die offiziellen Webseiten Ihres Webbrowsers.<\/span><\/li><\/ul><h1><span style=\"color: var( --e-global-color-primary ); text-align: var(--text-align); font-size: 1rem;\">Weitere Informationen \u00fcber Cookies<\/span><\/h1><p>Sie k\u00f6nnen mehr \u00fcber Cookies erfahren: Cookies: Was bewirken sie?<\/p><h2><span style=\"color: var( --e-global-color-primary ); text-align: var(--text-align); font-size: 1rem;\">Kontakt<\/span><\/h2><p>Wenn Sie Fragen zu dieser Cookie-Politik haben, k\u00f6nnen Sie uns kontaktieren:<\/p><ul><li><span style=\"color: var( --e-global-color-primary ); text-align: var(--text-align); font-size: 1rem;\">Besuchen Sie diese Seite auf unserer Website: https:\/\/www.pharmsultation.com\/contact-us\/<\/span><\/li><\/ul>\t\t\t\t\t\t\t\t<\/div>\n\t\t\t\t<\/div>\n\t\t\t\t\t<\/div>\n\t\t\t\t<\/div>\n\t\t<div class=\"elementor-element elementor-element-4064b4b e-flex e-con-boxed e-con e-parent\" data-id=\"4064b4b\" data-element_type=\"container\" data-e-type=\"container\">\n\t\t\t\t\t<div class=\"e-con-inner\">\n\t\t\t\t\t<\/div>\n\t\t\t\t<\/div>\n\t\t\t\t<\/div>\n\t\t","protected":false},"excerpt":{"rendered":"<p>Cookies-Politik Zuletzt aktualisiert: August 12, 2024 Diese Cookie-Richtlinie erkl\u00e4rt, was Cookies sind und wie wir sie verwenden. Sie sollten diese Richtlinie lesen, damit Sie verstehen, welche Art von Cookies wir verwenden oder welche Informationen wir mit Cookies sammeln und wie diese Informationen verwendet werden. Diese Cookies-Richtlinie wurde mit Hilfe des Free Cookies Policy Generator erstellt. [&hellip;]<\/p>\n","protected":false},"author":2,"featured_media":0,"parent":0,"menu_order":0,"comment_status":"closed","ping_status":"closed","template":"","meta":{"footnotes":""},"class_list":["post-5506","page","type-page","status-publish","hentry"],"yoast_head":"<!-- This site is optimized with the Yoast SEO plugin v27.2 - https:\/\/yoast.com\/product\/yoast-seo-wordpress\/ -->\n<title>Cookies-Politik -<\/title>\n<meta name=\"robots\" content=\"index, follow, max-snippet:-1, max-image-preview:large, max-video-preview:-1\" \/>\n<link rel=\"canonical\" href=\"https:\/\/test.pharmsultation.com\/de\/cookies-politik\/\" \/>\n<meta property=\"og:locale\" content=\"de_DE\" \/>\n<meta property=\"og:type\" content=\"article\" \/>\n<meta property=\"og:title\" content=\"Cookies-Politik -\" \/>\n<meta property=\"og:description\" content=\"Cookies-Politik Zuletzt aktualisiert: August 12, 2024 Diese Cookie-Richtlinie erkl\u00e4rt, was Cookies sind und wie wir sie verwenden. Sie sollten diese Richtlinie lesen, damit Sie verstehen, welche Art von Cookies wir verwenden oder welche Informationen wir mit Cookies sammeln und wie diese Informationen verwendet werden. Diese Cookies-Richtlinie wurde mit Hilfe des Free Cookies Policy Generator erstellt. [&hellip;]\" \/>\n<meta property=\"og:url\" content=\"https:\/\/test.pharmsultation.com\/de\/cookies-politik\/\" \/>\n<meta property=\"article:modified_time\" content=\"2025-05-11T12:30:38+00:00\" \/>\n<meta property=\"og:image\" content=\"https:\/\/test.pharmsultation.com\/wp-content\/uploads\/2023\/05\/customcolor_logo_transparent_background-1024x614-1.png\" \/>\n\t<meta property=\"og:image:width\" content=\"1024\" \/>\n\t<meta property=\"og:image:height\" content=\"614\" \/>\n\t<meta property=\"og:image:type\" content=\"image\/png\" \/>\n<meta name=\"twitter:card\" content=\"summary_large_image\" \/>\n<meta name=\"twitter:label1\" content=\"Gesch\u00e4tzte Lesezeit\" \/>\n\t<meta name=\"twitter:data1\" content=\"4\u00a0Minuten\" \/>\n<script type=\"application\/ld+json\" class=\"yoast-schema-graph\">{\"@context\":\"https:\/\/schema.org\",\"@graph\":[{\"@type\":\"WebPage\",\"@id\":\"https:\/\/test.pharmsultation.com\/de\/cookies-politik\/\",\"url\":\"https:\/\/test.pharmsultation.com\/de\/cookies-politik\/\",\"name\":\"Cookies-Politik -\",\"isPartOf\":{\"@id\":\"https:\/\/test.pharmsultation.com\/de\/#website\"},\"primaryImageOfPage\":{\"@id\":\"https:\/\/test.pharmsultation.com\/de\/cookies-politik\/#primaryimage\"},\"image\":{\"@id\":\"https:\/\/test.pharmsultation.com\/de\/cookies-politik\/#primaryimage\"},\"thumbnailUrl\":\"https:\/\/test.pharmsultation.com\/wp-content\/uploads\/2023\/05\/customcolor_logo_transparent_background-1024x614-1-300x180.png\",\"datePublished\":\"2024-08-12T19:50:15+00:00\",\"dateModified\":\"2025-05-11T12:30:38+00:00\",\"breadcrumb\":{\"@id\":\"https:\/\/test.pharmsultation.com\/de\/cookies-politik\/#breadcrumb\"},\"inLanguage\":\"de\",\"potentialAction\":[{\"@type\":\"ReadAction\",\"target\":[\"https:\/\/test.pharmsultation.com\/de\/cookies-politik\/\"]}]},{\"@type\":\"ImageObject\",\"inLanguage\":\"de\",\"@id\":\"https:\/\/test.pharmsultation.com\/de\/cookies-politik\/#primaryimage\",\"url\":\"https:\/\/test.pharmsultation.com\/wp-content\/uploads\/2023\/05\/customcolor_logo_transparent_background-1024x614-1-300x180.png\",\"contentUrl\":\"https:\/\/test.pharmsultation.com\/wp-content\/uploads\/2023\/05\/customcolor_logo_transparent_background-1024x614-1-300x180.png\"},{\"@type\":\"BreadcrumbList\",\"@id\":\"https:\/\/test.pharmsultation.com\/de\/cookies-politik\/#breadcrumb\",\"itemListElement\":[{\"@type\":\"ListItem\",\"position\":1,\"name\":\"Startseite\",\"item\":\"https:\/\/test.pharmsultation.com\/de\/pharmsultation-nahrungsergaenzungsmittel-und-beratung\/\"},{\"@type\":\"ListItem\",\"position\":2,\"name\":\"Cookies-Politik\"}]},{\"@type\":\"WebSite\",\"@id\":\"https:\/\/test.pharmsultation.com\/de\/#website\",\"url\":\"https:\/\/test.pharmsultation.com\/de\/\",\"name\":\"PharmSultation - Pharma & Industries Services\",\"description\":\"\",\"publisher\":{\"@id\":\"https:\/\/test.pharmsultation.com\/de\/#organization\"},\"potentialAction\":[{\"@type\":\"SearchAction\",\"target\":{\"@type\":\"EntryPoint\",\"urlTemplate\":\"https:\/\/test.pharmsultation.com\/de\/?s={search_term_string}\"},\"query-input\":{\"@type\":\"PropertyValueSpecification\",\"valueRequired\":true,\"valueName\":\"search_term_string\"}}],\"inLanguage\":\"de\"},{\"@type\":\"Organization\",\"@id\":\"https:\/\/test.pharmsultation.com\/de\/#organization\",\"name\":\"PharmSultation\",\"url\":\"https:\/\/test.pharmsultation.com\/de\/\",\"logo\":{\"@type\":\"ImageObject\",\"inLanguage\":\"de\",\"@id\":\"https:\/\/test.pharmsultation.com\/de\/#\/schema\/logo\/image\/\",\"url\":\"https:\/\/www.pharmsultation.com\/wp-content\/uploads\/2023\/05\/customcolor_logo_transparent_background.png\",\"contentUrl\":\"https:\/\/www.pharmsultation.com\/wp-content\/uploads\/2023\/05\/customcolor_logo_transparent_background.png\",\"width\":3125,\"height\":1875,\"caption\":\"PharmSultation\"},\"image\":{\"@id\":\"https:\/\/test.pharmsultation.com\/de\/#\/schema\/logo\/image\/\"}}]}<\/script>\n<!-- \/ Yoast SEO plugin. -->","yoast_head_json":{"title":"Cookies-Politik -","robots":{"index":"index","follow":"follow","max-snippet":"max-snippet:-1","max-image-preview":"max-image-preview:large","max-video-preview":"max-video-preview:-1"},"canonical":"https:\/\/test.pharmsultation.com\/de\/cookies-politik\/","og_locale":"de_DE","og_type":"article","og_title":"Cookies-Politik -","og_description":"Cookies-Politik Zuletzt aktualisiert: August 12, 2024 Diese Cookie-Richtlinie erkl\u00e4rt, was Cookies sind und wie wir sie verwenden. Sie sollten diese Richtlinie lesen, damit Sie verstehen, welche Art von Cookies wir verwenden oder welche Informationen wir mit Cookies sammeln und wie diese Informationen verwendet werden. Diese Cookies-Richtlinie wurde mit Hilfe des Free Cookies Policy Generator erstellt. [&hellip;]","og_url":"https:\/\/test.pharmsultation.com\/de\/cookies-politik\/","article_modified_time":"2025-05-11T12:30:38+00:00","og_image":[{"width":1024,"height":614,"url":"https:\/\/test.pharmsultation.com\/wp-content\/uploads\/2023\/05\/customcolor_logo_transparent_background-1024x614-1.png","type":"image\/png"}],"twitter_card":"summary_large_image","twitter_misc":{"Gesch\u00e4tzte Lesezeit":"4\u00a0Minuten"},"schema":{"@context":"https:\/\/schema.org","@graph":[{"@type":"WebPage","@id":"https:\/\/test.pharmsultation.com\/de\/cookies-politik\/","url":"https:\/\/test.pharmsultation.com\/de\/cookies-politik\/","name":"Cookies-Politik -","isPartOf":{"@id":"https:\/\/test.pharmsultation.com\/de\/#website"},"primaryImageOfPage":{"@id":"https:\/\/test.pharmsultation.com\/de\/cookies-politik\/#primaryimage"},"image":{"@id":"https:\/\/test.pharmsultation.com\/de\/cookies-politik\/#primaryimage"},"thumbnailUrl":"https:\/\/test.pharmsultation.com\/wp-content\/uploads\/2023\/05\/customcolor_logo_transparent_background-1024x614-1-300x180.png","datePublished":"2024-08-12T19:50:15+00:00","dateModified":"2025-05-11T12:30:38+00:00","breadcrumb":{"@id":"https:\/\/test.pharmsultation.com\/de\/cookies-politik\/#breadcrumb"},"inLanguage":"de","potentialAction":[{"@type":"ReadAction","target":["https:\/\/test.pharmsultation.com\/de\/cookies-politik\/"]}]},{"@type":"ImageObject","inLanguage":"de","@id":"https:\/\/test.pharmsultation.com\/de\/cookies-politik\/#primaryimage","url":"https:\/\/test.pharmsultation.com\/wp-content\/uploads\/2023\/05\/customcolor_logo_transparent_background-1024x614-1-300x180.png","contentUrl":"https:\/\/test.pharmsultation.com\/wp-content\/uploads\/2023\/05\/customcolor_logo_transparent_background-1024x614-1-300x180.png"},{"@type":"BreadcrumbList","@id":"https:\/\/test.pharmsultation.com\/de\/cookies-politik\/#breadcrumb","itemListElement":[{"@type":"ListItem","position":1,"name":"Startseite","item":"https:\/\/test.pharmsultation.com\/de\/pharmsultation-nahrungsergaenzungsmittel-und-beratung\/"},{"@type":"ListItem","position":2,"name":"Cookies-Politik"}]},{"@type":"WebSite","@id":"https:\/\/test.pharmsultation.com\/de\/#website","url":"https:\/\/test.pharmsultation.com\/de\/","name":"PharmSultation - Pharma & Industries Services","description":"","publisher":{"@id":"https:\/\/test.pharmsultation.com\/de\/#organization"},"potentialAction":[{"@type":"SearchAction","target":{"@type":"EntryPoint","urlTemplate":"https:\/\/test.pharmsultation.com\/de\/?s={search_term_string}"},"query-input":{"@type":"PropertyValueSpecification","valueRequired":true,"valueName":"search_term_string"}}],"inLanguage":"de"},{"@type":"Organization","@id":"https:\/\/test.pharmsultation.com\/de\/#organization","name":"PharmSultation","url":"https:\/\/test.pharmsultation.com\/de\/","logo":{"@type":"ImageObject","inLanguage":"de","@id":"https:\/\/test.pharmsultation.com\/de\/#\/schema\/logo\/image\/","url":"https:\/\/www.pharmsultation.com\/wp-content\/uploads\/2023\/05\/customcolor_logo_transparent_background.png","contentUrl":"https:\/\/www.pharmsultation.com\/wp-content\/uploads\/2023\/05\/customcolor_logo_transparent_background.png","width":3125,"height":1875,"caption":"PharmSultation"},"image":{"@id":"https:\/\/test.pharmsultation.com\/de\/#\/schema\/logo\/image\/"}}]}},"_links":{"self":[{"href":"https:\/\/test.pharmsultation.com\/de\/wp-json\/wp\/v2\/pages\/5506","targetHints":{"allow":["GET"]}}],"collection":[{"href":"https:\/\/test.pharmsultation.com\/de\/wp-json\/wp\/v2\/pages"}],"about":[{"href":"https:\/\/test.pharmsultation.com\/de\/wp-json\/wp\/v2\/types\/page"}],"author":[{"embeddable":true,"href":"https:\/\/test.pharmsultation.com\/de\/wp-json\/wp\/v2\/users\/2"}],"replies":[{"embeddable":true,"href":"https:\/\/test.pharmsultation.com\/de\/wp-json\/wp\/v2\/comments?post=5506"}],"version-history":[{"count":1,"href":"https:\/\/test.pharmsultation.com\/de\/wp-json\/wp\/v2\/pages\/5506\/revisions"}],"predecessor-version":[{"id":5517,"href":"https:\/\/test.pharmsultation.com\/de\/wp-json\/wp\/v2\/pages\/5506\/revisions\/5517"}],"wp:attachment":[{"href":"https:\/\/test.pharmsultation.com\/de\/wp-json\/wp\/v2\/media?parent=5506"}],"curies":[{"name":"wp","href":"https:\/\/api.w.org\/{rel}","templated":true}]}}