{"id":5495,"date":"2024-06-23T20:52:39","date_gmt":"2024-06-23T18:52:39","guid":{"rendered":"https:\/\/test.pharmsultation.com\/die-kraft-der-natur\/"},"modified":"2025-05-11T14:30:27","modified_gmt":"2025-05-11T12:30:27","slug":"die-kraft-der-natur","status":"publish","type":"page","link":"https:\/\/test.pharmsultation.com\/de\/die-kraft-der-natur\/","title":{"rendered":"Die Kraft der Natur"},"content":{"rendered":"\t\t<div data-elementor-type=\"wp-page\" data-elementor-id=\"5495\" class=\"elementor elementor-5495 elementor-620\" data-elementor-post-type=\"page\">\n\t\t\t\t<div class=\"elementor-element elementor-element-eeb31e0 e-flex e-con-boxed e-con e-parent\" data-id=\"eeb31e0\" data-element_type=\"container\" data-e-type=\"container\">\n\t\t\t\t\t<div class=\"e-con-inner\">\n\t\t\t\t<div class=\"elementor-element elementor-element-13ea013 elementor-widget elementor-widget-image\" data-id=\"13ea013\" data-element_type=\"widget\" data-e-type=\"widget\" data-widget_type=\"image.default\">\n\t\t\t\t<div class=\"elementor-widget-container\">\n\t\t\t\t\t\t\t\t\t\t\t\t\t\t\t\t<a href=\"https:\/\/www.pharmsultation.com\/\">\n\t\t\t\t\t\t\t<img fetchpriority=\"high\" decoding=\"async\" width=\"300\" height=\"180\" src=\"https:\/\/test.pharmsultation.com\/wp-content\/uploads\/2023\/05\/customcolor_logo_transparent_background-300x180.png\" class=\"attachment-medium size-medium wp-image-2485\" alt=\"\" srcset=\"https:\/\/test.pharmsultation.com\/wp-content\/uploads\/2023\/05\/customcolor_logo_transparent_background-300x180.png 300w, https:\/\/test.pharmsultation.com\/wp-content\/uploads\/2023\/05\/customcolor_logo_transparent_background-1024x614.png 1024w, https:\/\/test.pharmsultation.com\/wp-content\/uploads\/2023\/05\/customcolor_logo_transparent_background-768x461.png 768w, https:\/\/test.pharmsultation.com\/wp-content\/uploads\/2023\/05\/customcolor_logo_transparent_background-1536x922.png 1536w, https:\/\/test.pharmsultation.com\/wp-content\/uploads\/2023\/05\/customcolor_logo_transparent_background-2048x1229.png 2048w\" sizes=\"(max-width: 300px) 100vw, 300px\" \/>\t\t\t\t\t\t\t\t<\/a>\n\t\t\t\t\t\t\t\t\t\t\t\t\t\t\t<\/div>\n\t\t\t\t<\/div>\n\t\t\t\t\t<\/div>\n\t\t\t\t<\/div>\n\t\t<div class=\"elementor-element elementor-element-ebefaf7 e-flex e-con-boxed e-con e-parent\" data-id=\"ebefaf7\" data-element_type=\"container\" data-e-type=\"container\">\n\t\t\t\t\t<div class=\"e-con-inner\">\n\t\t\t\t<div class=\"elementor-element elementor-element-afb9102 elementor-widget elementor-widget-heading\" data-id=\"afb9102\" data-element_type=\"widget\" data-e-type=\"widget\" data-widget_type=\"heading.default\">\n\t\t\t\t<div class=\"elementor-widget-container\">\n\t\t\t\t\t<h2 class=\"elementor-heading-title elementor-size-default\">Die Kraft der Natur<\/h2>\t\t\t\t<\/div>\n\t\t\t\t<\/div>\n\t\t\t\t\t<\/div>\n\t\t\t\t<\/div>\n\t\t<div class=\"elementor-element elementor-element-57ffb9c e-flex e-con-boxed e-con e-parent\" data-id=\"57ffb9c\" data-element_type=\"container\" data-e-type=\"container\">\n\t\t\t\t\t<div class=\"e-con-inner\">\n\t\t<div class=\"elementor-element elementor-element-ab23ce4 e-con-full e-flex e-con e-child\" data-id=\"ab23ce4\" data-element_type=\"container\" data-e-type=\"container\">\n\t\t\t\t<\/div>\n\t\t<div class=\"elementor-element elementor-element-20c845b e-con-full e-flex e-con e-child\" data-id=\"20c845b\" data-element_type=\"container\" data-e-type=\"container\">\n\t\t\t\t<div class=\"elementor-element elementor-element-54d7f28 elementor-widget elementor-widget-text-editor\" data-id=\"54d7f28\" data-element_type=\"widget\" data-e-type=\"widget\" data-widget_type=\"text-editor.default\">\n\t\t\t\t<div class=\"elementor-widget-container\">\n\t\t\t\t\t\t\t\t\t<p>von Haci H. Polat<\/p><p>In der weiten Welt der Gesundheit und des Wohlbefindens spielt die Ern\u00e4hrung heutzutage eine wichtige Rolle, wenn es darum geht, die k\u00f6rperlichen und geistigen Kr\u00e4fte zu st\u00e4rken und zu f\u00f6rdern.<br>Dies war schon in alten Zeiten bekannt, in Gegenden mit weniger medizinischer Verf\u00fcgbarkeit und in D\u00f6rfern, wo das Wissen von Generation zu Generation weitergegeben wurde.<\/p><p>Lassen Sie uns ein wenig tiefer eintauchen und die neue Bedeutung von N\u00e4hrstoffen und ihrer Macht erforschen.<\/p><p><b>NAT\u00dcRLICH UND NACHHALTIG<\/b><\/p><p>Der Schl\u00fcssel zu hochkonzentrierten Nahrungserg\u00e4nzungsmitteln liegt in der Beschaffung von N\u00e4hrstoffen ohne Beeinflussung der nat\u00fcrlichen Umwelt. Daher ist es nicht das Ziel, Wachstum und gr\u00f6\u00dfere Ernten durch den Menschen zu erzwingen. <br>Die Schonung des \u00f6kologischen Fu\u00dfabdrucks hat h\u00f6chste Priorit\u00e4t.<br>Die Verbraucher brauchen die beste und unbeeinflusste Quelle, um ihre Gesundheit zu erhalten und zu verbessern. <\/p><p>Um die behaupteten Vorteile zu garantieren, ist die Industrie stark reguliert und stellt sicher, dass die Qualit\u00e4tsstandards an der Spitze liegen, um die Sicherheit der Verbraucher zu gew\u00e4hrleisten.<\/p><p><b>EINIGE DER POWERFOODS<\/b><\/p><p><b>GINGER<\/b><\/p><p>Ingwer ist eines der anerkanntesten Power-Nahrungsmittel mit vielf\u00e4ltigen Vorteilen f\u00fcr die Gesundheit und das Wohlbefinden.<br>Er kann z.B. der Gallenblase helfen und ist von Natur aus antibakteriell sowie viele viele weitere Vorteile k\u00f6nnten aufgez\u00e4hlt werden.<\/p><p><b>ROSE HIP<\/b><\/p><p>Mit seinem hohen Vitamin-C-Gehalt unterst\u00fctzt er die Abwehrkr\u00e4fte und ist reich an Antioxidantien.<\/p><p>Sie m\u00f6chten mehr \u00fcber die anderen Erg\u00e4nzungen erfahren? Wir informieren Sie gerne auf Anfrage. <\/p>\t\t\t\t\t\t\t\t<\/div>\n\t\t\t\t<\/div>\n\t\t\t\t<\/div>\n\t\t\t\t\t<\/div>\n\t\t\t\t<\/div>\n\t\t<div class=\"elementor-element elementor-element-9f43093 e-con-full e-flex e-con e-parent\" data-id=\"9f43093\" data-element_type=\"container\" data-e-type=\"container\" data-settings=\"{&quot;background_background&quot;:&quot;classic&quot;}\">\n\t\t<div class=\"elementor-element elementor-element-c857f59 e-flex e-con-boxed e-con e-child\" data-id=\"c857f59\" data-element_type=\"container\" data-e-type=\"container\">\n\t\t\t\t\t<div class=\"e-con-inner\">\n\t\t\t\t<div class=\"elementor-element elementor-element-ca00eb7 elementor-widget__width-auto elementor-widget elementor-widget-heading\" data-id=\"ca00eb7\" data-element_type=\"widget\" data-e-type=\"widget\" data-widget_type=\"heading.default\">\n\t\t\t\t<div class=\"elementor-widget-container\">\n\t\t\t\t\t<p class=\"elementor-heading-title elementor-size-default\">\u00a9 2024 PharmSultation Alle Rechte vorbehalten.<\/p>\t\t\t\t<\/div>\n\t\t\t\t<\/div>\n\t\t\t\t\t<\/div>\n\t\t\t\t<\/div>\n\t\t\t\t<\/div>\n\t\t\t\t<\/div>\n\t\t","protected":false},"excerpt":{"rendered":"<p>Die Kraft der Natur von Haci H. Polat In der weiten Welt der Gesundheit und des Wohlbefindens spielt die Ern\u00e4hrung heutzutage eine wichtige Rolle, wenn es darum geht, die k\u00f6rperlichen und geistigen Kr\u00e4fte zu st\u00e4rken und zu f\u00f6rdern.Dies war schon in alten Zeiten bekannt, in Gegenden mit weniger medizinischer Verf\u00fcgbarkeit und in D\u00f6rfern, wo das [&hellip;]<\/p>\n","protected":false},"author":2,"featured_media":0,"parent":0,"menu_order":0,"comment_status":"closed","ping_status":"closed","template":"","meta":{"footnotes":""},"class_list":["post-5495","page","type-page","status-publish","hentry"],"yoast_head":"<!-- This site is optimized with the Yoast SEO plugin v27.2 - https:\/\/yoast.com\/product\/yoast-seo-wordpress\/ -->\n<title>Die Kraft der Natur -<\/title>\n<meta name=\"robots\" content=\"index, follow, max-snippet:-1, max-image-preview:large, max-video-preview:-1\" \/>\n<link rel=\"canonical\" href=\"https:\/\/test.pharmsultation.com\/de\/die-kraft-der-natur\/\" \/>\n<meta property=\"og:locale\" content=\"de_DE\" \/>\n<meta property=\"og:type\" content=\"article\" \/>\n<meta property=\"og:title\" content=\"Die Kraft der Natur -\" \/>\n<meta property=\"og:description\" content=\"Die Kraft der Natur von Haci H. Polat In der weiten Welt der Gesundheit und des Wohlbefindens spielt die Ern\u00e4hrung heutzutage eine wichtige Rolle, wenn es darum geht, die k\u00f6rperlichen und geistigen Kr\u00e4fte zu st\u00e4rken und zu f\u00f6rdern.Dies war schon in alten Zeiten bekannt, in Gegenden mit weniger medizinischer Verf\u00fcgbarkeit und in D\u00f6rfern, wo das [&hellip;]\" \/>\n<meta property=\"og:url\" content=\"https:\/\/test.pharmsultation.com\/de\/die-kraft-der-natur\/\" \/>\n<meta property=\"article:modified_time\" content=\"2025-05-11T12:30:27+00:00\" \/>\n<meta property=\"og:image\" content=\"https:\/\/test.pharmsultation.com\/wp-content\/uploads\/2023\/05\/customcolor_logo_transparent_background.png\" \/>\n\t<meta property=\"og:image:width\" content=\"3125\" \/>\n\t<meta property=\"og:image:height\" content=\"1875\" \/>\n\t<meta property=\"og:image:type\" content=\"image\/png\" \/>\n<meta name=\"twitter:card\" content=\"summary_large_image\" \/>\n<meta name=\"twitter:label1\" content=\"Gesch\u00e4tzte Lesezeit\" \/>\n\t<meta name=\"twitter:data1\" content=\"1\u00a0Minute\" \/>\n<script type=\"application\/ld+json\" class=\"yoast-schema-graph\">{\"@context\":\"https:\/\/schema.org\",\"@graph\":[{\"@type\":\"WebPage\",\"@id\":\"https:\/\/test.pharmsultation.com\/de\/die-kraft-der-natur\/\",\"url\":\"https:\/\/test.pharmsultation.com\/de\/die-kraft-der-natur\/\",\"name\":\"Die Kraft der Natur -\",\"isPartOf\":{\"@id\":\"https:\/\/test.pharmsultation.com\/de\/#website\"},\"primaryImageOfPage\":{\"@id\":\"https:\/\/test.pharmsultation.com\/de\/die-kraft-der-natur\/#primaryimage\"},\"image\":{\"@id\":\"https:\/\/test.pharmsultation.com\/de\/die-kraft-der-natur\/#primaryimage\"},\"thumbnailUrl\":\"https:\/\/test.pharmsultation.com\/wp-content\/uploads\/2023\/05\/customcolor_logo_transparent_background-300x180.png\",\"datePublished\":\"2024-06-23T18:52:39+00:00\",\"dateModified\":\"2025-05-11T12:30:27+00:00\",\"breadcrumb\":{\"@id\":\"https:\/\/test.pharmsultation.com\/de\/die-kraft-der-natur\/#breadcrumb\"},\"inLanguage\":\"de\",\"potentialAction\":[{\"@type\":\"ReadAction\",\"target\":[\"https:\/\/test.pharmsultation.com\/de\/die-kraft-der-natur\/\"]}]},{\"@type\":\"ImageObject\",\"inLanguage\":\"de\",\"@id\":\"https:\/\/test.pharmsultation.com\/de\/die-kraft-der-natur\/#primaryimage\",\"url\":\"https:\/\/test.pharmsultation.com\/wp-content\/uploads\/2023\/05\/customcolor_logo_transparent_background-300x180.png\",\"contentUrl\":\"https:\/\/test.pharmsultation.com\/wp-content\/uploads\/2023\/05\/customcolor_logo_transparent_background-300x180.png\"},{\"@type\":\"BreadcrumbList\",\"@id\":\"https:\/\/test.pharmsultation.com\/de\/die-kraft-der-natur\/#breadcrumb\",\"itemListElement\":[{\"@type\":\"ListItem\",\"position\":1,\"name\":\"Startseite\",\"item\":\"https:\/\/test.pharmsultation.com\/de\/pharmsultation-nahrungsergaenzungsmittel-und-beratung\/\"},{\"@type\":\"ListItem\",\"position\":2,\"name\":\"Die Kraft der Natur\"}]},{\"@type\":\"WebSite\",\"@id\":\"https:\/\/test.pharmsultation.com\/de\/#website\",\"url\":\"https:\/\/test.pharmsultation.com\/de\/\",\"name\":\"PharmSultation - Pharma & Industries Services\",\"description\":\"\",\"publisher\":{\"@id\":\"https:\/\/test.pharmsultation.com\/de\/#organization\"},\"potentialAction\":[{\"@type\":\"SearchAction\",\"target\":{\"@type\":\"EntryPoint\",\"urlTemplate\":\"https:\/\/test.pharmsultation.com\/de\/?s={search_term_string}\"},\"query-input\":{\"@type\":\"PropertyValueSpecification\",\"valueRequired\":true,\"valueName\":\"search_term_string\"}}],\"inLanguage\":\"de\"},{\"@type\":\"Organization\",\"@id\":\"https:\/\/test.pharmsultation.com\/de\/#organization\",\"name\":\"PharmSultation\",\"url\":\"https:\/\/test.pharmsultation.com\/de\/\",\"logo\":{\"@type\":\"ImageObject\",\"inLanguage\":\"de\",\"@id\":\"https:\/\/test.pharmsultation.com\/de\/#\/schema\/logo\/image\/\",\"url\":\"https:\/\/www.pharmsultation.com\/wp-content\/uploads\/2023\/05\/customcolor_logo_transparent_background.png\",\"contentUrl\":\"https:\/\/www.pharmsultation.com\/wp-content\/uploads\/2023\/05\/customcolor_logo_transparent_background.png\",\"width\":3125,\"height\":1875,\"caption\":\"PharmSultation\"},\"image\":{\"@id\":\"https:\/\/test.pharmsultation.com\/de\/#\/schema\/logo\/image\/\"}}]}<\/script>\n<!-- \/ Yoast SEO plugin. -->","yoast_head_json":{"title":"Die Kraft der Natur -","robots":{"index":"index","follow":"follow","max-snippet":"max-snippet:-1","max-image-preview":"max-image-preview:large","max-video-preview":"max-video-preview:-1"},"canonical":"https:\/\/test.pharmsultation.com\/de\/die-kraft-der-natur\/","og_locale":"de_DE","og_type":"article","og_title":"Die Kraft der Natur -","og_description":"Die Kraft der Natur von Haci H. Polat In der weiten Welt der Gesundheit und des Wohlbefindens spielt die Ern\u00e4hrung heutzutage eine wichtige Rolle, wenn es darum geht, die k\u00f6rperlichen und geistigen Kr\u00e4fte zu st\u00e4rken und zu f\u00f6rdern.Dies war schon in alten Zeiten bekannt, in Gegenden mit weniger medizinischer Verf\u00fcgbarkeit und in D\u00f6rfern, wo das [&hellip;]","og_url":"https:\/\/test.pharmsultation.com\/de\/die-kraft-der-natur\/","article_modified_time":"2025-05-11T12:30:27+00:00","og_image":[{"width":3125,"height":1875,"url":"https:\/\/test.pharmsultation.com\/wp-content\/uploads\/2023\/05\/customcolor_logo_transparent_background.png","type":"image\/png"}],"twitter_card":"summary_large_image","twitter_misc":{"Gesch\u00e4tzte Lesezeit":"1\u00a0Minute"},"schema":{"@context":"https:\/\/schema.org","@graph":[{"@type":"WebPage","@id":"https:\/\/test.pharmsultation.com\/de\/die-kraft-der-natur\/","url":"https:\/\/test.pharmsultation.com\/de\/die-kraft-der-natur\/","name":"Die Kraft der Natur -","isPartOf":{"@id":"https:\/\/test.pharmsultation.com\/de\/#website"},"primaryImageOfPage":{"@id":"https:\/\/test.pharmsultation.com\/de\/die-kraft-der-natur\/#primaryimage"},"image":{"@id":"https:\/\/test.pharmsultation.com\/de\/die-kraft-der-natur\/#primaryimage"},"thumbnailUrl":"https:\/\/test.pharmsultation.com\/wp-content\/uploads\/2023\/05\/customcolor_logo_transparent_background-300x180.png","datePublished":"2024-06-23T18:52:39+00:00","dateModified":"2025-05-11T12:30:27+00:00","breadcrumb":{"@id":"https:\/\/test.pharmsultation.com\/de\/die-kraft-der-natur\/#breadcrumb"},"inLanguage":"de","potentialAction":[{"@type":"ReadAction","target":["https:\/\/test.pharmsultation.com\/de\/die-kraft-der-natur\/"]}]},{"@type":"ImageObject","inLanguage":"de","@id":"https:\/\/test.pharmsultation.com\/de\/die-kraft-der-natur\/#primaryimage","url":"https:\/\/test.pharmsultation.com\/wp-content\/uploads\/2023\/05\/customcolor_logo_transparent_background-300x180.png","contentUrl":"https:\/\/test.pharmsultation.com\/wp-content\/uploads\/2023\/05\/customcolor_logo_transparent_background-300x180.png"},{"@type":"BreadcrumbList","@id":"https:\/\/test.pharmsultation.com\/de\/die-kraft-der-natur\/#breadcrumb","itemListElement":[{"@type":"ListItem","position":1,"name":"Startseite","item":"https:\/\/test.pharmsultation.com\/de\/pharmsultation-nahrungsergaenzungsmittel-und-beratung\/"},{"@type":"ListItem","position":2,"name":"Die Kraft der Natur"}]},{"@type":"WebSite","@id":"https:\/\/test.pharmsultation.com\/de\/#website","url":"https:\/\/test.pharmsultation.com\/de\/","name":"PharmSultation - Pharma & Industries Services","description":"","publisher":{"@id":"https:\/\/test.pharmsultation.com\/de\/#organization"},"potentialAction":[{"@type":"SearchAction","target":{"@type":"EntryPoint","urlTemplate":"https:\/\/test.pharmsultation.com\/de\/?s={search_term_string}"},"query-input":{"@type":"PropertyValueSpecification","valueRequired":true,"valueName":"search_term_string"}}],"inLanguage":"de"},{"@type":"Organization","@id":"https:\/\/test.pharmsultation.com\/de\/#organization","name":"PharmSultation","url":"https:\/\/test.pharmsultation.com\/de\/","logo":{"@type":"ImageObject","inLanguage":"de","@id":"https:\/\/test.pharmsultation.com\/de\/#\/schema\/logo\/image\/","url":"https:\/\/www.pharmsultation.com\/wp-content\/uploads\/2023\/05\/customcolor_logo_transparent_background.png","contentUrl":"https:\/\/www.pharmsultation.com\/wp-content\/uploads\/2023\/05\/customcolor_logo_transparent_background.png","width":3125,"height":1875,"caption":"PharmSultation"},"image":{"@id":"https:\/\/test.pharmsultation.com\/de\/#\/schema\/logo\/image\/"}}]}},"_links":{"self":[{"href":"https:\/\/test.pharmsultation.com\/de\/wp-json\/wp\/v2\/pages\/5495","targetHints":{"allow":["GET"]}}],"collection":[{"href":"https:\/\/test.pharmsultation.com\/de\/wp-json\/wp\/v2\/pages"}],"about":[{"href":"https:\/\/test.pharmsultation.com\/de\/wp-json\/wp\/v2\/types\/page"}],"author":[{"embeddable":true,"href":"https:\/\/test.pharmsultation.com\/de\/wp-json\/wp\/v2\/users\/2"}],"replies":[{"embeddable":true,"href":"https:\/\/test.pharmsultation.com\/de\/wp-json\/wp\/v2\/comments?post=5495"}],"version-history":[{"count":1,"href":"https:\/\/test.pharmsultation.com\/de\/wp-json\/wp\/v2\/pages\/5495\/revisions"}],"predecessor-version":[{"id":5497,"href":"https:\/\/test.pharmsultation.com\/de\/wp-json\/wp\/v2\/pages\/5495\/revisions\/5497"}],"wp:attachment":[{"href":"https:\/\/test.pharmsultation.com\/de\/wp-json\/wp\/v2\/media?parent=5495"}],"curies":[{"name":"wp","href":"https:\/\/api.w.org\/{rel}","templated":true}]}}