{"id":5478,"date":"2024-08-13T23:39:28","date_gmt":"2024-08-13T21:39:28","guid":{"rendered":"https:\/\/test.pharmsultation.com\/impressum-2\/"},"modified":"2025-05-11T14:30:03","modified_gmt":"2025-05-11T12:30:03","slug":"impressum-2","status":"publish","type":"page","link":"https:\/\/test.pharmsultation.com\/de\/impressum-2\/","title":{"rendered":"Impressum"},"content":{"rendered":"\t\t<div data-elementor-type=\"wp-page\" data-elementor-id=\"5478\" class=\"elementor elementor-5478 elementor-1513\" data-elementor-post-type=\"page\">\n\t\t\t\t<div class=\"elementor-element elementor-element-fe0a97f e-flex e-con-boxed e-con e-parent\" data-id=\"fe0a97f\" data-element_type=\"container\" data-e-type=\"container\">\n\t\t\t\t\t<div class=\"e-con-inner\">\n\t\t\t\t<div class=\"elementor-element elementor-element-1fc9822 elementor-widget elementor-widget-image\" data-id=\"1fc9822\" data-element_type=\"widget\" data-e-type=\"widget\" data-widget_type=\"image.default\">\n\t\t\t\t<div class=\"elementor-widget-container\">\n\t\t\t\t\t\t\t\t\t\t\t\t\t\t\t<img fetchpriority=\"high\" decoding=\"async\" width=\"300\" height=\"180\" src=\"https:\/\/test.pharmsultation.com\/wp-content\/uploads\/2023\/05\/customcolor_logo_transparent_background-1024x614-1-300x180.png\" class=\"attachment-medium size-medium wp-image-2491\" alt=\"\" srcset=\"https:\/\/test.pharmsultation.com\/wp-content\/uploads\/2023\/05\/customcolor_logo_transparent_background-1024x614-1-300x180.png 300w, https:\/\/test.pharmsultation.com\/wp-content\/uploads\/2023\/05\/customcolor_logo_transparent_background-1024x614-1-768x461.png 768w, https:\/\/test.pharmsultation.com\/wp-content\/uploads\/2023\/05\/customcolor_logo_transparent_background-1024x614-1.png 1024w\" sizes=\"(max-width: 300px) 100vw, 300px\" \/>\t\t\t\t\t\t\t\t\t\t\t\t\t\t\t<\/div>\n\t\t\t\t<\/div>\n\t\t\t\t\t<\/div>\n\t\t\t\t<\/div>\n\t\t<div class=\"elementor-element elementor-element-a33883c e-flex e-con-boxed e-con e-parent\" data-id=\"a33883c\" data-element_type=\"container\" data-e-type=\"container\">\n\t\t\t\t\t<div class=\"e-con-inner\">\n\t\t\t\t<div class=\"elementor-element elementor-element-c1c9841 elementor-widget elementor-widget-heading\" data-id=\"c1c9841\" data-element_type=\"widget\" data-e-type=\"widget\" data-widget_type=\"heading.default\">\n\t\t\t\t<div class=\"elementor-widget-container\">\n\t\t\t\t\t<h1 class=\"elementor-heading-title elementor-size-default\">Impressum<\/h1>\t\t\t\t<\/div>\n\t\t\t\t<\/div>\n\t\t\t\t\t<\/div>\n\t\t\t\t<\/div>\n\t\t<div class=\"elementor-element elementor-element-506c5db e-flex e-con-boxed e-con e-parent\" data-id=\"506c5db\" data-element_type=\"container\" data-e-type=\"container\">\n\t\t\t\t\t<div class=\"e-con-inner\">\n\t\t\t\t<div class=\"elementor-element elementor-element-99d72e9 elementor-widget elementor-widget-text-editor\" data-id=\"99d72e9\" data-element_type=\"widget\" data-e-type=\"widget\" data-widget_type=\"text-editor.default\">\n\t\t\t\t<div class=\"elementor-widget-container\">\n\t\t\t\t\t\t\t\t\t<p><span style=\"color: var( --e-global-color-primary ); text-align: var(--text-align); font-size: 1rem;\"><i><b>Zuletzt aktualisiert: August 12, 2024<\/b><\/i><\/span><\/p><h2>Herausgeber<\/h2><p><span style=\"color: var( --e-global-color-primary ); font-size: 1rem; text-align: var(--text-align);\"><b>PharmSultation UG<\/b><\/span><\/p><p>Haci H. Polat, CEO<\/p><p><span style=\"color: var( --e-global-color-primary ); text-align: var(--text-align); font-size: 1rem;\">Gundhofstra\u00dfe 23<\/span><\/p><p>69528 Frankfurt am Main, Deutschland<\/p><p><span style=\"color: var( --e-global-color-primary ); text-align: var(--text-align); font-size: 1rem;\">eingetragen im Handelsregister von <\/span><b style=\"color: var( --e-global-color-primary ); text-align: var(--text-align); font-size: 1rem;\">Frankfurt am Main<\/b><\/p><p>Handelsregisternummer <b>HRB 135633<\/b><\/p><p><span style=\"color: var( --e-global-color-primary ); text-align: var(--text-align); font-size: 1rem;\">E-Mail: info@pharmsultation.com<\/span><\/p><p>Kontaktieren Sie uns : https:\/\/www.pharmsultation.com\/contact-us\/<\/p><p> <\/p><h2>Nutzungsbedingungen<\/h2><p>Der Zugang zu und die Nutzung dieser Website unterliegt den folgenden Bestimmungen und Bedingungen. Wenn Sie mit diesen Bedingungen nicht einverstanden sind, benutzen Sie diese Website bitte nicht. Diese Website wurde von der <b>PharmSultation UG<\/b> entwickelt und wird von ihr verwaltet. Wir behalten uns das Recht vor, unsere Website nach eigenem Ermessen jederzeit ohne Ank\u00fcndigung ganz oder teilweise zu ver\u00e4ndern und\/oder deren Betrieb einzustellen. Wir bitten Sie daher, diese Website bei Ihrem n\u00e4chsten Besuch erneut zu pr\u00fcfen und zwischenzeitlich erfolgte \u00c4nderungen\/Erg\u00e4nzungen zur Kenntnis zu nehmen.    <\/p><p> <\/p><h2>Lizenz zur Nutzung<\/h2><p>S\u00e4mtliche in dieser Website ver\u00f6ffentlichten Informationen, Dokumente und Darstellungen sind alleiniges Eigentum der <b>PharmSultation UG<\/b>. Die Erlaubnis zu ihrer Verwendung steht unter dem Vorbehalt, dass der Copyrightvermerk auf allen Kopien erscheint, der Gebrauch der Informationen nur pers\u00f6nlichen Zwecken dient und keine kommerzielle Verwertung erfolgt, die Informationen in keiner Weise ver\u00e4ndert werden und s\u00e4mtliche Darstellungen der Website nur zusammen mit dem dazugeh\u00f6rigen Text verwendet werden. <\/p><p> <\/p><h2>Warenzeichen und Urheberrechte<\/h2><p>Der gesamte Inhalt der Website ist geistiges Eigentum der <b>PharmSultation UG<\/b> und unterliegt dem Schutz des Urheberrechts. Das Herunterladen, Drucken oder Kopieren der Inhalte dieser Webseiten ist nur f\u00fcr den privaten Gebrauch gestattet. Auf jeder Kopie unserer Publikationen oder Teilen davon muss ein Hinweis auf das Copyright der <b>PharmSultation UG<\/b> enthalten sein. Jede Ver\u00e4nderung, Vervielf\u00e4ltigung, Verbreitung oder \u00f6ffentliche Wiedergabe der Website oder von Teilen davon, gleich welcher Art, ist untersagt. Alle Produktnamen sind Marken der <b>PharmSultation UG<\/b>, verbundener Unternehmen oder Lizenzgeber, unabh\u00e4ngig von der Schriftgr\u00f6\u00dfe oder dem Vorhandensein eines Markensymbols. Die Markenrechte liegen bei den jeweiligen Rechteinhabern; die Verwendung oder der Missbrauch dieser eingetragenen Marken ist ausdr\u00fccklich untersagt und wird nach geltendem Recht verfolgt.     <\/p><p> <\/p><h2>Beschr\u00e4nkung der Haftung<\/h2><p>Die <b>PharmSultation UG<\/b> hat die Informationen auf dieser Website nach bestem Wissen und Gewissen mit professioneller Sorgfalt zusammengestellt. Wir bem\u00fchen uns, diese Informationen auf dem neuesten Stand zu halten. Die Informationen auf dieser Website dienen der Darstellung von <b>PharmSultation UG<\/b> und ihrer Produkte und Services. Wir \u00fcbernehmen jedoch keine Garantie &#8211; weder ausdr\u00fccklich noch stillschweigend &#8211; f\u00fcr die Vollst\u00e4ndigkeit oder Richtigkeit der Informationen auf dieser Website. Diese Informationen waren am Tag der Ver\u00f6ffentlichung aktuell, k\u00f6nnen aber inzwischen veraltet sein. Aus diesem Grund sollten Sie die Informationen auf dieser Website \u00fcberpr\u00fcfen, bevor Sie sie in irgendeiner Weise verwenden. Die Informationen auf dieser Website entbinden Sie nicht von einer eigenen Pr\u00fcfung unserer aktuellen Beratungshinweise und unserer Produkte im Hinblick auf ihre Eignung f\u00fcr die beabsichtigten Verfahren und Zwecke. Wenn Sie eine spezielle Beratung oder Anleitung zu unseren Produkten oder Dienstleistungen ben\u00f6tigen, wenden Sie sich bitte direkt an uns. Die Nutzer dieser Website erkl\u00e4ren sich damit einverstanden, auf diese Website und deren Inhalte auf eigenes Risiko zuzugreifen. Weder <b>PharmSultation UG<\/b> noch Dritte, die in die Erstellung, Produktion oder \u00dcbermittlung dieser Website involviert sind, sind haftbar f\u00fcr Sch\u00e4den oder Verletzungen, die sich aus dem Zugang oder der Unm\u00f6glichkeit des Zugangs, der Nutzung oder Unm\u00f6glichkeit der Nutzung dieser Website oder aus dem Umstand, dass Sie sich auf eine Information, die auf dieser Website enthalten ist, verlassen, entstehen.         <\/p><p> <\/p><h2>Websites\/Links von Dritten<\/h2><p>Diese Website enth\u00e4lt auch Links oder Verweise auf Websites Dritter. Diese Links zu den Websites Dritter stellen keine Zustimmung zu deren Inhalten seitens <b>PharmSultation UG<\/b> dar. Die <b>PharmSultation UG<\/b> \u00fcbernimmt keine Verantwortung f\u00fcr die Verf\u00fcgbarkeit oder den Inhalt solcher Websites und keine Haftung f\u00fcr Sch\u00e4den oder Verletzungen, die aus der Nutzung &#8211; gleich welcher Art &#8211; solcher Inhalte entstehen. Links zu anderen Websites werden den Nutzern dieser Website lediglich als Annehmlichkeit zur Verf\u00fcgung gestellt. <b>Die PharmSultation UG<\/b> \u00fcbernimmt keine Gew\u00e4hr daf\u00fcr, dass die Links in unver\u00e4nderter und konsistenter Weise Informationen zu einem Thema liefern. Das Herstellen einer Verbindung zu diesen Websites geschieht auf eigene Gefahr des Benutzers. Die Auswahl der Links soll in keiner Weise die Informationen auf den verlinkten Websites einschr\u00e4nken.    <\/p><p> <\/p>\t\t\t\t\t\t\t\t<\/div>\n\t\t\t\t<\/div>\n\t\t\t\t\t<\/div>\n\t\t\t\t<\/div>\n\t\t<div class=\"elementor-element elementor-element-4064b4b e-flex e-con-boxed e-con e-parent\" data-id=\"4064b4b\" data-element_type=\"container\" data-e-type=\"container\">\n\t\t\t\t\t<div class=\"e-con-inner\">\n\t\t\t\t\t<\/div>\n\t\t\t\t<\/div>\n\t\t\t\t<\/div>\n\t\t","protected":false},"excerpt":{"rendered":"<p>Impressum Zuletzt aktualisiert: August 12, 2024 Herausgeber PharmSultation UG Haci H. Polat, CEO Gundhofstra\u00dfe 23 69528 Frankfurt am Main, Deutschland eingetragen im Handelsregister von Frankfurt am Main Handelsregisternummer HRB 135633 E-Mail: info@pharmsultation.com Kontaktieren Sie uns : https:\/\/www.pharmsultation.com\/contact-us\/ Nutzungsbedingungen Der Zugang zu und die Nutzung dieser Website unterliegt den folgenden Bestimmungen und Bedingungen. Wenn Sie mit [&hellip;]<\/p>\n","protected":false},"author":2,"featured_media":0,"parent":0,"menu_order":0,"comment_status":"closed","ping_status":"closed","template":"","meta":{"footnotes":""},"class_list":["post-5478","page","type-page","status-publish","hentry"],"yoast_head":"<!-- This site is optimized with the Yoast SEO plugin v27.2 - https:\/\/yoast.com\/product\/yoast-seo-wordpress\/ -->\n<title>Impressum -<\/title>\n<meta name=\"robots\" content=\"index, follow, max-snippet:-1, max-image-preview:large, max-video-preview:-1\" \/>\n<link rel=\"canonical\" href=\"https:\/\/test.pharmsultation.com\/de\/impressum-2\/\" \/>\n<meta property=\"og:locale\" content=\"de_DE\" \/>\n<meta property=\"og:type\" content=\"article\" \/>\n<meta property=\"og:title\" content=\"Impressum -\" \/>\n<meta property=\"og:description\" content=\"Impressum Zuletzt aktualisiert: August 12, 2024 Herausgeber PharmSultation UG Haci H. Polat, CEO Gundhofstra\u00dfe 23 69528 Frankfurt am Main, Deutschland eingetragen im Handelsregister von Frankfurt am Main Handelsregisternummer HRB 135633 E-Mail: info@pharmsultation.com Kontaktieren Sie uns : https:\/\/www.pharmsultation.com\/contact-us\/ Nutzungsbedingungen Der Zugang zu und die Nutzung dieser Website unterliegt den folgenden Bestimmungen und Bedingungen. Wenn Sie mit [&hellip;]\" \/>\n<meta property=\"og:url\" content=\"https:\/\/test.pharmsultation.com\/de\/impressum-2\/\" \/>\n<meta property=\"article:modified_time\" content=\"2025-05-11T12:30:03+00:00\" \/>\n<meta property=\"og:image\" content=\"https:\/\/test.pharmsultation.com\/wp-content\/uploads\/2023\/05\/customcolor_logo_transparent_background-1024x614-1.png\" \/>\n\t<meta property=\"og:image:width\" content=\"1024\" \/>\n\t<meta property=\"og:image:height\" content=\"614\" \/>\n\t<meta property=\"og:image:type\" content=\"image\/png\" \/>\n<meta name=\"twitter:card\" content=\"summary_large_image\" \/>\n<meta name=\"twitter:label1\" content=\"Gesch\u00e4tzte Lesezeit\" \/>\n\t<meta name=\"twitter:data1\" content=\"3\u00a0Minuten\" \/>\n<script type=\"application\/ld+json\" class=\"yoast-schema-graph\">{\"@context\":\"https:\/\/schema.org\",\"@graph\":[{\"@type\":\"WebPage\",\"@id\":\"https:\/\/test.pharmsultation.com\/de\/impressum-2\/\",\"url\":\"https:\/\/test.pharmsultation.com\/de\/impressum-2\/\",\"name\":\"Impressum -\",\"isPartOf\":{\"@id\":\"https:\/\/test.pharmsultation.com\/de\/#website\"},\"primaryImageOfPage\":{\"@id\":\"https:\/\/test.pharmsultation.com\/de\/impressum-2\/#primaryimage\"},\"image\":{\"@id\":\"https:\/\/test.pharmsultation.com\/de\/impressum-2\/#primaryimage\"},\"thumbnailUrl\":\"https:\/\/test.pharmsultation.com\/wp-content\/uploads\/2023\/05\/customcolor_logo_transparent_background-1024x614-1-300x180.png\",\"datePublished\":\"2024-08-13T21:39:28+00:00\",\"dateModified\":\"2025-05-11T12:30:03+00:00\",\"breadcrumb\":{\"@id\":\"https:\/\/test.pharmsultation.com\/de\/impressum-2\/#breadcrumb\"},\"inLanguage\":\"de\",\"potentialAction\":[{\"@type\":\"ReadAction\",\"target\":[\"https:\/\/test.pharmsultation.com\/de\/impressum-2\/\"]}]},{\"@type\":\"ImageObject\",\"inLanguage\":\"de\",\"@id\":\"https:\/\/test.pharmsultation.com\/de\/impressum-2\/#primaryimage\",\"url\":\"https:\/\/test.pharmsultation.com\/wp-content\/uploads\/2023\/05\/customcolor_logo_transparent_background-1024x614-1-300x180.png\",\"contentUrl\":\"https:\/\/test.pharmsultation.com\/wp-content\/uploads\/2023\/05\/customcolor_logo_transparent_background-1024x614-1-300x180.png\"},{\"@type\":\"BreadcrumbList\",\"@id\":\"https:\/\/test.pharmsultation.com\/de\/impressum-2\/#breadcrumb\",\"itemListElement\":[{\"@type\":\"ListItem\",\"position\":1,\"name\":\"Startseite\",\"item\":\"https:\/\/test.pharmsultation.com\/de\/pharmsultation-nahrungsergaenzungsmittel-und-beratung\/\"},{\"@type\":\"ListItem\",\"position\":2,\"name\":\"Impressum\"}]},{\"@type\":\"WebSite\",\"@id\":\"https:\/\/test.pharmsultation.com\/de\/#website\",\"url\":\"https:\/\/test.pharmsultation.com\/de\/\",\"name\":\"PharmSultation - Pharma & Industries Services\",\"description\":\"\",\"publisher\":{\"@id\":\"https:\/\/test.pharmsultation.com\/de\/#organization\"},\"potentialAction\":[{\"@type\":\"SearchAction\",\"target\":{\"@type\":\"EntryPoint\",\"urlTemplate\":\"https:\/\/test.pharmsultation.com\/de\/?s={search_term_string}\"},\"query-input\":{\"@type\":\"PropertyValueSpecification\",\"valueRequired\":true,\"valueName\":\"search_term_string\"}}],\"inLanguage\":\"de\"},{\"@type\":\"Organization\",\"@id\":\"https:\/\/test.pharmsultation.com\/de\/#organization\",\"name\":\"PharmSultation\",\"url\":\"https:\/\/test.pharmsultation.com\/de\/\",\"logo\":{\"@type\":\"ImageObject\",\"inLanguage\":\"de\",\"@id\":\"https:\/\/test.pharmsultation.com\/de\/#\/schema\/logo\/image\/\",\"url\":\"https:\/\/www.pharmsultation.com\/wp-content\/uploads\/2023\/05\/customcolor_logo_transparent_background.png\",\"contentUrl\":\"https:\/\/www.pharmsultation.com\/wp-content\/uploads\/2023\/05\/customcolor_logo_transparent_background.png\",\"width\":3125,\"height\":1875,\"caption\":\"PharmSultation\"},\"image\":{\"@id\":\"https:\/\/test.pharmsultation.com\/de\/#\/schema\/logo\/image\/\"}}]}<\/script>\n<!-- \/ Yoast SEO plugin. -->","yoast_head_json":{"title":"Impressum -","robots":{"index":"index","follow":"follow","max-snippet":"max-snippet:-1","max-image-preview":"max-image-preview:large","max-video-preview":"max-video-preview:-1"},"canonical":"https:\/\/test.pharmsultation.com\/de\/impressum-2\/","og_locale":"de_DE","og_type":"article","og_title":"Impressum -","og_description":"Impressum Zuletzt aktualisiert: August 12, 2024 Herausgeber PharmSultation UG Haci H. Polat, CEO Gundhofstra\u00dfe 23 69528 Frankfurt am Main, Deutschland eingetragen im Handelsregister von Frankfurt am Main Handelsregisternummer HRB 135633 E-Mail: info@pharmsultation.com Kontaktieren Sie uns : https:\/\/www.pharmsultation.com\/contact-us\/ Nutzungsbedingungen Der Zugang zu und die Nutzung dieser Website unterliegt den folgenden Bestimmungen und Bedingungen. Wenn Sie mit [&hellip;]","og_url":"https:\/\/test.pharmsultation.com\/de\/impressum-2\/","article_modified_time":"2025-05-11T12:30:03+00:00","og_image":[{"width":1024,"height":614,"url":"https:\/\/test.pharmsultation.com\/wp-content\/uploads\/2023\/05\/customcolor_logo_transparent_background-1024x614-1.png","type":"image\/png"}],"twitter_card":"summary_large_image","twitter_misc":{"Gesch\u00e4tzte Lesezeit":"3\u00a0Minuten"},"schema":{"@context":"https:\/\/schema.org","@graph":[{"@type":"WebPage","@id":"https:\/\/test.pharmsultation.com\/de\/impressum-2\/","url":"https:\/\/test.pharmsultation.com\/de\/impressum-2\/","name":"Impressum -","isPartOf":{"@id":"https:\/\/test.pharmsultation.com\/de\/#website"},"primaryImageOfPage":{"@id":"https:\/\/test.pharmsultation.com\/de\/impressum-2\/#primaryimage"},"image":{"@id":"https:\/\/test.pharmsultation.com\/de\/impressum-2\/#primaryimage"},"thumbnailUrl":"https:\/\/test.pharmsultation.com\/wp-content\/uploads\/2023\/05\/customcolor_logo_transparent_background-1024x614-1-300x180.png","datePublished":"2024-08-13T21:39:28+00:00","dateModified":"2025-05-11T12:30:03+00:00","breadcrumb":{"@id":"https:\/\/test.pharmsultation.com\/de\/impressum-2\/#breadcrumb"},"inLanguage":"de","potentialAction":[{"@type":"ReadAction","target":["https:\/\/test.pharmsultation.com\/de\/impressum-2\/"]}]},{"@type":"ImageObject","inLanguage":"de","@id":"https:\/\/test.pharmsultation.com\/de\/impressum-2\/#primaryimage","url":"https:\/\/test.pharmsultation.com\/wp-content\/uploads\/2023\/05\/customcolor_logo_transparent_background-1024x614-1-300x180.png","contentUrl":"https:\/\/test.pharmsultation.com\/wp-content\/uploads\/2023\/05\/customcolor_logo_transparent_background-1024x614-1-300x180.png"},{"@type":"BreadcrumbList","@id":"https:\/\/test.pharmsultation.com\/de\/impressum-2\/#breadcrumb","itemListElement":[{"@type":"ListItem","position":1,"name":"Startseite","item":"https:\/\/test.pharmsultation.com\/de\/pharmsultation-nahrungsergaenzungsmittel-und-beratung\/"},{"@type":"ListItem","position":2,"name":"Impressum"}]},{"@type":"WebSite","@id":"https:\/\/test.pharmsultation.com\/de\/#website","url":"https:\/\/test.pharmsultation.com\/de\/","name":"PharmSultation - Pharma & Industries Services","description":"","publisher":{"@id":"https:\/\/test.pharmsultation.com\/de\/#organization"},"potentialAction":[{"@type":"SearchAction","target":{"@type":"EntryPoint","urlTemplate":"https:\/\/test.pharmsultation.com\/de\/?s={search_term_string}"},"query-input":{"@type":"PropertyValueSpecification","valueRequired":true,"valueName":"search_term_string"}}],"inLanguage":"de"},{"@type":"Organization","@id":"https:\/\/test.pharmsultation.com\/de\/#organization","name":"PharmSultation","url":"https:\/\/test.pharmsultation.com\/de\/","logo":{"@type":"ImageObject","inLanguage":"de","@id":"https:\/\/test.pharmsultation.com\/de\/#\/schema\/logo\/image\/","url":"https:\/\/www.pharmsultation.com\/wp-content\/uploads\/2023\/05\/customcolor_logo_transparent_background.png","contentUrl":"https:\/\/www.pharmsultation.com\/wp-content\/uploads\/2023\/05\/customcolor_logo_transparent_background.png","width":3125,"height":1875,"caption":"PharmSultation"},"image":{"@id":"https:\/\/test.pharmsultation.com\/de\/#\/schema\/logo\/image\/"}}]}},"_links":{"self":[{"href":"https:\/\/test.pharmsultation.com\/de\/wp-json\/wp\/v2\/pages\/5478","targetHints":{"allow":["GET"]}}],"collection":[{"href":"https:\/\/test.pharmsultation.com\/de\/wp-json\/wp\/v2\/pages"}],"about":[{"href":"https:\/\/test.pharmsultation.com\/de\/wp-json\/wp\/v2\/types\/page"}],"author":[{"embeddable":true,"href":"https:\/\/test.pharmsultation.com\/de\/wp-json\/wp\/v2\/users\/2"}],"replies":[{"embeddable":true,"href":"https:\/\/test.pharmsultation.com\/de\/wp-json\/wp\/v2\/comments?post=5478"}],"version-history":[{"count":1,"href":"https:\/\/test.pharmsultation.com\/de\/wp-json\/wp\/v2\/pages\/5478\/revisions"}],"predecessor-version":[{"id":5483,"href":"https:\/\/test.pharmsultation.com\/de\/wp-json\/wp\/v2\/pages\/5478\/revisions\/5483"}],"wp:attachment":[{"href":"https:\/\/test.pharmsultation.com\/de\/wp-json\/wp\/v2\/media?parent=5478"}],"curies":[{"name":"wp","href":"https:\/\/api.w.org\/{rel}","templated":true}]}}